{"id":831,"date":"2020-02-05T23:02:11","date_gmt":"2020-02-05T23:02:11","guid":{"rendered":"https:\/\/coolcompanydev.wpengine.com\/?page_id=831"},"modified":"2026-01-21T14:35:11","modified_gmt":"2026-01-21T14:35:11","slug":"sa-fungerar-det","status":"publish","type":"page","link":"https:\/\/coolcompany.com\/se\/sa-fungerar-det\/","title":{"rendered":"S\u00e5 fungerar det"},"content":{"rendered":"\n<div style=\"background-color:rgb(255,241,230)\" class=\"wp-block-coolcompany-hero alignfull is-style-default\"><div class=\"blob-container\" style=\"transform:rotate(0deg)\"><svg width=\"700\" height=\"600\" viewBox=\"0 0 700 600\" fill=\"none\" xmlns=\"http:\/\/www.w3.org\/2000\/svg\" class=\"blob\" aria-hidden=\"true\"><path d=\"M644.355 37.9216C696.895 78.5633 705.014 162.464 697.691 233.002C690.367 303.539 667.6 360.575 637.031 420.643C606.304 480.71 567.774 543.532 504.568 575.632C441.202 607.732 353.158 608.972 296.956 574.254C240.595 539.537 215.918 468.586 159.557 403.973C103.355 339.359 15.4708 281.083 1.93786 214.265C-11.7543 147.448 48.9052 72.0882 127.237 35.4418C205.728 -1.34243 301.892 0.586316 398.374 0.173011C495.015 -0.240295 591.815 -2.72011 644.355 37.9216Z\" fill=\"rgba(254,164,89,0.15)\"><\/path><\/svg><\/div><div class=\"content\">\n<h1 class=\"wp-block-heading hero_title\" id=\"h-sa-fungerar-det\">S\u00e5 fungerar det<\/h1>\n\n\n\n<p class=\"hero_content\">Kom ig\u00e5ng och skicka din f\u00f6rsta faktura till f\u00f6retag eller privatpersoner p\u00e5 ett kick. Du best\u00e4mmer sj\u00e4lv \u00f6ver din tid och <a href=\"https:\/\/coolcompany.com\/se\/faq\/hur-mycket-skall-du-fakturera\/\">hur mycket du ska fakturera som konsult<\/a>, frilansare eller extrakn\u00e4ckare, men vi hj\u00e4lper dig g\u00e4rna l\u00e4ngs v\u00e4gen. H\u00e4r \u00e4r fem enkla steg som ber\u00e4ttar hur enkelt du tar dig fr\u00e5n att skapa ett konto till att ta emot din f\u00f6rsta l\u00f6n!<\/p>\n\n\n\n<div class=\"wp-block-coolcompany-separator\"><svg width=\"100%\" viewBox=\"0 0 1600 60\" fill=\"none\" xmlns=\"http:\/\/www.w3.org\/2000\/svg\" aria-hidden=\"true\"><path d=\"M1600 0L1588.83 5.42855C1577.83 11 1555.5 21.8571 1533.33 27.8571C1511.17 33.8571 1488.83 34.7143 1466.67 32.5714C1444.5 30.4286 1422.17 25.2857 1400 24.2857C1377.83 23.2857 1355.5 26.7143 1333.33 26.8571C1311.17 27.1428 1288.83 24.2857 1266.67 25.2857C1244.5 26.1429 1222.17 31 1200 31.4286C1177.83 31.8571 1155.5 28.1429 1133.33 23.1429C1111.17 18.1429 1088.83 11.8571 1066.67 10.4286C1044.5 8.99998 1022.17 12.4286 1000 12.1429C977.833 11.8571 955.5 8.14286 933.333 7.14286C911.167 6.14286 888.833 8.14287 866.667 7.42859C844.5 6.7143 822.167 3.2857 800 5.42855C777.833 7.57141 755.5 15.2857 733.333 19.5714C711.167 23.8572 688.833 24.7143 666.667 26.4286C644.5 28.1429 622.167 30.4286 600 30.4286C577.833 30.4286 555.5 28.1428 533.333 27.5714C511.167 27.1428 488.833 28.5714 466.667 24.2857C444.5 20 422.167 9.99998 400 6.85713C377.833 3.85713 355.5 7.57141 333.333 8.99998C311.167 10.4286 288.833 9.57143 266.667 12.1429C244.5 14.7143 222.167 21 200 22.8571C177.833 24.7143 155.5 22.4286 133.333 20.2857C111.167 18.1429 88.8334 16.1429 66.6667 17.4286C44.5 18.5714 22.1667 22.8571 11.1667 25L0 27.1429V60H11.1667C22.1667 60 44.5 60 66.6667 60C88.8334 60 111.167 60 133.333 60C155.5 60 177.833 60 200 60C222.167 60 244.5 60 266.667 60C288.833 60 311.167 60 333.333 60C355.5 60 377.833 60 400 60C422.167 60 444.5 60 466.667 60C488.833 60 511.167 60 533.333 60C555.5 60 577.833 60 600 60C622.167 60 644.5 60 666.667 60C688.833 60 711.167 60 733.333 60C755.5 60 777.833 60 800 60C822.167 60 844.5 60 866.667 60C888.833 60 911.167 60 933.333 60C955.5 60 977.833 60 1000 60C1022.17 60 1044.5 60 1066.67 60C1088.83 60 1111.17 60 1133.33 60C1155.5 60 1177.83 60 1200 60C1222.17 60 1244.5 60 1266.67 60C1288.83 60 1311.17 60 1333.33 60C1355.5 60 1377.83 60 1400 60C1422.17 60 1444.5 60 1466.67 60C1488.83 60 1511.17 60 1533.33 60C1555.5 60 1577.83 60 1588.83 60H1600V0Z\" fill=\"#fff\"><\/path><\/svg><\/div>\n<\/div><\/div>\n\n\n\n<section class=\"wp-block-coolcompany-section\">\n<div class=\"wp-block-columns is-style-columns2 is-layout-flex wp-container-core-columns-is-layout-9d6595d7 wp-block-columns-is-layout-flex\">\n<div class=\"wp-block-column is-vertically-aligned-top is-style-smaller-col is-layout-constrained wp-block-column-is-layout-constrained\">\n<figure class=\"wp-block-image size-large\"><img decoding=\"async\" src=\"https:\/\/coolcompany.com\/se\/wp-content\/uploads\/sites\/2\/2024\/12\/CC13-961x1024.png\" alt=\"\" class=\"wp-image-12528\" srcset=\"https:\/\/coolcompany.com\/se\/wp-content\/uploads\/sites\/2\/2024\/12\/CC13-961x1024.png 961w, https:\/\/coolcompany.com\/se\/wp-content\/uploads\/sites\/2\/2024\/12\/CC13-282x300.png 282w, https:\/\/coolcompany.com\/se\/wp-content\/uploads\/sites\/2\/2024\/12\/CC13-768x818.png 768w, https:\/\/coolcompany.com\/se\/wp-content\/uploads\/sites\/2\/2024\/12\/CC13-1442x1536.png 1442w, https:\/\/coolcompany.com\/se\/wp-content\/uploads\/sites\/2\/2024\/12\/CC13-1922x2048.png 1922w, https:\/\/coolcompany.com\/se\/wp-content\/uploads\/sites\/2\/2024\/12\/CC13-1080x1151.png 1080w, https:\/\/coolcompany.com\/se\/wp-content\/uploads\/sites\/2\/2024\/12\/CC13-1280x1364.png 1280w, https:\/\/coolcompany.com\/se\/wp-content\/uploads\/sites\/2\/2024\/12\/CC13-980x1044.png 980w, https:\/\/coolcompany.com\/se\/wp-content\/uploads\/sites\/2\/2024\/12\/CC13-480x511.png 480w\" sizes=\"(max-width: 961px) 100vw, 961px\" \/><\/figure>\n<\/div>\n\n\n\n<div class=\"wp-block-column is-style-larger-col is-layout-flow wp-block-column-is-layout-flow\">\n<h2 class=\"wp-block-heading\" id=\"h-1-hur-mycket-ska-du-ta-betalt\">1. Hur mycket ska du ta betalt?<\/h2>\n\n\n\n<p>Att r\u00e4kna ut hur mycket du ska ta betalt f\u00f6r din tid kan vara klurigt. Anv\u00e4nd v\u00e5r <a href=\"https:\/\/coolcompany.com\/se\/resurser\/ekonomi\/fakturakalkylatorn\/\" target=\"_blank\" rel=\"noreferrer noopener\">fakturakalkylator<\/a> f\u00f6r att ber\u00e4kna hur mycket du b\u00f6r ta betalt s\u00e5 att summan efter skatt och avgifter st\u00e4mmer \u00f6verens med dina f\u00f6rv\u00e4ntningar.&nbsp;<\/p>\n\n\n\n<h2 class=\"wp-block-heading\" id=\"h-2-fyll-i-dina-uppgifter\">2. Fyll i dina uppgifter <\/h2>\n\n\n\n<p>Skapa ditt konto och fyll i personuppgifter f\u00f6r att f\u00f6ranm\u00e4la ditt uppdrag&nbsp;och skicka din faktura. N\u00e4r du f\u00f6ranm\u00e4lt ditt uppdrag \u00e4r du dessutom f\u00f6rs\u00e4krad och trygg under hela din uppdragsperiod. Du kan l\u00e4sa mer h\u00e4r om <a href=\"https:\/\/coolcompany.com\/se\/vart-erbjudande\/trygghetspaket\/\" target=\"_blank\" rel=\"noreferrer noopener\">v\u00e5rt trygghetspaket. <\/a><\/p>\n\n\n\n<h2 class=\"wp-block-heading\" id=\"h-3-skapa-din-faktura\">3. Skapa din faktura<\/h2>\n\n\n\n<p>Nu kan du skapa din f\u00f6rsta faktura och b\u00f6rja <a href=\"https:\/\/coolcompany.com\/se\/vart-erbjudande\/fakturera-utan-foretag\/\" target=\"_blank\" rel=\"noreferrer noopener\">fakturera som privatperson<\/a>. V\u00e4lj &#8221;Skapa faktura&#8221; och fyll i den efterfr\u00e5gade informationen s\u00e5 som mottagare (f\u00f6retag eller privatperson), faktureringsbeloppet och arbetad tid. Cool Company tar 5,98% av fakturabeloppet i serviceavgift. F\u00f6rst\u00e5 mer om faktureringsavgifter och l\u00f6n genom v\u00e5r&nbsp;<a href=\"https:\/\/coolcompany.com\/se\/resurser\/ekonomi\/fakturakalkylatorn\/\">fakturakalkylator<\/a>&nbsp;h\u00e4r.&nbsp;<\/p>\n\n\n\n<p>Acceptera villkoren och skicka fakturan &#8211; vi tar hand om resten!<br><\/p>\n<\/div>\n<\/div>\n<\/section>\n\n\n\n<section class=\"wp-block-coolcompany-section\">\n<div class=\"wp-block-columns is-style-columns2 is-layout-flex wp-container-core-columns-is-layout-9d6595d7 wp-block-columns-is-layout-flex\">\n<div class=\"wp-block-column is-style-larger-col second-on-mobile is-layout-flow wp-block-column-is-layout-flow\">\n<h2 class=\"wp-block-heading\" id=\"h-4-fa-din-lon-skattad-och-klar\">4. F\u00e5 din l\u00f6n &#8211; skattad och klar <\/h2>\n\n\n\n<p>Vi tar hand om hela faktureringsprocessen och ser till att all administration \u00e4r ordnad. Om n\u00e5got beh\u00f6ver kompletteras kontaktar vi dig.<\/p>\n\n\n\n<p>Vi garanterar dig att din l\u00f6n kommer att s\u00e4ttas in p\u00e5 ditt bankkonto inom 24 timmar efter det att vi f\u00e5tt betalt fr\u00e5n din uppdragsgivare.<\/p>\n\n\n\n<p>Om du vill f\u00e5 din l\u00f6n utbetalad \u00e4nnu snabbare kan du ans\u00f6ka om att ta del av v\u00e5r till\u00e4ggstj\u00e4nst ExpressPay. Med ExpressPay f\u00e5r du din l\u00f6n utbetald inom 24 timmar efter det att din uppdragsgivare godk\u00e4nt fakturan.<\/p>\n<\/div>\n\n\n\n<div class=\"wp-block-column is-style-smaller-col is-layout-flow wp-block-column-is-layout-flow\">\n<figure class=\"wp-block-image size-full is-resized is-style-wide-element\"><img decoding=\"async\" src=\"https:\/\/coolcompany.com\/se\/wp-content\/uploads\/sites\/2\/2023\/07\/CF-Salary-1.png\" alt=\"\" class=\"wp-image-11579\" style=\"width:306px;height:434px\" srcset=\"https:\/\/coolcompany.com\/se\/wp-content\/uploads\/sites\/2\/2023\/07\/CF-Salary-1.png 612w, https:\/\/coolcompany.com\/se\/wp-content\/uploads\/sites\/2\/2023\/07\/CF-Salary-1-212x300.png 212w, https:\/\/coolcompany.com\/se\/wp-content\/uploads\/sites\/2\/2023\/07\/CF-Salary-1-480x680.png 480w\" sizes=\"(max-width: 612px) 100vw, 612px\" \/><\/figure>\n<\/div>\n<\/div>\n<\/section>\n\n\n\n<section class=\"wp-block-coolcompany-section\">\n<div class=\"wp-block-columns is-style-columns2 is-layout-flex wp-container-core-columns-is-layout-9d6595d7 wp-block-columns-is-layout-flex\">\n<div class=\"wp-block-column is-style-smaller-col is-layout-flow wp-block-column-is-layout-flow\">\n<figure class=\"wp-block-image size-large is-style-wide-element\"><img decoding=\"async\" src=\"https:\/\/coolcompany.com\/se\/wp-content\/uploads\/sites\/2\/2020\/02\/manage_finance.svg\" alt=\"h\u00e5lla koll p\u00e5 uppdragen\" class=\"wp-image-1059\"\/><\/figure>\n<\/div>\n\n\n\n<div class=\"wp-block-column is-style-larger-col is-layout-flow wp-block-column-is-layout-flow\">\n<h2 class=\"wp-block-heading\" id=\"h-5-ha-koll-pa-dina-uppdrag\">5. Ha koll p\u00e5 dina uppdrag<\/h2>\n\n\n\n<p>N\u00e4r du loggar in hittar du en \u00f6versikt \u00f6ver ditt konto.<\/p>\n\n\n\n<p>Du f\u00e5r en \u00f6versikt \u00f6ver dina genomf\u00f6rda uppdrag, dina senaste l\u00f6neutbetalningar, dina skickade fakturor och m\u00e5natliga sammanst\u00e4llningar.<\/p>\n\n\n\n<p>Du kan \u00e4ven best\u00e4mma hur mycket du vill ta ut i l\u00f6n, och hur mycket du vill spara. Du kan ocks\u00e5 spara ned och skriva ut l\u00f6nespecifikationer.<\/p>\n<\/div>\n<\/div>\n<\/section>\n\n\n\n<section class=\"wp-block-coolcompany-section has-orange-10-background-color has-background\">\n<div class=\"wp-block-columns is-style-columns1 is-layout-flex wp-container-core-columns-is-layout-9d6595d7 wp-block-columns-is-layout-flex\">\n<div class=\"wp-block-column is-vertically-aligned-top is-layout-flow wp-block-column-is-layout-flow\">\n<h2 class=\"wp-block-heading has-text-align-center\" id=\"h-skapa-konto-och-frilansa-utan-krangel\">Skapa konto och frilansa utan kr\u00e5ngel<\/h2>\n\n\n\n<p class=\"has-text-align-center\">Vi g\u00f6r det h\u00e4r tillsammans! Vi p\u00e5 Cool Company vill vara frilansarens, konsultens och extrajobbarens b\u00e4sta v\u00e4n. D\u00e4rf\u00f6r kostar det inget att skapa ett konto hos oss. Du betalar oss n\u00e4r dina kunder betalar dig.<\/p>\n<\/div>\n<\/div>\n\n\n\n<div class=\"wp-block-buttons is-horizontal is-content-justification-center is-layout-flex wp-container-core-buttons-is-layout-499968f5 wp-block-buttons-is-layout-flex\">\n<div class=\"wp-block-button is-style-secondary\"><a class=\"wp-block-button__link wp-element-button\" href=\"https:\/\/freelance.coolcompany.com\/signup\/#profile=SE&amp;language=sv\" target=\"_blank\" rel=\"noreferrer noopener\">Skapa konto<\/a><\/div>\n<\/div>\n<\/section>\n","protected":false},"excerpt":{"rendered":"","protected":false},"author":1,"featured_media":280,"parent":0,"menu_order":0,"comment_status":"closed","ping_status":"closed","template":"","meta":{"footnotes":""},"categories":[],"tags":[94],"class_list":["post-831","page","type-page","status-publish","has-post-thumbnail","hentry","tag-light"],"yoast_head":"<!-- This site is optimized with the Yoast SEO Premium plugin v25.2 (Yoast SEO v27.0) - https:\/\/yoast.com\/product\/yoast-seo-premium-wordpress\/ -->\n<title>S\u00e5 fungerar det att skicka en faktura som privatperson - Cool Company<\/title>\n<meta name=\"description\" content=\"Kom ig\u00e5ng och skicka din f\u00f6rsta faktura. S\u00e5 h\u00e4r fungerar det - fem enkla steg fr\u00e5n att skapa ett konto till att ta emot din f\u00f6rsta l\u00f6n!\" \/>\n<meta name=\"robots\" content=\"index, follow, max-snippet:-1, max-image-preview:large, max-video-preview:-1\" \/>\n<link rel=\"canonical\" href=\"https:\/\/coolcompany.com\/se\/sa-fungerar-det\/\" \/>\n<meta property=\"og:locale\" content=\"sv_SE\" \/>\n<meta property=\"og:type\" content=\"article\" \/>\n<meta property=\"og:title\" content=\"S\u00e5 fungerar det\" \/>\n<meta property=\"og:description\" content=\"Kom ig\u00e5ng och skicka din f\u00f6rsta faktura. S\u00e5 h\u00e4r fungerar det - fem enkla steg fr\u00e5n att skapa ett konto till att ta emot din f\u00f6rsta l\u00f6n!\" \/>\n<meta property=\"og:url\" content=\"https:\/\/coolcompany.com\/se\/sa-fungerar-det\/\" \/>\n<meta property=\"og:site_name\" content=\"Cool Company Sverige\" \/>\n<meta property=\"article:modified_time\" content=\"2026-01-21T14:35:11+00:00\" \/>\n<meta name=\"twitter:card\" content=\"summary_large_image\" \/>\n<meta name=\"twitter:label1\" content=\"Ber\u00e4knad l\u00e4stid\" \/>\n\t<meta name=\"twitter:data1\" content=\"3 minuter\" \/>\n<script type=\"application\/ld+json\" class=\"yoast-schema-graph\">{\"@context\":\"https:\/\/schema.org\",\"@graph\":[{\"@type\":\"WebPage\",\"@id\":\"https:\/\/coolcompany.com\/se\/sa-fungerar-det\/\",\"url\":\"https:\/\/coolcompany.com\/se\/sa-fungerar-det\/\",\"name\":\"S\u00e5 fungerar det att skicka en faktura som privatperson - Cool Company\",\"isPartOf\":{\"@id\":\"https:\/\/coolcompany.com\/se\/#website\"},\"primaryImageOfPage\":{\"@id\":\"https:\/\/coolcompany.com\/se\/sa-fungerar-det\/#primaryimage\"},\"image\":{\"@id\":\"https:\/\/coolcompany.com\/se\/sa-fungerar-det\/#primaryimage\"},\"thumbnailUrl\":\"https:\/\/coolcompany.com\/se\/wp-content\/uploads\/sites\/2\/2020\/01\/bill-illu.svg\",\"datePublished\":\"2020-02-05T23:02:11+00:00\",\"dateModified\":\"2026-01-21T14:35:11+00:00\",\"description\":\"Kom ig\u00e5ng och skicka din f\u00f6rsta faktura. S\u00e5 h\u00e4r fungerar det - fem enkla steg fr\u00e5n att skapa ett konto till att ta emot din f\u00f6rsta l\u00f6n!\",\"inLanguage\":\"sv-SE\",\"potentialAction\":[{\"@type\":\"ReadAction\",\"target\":[\"https:\/\/coolcompany.com\/se\/sa-fungerar-det\/\"]}]},{\"@type\":\"ImageObject\",\"inLanguage\":\"sv-SE\",\"@id\":\"https:\/\/coolcompany.com\/se\/sa-fungerar-det\/#primaryimage\",\"url\":\"https:\/\/coolcompany.com\/se\/wp-content\/uploads\/sites\/2\/2020\/01\/bill-illu.svg\",\"contentUrl\":\"https:\/\/coolcompany.com\/se\/wp-content\/uploads\/sites\/2\/2020\/01\/bill-illu.svg\",\"width\":222,\"height\":171},{\"@type\":\"WebSite\",\"@id\":\"https:\/\/coolcompany.com\/se\/#website\",\"url\":\"https:\/\/coolcompany.com\/se\/\",\"name\":\"Cool Company Sverige\",\"description\":\"Fakturera utan f\u00f6retag\",\"publisher\":{\"@id\":\"https:\/\/coolcompany.com\/se\/#organization\"},\"potentialAction\":[{\"@type\":\"SearchAction\",\"target\":{\"@type\":\"EntryPoint\",\"urlTemplate\":\"https:\/\/coolcompany.com\/se\/?s={search_term_string}\"},\"query-input\":{\"@type\":\"PropertyValueSpecification\",\"valueRequired\":true,\"valueName\":\"search_term_string\"}}],\"inLanguage\":\"sv-SE\"},{\"@type\":\"Organization\",\"@id\":\"https:\/\/coolcompany.com\/se\/#organization\",\"name\":\"Cool Company\",\"url\":\"https:\/\/coolcompany.com\/se\/\",\"logo\":{\"@type\":\"ImageObject\",\"inLanguage\":\"sv-SE\",\"@id\":\"https:\/\/coolcompany.com\/se\/#\/schema\/logo\/image\/\",\"url\":\"https:\/\/coolcompany.com\/se\/wp-content\/uploads\/sites\/2\/2020\/01\/cc-logotype-horizontal.svg\",\"contentUrl\":\"https:\/\/coolcompany.com\/se\/wp-content\/uploads\/sites\/2\/2020\/01\/cc-logotype-horizontal.svg\",\"width\":\"1024\",\"height\":\"1024\",\"caption\":\"Cool Company\"},\"image\":{\"@id\":\"https:\/\/coolcompany.com\/se\/#\/schema\/logo\/image\/\"}}]}<\/script>\n<!-- \/ Yoast SEO Premium plugin. -->","yoast_head_json":{"title":"S\u00e5 fungerar det att skicka en faktura som privatperson - Cool Company","description":"Kom ig\u00e5ng och skicka din f\u00f6rsta faktura. S\u00e5 h\u00e4r fungerar det - fem enkla steg fr\u00e5n att skapa ett konto till att ta emot din f\u00f6rsta l\u00f6n!","robots":{"index":"index","follow":"follow","max-snippet":"max-snippet:-1","max-image-preview":"max-image-preview:large","max-video-preview":"max-video-preview:-1"},"canonical":"https:\/\/coolcompany.com\/se\/sa-fungerar-det\/","og_locale":"sv_SE","og_type":"article","og_title":"S\u00e5 fungerar det","og_description":"Kom ig\u00e5ng och skicka din f\u00f6rsta faktura. S\u00e5 h\u00e4r fungerar det - fem enkla steg fr\u00e5n att skapa ett konto till att ta emot din f\u00f6rsta l\u00f6n!","og_url":"https:\/\/coolcompany.com\/se\/sa-fungerar-det\/","og_site_name":"Cool Company Sverige","article_modified_time":"2026-01-21T14:35:11+00:00","twitter_card":"summary_large_image","twitter_misc":{"Ber\u00e4knad l\u00e4stid":"3 minuter"},"schema":{"@context":"https:\/\/schema.org","@graph":[{"@type":"WebPage","@id":"https:\/\/coolcompany.com\/se\/sa-fungerar-det\/","url":"https:\/\/coolcompany.com\/se\/sa-fungerar-det\/","name":"S\u00e5 fungerar det att skicka en faktura som privatperson - Cool Company","isPartOf":{"@id":"https:\/\/coolcompany.com\/se\/#website"},"primaryImageOfPage":{"@id":"https:\/\/coolcompany.com\/se\/sa-fungerar-det\/#primaryimage"},"image":{"@id":"https:\/\/coolcompany.com\/se\/sa-fungerar-det\/#primaryimage"},"thumbnailUrl":"https:\/\/coolcompany.com\/se\/wp-content\/uploads\/sites\/2\/2020\/01\/bill-illu.svg","datePublished":"2020-02-05T23:02:11+00:00","dateModified":"2026-01-21T14:35:11+00:00","description":"Kom ig\u00e5ng och skicka din f\u00f6rsta faktura. S\u00e5 h\u00e4r fungerar det - fem enkla steg fr\u00e5n att skapa ett konto till att ta emot din f\u00f6rsta l\u00f6n!","inLanguage":"sv-SE","potentialAction":[{"@type":"ReadAction","target":["https:\/\/coolcompany.com\/se\/sa-fungerar-det\/"]}]},{"@type":"ImageObject","inLanguage":"sv-SE","@id":"https:\/\/coolcompany.com\/se\/sa-fungerar-det\/#primaryimage","url":"https:\/\/coolcompany.com\/se\/wp-content\/uploads\/sites\/2\/2020\/01\/bill-illu.svg","contentUrl":"https:\/\/coolcompany.com\/se\/wp-content\/uploads\/sites\/2\/2020\/01\/bill-illu.svg","width":222,"height":171},{"@type":"WebSite","@id":"https:\/\/coolcompany.com\/se\/#website","url":"https:\/\/coolcompany.com\/se\/","name":"Cool Company Sverige","description":"Fakturera utan f\u00f6retag","publisher":{"@id":"https:\/\/coolcompany.com\/se\/#organization"},"potentialAction":[{"@type":"SearchAction","target":{"@type":"EntryPoint","urlTemplate":"https:\/\/coolcompany.com\/se\/?s={search_term_string}"},"query-input":{"@type":"PropertyValueSpecification","valueRequired":true,"valueName":"search_term_string"}}],"inLanguage":"sv-SE"},{"@type":"Organization","@id":"https:\/\/coolcompany.com\/se\/#organization","name":"Cool Company","url":"https:\/\/coolcompany.com\/se\/","logo":{"@type":"ImageObject","inLanguage":"sv-SE","@id":"https:\/\/coolcompany.com\/se\/#\/schema\/logo\/image\/","url":"https:\/\/coolcompany.com\/se\/wp-content\/uploads\/sites\/2\/2020\/01\/cc-logotype-horizontal.svg","contentUrl":"https:\/\/coolcompany.com\/se\/wp-content\/uploads\/sites\/2\/2020\/01\/cc-logotype-horizontal.svg","width":"1024","height":"1024","caption":"Cool Company"},"image":{"@id":"https:\/\/coolcompany.com\/se\/#\/schema\/logo\/image\/"}}]}},"lang":"sv","translations":{"sv":831,"en":3872},"pll_sync_post":[],"_links":{"self":[{"href":"https:\/\/coolcompany.com\/se\/wp-json\/wp\/v2\/pages\/831","targetHints":{"allow":["GET"]}}],"collection":[{"href":"https:\/\/coolcompany.com\/se\/wp-json\/wp\/v2\/pages"}],"about":[{"href":"https:\/\/coolcompany.com\/se\/wp-json\/wp\/v2\/types\/page"}],"author":[{"embeddable":true,"href":"https:\/\/coolcompany.com\/se\/wp-json\/wp\/v2\/users\/1"}],"replies":[{"embeddable":true,"href":"https:\/\/coolcompany.com\/se\/wp-json\/wp\/v2\/comments?post=831"}],"version-history":[{"count":0,"href":"https:\/\/coolcompany.com\/se\/wp-json\/wp\/v2\/pages\/831\/revisions"}],"wp:featuredmedia":[{"embeddable":true,"href":"https:\/\/coolcompany.com\/se\/wp-json\/wp\/v2\/media\/280"}],"wp:attachment":[{"href":"https:\/\/coolcompany.com\/se\/wp-json\/wp\/v2\/media?parent=831"}],"wp:term":[{"taxonomy":"category","embeddable":true,"href":"https:\/\/coolcompany.com\/se\/wp-json\/wp\/v2\/categories?post=831"},{"taxonomy":"post_tag","embeddable":true,"href":"https:\/\/coolcompany.com\/se\/wp-json\/wp\/v2\/tags?post=831"}],"curies":[{"name":"wp","href":"https:\/\/api.w.org\/{rel}","templated":true}]}}