{"id":735,"date":"2020-02-05T21:46:08","date_gmt":"2020-02-05T21:46:08","guid":{"rendered":"https:\/\/coolcompanydev.wpengine.com\/?page_id=735"},"modified":"2026-01-07T12:51:30","modified_gmt":"2026-01-07T12:51:30","slug":"vart-erbjudande","status":"publish","type":"page","link":"https:\/\/coolcompany.com\/se\/vart-erbjudande\/","title":{"rendered":"V\u00e5rt erbjudande"},"content":{"rendered":"\n<section class=\"wp-block-coolcompany-section has-light-primary-background-color has-background\">\n<div class=\"wp-block-columns is-style-columns2 is-layout-flex wp-container-core-columns-is-layout-9d6595d7 wp-block-columns-is-layout-flex\">\n<div class=\"wp-block-column is-style-larger-col is-layout-flow wp-block-column-is-layout-flow\">\n<h1 class=\"wp-block-heading\" id=\"h-att-frilansa-ska-vara-enkelt-nbsp\">Att frilansa ska vara enkelt.&nbsp;<\/h1>\n\n\n\n<p>Som egenanst\u00e4lld p\u00e5 Cool Company kan du fokusera p\u00e5 din verksamhet och det du \u00e4r bra p\u00e5, s\u00e5 tar vi hand om resten.&nbsp;Vi erbjuder l\u00f6sningar som underl\u00e4ttar f\u00f6r dig och g\u00f6r livet kring arbetslivet lite enklare.&nbsp;<\/p>\n\n\n\n<div class=\"wp-block-buttons is-layout-flex wp-block-buttons-is-layout-flex\">\n<div class=\"wp-block-button is-style-primary\"><a class=\"wp-block-button__link wp-element-button\" href=\"https:\/\/freelance.coolcompany.com\/signup\/#profile=SE&amp;language=sv\">SKAPA KONTO<\/a><\/div>\n<\/div>\n<\/div>\n\n\n\n<div class=\"wp-block-column is-style-smaller-col is-layout-flow wp-block-column-is-layout-flow\">\n<div class=\"wp-block-coolcompany-maskedimage blob_mask_1\"><div class=\"gradient-background\" style=\"background:linear-gradient(45deg, #7142E9 0%, #BA37F9 100%)\"><\/div>\n<figure class=\"wp-block-image size-large\"><img decoding=\"async\" src=\"https:\/\/coolcompany.com\/se\/wp-content\/uploads\/sites\/2\/2022\/09\/Karriar-eller-privatliv-1024x683.jpg\" alt=\"\" class=\"wp-image-10585\" srcset=\"https:\/\/coolcompany.com\/se\/wp-content\/uploads\/sites\/2\/2022\/09\/Karriar-eller-privatliv-1024x683.jpg 1024w, https:\/\/coolcompany.com\/se\/wp-content\/uploads\/sites\/2\/2022\/09\/Karriar-eller-privatliv-300x200.jpg 300w, https:\/\/coolcompany.com\/se\/wp-content\/uploads\/sites\/2\/2022\/09\/Karriar-eller-privatliv-768x512.jpg 768w, https:\/\/coolcompany.com\/se\/wp-content\/uploads\/sites\/2\/2022\/09\/Karriar-eller-privatliv-1536x1024.jpg 1536w, https:\/\/coolcompany.com\/se\/wp-content\/uploads\/sites\/2\/2022\/09\/Karriar-eller-privatliv-2048x1365.jpg 2048w, https:\/\/coolcompany.com\/se\/wp-content\/uploads\/sites\/2\/2022\/09\/Karriar-eller-privatliv-1080x720.jpg 1080w, https:\/\/coolcompany.com\/se\/wp-content\/uploads\/sites\/2\/2022\/09\/Karriar-eller-privatliv-1280x853.jpg 1280w, https:\/\/coolcompany.com\/se\/wp-content\/uploads\/sites\/2\/2022\/09\/Karriar-eller-privatliv-980x653.jpg 980w, https:\/\/coolcompany.com\/se\/wp-content\/uploads\/sites\/2\/2022\/09\/Karriar-eller-privatliv-480x320.jpg 480w\" sizes=\"(max-width: 1024px) 100vw, 1024px\" \/><\/figure>\n<\/div>\n<\/div>\n<\/div>\n<\/section>\n\n\n\n<div class=\"wp-block-coolcompany-separator is-style-has-shadow has-light-primary-background-color has-background\"><svg width=\"100%\" viewBox=\"0 0 1600 60\" fill=\"none\" xmlns=\"http:\/\/www.w3.org\/2000\/svg\" aria-hidden=\"true\"><path fill=\"#ffffff\" d=\"M0 0L29.6667 1.75612C59.5 3.36587 118.833 6.87807 178 12C237.167 17.122 296.167 23.8537 355.333 22.6829C414.5 21.5122 473.833 12.1464 533.333 9.07319C592.833 5.85368 652.167 8.78051 711.333 11.2683C770.5 13.6098 829.5 15.6585 888.667 18.7317C947.833 21.9512 1007.17 26.3415 1066.67 27.8049C1126.17 29.2683 1185.5 27.8049 1244.67 23.7073C1303.83 19.4634 1362.83 12.7317 1422 8.34148C1481.17 3.95124 1540.5 1.90246 1570.33 1.02441L1600 0V60H1570.33C1540.5 60 1481.17 60 1422 60C1362.83 60 1303.83 60 1244.67 60C1185.5 60 1126.17 60 1066.67 60C1007.17 60 947.833 60 888.667 60C829.5 60 770.5 60 711.333 60C652.167 60 592.833 60 533.333 60C473.833 60 414.5 60 355.333 60C296.167 60 237.167 60 178 60C118.833 60 59.5 60 29.6667 60H0V0Z\"><\/path><\/svg><\/div>\n\n\n\n<section class=\"wp-block-coolcompany-section\">\n<div class=\"wp-block-columns is-style-columns2 is-layout-flex wp-container-core-columns-is-layout-9d6595d7 wp-block-columns-is-layout-flex\">\n<div class=\"wp-block-column is-style-larger-col is-layout-flow wp-block-column-is-layout-flow\">\n<h2 class=\"wp-block-heading\">Fakturera som privatperson till f\u00f6retag<\/h2>\n\n\n\n<p>Fakturering kan verka kr\u00e5ngligt men det beh\u00f6ver inte vara s\u00e5 sv\u00e5rt \u2013 speciellt inte om du som privatperson anv\u00e4nder dig av Cool Company. F\u00f6r 5,98% av fakturabeloppet tar vi hand om all administration och ser till att du \u00e4r trygg och f\u00f6rs\u00e4krad.&nbsp;<\/p>\n\n\n\n<p>D\u00e4remot \u00e4r det alltid bra att ha koll p\u00e5 vad som h\u00e4nder och vad det \u00e4r du faktiskt g\u00f6r n\u00e4r du fakturerar.<\/p>\n\n\n\n<div class=\"wp-block-buttons is-layout-flex wp-block-buttons-is-layout-flex\">\n<div class=\"wp-block-button is-style-tertiary\"><a class=\"wp-block-button__link wp-element-button\" href=\"https:\/\/coolcompany.com\/se\/vart-erbjudande\/fakturera-utan-foretag\/\">L\u00c4S MER om att fakturera som privatperson<\/a><\/div>\n\n\n<\/div>\n\n\n\n<h2 class=\"wp-block-heading\">Arbetsmilj\u00f6 och f\u00f6rs\u00e4kringar<\/h2>\n\n\n\n<p>Vad kan du som <a href=\"https:\/\/coolcompany.com\/se\/blog\/fem-typer-av-frilans-ta-reda-pa-vem-du-ar\/\" target=\"_blank\" rel=\"noreferrer noopener\">frilansare<\/a> eller <a href=\"https:\/\/coolcompany.com\/se\/resurser\/ekonomi\/lon\/anstallning\/konsult\/\" target=\"_blank\" rel=\"noreferrer noopener\">konsult<\/a> f\u00f6rv\u00e4nta dig f\u00f6r arbetsmilj\u00f6 n\u00e4r du tar uppdrag? Och vilka skydd \u00e4r viktiga att ha? Vi p\u00e5 Cool Company \u00e4r m\u00e5na om din arbetsmilj\u00f6 och vi ser vi alltid till att du \u00e4r r\u00e4tt f\u00f6rs\u00e4krad f\u00f6r det arbete du ska utf\u00f6ra.<\/p>\n\n\n\n<div class=\"wp-block-buttons is-layout-flex wp-block-buttons-is-layout-flex\">\n<div class=\"wp-block-button is-style-tertiary\"><a class=\"wp-block-button__link wp-element-button\" href=\"https:\/\/coolcompany.com\/se\/vart-erbjudande\/arbetsmiljo-forsakring\/\">L\u00c4S MER om arbetsmilj\u00f6 och f\u00f6rs\u00e4kringar<\/a><\/div>\n<\/div>\n<\/div>\n\n\n\n<div class=\"wp-block-column is-vertically-aligned-top is-style-smaller-col is-layout-flow wp-block-column-is-layout-flow\" style=\"flex-basis:300px\">\n<div class=\"wp-block-coolcompany-maskedimage blob_mask_6\"><div class=\"gradient-background\" style=\"background:linear-gradient(45deg, #7142E9 0%, #BA37F9 100%)\"><\/div>\n<figure class=\"wp-block-image size-large\"><img decoding=\"async\" src=\"https:\/\/coolcompany.com\/se\/wp-content\/uploads\/sites\/2\/2022\/02\/GettyImages-1034538812-1024x683.jpg\" alt=\"\" class=\"wp-image-9701\" srcset=\"https:\/\/coolcompany.com\/se\/wp-content\/uploads\/sites\/2\/2022\/02\/GettyImages-1034538812-1024x683.jpg 1024w, https:\/\/coolcompany.com\/se\/wp-content\/uploads\/sites\/2\/2022\/02\/GettyImages-1034538812-300x200.jpg 300w, https:\/\/coolcompany.com\/se\/wp-content\/uploads\/sites\/2\/2022\/02\/GettyImages-1034538812-768x512.jpg 768w, https:\/\/coolcompany.com\/se\/wp-content\/uploads\/sites\/2\/2022\/02\/GettyImages-1034538812-1536x1024.jpg 1536w, https:\/\/coolcompany.com\/se\/wp-content\/uploads\/sites\/2\/2022\/02\/GettyImages-1034538812-2048x1365.jpg 2048w, https:\/\/coolcompany.com\/se\/wp-content\/uploads\/sites\/2\/2022\/02\/GettyImages-1034538812-1080x720.jpg 1080w, https:\/\/coolcompany.com\/se\/wp-content\/uploads\/sites\/2\/2022\/02\/GettyImages-1034538812-1280x853.jpg 1280w, https:\/\/coolcompany.com\/se\/wp-content\/uploads\/sites\/2\/2022\/02\/GettyImages-1034538812-980x653.jpg 980w, https:\/\/coolcompany.com\/se\/wp-content\/uploads\/sites\/2\/2022\/02\/GettyImages-1034538812-480x320.jpg 480w\" sizes=\"(max-width: 1024px) 100vw, 1024px\" \/><figcaption class=\"wp-element-caption\">A startup business office employee standing at his desk smiling.<\/figcaption><\/figure>\n<\/div>\n<\/div>\n<\/div>\n<\/section>\n\n\n\n<section class=\"wp-block-coolcompany-section is-style-no-space has-light-primary-background-color has-background\">\n<div class=\"wp-block-columns is-layout-flex wp-container-core-columns-is-layout-9d6595d7 wp-block-columns-is-layout-flex\">\n<div class=\"wp-block-column is-layout-flow wp-block-column-is-layout-flow\" style=\"flex-basis:25%\"><\/div>\n\n\n\n<div class=\"wp-block-column is-layout-flow wp-block-column-is-layout-flow\" style=\"flex-basis:80%\">\n<h2 class=\"wp-block-heading has-text-align-center\" id=\"h-egenanstalld-eller-egenforetagare-ett-enkelt-val-om-du-fragar-oss\">Egenanst\u00e4lld eller egenf\u00f6retagare?<br>Ett enkelt val, om du fr\u00e5gar oss.<\/h2>\n<\/div>\n\n\n\n<div class=\"wp-block-column is-layout-flow wp-block-column-is-layout-flow\" style=\"flex-basis:25%\"><\/div>\n<\/div>\n\n\n\n<div class=\"wp-block-columns is-style-columns2 is-layout-flex wp-container-core-columns-is-layout-9d6595d7 wp-block-columns-is-layout-flex\">\n<div class=\"wp-block-column is-layout-flow wp-block-column-is-layout-flow\">\n<h3 class=\"wp-block-heading\"><strong>Egenanst\u00e4lld via Cool Company<\/strong><\/h3>\n\n\n\n<ul class=\"wp-block-list\">\n<li><a href=\"https:\/\/coolcompany.com\/se\/\" target=\"_blank\" rel=\"noreferrer noopener\">Fakturera utan f\u00f6retag<\/a> f\u00f6r tj\u00e4nsteuppdrag<\/li>\n\n\n\n<li>Slipp administration som moms, skatt och bokf\u00f6ring<\/li>\n\n\n\n<li>Slipp krav p\u00e5 aktiekapital (25.000 kr)<\/li>\n\n\n\n<li>Kan avs\u00e4tta till tj\u00e4nstepension<\/li>\n<\/ul>\n\n\n\n<h3 class=\"wp-block-heading\"><strong>Med Cool Company f\u00e5r du \u00e4ven:<\/strong><\/h3>\n\n\n\n<ul class=\"wp-block-list\">\n<li>M\u00f6jlighet till ers\u00e4ttning fr\u00e5n din A-kassa<\/li>\n\n\n\n<li>Snabb l\u00f6neutbetalning med Express Pay<\/li>\n\n\n\n<li>Omfattande f\u00f6rs\u00e4kringskydd&nbsp;<\/li>\n\n\n\n<li>Tillg\u00e5ng till f\u00f6rm\u00e5ner och rabatter&nbsp;<\/li>\n\n\n\n<li>Tillg\u00e5ng till personlig och kostnadsfri support<br><br>Du kan l\u00e4sa mer om vad som ing\u00e5r f\u00f6r dig som egenanst\u00e4lld i <a href=\"https:\/\/coolcompany.com\/se\/vart-erbjudande\/trygghetspaket\/\" target=\"_blank\" rel=\"noreferrer noopener\">v\u00e5rt trygghetspaket<\/a>.<\/li>\n<\/ul>\n<\/div>\n\n\n\n<div class=\"wp-block-column is-layout-flow wp-block-column-is-layout-flow\">\n<h3 class=\"wp-block-heading\"><strong>Starta eget f\u00f6retag<\/strong><\/h3>\n\n\n\n<ul class=\"wp-block-list\">\n<li>Fakturera genom f\u00f6retag f\u00f6r tj\u00e4nsteuppdrag<\/li>\n\n\n\n<li>Fakurera f\u00f6r produktf\u00f6rs\u00e4ljning<\/li>\n\n\n\n<li>Krav p\u00e5 25.000 SEK i aktiekapital f\u00f6r att starta ett aktiebolag<\/li>\n<\/ul>\n\n\n\n<h3 class=\"wp-block-heading\" id=\"h-detta-far-du-bade-som-egenanstalld-via-cool-company-eller-om-du-startar-eget-foretag\"><strong>Detta f\u00e5r du b\u00e5de som egenanst\u00e4lld via Cool Company eller om du startar eget f\u00f6retag<\/strong><\/h3>\n\n\n\n<ul class=\"wp-block-list\">\n<li>M\u00f6jlighet att avs\u00e4tta till tj\u00e4nstepension<\/li>\n\n\n\n<li>M\u00f6jlighet att g\u00f6ra avdrag f\u00f6r RUT- och ROT-arbete<\/li>\n\n\n\n<li>M\u00f6jlighet att g\u00f6ra avdrag f\u00f6r utl\u00e4gg<\/li>\n\n\n\n<li>M\u00f6jlighet att g\u00f6ra avdrag f\u00f6r milers\u00e4ttning och traktamente<\/li>\n<\/ul>\n<\/div>\n<\/div>\n<\/section>\n\n\n\n<div class=\"wp-block-coolcompany-separator is-style-has-shadow has-light-primary-background-color has-background\"><svg width=\"100%\" viewBox=\"0 0 1600 60\" fill=\"none\" xmlns=\"http:\/\/www.w3.org\/2000\/svg\" aria-hidden=\"true\"><path fill=\"#ffffff\" d=\"M0 0L29.6667 1.75612C59.5 3.36587 118.833 6.87807 178 12C237.167 17.122 296.167 23.8537 355.333 22.6829C414.5 21.5122 473.833 12.1464 533.333 9.07319C592.833 5.85368 652.167 8.78051 711.333 11.2683C770.5 13.6098 829.5 15.6585 888.667 18.7317C947.833 21.9512 1007.17 26.3415 1066.67 27.8049C1126.17 29.2683 1185.5 27.8049 1244.67 23.7073C1303.83 19.4634 1362.83 12.7317 1422 8.34148C1481.17 3.95124 1540.5 1.90246 1570.33 1.02441L1600 0V60H1570.33C1540.5 60 1481.17 60 1422 60C1362.83 60 1303.83 60 1244.67 60C1185.5 60 1126.17 60 1066.67 60C1007.17 60 947.833 60 888.667 60C829.5 60 770.5 60 711.333 60C652.167 60 592.833 60 533.333 60C473.833 60 414.5 60 355.333 60C296.167 60 237.167 60 178 60C118.833 60 59.5 60 29.6667 60H0V0Z\"><\/path><\/svg><\/div>\n\n\n\n<section class=\"wp-block-coolcompany-section\">\n<div class=\"wp-block-columns is-style-columns2 is-layout-flex wp-container-core-columns-is-layout-9d6595d7 wp-block-columns-is-layout-flex\">\n<div class=\"wp-block-column is-style-larger-col is-layout-flow wp-block-column-is-layout-flow\">\n<h2 class=\"wp-block-heading\">Dina erbjudanden och rabatter<\/h2>\n\n\n\n<p>Som kund hos Cool Company ska du k\u00e4nna att du kan frilansa med det du \u00e4lskar och inte beh\u00f6va t\u00e4nka p\u00e5 annat. Men vi vill s\u00e5klart \u00e4ven s\u00e4tta guldkant p\u00e5 din tillvaro. D\u00e4rf\u00f6r ger vi dig noggrant utvalda f\u00f6rm\u00e5ner genom v\u00e5ra olika samarbetspartners som du f\u00e5r tillg\u00e5ng till genom att vara kund hos oss.<\/p>\n\n\n\n<p>De f\u00f6rm\u00e5ner som vi erbjuder dig som \u00e4r kund hos oss \u00e4r alla utvalda f\u00f6r att g\u00f6ra ditt liv som frilansare \u00e4nnu enklare!<\/p>\n\n\n\n<div class=\"wp-block-buttons is-layout-flex wp-block-buttons-is-layout-flex\">\n<div class=\"wp-block-button is-style-secondary\"><a class=\"wp-block-button__link wp-element-button\" href=\"https:\/\/coolcompany.com\/se\/vart-erbjudande\/erbjudande-rabatter\/\">SE ERBJUDANDEN OCH RABATTER<\/a><\/div>\n<\/div>\n<\/div>\n\n\n\n<div class=\"wp-block-column is-style-smaller-col is-layout-flow wp-block-column-is-layout-flow\">\n<figure class=\"wp-block-image size-full\"><img decoding=\"async\" src=\"https:\/\/coolcompany.com\/se\/wp-content\/uploads\/sites\/2\/2023\/03\/Frilansare-pratar-illustration.png\" alt=\"\" class=\"wp-image-11200\" srcset=\"https:\/\/coolcompany.com\/se\/wp-content\/uploads\/sites\/2\/2023\/03\/Frilansare-pratar-illustration.png 807w, https:\/\/coolcompany.com\/se\/wp-content\/uploads\/sites\/2\/2023\/03\/Frilansare-pratar-illustration-300x274.png 300w, https:\/\/coolcompany.com\/se\/wp-content\/uploads\/sites\/2\/2023\/03\/Frilansare-pratar-illustration-768x700.png 768w, https:\/\/coolcompany.com\/se\/wp-content\/uploads\/sites\/2\/2023\/03\/Frilansare-pratar-illustration-480x438.png 480w\" sizes=\"(max-width: 807px) 100vw, 807px\" \/><\/figure>\n<\/div>\n<\/div>\n<\/section>\n\n\n\n<div class=\"wp-block-coolcompany-separator is-style-default has-light-primary-background-color has-background\"><svg width=\"100%\" viewBox=\"0 0 1600 60\" fill=\"none\" xmlns=\"http:\/\/www.w3.org\/2000\/svg\" aria-hidden=\"true\"><path fill=\"rgb(241,236,253)\" d=\"M0 0L29.6667 1.75612C59.5 3.36587 118.833 6.87807 178 12C237.167 17.122 296.167 23.8537 355.333 22.6829C414.5 21.5122 473.833 12.1464 533.333 9.07319C592.833 5.85368 652.167 8.78051 711.333 11.2683C770.5 13.6098 829.5 15.6585 888.667 18.7317C947.833 21.9512 1007.17 26.3415 1066.67 27.8049C1126.17 29.2683 1185.5 27.8049 1244.67 23.7073C1303.83 19.4634 1362.83 12.7317 1422 8.34148C1481.17 3.95124 1540.5 1.90246 1570.33 1.02441L1600 0V60H1570.33C1540.5 60 1481.17 60 1422 60C1362.83 60 1303.83 60 1244.67 60C1185.5 60 1126.17 60 1066.67 60C1007.17 60 947.833 60 888.667 60C829.5 60 770.5 60 711.333 60C652.167 60 592.833 60 533.333 60C473.833 60 414.5 60 355.333 60C296.167 60 237.167 60 178 60C118.833 60 59.5 60 29.6667 60H0V0Z\"><\/path><\/svg><\/div>\n\n\n\n<section class=\"wp-block-coolcompany-section has-light-primary-background-color has-background\">\n<div class=\"wp-block-columns is-style-columns1 is-layout-flex wp-container-core-columns-is-layout-9d6595d7 wp-block-columns-is-layout-flex\">\n<div class=\"wp-block-column is-vertically-aligned-top is-layout-flow wp-block-column-is-layout-flow\">\n<h2 class=\"wp-block-heading has-text-align-center\">Skapa konto och frilansa utan kr\u00e5ngel<\/h2>\n\n\n\n<p class=\"has-text-align-center\">Vi hj\u00e4lper dig p\u00e5 v\u00e4gen! P\u00e5 Cool Company vill vi att v\u00e5ra frilansare, konsulter och extrajobbare ska ha en enkel v\u00e4g fr\u00e5n faktura till l\u00f6n. D\u00e4rf\u00f6r finns vi alltid n\u00e4ra till hands om fr\u00e5gor dyker upp eller om du beh\u00f6ver hj\u00e4lp.<\/p>\n\n\n\n<div class=\"wp-block-buttons is-horizontal is-content-justification-center is-layout-flex wp-container-core-buttons-is-layout-499968f5 wp-block-buttons-is-layout-flex\">\n<div class=\"wp-block-button is-style-primary\"><a class=\"wp-block-button__link wp-element-button\" href=\"https:\/\/freelance.coolcompany.com\/signup\/#profile=SE&amp;language=sv\">SKAPA KONTO<\/a><\/div>\n<\/div>\n<\/div>\n<\/div>\n<\/section>\n","protected":false},"excerpt":{"rendered":"","protected":false},"author":1,"featured_media":0,"parent":0,"menu_order":0,"comment_status":"closed","ping_status":"closed","template":"","meta":{"footnotes":""},"categories":[],"tags":[94],"class_list":["post-735","page","type-page","status-publish","hentry","tag-light"],"yoast_head":"<!-- This site is optimized with the Yoast SEO Premium plugin v25.2 (Yoast SEO v27.0) - https:\/\/yoast.com\/product\/yoast-seo-premium-wordpress\/ -->\n<title>Att frilansa ska vara enkelt - V\u00e5rt erbjudande - Cool Company Sverige<\/title>\n<meta name=\"description\" content=\"V\u00e5rt erbjudande: ett enkelt, flexibelt och fritt frilansande. Bli medlem hos Cool company s\u00e5 hj\u00e4lper vi dig bli din egen idag.\" \/>\n<meta name=\"robots\" content=\"index, follow, max-snippet:-1, max-image-preview:large, max-video-preview:-1\" \/>\n<link rel=\"canonical\" href=\"https:\/\/coolcompany.com\/se\/vart-erbjudande\/\" \/>\n<meta property=\"og:locale\" content=\"sv_SE\" \/>\n<meta property=\"og:type\" content=\"article\" \/>\n<meta property=\"og:title\" content=\"V\u00e5rt erbjudande\" \/>\n<meta property=\"og:description\" content=\"V\u00e5rt erbjudande: ett enkelt, flexibelt och fritt frilansande. Bli medlem hos Cool company s\u00e5 hj\u00e4lper vi dig bli din egen idag.\" \/>\n<meta property=\"og:url\" content=\"https:\/\/coolcompany.com\/se\/vart-erbjudande\/\" \/>\n<meta property=\"og:site_name\" content=\"Cool Company Sverige\" \/>\n<meta property=\"article:modified_time\" content=\"2026-01-07T12:51:30+00:00\" \/>\n<meta property=\"og:image\" content=\"https:\/\/coolcompany.com\/se\/wp-content\/uploads\/sites\/2\/2022\/09\/Karriar-eller-privatliv-scaled.jpg\" \/>\n\t<meta property=\"og:image:width\" content=\"2880\" \/>\n\t<meta property=\"og:image:height\" content=\"1920\" \/>\n\t<meta property=\"og:image:type\" content=\"image\/jpeg\" \/>\n<meta name=\"twitter:card\" content=\"summary_large_image\" \/>\n<meta name=\"twitter:label1\" content=\"Ber\u00e4knad l\u00e4stid\" \/>\n\t<meta name=\"twitter:data1\" content=\"3 minuter\" \/>\n<script type=\"application\/ld+json\" class=\"yoast-schema-graph\">{\"@context\":\"https:\/\/schema.org\",\"@graph\":[{\"@type\":\"WebPage\",\"@id\":\"https:\/\/coolcompany.com\/se\/vart-erbjudande\/\",\"url\":\"https:\/\/coolcompany.com\/se\/vart-erbjudande\/\",\"name\":\"Att frilansa ska vara enkelt - V\u00e5rt erbjudande - Cool Company Sverige\",\"isPartOf\":{\"@id\":\"https:\/\/coolcompany.com\/se\/#website\"},\"primaryImageOfPage\":{\"@id\":\"https:\/\/coolcompany.com\/se\/vart-erbjudande\/#primaryimage\"},\"image\":{\"@id\":\"https:\/\/coolcompany.com\/se\/vart-erbjudande\/#primaryimage\"},\"thumbnailUrl\":\"https:\/\/coolcompany.com\/se\/wp-content\/uploads\/sites\/2\/2022\/09\/Karriar-eller-privatliv-1024x683.jpg\",\"datePublished\":\"2020-02-05T21:46:08+00:00\",\"dateModified\":\"2026-01-07T12:51:30+00:00\",\"description\":\"V\u00e5rt erbjudande: ett enkelt, flexibelt och fritt frilansande. Bli medlem hos Cool company s\u00e5 hj\u00e4lper vi dig bli din egen idag.\",\"inLanguage\":\"sv-SE\",\"potentialAction\":[{\"@type\":\"ReadAction\",\"target\":[\"https:\/\/coolcompany.com\/se\/vart-erbjudande\/\"]}]},{\"@type\":\"ImageObject\",\"inLanguage\":\"sv-SE\",\"@id\":\"https:\/\/coolcompany.com\/se\/vart-erbjudande\/#primaryimage\",\"url\":\"https:\/\/coolcompany.com\/se\/wp-content\/uploads\/sites\/2\/2022\/09\/Karriar-eller-privatliv-1024x683.jpg\",\"contentUrl\":\"https:\/\/coolcompany.com\/se\/wp-content\/uploads\/sites\/2\/2022\/09\/Karriar-eller-privatliv-1024x683.jpg\"},{\"@type\":\"WebSite\",\"@id\":\"https:\/\/coolcompany.com\/se\/#website\",\"url\":\"https:\/\/coolcompany.com\/se\/\",\"name\":\"Cool Company Sverige\",\"description\":\"Fakturera utan f\u00f6retag\",\"publisher\":{\"@id\":\"https:\/\/coolcompany.com\/se\/#organization\"},\"potentialAction\":[{\"@type\":\"SearchAction\",\"target\":{\"@type\":\"EntryPoint\",\"urlTemplate\":\"https:\/\/coolcompany.com\/se\/?s={search_term_string}\"},\"query-input\":{\"@type\":\"PropertyValueSpecification\",\"valueRequired\":true,\"valueName\":\"search_term_string\"}}],\"inLanguage\":\"sv-SE\"},{\"@type\":\"Organization\",\"@id\":\"https:\/\/coolcompany.com\/se\/#organization\",\"name\":\"Cool Company\",\"url\":\"https:\/\/coolcompany.com\/se\/\",\"logo\":{\"@type\":\"ImageObject\",\"inLanguage\":\"sv-SE\",\"@id\":\"https:\/\/coolcompany.com\/se\/#\/schema\/logo\/image\/\",\"url\":\"https:\/\/coolcompany.com\/se\/wp-content\/uploads\/sites\/2\/2020\/01\/cc-logotype-horizontal.svg\",\"contentUrl\":\"https:\/\/coolcompany.com\/se\/wp-content\/uploads\/sites\/2\/2020\/01\/cc-logotype-horizontal.svg\",\"width\":\"1024\",\"height\":\"1024\",\"caption\":\"Cool Company\"},\"image\":{\"@id\":\"https:\/\/coolcompany.com\/se\/#\/schema\/logo\/image\/\"}}]}<\/script>\n<!-- \/ Yoast SEO Premium plugin. -->","yoast_head_json":{"title":"Att frilansa ska vara enkelt - V\u00e5rt erbjudande - Cool Company Sverige","description":"V\u00e5rt erbjudande: ett enkelt, flexibelt och fritt frilansande. Bli medlem hos Cool company s\u00e5 hj\u00e4lper vi dig bli din egen idag.","robots":{"index":"index","follow":"follow","max-snippet":"max-snippet:-1","max-image-preview":"max-image-preview:large","max-video-preview":"max-video-preview:-1"},"canonical":"https:\/\/coolcompany.com\/se\/vart-erbjudande\/","og_locale":"sv_SE","og_type":"article","og_title":"V\u00e5rt erbjudande","og_description":"V\u00e5rt erbjudande: ett enkelt, flexibelt och fritt frilansande. Bli medlem hos Cool company s\u00e5 hj\u00e4lper vi dig bli din egen idag.","og_url":"https:\/\/coolcompany.com\/se\/vart-erbjudande\/","og_site_name":"Cool Company Sverige","article_modified_time":"2026-01-07T12:51:30+00:00","og_image":[{"width":2880,"height":1920,"url":"https:\/\/coolcompany.com\/se\/wp-content\/uploads\/sites\/2\/2022\/09\/Karriar-eller-privatliv-scaled.jpg","type":"image\/jpeg"}],"twitter_card":"summary_large_image","twitter_misc":{"Ber\u00e4knad l\u00e4stid":"3 minuter"},"schema":{"@context":"https:\/\/schema.org","@graph":[{"@type":"WebPage","@id":"https:\/\/coolcompany.com\/se\/vart-erbjudande\/","url":"https:\/\/coolcompany.com\/se\/vart-erbjudande\/","name":"Att frilansa ska vara enkelt - V\u00e5rt erbjudande - Cool Company Sverige","isPartOf":{"@id":"https:\/\/coolcompany.com\/se\/#website"},"primaryImageOfPage":{"@id":"https:\/\/coolcompany.com\/se\/vart-erbjudande\/#primaryimage"},"image":{"@id":"https:\/\/coolcompany.com\/se\/vart-erbjudande\/#primaryimage"},"thumbnailUrl":"https:\/\/coolcompany.com\/se\/wp-content\/uploads\/sites\/2\/2022\/09\/Karriar-eller-privatliv-1024x683.jpg","datePublished":"2020-02-05T21:46:08+00:00","dateModified":"2026-01-07T12:51:30+00:00","description":"V\u00e5rt erbjudande: ett enkelt, flexibelt och fritt frilansande. Bli medlem hos Cool company s\u00e5 hj\u00e4lper vi dig bli din egen idag.","inLanguage":"sv-SE","potentialAction":[{"@type":"ReadAction","target":["https:\/\/coolcompany.com\/se\/vart-erbjudande\/"]}]},{"@type":"ImageObject","inLanguage":"sv-SE","@id":"https:\/\/coolcompany.com\/se\/vart-erbjudande\/#primaryimage","url":"https:\/\/coolcompany.com\/se\/wp-content\/uploads\/sites\/2\/2022\/09\/Karriar-eller-privatliv-1024x683.jpg","contentUrl":"https:\/\/coolcompany.com\/se\/wp-content\/uploads\/sites\/2\/2022\/09\/Karriar-eller-privatliv-1024x683.jpg"},{"@type":"WebSite","@id":"https:\/\/coolcompany.com\/se\/#website","url":"https:\/\/coolcompany.com\/se\/","name":"Cool Company Sverige","description":"Fakturera utan f\u00f6retag","publisher":{"@id":"https:\/\/coolcompany.com\/se\/#organization"},"potentialAction":[{"@type":"SearchAction","target":{"@type":"EntryPoint","urlTemplate":"https:\/\/coolcompany.com\/se\/?s={search_term_string}"},"query-input":{"@type":"PropertyValueSpecification","valueRequired":true,"valueName":"search_term_string"}}],"inLanguage":"sv-SE"},{"@type":"Organization","@id":"https:\/\/coolcompany.com\/se\/#organization","name":"Cool Company","url":"https:\/\/coolcompany.com\/se\/","logo":{"@type":"ImageObject","inLanguage":"sv-SE","@id":"https:\/\/coolcompany.com\/se\/#\/schema\/logo\/image\/","url":"https:\/\/coolcompany.com\/se\/wp-content\/uploads\/sites\/2\/2020\/01\/cc-logotype-horizontal.svg","contentUrl":"https:\/\/coolcompany.com\/se\/wp-content\/uploads\/sites\/2\/2020\/01\/cc-logotype-horizontal.svg","width":"1024","height":"1024","caption":"Cool Company"},"image":{"@id":"https:\/\/coolcompany.com\/se\/#\/schema\/logo\/image\/"}}]}},"lang":"sv","translations":{"sv":735},"pll_sync_post":[],"_links":{"self":[{"href":"https:\/\/coolcompany.com\/se\/wp-json\/wp\/v2\/pages\/735","targetHints":{"allow":["GET"]}}],"collection":[{"href":"https:\/\/coolcompany.com\/se\/wp-json\/wp\/v2\/pages"}],"about":[{"href":"https:\/\/coolcompany.com\/se\/wp-json\/wp\/v2\/types\/page"}],"author":[{"embeddable":true,"href":"https:\/\/coolcompany.com\/se\/wp-json\/wp\/v2\/users\/1"}],"replies":[{"embeddable":true,"href":"https:\/\/coolcompany.com\/se\/wp-json\/wp\/v2\/comments?post=735"}],"version-history":[{"count":0,"href":"https:\/\/coolcompany.com\/se\/wp-json\/wp\/v2\/pages\/735\/revisions"}],"wp:attachment":[{"href":"https:\/\/coolcompany.com\/se\/wp-json\/wp\/v2\/media?parent=735"}],"wp:term":[{"taxonomy":"category","embeddable":true,"href":"https:\/\/coolcompany.com\/se\/wp-json\/wp\/v2\/categories?post=735"},{"taxonomy":"post_tag","embeddable":true,"href":"https:\/\/coolcompany.com\/se\/wp-json\/wp\/v2\/tags?post=735"}],"curies":[{"name":"wp","href":"https:\/\/api.w.org\/{rel}","templated":true}]}}