{"id":5571,"date":"2020-05-07T13:02:52","date_gmt":"2020-05-07T13:02:52","guid":{"rendered":"https:\/\/coolcompany.com\/se\/?page_id=5571"},"modified":"2022-03-22T15:02:04","modified_gmt":"2022-03-22T15:02:04","slug":"cool-company-policy","status":"publish","type":"page","link":"https:\/\/coolcompany.com\/se\/cool-company-policy\/","title":{"rendered":"Cool Company policy"},"content":{"rendered":"\n<div style=\"background-color:rgb(241,236,253)\" class=\"wp-block-coolcompany-hero alignfull is-style-bottom-right\"><div class=\"blob-container\" style=\"transform:rotate(0deg)\"><svg width=\"700\" height=\"600\" viewbox=\"0 0 700 600\" fill=\"none\" xmlns=\"https:\/\/www.w3.org\/2000\/svg\" class=\"blob\" role=\"img\" aria-hidden=\"true\"><path d=\"M644.355 37.9216C696.895 78.5633 705.014 162.464 697.691 233.002C690.367 303.539 667.6 360.575 637.031 420.643C606.304 480.71 567.774 543.532 504.568 575.632C441.202 607.732 353.158 608.972 296.956 574.254C240.595 539.537 215.918 468.586 159.557 403.973C103.355 339.359 15.4708 281.083 1.93786 214.265C-11.7543 147.448 48.9052 72.0882 127.237 35.4418C205.728 -1.34243 301.892 0.586316 398.374 0.173011C495.015 -0.240295 591.815 -2.72011 644.355 37.9216Z\" fill=\"rgba(113,66,233,0.10)\"><\/path><\/svg><\/div><div class=\"content\"><div class=\"breadcrumbs align  wp-block-bcn-breadcrumb-trail has-text-color has-background\" vocab=\"https:\/\/schema.org\/\" typeof=\"BreadcrumbList\">\n\t<span><\/span>\n\t<\/div>\n\n\n\n<h1 class=\"hero_title wp-block-heading\" id=\"h-cool-company-policy\">Cool Company policy<\/h1>\n\n\n\n<p class=\"hero_content\">Med mer \u00e4n 10 \u00e5rs erfarenhet av egenanst\u00e4llning i bagaget vet vi att b\u00e5de mjuka och h\u00e5rda v\u00e4rden beh\u00f6vs. Precis som v\u00e5ra v\u00e4rderingar, genomsyrar \u00e4ven v\u00e5r policy s\u00e5v\u00e4l v\u00e5rt dagliga jobb som den \u00f6vergripande verksamheten. Det skapar ett tryggt och h\u00e5llbart f\u00f6retag f\u00f6r b\u00e5de v\u00e5ra kunder och v\u00e5ra egenanst\u00e4llda.\u00a0<\/p>\n\n\n\n<div class=\"wp-block-coolcompany-separator\"><svg width=\"100%\" viewbox=\"0 0 1600 60\" fill=\"none\" xmlns=\"https:\/\/www.w3.org\/2000\/svg\" role=\"img\" aria-hidden=\"true\"><path d=\"M1600 0L1588.83 5.42855C1577.83 11 1555.5 21.8571 1533.33 27.8571C1511.17 33.8571 1488.83 34.7143 1466.67 32.5714C1444.5 30.4286 1422.17 25.2857 1400 24.2857C1377.83 23.2857 1355.5 26.7143 1333.33 26.8571C1311.17 27.1428 1288.83 24.2857 1266.67 25.2857C1244.5 26.1429 1222.17 31 1200 31.4286C1177.83 31.8571 1155.5 28.1429 1133.33 23.1429C1111.17 18.1429 1088.83 11.8571 1066.67 10.4286C1044.5 8.99998 1022.17 12.4286 1000 12.1429C977.833 11.8571 955.5 8.14286 933.333 7.14286C911.167 6.14286 888.833 8.14287 866.667 7.42859C844.5 6.7143 822.167 3.2857 800 5.42855C777.833 7.57141 755.5 15.2857 733.333 19.5714C711.167 23.8572 688.833 24.7143 666.667 26.4286C644.5 28.1429 622.167 30.4286 600 30.4286C577.833 30.4286 555.5 28.1428 533.333 27.5714C511.167 27.1428 488.833 28.5714 466.667 24.2857C444.5 20 422.167 9.99998 400 6.85713C377.833 3.85713 355.5 7.57141 333.333 8.99998C311.167 10.4286 288.833 9.57143 266.667 12.1429C244.5 14.7143 222.167 21 200 22.8571C177.833 24.7143 155.5 22.4286 133.333 20.2857C111.167 18.1429 88.8334 16.1429 66.6667 17.4286C44.5 18.5714 22.1667 22.8571 11.1667 25L0 27.1429V60H11.1667C22.1667 60 44.5 60 66.6667 60C88.8334 60 111.167 60 133.333 60C155.5 60 177.833 60 200 60C222.167 60 244.5 60 266.667 60C288.833 60 311.167 60 333.333 60C355.5 60 377.833 60 400 60C422.167 60 444.5 60 466.667 60C488.833 60 511.167 60 533.333 60C555.5 60 577.833 60 600 60C622.167 60 644.5 60 666.667 60C688.833 60 711.167 60 733.333 60C755.5 60 777.833 60 800 60C822.167 60 844.5 60 866.667 60C888.833 60 911.167 60 933.333 60C955.5 60 977.833 60 1000 60C1022.17 60 1044.5 60 1066.67 60C1088.83 60 1111.17 60 1133.33 60C1155.5 60 1177.83 60 1200 60C1222.17 60 1244.5 60 1266.67 60C1288.83 60 1311.17 60 1333.33 60C1355.5 60 1377.83 60 1400 60C1422.17 60 1444.5 60 1466.67 60C1488.83 60 1511.17 60 1533.33 60C1555.5 60 1577.83 60 1588.83 60H1600V0Z\" fill=\"#fff\"><\/path><\/svg><\/div>\n<\/div><\/div>\n\n\n\n<section class=\"wp-block-coolcompany-section\">\n<div class=\"wp-block-columns is-style-columns2 is-layout-flex wp-container-core-columns-is-layout-9d6595d7 wp-block-columns-is-layout-flex\">\n<div class=\"wp-block-column is-layout-flow wp-block-column-is-layout-flow\">\n<h2 class=\"wp-block-heading\">V\u00e5r policy<\/h2>\n\n\n\n<ul class=\"wp-block-list\"><li>Vi ska alltid ha en fullgod ansvarsf\u00f6rs\u00e4kring.<\/li><li>Vi ska alltid ha en fastst\u00e4lld j\u00e4mst\u00e4lldhetsplan, om det kr\u00e4vs enligt lag<\/li><li>Vi ska alltid str\u00e4va efter god arbetsmilj\u00f6 f\u00f6r v\u00e5ra egenanst\u00e4llda, genom utbildningar etc<\/li><li>Vi ska alltid f\u00f6lja g\u00e4llande regelverk<\/li><li>F\u00f6retagets verksamhet ska bedrivas i juridisk person, t ex aktiebolagsform.<\/li><li>Vi ska alltid tillg\u00e4ngligg\u00f6ra v\u00e5r senaste \u00e5rsredovisning inklusive revisionsber\u00e4ttelse.<\/li><li>Vi ska alltid betala in lagstadgade skatter och sociala avgifter till Skatteverket<\/li><li>Vi ska alltid f\u00f6lja lagen om sjukl\u00f6n<\/li><li>Vi tecknar liv- och olycksfallsf\u00f6rs\u00e4kring f\u00f6r den egenanst\u00e4llda<\/li><li>Vi ska alltid ha auktoriserad revisor<\/li><li>Inneha aktuell F-skattsedel<\/li><li>Vi ska alltid ha bemannad kundtj\u00e4nst minst 6h\/vardag<\/li><li>Vi ska vara registrerade hos L\u00e4nsstyrelsen (Avseende lagen om penningtv\u00e4tt)<\/li><\/ul>\n<\/div>\n\n\n\n<div class=\"wp-block-column is-layout-flow wp-block-column-is-layout-flow\">\n<figure class=\"wp-block-image size-full\"><img decoding=\"async\" src=\"https:\/\/coolcompany.com\/se\/wp-content\/uploads\/sites\/2\/2022\/03\/Stressfri-frilansare.png\" alt=\"\" class=\"wp-image-9957\" srcset=\"https:\/\/coolcompany.com\/se\/wp-content\/uploads\/sites\/2\/2022\/03\/Stressfri-frilansare.png 571w, https:\/\/coolcompany.com\/se\/wp-content\/uploads\/sites\/2\/2022\/03\/Stressfri-frilansare-270x300.png 270w, https:\/\/coolcompany.com\/se\/wp-content\/uploads\/sites\/2\/2022\/03\/Stressfri-frilansare-480x533.png 480w\" sizes=\"(max-width: 571px) 100vw, 571px\" \/><\/figure>\n<\/div>\n<\/div>\n<\/section>\n\n\n\n<div class=\"wp-block-coolcompany-separator is-style-has-shadow\"><svg width=\"100%\" viewbox=\"0 0 1600 60\" fill=\"none\" xmlns=\"https:\/\/www.w3.org\/2000\/svg\" role=\"img\" aria-hidden=\"true\"><path fill=\"#ffffff\" d=\"M0 0L29.6667 1.75612C59.5 3.36587 118.833 6.87807 178 12C237.167 17.122 296.167 23.8537 355.333 22.6829C414.5 21.5122 473.833 12.1464 533.333 9.07319C592.833 5.85368 652.167 8.78051 711.333 11.2683C770.5 13.6098 829.5 15.6585 888.667 18.7317C947.833 21.9512 1007.17 26.3415 1066.67 27.8049C1126.17 29.2683 1185.5 27.8049 1244.67 23.7073C1303.83 19.4634 1362.83 12.7317 1422 8.34148C1481.17 3.95124 1540.5 1.90246 1570.33 1.02441L1600 0V60H1570.33C1540.5 60 1481.17 60 1422 60C1362.83 60 1303.83 60 1244.67 60C1185.5 60 1126.17 60 1066.67 60C1007.17 60 947.833 60 888.667 60C829.5 60 770.5 60 711.333 60C652.167 60 592.833 60 533.333 60C473.833 60 414.5 60 355.333 60C296.167 60 237.167 60 178 60C118.833 60 59.5 60 29.6667 60H0V0Z\"><\/path><\/svg><\/div>\n\n\n\n<section class=\"wp-block-coolcompany-section\">\n<h2 class=\"has-text-align-center wp-block-heading\" id=\"h-las-mer-om-villkor-och-policy\">L\u00e4s mer om villkor och policy <\/h2>\n\n\n\n<div class=\"wp-block-columns is-style-columns3 is-layout-flex wp-container-core-columns-is-layout-9d6595d7 wp-block-columns-is-layout-flex\">\n<div class=\"wp-block-column is-layout-flow wp-block-column-is-layout-flow\">\n<h3 class=\"has-text-align-center wp-block-heading\" id=\"h-visstidsanstallningsavtal-for-egenanstallda\">Visstidsanst\u00e4llningsavtal <br>f\u00f6r egenanst\u00e4llda<\/h3>\n\n\n\n<p class=\"has-text-align-center\"><\/p>\n\n\n\n<figure class=\"wp-block-image size-full\"><img decoding=\"async\" src=\"https:\/\/coolcompany.com\/se\/wp-content\/uploads\/sites\/2\/2020\/06\/glasses.png\" alt=\"Hitta nya uppdrag\" class=\"wp-image-6020\" srcset=\"https:\/\/coolcompany.com\/se\/wp-content\/uploads\/sites\/2\/2020\/06\/glasses.png 307w, https:\/\/coolcompany.com\/se\/wp-content\/uploads\/sites\/2\/2020\/06\/glasses-300x263.png 300w\" sizes=\"(max-width: 307px) 100vw, 307px\" \/><\/figure>\n\n\n\n<div class=\"wp-block-buttons is-layout-flex wp-block-buttons-is-layout-flex\">\n<div class=\"wp-block-button is-style-tertiary\"><a class=\"wp-block-button__link\" href=\"https:\/\/coolcompany.com\/se\/resurser\/avtal\/avtal-for-egenanstallda\/visstidsanstallningsavtal-for-egenanstallda\/\" target=\"_blank\" rel=\"noreferrer noopener\">L\u00e4s mer<\/a><\/div>\n<\/div>\n<\/div>\n\n\n\n<div class=\"wp-block-column is-layout-flow wp-block-column-is-layout-flow\">\n<h3 class=\"has-text-align-center wp-block-heading\" id=\"h-integritetspolicy-for-egenanstallda\">Integritetspolicy f\u00f6r egenanst\u00e4llda<\/h3>\n\n\n\n<p class=\"has-text-align-center\"><\/p>\n\n\n\n<figure class=\"wp-block-image size-full\"><img decoding=\"async\" src=\"https:\/\/coolcompany.com\/se\/wp-content\/uploads\/sites\/2\/2020\/06\/paperwork.png\" alt=\"Inget pappersarbete\" class=\"wp-image-6018\" srcset=\"https:\/\/coolcompany.com\/se\/wp-content\/uploads\/sites\/2\/2020\/06\/paperwork.png 323w, https:\/\/coolcompany.com\/se\/wp-content\/uploads\/sites\/2\/2020\/06\/paperwork-300x263.png 300w\" sizes=\"(max-width: 323px) 100vw, 323px\" \/><\/figure>\n\n\n\n<div class=\"wp-block-buttons is-layout-flex wp-block-buttons-is-layout-flex\">\n<div class=\"wp-block-button is-style-tertiary\"><a class=\"wp-block-button__link\" href=\"https:\/\/coolcompany.com\/se\/resurser\/avtal\/avtal-for-egenanstallda\/integritetspolicy-for-egenanstallda\/\" target=\"_blank\" rel=\"noreferrer noopener\">L\u00e4s mer<\/a><\/div>\n<\/div>\n<\/div>\n\n\n\n<div class=\"wp-block-column is-layout-flow wp-block-column-is-layout-flow\">\n<h3 class=\"has-text-align-center wp-block-heading\" id=\"h-allmanna-villkor-egenanstallning\">Allm\u00e4nna villkor &#8211; egenanst\u00e4llning<\/h3>\n\n\n\n<p class=\"has-text-align-center\"><\/p>\n\n\n\n<figure class=\"wp-block-image size-full\"><img decoding=\"async\" src=\"https:\/\/coolcompany.com\/se\/wp-content\/uploads\/sites\/2\/2020\/06\/happy-girl.png\" alt=\"Kundsupport\" class=\"wp-image-6021\" srcset=\"https:\/\/coolcompany.com\/se\/wp-content\/uploads\/sites\/2\/2020\/06\/happy-girl.png 347w, https:\/\/coolcompany.com\/se\/wp-content\/uploads\/sites\/2\/2020\/06\/happy-girl-300x248.png 300w\" sizes=\"(max-width: 347px) 100vw, 347px\" \/><\/figure>\n\n\n\n<div class=\"wp-block-buttons is-layout-flex wp-block-buttons-is-layout-flex\">\n<div class=\"wp-block-button is-style-tertiary\"><a class=\"wp-block-button__link\" href=\"https:\/\/coolcompany.com\/se\/resurser\/avtal\/avtal-for-egenanstallda\/\" target=\"_blank\" rel=\"noreferrer noopener\">L\u00e4s mer<\/a><\/div>\n<\/div>\n<\/div>\n<\/div>\n<\/section>\n\n\n\n<p><\/p>\n","protected":false},"excerpt":{"rendered":"","protected":false},"author":1,"featured_media":0,"parent":0,"menu_order":0,"comment_status":"closed","ping_status":"closed","template":"singular.php","meta":{"footnotes":""},"categories":[],"tags":[],"class_list":["post-5571","page","type-page","status-publish","hentry"],"yoast_head":"<!-- This site is optimized with the Yoast SEO Premium plugin v25.2 (Yoast SEO v27.0) - https:\/\/yoast.com\/product\/yoast-seo-premium-wordpress\/ -->\n<title>Cool Company policy - Cool Company<\/title>\n<meta name=\"description\" content=\"Precis som v\u00e5ra v\u00e4rderingar, genomsyrar \u00e4ven v\u00e5r policy s\u00e5v\u00e4l v\u00e5rt dagliga jobb som den \u00f6vergripande verksamheten. L\u00e4r v\u00e5r policy.\" \/>\n<meta name=\"robots\" content=\"index, follow, max-snippet:-1, max-image-preview:large, max-video-preview:-1\" \/>\n<link rel=\"canonical\" href=\"https:\/\/coolcompany.com\/se\/cool-company-policy\/\" \/>\n<meta property=\"og:locale\" content=\"sv_SE\" \/>\n<meta property=\"og:type\" content=\"article\" \/>\n<meta property=\"og:title\" content=\"Cool Company policy\" \/>\n<meta property=\"og:description\" content=\"Precis som v\u00e5ra v\u00e4rderingar, genomsyrar \u00e4ven v\u00e5r policy s\u00e5v\u00e4l v\u00e5rt dagliga jobb som den \u00f6vergripande verksamheten. L\u00e4r v\u00e5r policy.\" \/>\n<meta property=\"og:url\" content=\"https:\/\/coolcompany.com\/se\/cool-company-policy\/\" \/>\n<meta property=\"og:site_name\" content=\"Cool Company Sverige\" \/>\n<meta property=\"article:modified_time\" content=\"2022-03-22T15:02:04+00:00\" \/>\n<meta property=\"og:image\" content=\"https:\/\/coolcompany.com\/se\/wp-content\/uploads\/sites\/2\/2022\/03\/Stressfri-frilansare.png\" \/>\n<meta name=\"twitter:card\" content=\"summary_large_image\" \/>\n<meta name=\"twitter:label1\" content=\"Ber\u00e4knad l\u00e4stid\" \/>\n\t<meta name=\"twitter:data1\" content=\"2 minuter\" \/>\n<script type=\"application\/ld+json\" class=\"yoast-schema-graph\">{\"@context\":\"https:\/\/schema.org\",\"@graph\":[{\"@type\":\"WebPage\",\"@id\":\"https:\/\/coolcompany.com\/se\/cool-company-policy\/\",\"url\":\"https:\/\/coolcompany.com\/se\/cool-company-policy\/\",\"name\":\"Cool Company policy - Cool Company\",\"isPartOf\":{\"@id\":\"https:\/\/coolcompany.com\/se\/#website\"},\"primaryImageOfPage\":{\"@id\":\"https:\/\/coolcompany.com\/se\/cool-company-policy\/#primaryimage\"},\"image\":{\"@id\":\"https:\/\/coolcompany.com\/se\/cool-company-policy\/#primaryimage\"},\"thumbnailUrl\":\"https:\/\/coolcompany.com\/se\/wp-content\/uploads\/sites\/2\/2022\/03\/Stressfri-frilansare.png\",\"datePublished\":\"2020-05-07T13:02:52+00:00\",\"dateModified\":\"2022-03-22T15:02:04+00:00\",\"description\":\"Precis som v\u00e5ra v\u00e4rderingar, genomsyrar \u00e4ven v\u00e5r policy s\u00e5v\u00e4l v\u00e5rt dagliga jobb som den \u00f6vergripande verksamheten. L\u00e4r v\u00e5r policy.\",\"inLanguage\":\"sv-SE\",\"potentialAction\":[{\"@type\":\"ReadAction\",\"target\":[\"https:\/\/coolcompany.com\/se\/cool-company-policy\/\"]}]},{\"@type\":\"ImageObject\",\"inLanguage\":\"sv-SE\",\"@id\":\"https:\/\/coolcompany.com\/se\/cool-company-policy\/#primaryimage\",\"url\":\"https:\/\/coolcompany.com\/se\/wp-content\/uploads\/sites\/2\/2022\/03\/Stressfri-frilansare.png\",\"contentUrl\":\"https:\/\/coolcompany.com\/se\/wp-content\/uploads\/sites\/2\/2022\/03\/Stressfri-frilansare.png\",\"width\":571,\"height\":634},{\"@type\":\"WebSite\",\"@id\":\"https:\/\/coolcompany.com\/se\/#website\",\"url\":\"https:\/\/coolcompany.com\/se\/\",\"name\":\"Cool Company Sverige\",\"description\":\"Fakturera utan f\u00f6retag\",\"publisher\":{\"@id\":\"https:\/\/coolcompany.com\/se\/#organization\"},\"potentialAction\":[{\"@type\":\"SearchAction\",\"target\":{\"@type\":\"EntryPoint\",\"urlTemplate\":\"https:\/\/coolcompany.com\/se\/?s={search_term_string}\"},\"query-input\":{\"@type\":\"PropertyValueSpecification\",\"valueRequired\":true,\"valueName\":\"search_term_string\"}}],\"inLanguage\":\"sv-SE\"},{\"@type\":\"Organization\",\"@id\":\"https:\/\/coolcompany.com\/se\/#organization\",\"name\":\"Cool Company\",\"url\":\"https:\/\/coolcompany.com\/se\/\",\"logo\":{\"@type\":\"ImageObject\",\"inLanguage\":\"sv-SE\",\"@id\":\"https:\/\/coolcompany.com\/se\/#\/schema\/logo\/image\/\",\"url\":\"https:\/\/coolcompany.com\/se\/wp-content\/uploads\/sites\/2\/2020\/01\/cc-logotype-horizontal.svg\",\"contentUrl\":\"https:\/\/coolcompany.com\/se\/wp-content\/uploads\/sites\/2\/2020\/01\/cc-logotype-horizontal.svg\",\"width\":\"1024\",\"height\":\"1024\",\"caption\":\"Cool Company\"},\"image\":{\"@id\":\"https:\/\/coolcompany.com\/se\/#\/schema\/logo\/image\/\"}}]}<\/script>\n<!-- \/ Yoast SEO Premium plugin. -->","yoast_head_json":{"title":"Cool Company policy - Cool Company","description":"Precis som v\u00e5ra v\u00e4rderingar, genomsyrar \u00e4ven v\u00e5r policy s\u00e5v\u00e4l v\u00e5rt dagliga jobb som den \u00f6vergripande verksamheten. L\u00e4r v\u00e5r policy.","robots":{"index":"index","follow":"follow","max-snippet":"max-snippet:-1","max-image-preview":"max-image-preview:large","max-video-preview":"max-video-preview:-1"},"canonical":"https:\/\/coolcompany.com\/se\/cool-company-policy\/","og_locale":"sv_SE","og_type":"article","og_title":"Cool Company policy","og_description":"Precis som v\u00e5ra v\u00e4rderingar, genomsyrar \u00e4ven v\u00e5r policy s\u00e5v\u00e4l v\u00e5rt dagliga jobb som den \u00f6vergripande verksamheten. L\u00e4r v\u00e5r policy.","og_url":"https:\/\/coolcompany.com\/se\/cool-company-policy\/","og_site_name":"Cool Company Sverige","article_modified_time":"2022-03-22T15:02:04+00:00","og_image":[{"url":"https:\/\/coolcompany.com\/se\/wp-content\/uploads\/sites\/2\/2022\/03\/Stressfri-frilansare.png","type":"","width":"","height":""}],"twitter_card":"summary_large_image","twitter_misc":{"Ber\u00e4knad l\u00e4stid":"2 minuter"},"schema":{"@context":"https:\/\/schema.org","@graph":[{"@type":"WebPage","@id":"https:\/\/coolcompany.com\/se\/cool-company-policy\/","url":"https:\/\/coolcompany.com\/se\/cool-company-policy\/","name":"Cool Company policy - Cool Company","isPartOf":{"@id":"https:\/\/coolcompany.com\/se\/#website"},"primaryImageOfPage":{"@id":"https:\/\/coolcompany.com\/se\/cool-company-policy\/#primaryimage"},"image":{"@id":"https:\/\/coolcompany.com\/se\/cool-company-policy\/#primaryimage"},"thumbnailUrl":"https:\/\/coolcompany.com\/se\/wp-content\/uploads\/sites\/2\/2022\/03\/Stressfri-frilansare.png","datePublished":"2020-05-07T13:02:52+00:00","dateModified":"2022-03-22T15:02:04+00:00","description":"Precis som v\u00e5ra v\u00e4rderingar, genomsyrar \u00e4ven v\u00e5r policy s\u00e5v\u00e4l v\u00e5rt dagliga jobb som den \u00f6vergripande verksamheten. L\u00e4r v\u00e5r policy.","inLanguage":"sv-SE","potentialAction":[{"@type":"ReadAction","target":["https:\/\/coolcompany.com\/se\/cool-company-policy\/"]}]},{"@type":"ImageObject","inLanguage":"sv-SE","@id":"https:\/\/coolcompany.com\/se\/cool-company-policy\/#primaryimage","url":"https:\/\/coolcompany.com\/se\/wp-content\/uploads\/sites\/2\/2022\/03\/Stressfri-frilansare.png","contentUrl":"https:\/\/coolcompany.com\/se\/wp-content\/uploads\/sites\/2\/2022\/03\/Stressfri-frilansare.png","width":571,"height":634},{"@type":"WebSite","@id":"https:\/\/coolcompany.com\/se\/#website","url":"https:\/\/coolcompany.com\/se\/","name":"Cool Company Sverige","description":"Fakturera utan f\u00f6retag","publisher":{"@id":"https:\/\/coolcompany.com\/se\/#organization"},"potentialAction":[{"@type":"SearchAction","target":{"@type":"EntryPoint","urlTemplate":"https:\/\/coolcompany.com\/se\/?s={search_term_string}"},"query-input":{"@type":"PropertyValueSpecification","valueRequired":true,"valueName":"search_term_string"}}],"inLanguage":"sv-SE"},{"@type":"Organization","@id":"https:\/\/coolcompany.com\/se\/#organization","name":"Cool Company","url":"https:\/\/coolcompany.com\/se\/","logo":{"@type":"ImageObject","inLanguage":"sv-SE","@id":"https:\/\/coolcompany.com\/se\/#\/schema\/logo\/image\/","url":"https:\/\/coolcompany.com\/se\/wp-content\/uploads\/sites\/2\/2020\/01\/cc-logotype-horizontal.svg","contentUrl":"https:\/\/coolcompany.com\/se\/wp-content\/uploads\/sites\/2\/2020\/01\/cc-logotype-horizontal.svg","width":"1024","height":"1024","caption":"Cool Company"},"image":{"@id":"https:\/\/coolcompany.com\/se\/#\/schema\/logo\/image\/"}}]}},"lang":"sv","translations":{"sv":5571},"pll_sync_post":[],"_links":{"self":[{"href":"https:\/\/coolcompany.com\/se\/wp-json\/wp\/v2\/pages\/5571","targetHints":{"allow":["GET"]}}],"collection":[{"href":"https:\/\/coolcompany.com\/se\/wp-json\/wp\/v2\/pages"}],"about":[{"href":"https:\/\/coolcompany.com\/se\/wp-json\/wp\/v2\/types\/page"}],"author":[{"embeddable":true,"href":"https:\/\/coolcompany.com\/se\/wp-json\/wp\/v2\/users\/1"}],"replies":[{"embeddable":true,"href":"https:\/\/coolcompany.com\/se\/wp-json\/wp\/v2\/comments?post=5571"}],"version-history":[{"count":0,"href":"https:\/\/coolcompany.com\/se\/wp-json\/wp\/v2\/pages\/5571\/revisions"}],"wp:attachment":[{"href":"https:\/\/coolcompany.com\/se\/wp-json\/wp\/v2\/media?parent=5571"}],"wp:term":[{"taxonomy":"category","embeddable":true,"href":"https:\/\/coolcompany.com\/se\/wp-json\/wp\/v2\/categories?post=5571"},{"taxonomy":"post_tag","embeddable":true,"href":"https:\/\/coolcompany.com\/se\/wp-json\/wp\/v2\/tags?post=5571"}],"curies":[{"name":"wp","href":"https:\/\/api.w.org\/{rel}","templated":true}]}}