{"id":3860,"date":"2020-03-13T01:43:02","date_gmt":"2020-03-13T01:43:02","guid":{"rendered":"https:\/\/coolcompanydev.wpengine.com\/se\/?page_id=3860"},"modified":"2025-07-30T07:56:37","modified_gmt":"2025-07-30T07:56:37","slug":"avtal","status":"publish","type":"page","link":"https:\/\/coolcompany.com\/se\/resurser\/avtal\/","title":{"rendered":"Avtal"},"content":{"rendered":"\n<section class=\"wp-block-coolcompany-section has-secondary-blue-background-color has-background\">\n<div class=\"wp-block-columns are-vertically-aligned-center is-style-right-image is-layout-flex wp-container-core-columns-is-layout-9d6595d7 wp-block-columns-is-layout-flex\">\n<div class=\"wp-block-column is-vertically-aligned-center is-layout-flow wp-block-column-is-layout-flow\"><div class=\"breadcrumbs align  wp-block-bcn-breadcrumb-trail has-text-color has-background\" vocab=\"https:\/\/schema.org\/\" typeof=\"BreadcrumbList\">\n\t<span><\/span>\n\t<\/div>\n\n\n\n<h1 class=\"wp-block-heading\" id=\"h-avtal-villkor-amp-policy\">Avtal, villkor &amp; policy <\/h1>\n\n\n\n<p>H\u00e4r har vi samlat all \u201dh\u00e5rdfakta\u201d du beh\u00f6ver veta om tj\u00e4nsten och de avtal som du omfattas av n\u00e4r du blir egenanst\u00e4lld frilansare genom Cool Company. <\/p>\n<\/div>\n\n\n\n<div class=\"wp-block-column is-vertically-aligned-center is-layout-flow wp-block-column-is-layout-flow\">\n<figure class=\"wp-block-image size-full\"><img decoding=\"async\" src=\"https:\/\/coolcompany.com\/se\/wp-content\/uploads\/sites\/2\/2025\/03\/tjej-i-fatolj.png\" alt=\"\" class=\"wp-image-12641\" srcset=\"https:\/\/coolcompany.com\/se\/wp-content\/uploads\/sites\/2\/2025\/03\/tjej-i-fatolj.png 544w, https:\/\/coolcompany.com\/se\/wp-content\/uploads\/sites\/2\/2025\/03\/tjej-i-fatolj-250x300.png 250w, https:\/\/coolcompany.com\/se\/wp-content\/uploads\/sites\/2\/2025\/03\/tjej-i-fatolj-480x577.png 480w\" sizes=\"(max-width: 544px) 100vw, 544px\" \/><\/figure>\n<\/div>\n<\/div>\n<\/section>\n\n\n\n<div class=\"wp-block-coolcompany-separator is-style-default has-secondary-blue-background-color has-background\"><svg width=\"100%\" viewBox=\"0 0 1600 60\" fill=\"none\" xmlns=\"http:\/\/www.w3.org\/2000\/svg\" aria-hidden=\"true\"><path fill=\"#ffffff\" d=\"M0 0L29.6667 1.75612C59.5 3.36587 118.833 6.87807 178 12C237.167 17.122 296.167 23.8537 355.333 22.6829C414.5 21.5122 473.833 12.1464 533.333 9.07319C592.833 5.85368 652.167 8.78051 711.333 11.2683C770.5 13.6098 829.5 15.6585 888.667 18.7317C947.833 21.9512 1007.17 26.3415 1066.67 27.8049C1126.17 29.2683 1185.5 27.8049 1244.67 23.7073C1303.83 19.4634 1362.83 12.7317 1422 8.34148C1481.17 3.95124 1540.5 1.90246 1570.33 1.02441L1600 0V60H1570.33C1540.5 60 1481.17 60 1422 60C1362.83 60 1303.83 60 1244.67 60C1185.5 60 1126.17 60 1066.67 60C1007.17 60 947.833 60 888.667 60C829.5 60 770.5 60 711.333 60C652.167 60 592.833 60 533.333 60C473.833 60 414.5 60 355.333 60C296.167 60 237.167 60 178 60C118.833 60 59.5 60 29.6667 60H0V0Z\"><\/path><\/svg><\/div>\n\n\n\n<section id=\"avtal\" class=\"wp-block-coolcompany-section\">\n<div class=\"wp-block-columns is-style-columns1 is-layout-flex wp-container-core-columns-is-layout-9d6595d7 wp-block-columns-is-layout-flex\">\n<div class=\"wp-block-column is-vertically-aligned-top is-layout-flow wp-block-column-is-layout-flow\">\n<h2 class=\"wp-block-heading has-text-align-center\" id=\"h-avtal-villkor-amp-policy-0\"> Avtal, villkor &amp; policy<\/h2>\n\n\n\n<p class=\"has-text-align-center\">H\u00e4r har vi samlat all \u201dh\u00e5rdfakta\u201d du beh\u00f6ver veta om tj\u00e4nsten<\/p>\n<\/div>\n<\/div>\n\n\n<div class=\"search-filter-results\" id=\"search-filter-results-9530\">  <div class='cc-feed-container'><a class=\"cc-custom-card\" href=\"https:\/\/coolcompany.com\/se\/resurser\/avtal\/avtal-for-egenanstallda\/villkor-visstidsanstallning-lattlast\/\">\n  <div class=\"main-wrapper\">\n    <div class=\"thumb\" style='background-image: url(\"https:\/\/coolcompany.com\/se\/wp-content\/themes\/accomplice\/build\/images\/mask-3.svg\"); opacity:8%;'><\/div>\n    <div class=\"content\">\n      <h3>villkor visstidsanst\u00e4llning &#8211; l\u00e4ttl\u00e4st<\/h3>\n      <div class=\"action-btn\">\n        <span>L\u00c4S MER<\/span>\n      <\/div>\n    <\/div>\n  <\/div>\n<\/a><a class=\"cc-custom-card\" href=\"https:\/\/coolcompany.com\/se\/resurser\/avtal\/uppdragsavtal\/\">\n  <div class=\"main-wrapper\">\n    <div class=\"thumb\" style='background-image: url(\"https:\/\/coolcompany.com\/se\/wp-content\/uploads\/sites\/2\/2022\/02\/GettyImages-1060980334.jpg\"); opacity:100%;'><\/div>\n    <div class=\"content\">\n      <h3>Uppdragsavtal<\/h3>\n      <div class=\"action-btn\">\n        <span>L\u00c4S MER<\/span>\n      <\/div>\n    <\/div>\n  <\/div>\n<\/a><a class=\"cc-custom-card\" href=\"https:\/\/coolcompany.com\/se\/resurser\/avtal\/avtal-for-egenanstallda\/allmanna-villkor-expresspay\/\">\n  <div class=\"main-wrapper\">\n    <div class=\"thumb\" style='background-image: url(\"https:\/\/coolcompany.com\/se\/wp-content\/uploads\/sites\/2\/2020\/06\/get-payed.png\"); opacity:100%;'><\/div>\n    <div class=\"content\">\n      <h3>Allm\u00e4nna Villkor &#8211; ExpressPay<\/h3>\n      <div class=\"action-btn\">\n        <span>L\u00c4S MER<\/span>\n      <\/div>\n    <\/div>\n  <\/div>\n<\/a><a class=\"cc-custom-card\" href=\"https:\/\/coolcompany.com\/se\/resurser\/avtal\/avtal-for-egenanstallda\/integritetspolicy-och-behandling-av-minderarigs-personuppgifter\/\">\n  <div class=\"main-wrapper\">\n    <div class=\"thumb\" style='background-image: url(\"https:\/\/coolcompany.com\/se\/wp-content\/uploads\/sites\/2\/2020\/03\/purple_bg_shape.svg\"); opacity:100%;'><\/div>\n    <div class=\"content\">\n      <h3>Integritetspolicy och behandling av minder\u00e5rigs personuppgifter<\/h3>\n      <div class=\"action-btn\">\n        <span>L\u00c4S MER<\/span>\n      <\/div>\n    <\/div>\n  <\/div>\n<\/a><a class=\"cc-custom-card\" href=\"https:\/\/coolcompany.com\/se\/resurser\/avtal\/avtal-for-egenanstallda\/arbetsmiljopolicy\/\">\n  <div class=\"main-wrapper\">\n    <div class=\"thumb\" style='background-image: url(\"https:\/\/coolcompany.com\/se\/wp-content\/uploads\/sites\/2\/2020\/06\/heart-love.png\"); opacity:100%;'><\/div>\n    <div class=\"content\">\n      <h3>Arbetsmilj\u00f6policy<\/h3>\n      <div class=\"action-btn\">\n        <span>L\u00c4S MER<\/span>\n      <\/div>\n    <\/div>\n  <\/div>\n<\/a><a class=\"cc-custom-card\" href=\"https:\/\/coolcompany.com\/se\/resurser\/avtal\/avtal-med-kunder\/integritetspolicy-for-kund-och-engenforetagare\/\">\n  <div class=\"main-wrapper\">\n    <div class=\"thumb\" style='background-image: url(\"https:\/\/coolcompany.com\/se\/wp-content\/uploads\/sites\/2\/2020\/05\/fa\u0308rg-1.jpg\"); opacity:100%;'><\/div>\n    <div class=\"content\">\n      <h3>Integritetspolicy f\u00f6r Kund<\/h3>\n      <div class=\"action-btn\">\n        <span>L\u00c4S MER<\/span>\n      <\/div>\n    <\/div>\n  <\/div>\n<\/a><a class=\"cc-custom-card\" href=\"https:\/\/coolcompany.com\/se\/resurser\/avtal\/avtal-for-egenanstallda\/jamnstalldhet\/\">\n  <div class=\"main-wrapper\">\n    <div class=\"thumb\" style='background-image: url(\"https:\/\/coolcompany.com\/se\/wp-content\/uploads\/sites\/2\/2020\/02\/blue_square.svg\"); opacity:100%;'><\/div>\n    <div class=\"content\">\n      <h3>J\u00e4mst\u00e4lldhetspolicy<\/h3>\n      <div class=\"action-btn\">\n        <span>L\u00c4S MER<\/span>\n      <\/div>\n    <\/div>\n  <\/div>\n<\/a><a class=\"cc-custom-card\" href=\"https:\/\/coolcompany.com\/se\/resurser\/avtal\/avtal-for-egenanstallda\/krishantering\/\">\n  <div class=\"main-wrapper\">\n    <div class=\"thumb\" style='background-image: url(\"https:\/\/coolcompany.com\/se\/wp-content\/uploads\/sites\/2\/2020\/02\/insurance-06.png\"); opacity:100%;'><\/div>\n    <div class=\"content\">\n      <h3>Krishantering och f\u00f6rsta hj\u00e4lpen &#8211; Policy<\/h3>\n      <div class=\"action-btn\">\n        <span>L\u00c4S MER<\/span>\n      <\/div>\n    <\/div>\n  <\/div>\n<\/a><a class=\"cc-custom-card\" href=\"https:\/\/coolcompany.com\/se\/foretag\/allmanna-vilkor\/\">\n  <div class=\"main-wrapper\">\n    <div class=\"thumb\" style='background-image: url(\"https:\/\/coolcompany.com\/se\/wp-content\/uploads\/sites\/2\/2020\/06\/glasses.png\"); opacity:100%;'><\/div>\n    <div class=\"content\">\n      <h3>Allm\u00e4nna villkor &#8211; Uppdragsgivare<\/h3>\n      <div class=\"action-btn\">\n        <span>L\u00c4S MER<\/span>\n      <\/div>\n    <\/div>\n  <\/div>\n<\/a><a class=\"cc-custom-card\" href=\"https:\/\/coolcompany.com\/se\/resurser\/avtal\/avtal-for-egenanstallda\/integritetspolicy-for-egenanstallda\/\">\n  <div class=\"main-wrapper\">\n    <div class=\"thumb\" style='background-image: url(\"https:\/\/coolcompany.com\/se\/wp-content\/uploads\/sites\/2\/2020\/03\/Purple-shape.png\"); opacity:100%;'><\/div>\n    <div class=\"content\">\n      <h3>Integritetspolicy f\u00f6r Egenanst\u00e4llda<\/h3>\n      <div class=\"action-btn\">\n        <span>L\u00c4S MER<\/span>\n      <\/div>\n    <\/div>\n  <\/div>\n<\/a><a class=\"cc-custom-card\" href=\"https:\/\/coolcompany.com\/se\/resurser\/avtal\/avtal-for-egenanstallda\/\">\n  <div class=\"main-wrapper\">\n    <div class=\"thumb\" style='background-image: url(\"https:\/\/coolcompany.com\/se\/wp-content\/uploads\/sites\/2\/2020\/06\/happy-girl.png\"); opacity:100%;'><\/div>\n    <div class=\"content\">\n      <h3>Allm\u00e4nna villkor &#8211; Egenanst\u00e4llning<\/h3>\n      <div class=\"action-btn\">\n        <span>L\u00c4S MER<\/span>\n      <\/div>\n    <\/div>\n  <\/div>\n<\/a><a class=\"cc-custom-card\" href=\"https:\/\/coolcompany.com\/se\/resurser\/avtal\/avtal-for-egenanstallda\/visstidsanstallningsavtal-for-egenanstallda\/\">\n  <div class=\"main-wrapper\">\n    <div class=\"thumb\" style='background-image: url(\"https:\/\/coolcompany.com\/se\/wp-content\/uploads\/sites\/2\/2020\/06\/faktura-som-privatperson.png\"); opacity:100%;'><\/div>\n    <div class=\"content\">\n      <h3>Visstidsanst\u00e4llningsavtal f\u00f6r egenanst\u00e4llda<\/h3>\n      <div class=\"action-btn\">\n        <span>L\u00c4S MER<\/span>\n      <\/div>\n    <\/div>\n  <\/div>\n<\/a><\/div>  <div class=\"cc-pagination\">\n    <br \/>  <\/div>\n<\/div>\n<\/section>\n","protected":false},"excerpt":{"rendered":"","protected":false},"author":1,"featured_media":0,"parent":930,"menu_order":0,"comment_status":"closed","ping_status":"closed","template":"","meta":{"footnotes":""},"categories":[],"tags":[94],"class_list":["post-3860","page","type-page","status-publish","hentry","tag-light"],"yoast_head":"<!-- This site is optimized with the Yoast SEO Premium plugin v25.2 (Yoast SEO v27.0) - https:\/\/yoast.com\/product\/yoast-seo-premium-wordpress\/ -->\n<title>Avtal, villkor &amp; policy - Cool Company Sverige<\/title>\n<meta name=\"description\" content=\"H\u00e4r har vi samlat all \u201dh\u00e5rdfakta\u201d om avtal, villkor &amp; policy med mera, som du beh\u00f6ver veta n\u00e4r du \u00e4r egenanst\u00e4lld.\" \/>\n<meta name=\"robots\" content=\"index, follow, max-snippet:-1, max-image-preview:large, max-video-preview:-1\" \/>\n<link rel=\"canonical\" href=\"https:\/\/coolcompany.com\/se\/resurser\/avtal\/\" \/>\n<meta property=\"og:locale\" content=\"sv_SE\" \/>\n<meta property=\"og:type\" content=\"article\" \/>\n<meta property=\"og:title\" content=\"Avtal\" \/>\n<meta property=\"og:description\" content=\"H\u00e4r har vi samlat all \u201dh\u00e5rdfakta\u201d om avtal, villkor &amp; policy med mera, som du beh\u00f6ver veta n\u00e4r du \u00e4r egenanst\u00e4lld.\" \/>\n<meta property=\"og:url\" content=\"https:\/\/coolcompany.com\/se\/resurser\/avtal\/\" \/>\n<meta property=\"og:site_name\" content=\"Cool Company Sverige\" \/>\n<meta property=\"article:modified_time\" content=\"2025-07-30T07:56:37+00:00\" \/>\n<meta property=\"og:image\" content=\"https:\/\/coolcompany.com\/se\/wp-content\/uploads\/sites\/2\/2025\/03\/tjej-i-fatolj.png\" \/>\n\t<meta property=\"og:image:width\" content=\"544\" \/>\n\t<meta property=\"og:image:height\" content=\"654\" \/>\n\t<meta property=\"og:image:type\" content=\"image\/png\" \/>\n<meta name=\"twitter:card\" content=\"summary_large_image\" \/>\n<meta name=\"twitter:label1\" content=\"Ber\u00e4knad l\u00e4stid\" \/>\n\t<meta name=\"twitter:data1\" content=\"1 minut\" \/>\n<script type=\"application\/ld+json\" class=\"yoast-schema-graph\">{\"@context\":\"https:\/\/schema.org\",\"@graph\":[{\"@type\":\"WebPage\",\"@id\":\"https:\/\/coolcompany.com\/se\/resurser\/avtal\/\",\"url\":\"https:\/\/coolcompany.com\/se\/resurser\/avtal\/\",\"name\":\"Avtal, villkor & policy - Cool Company Sverige\",\"isPartOf\":{\"@id\":\"https:\/\/coolcompany.com\/se\/#website\"},\"primaryImageOfPage\":{\"@id\":\"https:\/\/coolcompany.com\/se\/resurser\/avtal\/#primaryimage\"},\"image\":{\"@id\":\"https:\/\/coolcompany.com\/se\/resurser\/avtal\/#primaryimage\"},\"thumbnailUrl\":\"https:\/\/coolcompany.com\/se\/wp-content\/uploads\/sites\/2\/2025\/03\/tjej-i-fatolj.png\",\"datePublished\":\"2020-03-13T01:43:02+00:00\",\"dateModified\":\"2025-07-30T07:56:37+00:00\",\"description\":\"H\u00e4r har vi samlat all \u201dh\u00e5rdfakta\u201d om avtal, villkor & policy med mera, som du beh\u00f6ver veta n\u00e4r du \u00e4r egenanst\u00e4lld.\",\"breadcrumb\":{\"@id\":\"https:\/\/coolcompany.com\/se\/resurser\/avtal\/#breadcrumb\"},\"inLanguage\":\"sv-SE\",\"potentialAction\":[{\"@type\":\"ReadAction\",\"target\":[\"https:\/\/coolcompany.com\/se\/resurser\/avtal\/\"]}]},{\"@type\":\"ImageObject\",\"inLanguage\":\"sv-SE\",\"@id\":\"https:\/\/coolcompany.com\/se\/resurser\/avtal\/#primaryimage\",\"url\":\"https:\/\/coolcompany.com\/se\/wp-content\/uploads\/sites\/2\/2025\/03\/tjej-i-fatolj.png\",\"contentUrl\":\"https:\/\/coolcompany.com\/se\/wp-content\/uploads\/sites\/2\/2025\/03\/tjej-i-fatolj.png\",\"width\":544,\"height\":654},{\"@type\":\"BreadcrumbList\",\"@id\":\"https:\/\/coolcompany.com\/se\/resurser\/avtal\/#breadcrumb\",\"itemListElement\":[{\"@type\":\"ListItem\",\"position\":1,\"name\":\"Resurser &#038; guider f\u00f6r frilansare\",\"item\":\"https:\/\/coolcompany.com\/se\/resurser\/\"},{\"@type\":\"ListItem\",\"position\":2,\"name\":\"Avtal\"}]},{\"@type\":\"WebSite\",\"@id\":\"https:\/\/coolcompany.com\/se\/#website\",\"url\":\"https:\/\/coolcompany.com\/se\/\",\"name\":\"Cool Company Sverige\",\"description\":\"Fakturera utan f\u00f6retag\",\"publisher\":{\"@id\":\"https:\/\/coolcompany.com\/se\/#organization\"},\"potentialAction\":[{\"@type\":\"SearchAction\",\"target\":{\"@type\":\"EntryPoint\",\"urlTemplate\":\"https:\/\/coolcompany.com\/se\/?s={search_term_string}\"},\"query-input\":{\"@type\":\"PropertyValueSpecification\",\"valueRequired\":true,\"valueName\":\"search_term_string\"}}],\"inLanguage\":\"sv-SE\"},{\"@type\":\"Organization\",\"@id\":\"https:\/\/coolcompany.com\/se\/#organization\",\"name\":\"Cool Company\",\"url\":\"https:\/\/coolcompany.com\/se\/\",\"logo\":{\"@type\":\"ImageObject\",\"inLanguage\":\"sv-SE\",\"@id\":\"https:\/\/coolcompany.com\/se\/#\/schema\/logo\/image\/\",\"url\":\"https:\/\/coolcompany.com\/se\/wp-content\/uploads\/sites\/2\/2020\/01\/cc-logotype-horizontal.svg\",\"contentUrl\":\"https:\/\/coolcompany.com\/se\/wp-content\/uploads\/sites\/2\/2020\/01\/cc-logotype-horizontal.svg\",\"width\":\"1024\",\"height\":\"1024\",\"caption\":\"Cool Company\"},\"image\":{\"@id\":\"https:\/\/coolcompany.com\/se\/#\/schema\/logo\/image\/\"}}]}<\/script>\n<!-- \/ Yoast SEO Premium plugin. -->","yoast_head_json":{"title":"Avtal, villkor & policy - Cool Company Sverige","description":"H\u00e4r har vi samlat all \u201dh\u00e5rdfakta\u201d om avtal, villkor & policy med mera, som du beh\u00f6ver veta n\u00e4r du \u00e4r egenanst\u00e4lld.","robots":{"index":"index","follow":"follow","max-snippet":"max-snippet:-1","max-image-preview":"max-image-preview:large","max-video-preview":"max-video-preview:-1"},"canonical":"https:\/\/coolcompany.com\/se\/resurser\/avtal\/","og_locale":"sv_SE","og_type":"article","og_title":"Avtal","og_description":"H\u00e4r har vi samlat all \u201dh\u00e5rdfakta\u201d om avtal, villkor & policy med mera, som du beh\u00f6ver veta n\u00e4r du \u00e4r egenanst\u00e4lld.","og_url":"https:\/\/coolcompany.com\/se\/resurser\/avtal\/","og_site_name":"Cool Company Sverige","article_modified_time":"2025-07-30T07:56:37+00:00","og_image":[{"width":544,"height":654,"url":"https:\/\/coolcompany.com\/se\/wp-content\/uploads\/sites\/2\/2025\/03\/tjej-i-fatolj.png","type":"image\/png"}],"twitter_card":"summary_large_image","twitter_misc":{"Ber\u00e4knad l\u00e4stid":"1 minut"},"schema":{"@context":"https:\/\/schema.org","@graph":[{"@type":"WebPage","@id":"https:\/\/coolcompany.com\/se\/resurser\/avtal\/","url":"https:\/\/coolcompany.com\/se\/resurser\/avtal\/","name":"Avtal, villkor & policy - Cool Company Sverige","isPartOf":{"@id":"https:\/\/coolcompany.com\/se\/#website"},"primaryImageOfPage":{"@id":"https:\/\/coolcompany.com\/se\/resurser\/avtal\/#primaryimage"},"image":{"@id":"https:\/\/coolcompany.com\/se\/resurser\/avtal\/#primaryimage"},"thumbnailUrl":"https:\/\/coolcompany.com\/se\/wp-content\/uploads\/sites\/2\/2025\/03\/tjej-i-fatolj.png","datePublished":"2020-03-13T01:43:02+00:00","dateModified":"2025-07-30T07:56:37+00:00","description":"H\u00e4r har vi samlat all \u201dh\u00e5rdfakta\u201d om avtal, villkor & policy med mera, som du beh\u00f6ver veta n\u00e4r du \u00e4r egenanst\u00e4lld.","breadcrumb":{"@id":"https:\/\/coolcompany.com\/se\/resurser\/avtal\/#breadcrumb"},"inLanguage":"sv-SE","potentialAction":[{"@type":"ReadAction","target":["https:\/\/coolcompany.com\/se\/resurser\/avtal\/"]}]},{"@type":"ImageObject","inLanguage":"sv-SE","@id":"https:\/\/coolcompany.com\/se\/resurser\/avtal\/#primaryimage","url":"https:\/\/coolcompany.com\/se\/wp-content\/uploads\/sites\/2\/2025\/03\/tjej-i-fatolj.png","contentUrl":"https:\/\/coolcompany.com\/se\/wp-content\/uploads\/sites\/2\/2025\/03\/tjej-i-fatolj.png","width":544,"height":654},{"@type":"BreadcrumbList","@id":"https:\/\/coolcompany.com\/se\/resurser\/avtal\/#breadcrumb","itemListElement":[{"@type":"ListItem","position":1,"name":"Resurser &#038; guider f\u00f6r frilansare","item":"https:\/\/coolcompany.com\/se\/resurser\/"},{"@type":"ListItem","position":2,"name":"Avtal"}]},{"@type":"WebSite","@id":"https:\/\/coolcompany.com\/se\/#website","url":"https:\/\/coolcompany.com\/se\/","name":"Cool Company Sverige","description":"Fakturera utan f\u00f6retag","publisher":{"@id":"https:\/\/coolcompany.com\/se\/#organization"},"potentialAction":[{"@type":"SearchAction","target":{"@type":"EntryPoint","urlTemplate":"https:\/\/coolcompany.com\/se\/?s={search_term_string}"},"query-input":{"@type":"PropertyValueSpecification","valueRequired":true,"valueName":"search_term_string"}}],"inLanguage":"sv-SE"},{"@type":"Organization","@id":"https:\/\/coolcompany.com\/se\/#organization","name":"Cool Company","url":"https:\/\/coolcompany.com\/se\/","logo":{"@type":"ImageObject","inLanguage":"sv-SE","@id":"https:\/\/coolcompany.com\/se\/#\/schema\/logo\/image\/","url":"https:\/\/coolcompany.com\/se\/wp-content\/uploads\/sites\/2\/2020\/01\/cc-logotype-horizontal.svg","contentUrl":"https:\/\/coolcompany.com\/se\/wp-content\/uploads\/sites\/2\/2020\/01\/cc-logotype-horizontal.svg","width":"1024","height":"1024","caption":"Cool Company"},"image":{"@id":"https:\/\/coolcompany.com\/se\/#\/schema\/logo\/image\/"}}]}},"lang":"sv","translations":{"sv":3860},"pll_sync_post":[],"_links":{"self":[{"href":"https:\/\/coolcompany.com\/se\/wp-json\/wp\/v2\/pages\/3860","targetHints":{"allow":["GET"]}}],"collection":[{"href":"https:\/\/coolcompany.com\/se\/wp-json\/wp\/v2\/pages"}],"about":[{"href":"https:\/\/coolcompany.com\/se\/wp-json\/wp\/v2\/types\/page"}],"author":[{"embeddable":true,"href":"https:\/\/coolcompany.com\/se\/wp-json\/wp\/v2\/users\/1"}],"replies":[{"embeddable":true,"href":"https:\/\/coolcompany.com\/se\/wp-json\/wp\/v2\/comments?post=3860"}],"version-history":[{"count":0,"href":"https:\/\/coolcompany.com\/se\/wp-json\/wp\/v2\/pages\/3860\/revisions"}],"up":[{"embeddable":true,"href":"https:\/\/coolcompany.com\/se\/wp-json\/wp\/v2\/pages\/930"}],"wp:attachment":[{"href":"https:\/\/coolcompany.com\/se\/wp-json\/wp\/v2\/media?parent=3860"}],"wp:term":[{"taxonomy":"category","embeddable":true,"href":"https:\/\/coolcompany.com\/se\/wp-json\/wp\/v2\/categories?post=3860"},{"taxonomy":"post_tag","embeddable":true,"href":"https:\/\/coolcompany.com\/se\/wp-json\/wp\/v2\/tags?post=3860"}],"curies":[{"name":"wp","href":"https:\/\/api.w.org\/{rel}","templated":true}]}}