{"id":3855,"date":"2020-03-13T01:25:46","date_gmt":"2020-03-13T01:25:46","guid":{"rendered":"https:\/\/coolcompanydev.wpengine.com\/se\/?page_id=3855"},"modified":"2025-05-08T09:29:20","modified_gmt":"2025-05-08T09:29:20","slug":"ekonomi","status":"publish","type":"page","link":"https:\/\/coolcompany.com\/se\/resurser\/ekonomi\/","title":{"rendered":"L\u00e4s allt om ekonomi som frilansare"},"content":{"rendered":"\n<section class=\"wp-block-coolcompany-section has-secondary-blue-background-color has-background\">\n<div class=\"wp-block-columns are-vertically-aligned-center is-style-right-image is-layout-flex wp-container-core-columns-is-layout-9d6595d7 wp-block-columns-is-layout-flex\">\n<div class=\"wp-block-column is-vertically-aligned-center is-layout-flow wp-block-column-is-layout-flow\"><div class=\"breadcrumbs align  wp-block-bcn-breadcrumb-trail has-text-color has-background\" vocab=\"https:\/\/schema.org\/\" typeof=\"BreadcrumbList\">\n\t<span><\/span>\n\t<\/div>\n\n\n\n<h1 class=\"wp-block-heading\" id=\"h-ekonomi-for-dig-som-frilansar\">Ekonomi f\u00f6r dig som frilansar<\/h1>\n\n\n\n<p>H\u00e4r hj\u00e4lper vi dig med att f\u00f6rst\u00e5 hur l\u00f6n, skatter, avgifter och moms fungerar vid egenanst\u00e4llning. Vi har samlat alla guider och tips du kan t\u00e4nkas beh\u00f6va. <\/p>\n<\/div>\n\n\n\n<div class=\"wp-block-column is-vertically-aligned-center is-layout-flow wp-block-column-is-layout-flow\">\n<div class=\"wp-block-coolcompany-maskedimage blob_mask_4\"><div class=\"gradient-background\" style=\"background:linear-gradient(45deg, #7142E9 0%, #53A2E9 100%)\"><\/div>\n<figure class=\"wp-block-image size-full is-style-rounded\"><img decoding=\"async\" src=\"https:\/\/coolcompany.com\/se\/wp-content\/uploads\/sites\/2\/2021\/05\/acc3.png\" alt=\"Fler tj\u00e4nster som ing\u00e5r\" class=\"wp-image-8458\" srcset=\"https:\/\/coolcompany.com\/se\/wp-content\/uploads\/sites\/2\/2021\/05\/acc3.png 668w, https:\/\/coolcompany.com\/se\/wp-content\/uploads\/sites\/2\/2021\/05\/acc3-300x251.png 300w, https:\/\/coolcompany.com\/se\/wp-content\/uploads\/sites\/2\/2021\/05\/acc3-480x402.png 480w\" sizes=\"(max-width: 668px) 100vw, 668px\" \/><\/figure>\n<\/div>\n<\/div>\n<\/div>\n<\/section>\n\n\n\n<div class=\"wp-block-coolcompany-separator is-style-default has-secondary-blue-background-color has-background\"><svg width=\"100%\" viewBox=\"0 0 1600 60\" fill=\"none\" xmlns=\"http:\/\/www.w3.org\/2000\/svg\" aria-hidden=\"true\"><path fill=\"#ffffff\" d=\"M0 0L29.6667 1.75612C59.5 3.36587 118.833 6.87807 178 12C237.167 17.122 296.167 23.8537 355.333 22.6829C414.5 21.5122 473.833 12.1464 533.333 9.07319C592.833 5.85368 652.167 8.78051 711.333 11.2683C770.5 13.6098 829.5 15.6585 888.667 18.7317C947.833 21.9512 1007.17 26.3415 1066.67 27.8049C1126.17 29.2683 1185.5 27.8049 1244.67 23.7073C1303.83 19.4634 1362.83 12.7317 1422 8.34148C1481.17 3.95124 1540.5 1.90246 1570.33 1.02441L1600 0V60H1570.33C1540.5 60 1481.17 60 1422 60C1362.83 60 1303.83 60 1244.67 60C1185.5 60 1126.17 60 1066.67 60C1007.17 60 947.833 60 888.667 60C829.5 60 770.5 60 711.333 60C652.167 60 592.833 60 533.333 60C473.833 60 414.5 60 355.333 60C296.167 60 237.167 60 178 60C118.833 60 59.5 60 29.6667 60H0V0Z\"><\/path><\/svg><\/div>\n\n\n\n<section id=\"ekonomi\" class=\"wp-block-coolcompany-section\">\n<div class=\"wp-block-columns is-style-columns1 is-layout-flex wp-container-core-columns-is-layout-9d6595d7 wp-block-columns-is-layout-flex\">\n<div class=\"wp-block-column is-vertically-aligned-top is-layout-flow wp-block-column-is-layout-flow\">\n<h2 class=\"wp-block-heading has-text-align-center\" id=\"h-allt-om-ekonomi\"> Allt om ekonomi<\/h2>\n\n\n\n<p class=\"has-text-align-center\"><\/p>\n<\/div>\n<\/div>\n\n\n<form data-sf-form-id='9481' data-is-rtl='0' data-maintain-state='' data-results-url='https:\/\/coolcompany.com\/se\/resurser\/ekonomi\/' data-ajax-url='https:\/\/coolcompany.com\/se\/?sfid=9481&amp;sf_action=get_data&amp;sf_data=results' data-ajax-form-url='https:\/\/coolcompany.com\/se\/?sfid=9481&amp;sf_action=get_data&amp;sf_data=form' data-display-result-method='shortcode' data-use-history-api='1' data-template-loaded='0' data-lang-code='' data-ajax='1' data-ajax-data-type='json' data-ajax-links-selector='.pagination a' data-ajax-target='#search-filter-results-9481' data-ajax-pagination-type='normal' data-update-ajax-url='1' data-only-results-ajax='0' data-scroll-to-pos='0' data-init-paged='1' data-auto-update='1' action='https:\/\/coolcompany.com\/se\/resurser\/ekonomi\/' method='post' class='searchandfilter' id='search-filter-form-9481' autocomplete='off' data-instance-count='1'><ul><li class=\"sf-field-category\" data-sf-field-name=\"_sft_category\" data-sf-field-type=\"category\" data-sf-field-input-type=\"radio\">\t\t<ul class=\"\">\n\t\t\t\t\t  <li class=\"sf-level-0 sf-item-0 sf-option-active\" data-sf-count=\"0\" data-sf-depth=\"0\"><input  class=\"sf-input-radio\" type=\"radio\" value=\"\" name=\"_sft_category[]\" checked=\"checked\" id=\"sf-input-e60d2ef7d3dbf8a55295473eba0c54f2\"><label class=\"sf-label-radio\" for=\"sf-input-e60d2ef7d3dbf8a55295473eba0c54f2\">Alla<\/label><\/li><li class=\"sf-level-0 sf-item-16\" data-sf-count=\"1\" data-sf-depth=\"0\"><input  class=\"sf-input-radio\" type=\"radio\" value=\"avdrag-utlagg\" name=\"_sft_category[]\" id=\"sf-input-706307373bd0b0ab438b40ec9695e6a3\"><label class=\"sf-label-radio\" for=\"sf-input-706307373bd0b0ab438b40ec9695e6a3\">Avdrag &amp; utl\u00e4gg<\/label><\/li><li class=\"sf-level-0 sf-item-13\" data-sf-count=\"20\" data-sf-depth=\"0\"><input  class=\"sf-input-radio\" type=\"radio\" value=\"lon\" name=\"_sft_category[]\" id=\"sf-input-e3038e767e37f01e1445cac87f8cc5a8\"><label class=\"sf-label-radio\" for=\"sf-input-e3038e767e37f01e1445cac87f8cc5a8\">L\u00f6n<\/label><\/li><li class=\"sf-level-0 sf-item-14\" data-sf-count=\"9\" data-sf-depth=\"0\"><input  class=\"sf-input-radio\" type=\"radio\" value=\"skatt\" name=\"_sft_category[]\" id=\"sf-input-8e5df16f2f2d4a17e6244921c264dd8c\"><label class=\"sf-label-radio\" for=\"sf-input-8e5df16f2f2d4a17e6244921c264dd8c\">Skatt<\/label><\/li>\t\t<\/ul>\n\t\t<\/li><\/ul><\/form>\n\n\n<div class=\"search-filter-results\" id=\"search-filter-results-9481\">  <div class='cc-feed-container'><a class=\"cc-custom-card\" href=\"https:\/\/coolcompany.com\/se\/resurser\/ekonomi\/bisyssla\/\">\n  <div class=\"main-wrapper\">\n    <div class=\"thumb\" style='background-image: url(\"https:\/\/coolcompany.com\/se\/wp-content\/uploads\/sites\/2\/2023\/03\/kal-visuals-cYbd7k7VCpI-unsplash-1.jpg\"); opacity:100%;'><\/div>\n    <div class=\"content\">\n      <h3>Bisyssla &#8211; vad \u00e4r en bisyssla?<\/h3>\n      <div class=\"action-btn\">\n        <span>L\u00c4S MER<\/span>\n      <\/div>\n    <\/div>\n  <\/div>\n<\/a><a class=\"cc-custom-card\" href=\"https:\/\/coolcompany.com\/se\/resurser\/timlon-till-manadslon\/\">\n  <div class=\"main-wrapper\">\n    <div class=\"thumb\" style='background-image: url(\"https:\/\/coolcompany.com\/se\/wp-content\/uploads\/sites\/2\/2022\/02\/GettyImages-1270219649.jpg\"); opacity:100%;'><\/div>\n    <div class=\"content\">\n      <h3>R\u00e4kna ut timl\u00f6n &#8211; m\u00e5nadsl\u00f6n till timl\u00f6n kalkylator<\/h3>\n      <div class=\"action-btn\">\n        <span>L\u00c4S MER<\/span>\n      <\/div>\n    <\/div>\n  <\/div>\n<\/a><a class=\"cc-custom-card\" href=\"https:\/\/coolcompany.com\/se\/resurser\/ekonomi\/lon\/lon-ux-designer\/\">\n  <div class=\"main-wrapper\">\n    <div class=\"thumb\" style='background-image: url(\"https:\/\/coolcompany.com\/se\/wp-content\/uploads\/sites\/2\/2021\/09\/catsofa.jpeg\"); opacity:100%;'><\/div>\n    <div class=\"content\">\n      <h3>Vad ska jag ta i l\u00f6n som UX designer 2026?<\/h3>\n      <div class=\"action-btn\">\n        <span>L\u00c4S MER<\/span>\n      <\/div>\n    <\/div>\n  <\/div>\n<\/a><a class=\"cc-custom-card\" href=\"https:\/\/coolcompany.com\/se\/resurser\/ekonomi\/lon\/timlon-grafisk-formgivare\/\">\n  <div class=\"main-wrapper\">\n    <div class=\"thumb\" style='background-image: url(\"https:\/\/coolcompany.com\/se\/wp-content\/uploads\/sites\/2\/2022\/02\/iStock-1158129667-scaled.jpg\"); opacity:100%;'><\/div>\n    <div class=\"content\">\n      <h3>Vad ska jag ta i timl\u00f6n som grafisk formgivare 2026?<\/h3>\n      <div class=\"action-btn\">\n        <span>L\u00c4S MER<\/span>\n      <\/div>\n    <\/div>\n  <\/div>\n<\/a><a class=\"cc-custom-card\" href=\"https:\/\/coolcompany.com\/se\/resurser\/ekonomi\/lon\/lon-som-copywriter\/\">\n  <div class=\"main-wrapper\">\n    <div class=\"thumb\" style='background-image: url(\"https:\/\/coolcompany.com\/se\/wp-content\/uploads\/sites\/2\/2022\/02\/Tjej-och-konst.png\"); opacity:100%;'><\/div>\n    <div class=\"content\">\n      <h3>Vad ska jag ta i l\u00f6n som copywriter 2026?<\/h3>\n      <div class=\"action-btn\">\n        <span>L\u00c4S MER<\/span>\n      <\/div>\n    <\/div>\n  <\/div>\n<\/a><a class=\"cc-custom-card\" href=\"https:\/\/coolcompany.com\/se\/resurser\/ekonomi\/lon\/timpris-grafisk-designer\/\">\n  <div class=\"main-wrapper\">\n    <div class=\"thumb\" style='background-image: url(\"https:\/\/coolcompany.com\/se\/wp-content\/uploads\/sites\/2\/2022\/03\/GettyImages-643923379.jpg\"); opacity:100%;'><\/div>\n    <div class=\"content\">\n      <h3>Vilket timpris ska jag ta som grafisk designer 2026?<\/h3>\n      <div class=\"action-btn\">\n        <span>L\u00c4S MER<\/span>\n      <\/div>\n    <\/div>\n  <\/div>\n<\/a><a class=\"cc-custom-card\" href=\"https:\/\/coolcompany.com\/se\/resurser\/ekonomi\/lon\/ditt-konsultarvode-som-konsult\/\">\n  <div class=\"main-wrapper\">\n    <div class=\"thumb\" style='background-image: url(\"https:\/\/coolcompany.com\/se\/wp-content\/uploads\/sites\/2\/2020\/02\/Group-4569.svg\"); opacity:100%;'><\/div>\n    <div class=\"content\">\n      <h3>Konsultarvoden 2026 &#8211; Hur mycket ska jag fakturera som konsult?<\/h3>\n      <div class=\"action-btn\">\n        <span>L\u00c4S MER<\/span>\n      <\/div>\n    <\/div>\n  <\/div>\n<\/a><a class=\"cc-custom-card\" href=\"https:\/\/coolcompany.com\/se\/resurser\/ekonomi\/skatt\/allt-om-a-skatt\/\">\n  <div class=\"main-wrapper\">\n    <div class=\"thumb\" style='background-image: url(\"https:\/\/coolcompany.com\/se\/wp-content\/themes\/accomplice\/build\/images\/mask-7.svg\"); opacity:8%;'><\/div>\n    <div class=\"content\">\n      <h3>Allt om a-skatt<\/h3>\n      <div class=\"action-btn\">\n        <span>L\u00c4S MER<\/span>\n      <\/div>\n    <\/div>\n  <\/div>\n<\/a><\/div>  <div class=\"cc-pagination\">\n    <br \/><div class='wp-pagenavi' role='navigation'>\n<span class='pages'>Sida 1 av 4<\/span><span aria-current='page' class='current'>1<\/span><a class=\"page larger\" title=\"Sida 2\" href=\"https:\/\/coolcompany.com\/se\/resurser\/ekonomi\/?sf_paged=2\">2<\/a><a class=\"page larger\" title=\"Sida 3\" href=\"https:\/\/coolcompany.com\/se\/resurser\/ekonomi\/?sf_paged=3\">3<\/a><a class=\"page larger\" title=\"Sida 4\" href=\"https:\/\/coolcompany.com\/se\/resurser\/ekonomi\/?sf_paged=4\">4<\/a><a class=\"nextpostslink\" rel=\"next\" aria-label=\"N\u00e4sta sida\" href=\"https:\/\/coolcompany.com\/se\/resurser\/ekonomi\/?sf_paged=2\">&raquo;<\/a>\n<\/div>  <\/div>\n<\/div>\n<\/section>\n\n\n\n<div class=\"wp-block-coolcompany-separator is-style-has-shadow\"><svg width=\"100%\" viewBox=\"0 0 1600 60\" fill=\"none\" xmlns=\"http:\/\/www.w3.org\/2000\/svg\" class=\"mirrored\" aria-hidden=\"true\"><path d=\"M1600 0L1588.83 5.42855C1577.83 11 1555.5 21.8571 1533.33 27.8571C1511.17 33.8571 1488.83 34.7143 1466.67 32.5714C1444.5 30.4286 1422.17 25.2857 1400 24.2857C1377.83 23.2857 1355.5 26.7143 1333.33 26.8571C1311.17 27.1428 1288.83 24.2857 1266.67 25.2857C1244.5 26.1429 1222.17 31 1200 31.4286C1177.83 31.8571 1155.5 28.1429 1133.33 23.1429C1111.17 18.1429 1088.83 11.8571 1066.67 10.4286C1044.5 8.99998 1022.17 12.4286 1000 12.1429C977.833 11.8571 955.5 8.14286 933.333 7.14286C911.167 6.14286 888.833 8.14287 866.667 7.42859C844.5 6.7143 822.167 3.2857 800 5.42855C777.833 7.57141 755.5 15.2857 733.333 19.5714C711.167 23.8572 688.833 24.7143 666.667 26.4286C644.5 28.1429 622.167 30.4286 600 30.4286C577.833 30.4286 555.5 28.1428 533.333 27.5714C511.167 27.1428 488.833 28.5714 466.667 24.2857C444.5 20 422.167 9.99998 400 6.85713C377.833 3.85713 355.5 7.57141 333.333 8.99998C311.167 10.4286 288.833 9.57143 266.667 12.1429C244.5 14.7143 222.167 21 200 22.8571C177.833 24.7143 155.5 22.4286 133.333 20.2857C111.167 18.1429 88.8334 16.1429 66.6667 17.4286C44.5 18.5714 22.1667 22.8571 11.1667 25L0 27.1429V60H11.1667C22.1667 60 44.5 60 66.6667 60C88.8334 60 111.167 60 133.333 60C155.5 60 177.833 60 200 60C222.167 60 244.5 60 266.667 60C288.833 60 311.167 60 333.333 60C355.5 60 377.833 60 400 60C422.167 60 444.5 60 466.667 60C488.833 60 511.167 60 533.333 60C555.5 60 577.833 60 600 60C622.167 60 644.5 60 666.667 60C688.833 60 711.167 60 733.333 60C755.5 60 777.833 60 800 60C822.167 60 844.5 60 866.667 60C888.833 60 911.167 60 933.333 60C955.5 60 977.833 60 1000 60C1022.17 60 1044.5 60 1066.67 60C1088.83 60 1111.17 60 1133.33 60C1155.5 60 1177.83 60 1200 60C1222.17 60 1244.5 60 1266.67 60C1288.83 60 1311.17 60 1333.33 60C1355.5 60 1377.83 60 1400 60C1422.17 60 1444.5 60 1466.67 60C1488.83 60 1511.17 60 1533.33 60C1555.5 60 1577.83 60 1588.83 60H1600V0Z\" fill=\"#ffffff\"><\/path><\/svg><\/div>\n\n\n\n<section class=\"wp-block-coolcompany-section\">\n<div class=\"wp-block-columns is-style-columns2 is-layout-flex wp-container-core-columns-is-layout-9d6595d7 wp-block-columns-is-layout-flex\">\n<div class=\"wp-block-column is-style-larger-col is-layout-flow wp-block-column-is-layout-flow\">\n<h2 class=\"wp-block-heading\" id=\"h-vad-betyder-lonebegreppen\">Vad betyder l\u00f6nebegreppen?<\/h2>\n\n\n\n<p>N\u00e4r man r\u00e4knar ut och pratar om l\u00f6n \u00e4r det m\u00e5nga begrepp att h\u00e5lla reda p\u00e5. H\u00e4r \u00e4r n\u00e5gra av de vanligaste som du b\u00f6r k\u00e4nna till.<\/p>\n\n\n\n<div class=\"wp-block-buttons is-layout-flex wp-block-buttons-is-layout-flex\">\n<div class=\"wp-block-button is-style-tertiary\"><a class=\"wp-block-button__link wp-element-button\" href=\"https:\/\/coolcompany.com\/se\/resurser\/ekonomi\/lon\/\" target=\"_blank\" rel=\"noreferrer noopener\">H\u00e4r finns en ordlista<img decoding=\"async\" class=\"wp-image-9479\" style=\"width: 0px;\" src=\"https:\/\/coolcompany.com\/se\/wp-content\/uploads\/2025\/04\/arrow-right.svg\" alt=\"\"> <\/a><\/div>\n<\/div>\n\n\n\n<h2 class=\"wp-block-heading\" id=\"h-vad-far-du-i-lon\">Vad f\u00e5r du i l\u00f6n? <\/h2>\n\n\n\n<p>Priset p\u00e5 din faktura \u00e4r inte lika med din l\u00f6n. Genom v\u00e5r r\u00e4knare kan du f\u00e5 koll p\u00e5 vad du f\u00e5r ut i l\u00f6n efter skatt n\u00e4r du anv\u00e4nder Cool Company. <\/p>\n\n\n\n<div class=\"wp-block-buttons is-layout-flex wp-block-buttons-is-layout-flex\">\n<div class=\"wp-block-button is-style-tertiary\"><a class=\"wp-block-button__link wp-element-button\" href=\"https:\/\/coolcompany.com\/se\/egenanstallning-om-lon\/rakna-ut-lon\/\" target=\"_blank\" rel=\"noreferrer noopener\">H\u00e4r hittar du v\u00e5r l\u00f6neutr\u00e4knare<\/a><\/div>\n<\/div>\n<\/div>\n\n\n\n<div class=\"wp-block-column is-style-smaller-col is-layout-flow wp-block-column-is-layout-flow\">\n<div class=\"wp-block-coolcompany-maskedimage blob_mask_2\"><div class=\"gradient-background\" style=\"background:linear-gradient(45deg, #7142E9 0%, #BA37F9 100%)\"><\/div>\n<figure class=\"wp-block-image size-full\"><img decoding=\"async\" src=\"https:\/\/coolcompany.com\/se\/wp-content\/uploads\/sites\/2\/2020\/06\/get-payed.png\" alt=\"Ta betalt\" class=\"wp-image-6019\" srcset=\"https:\/\/coolcompany.com\/se\/wp-content\/uploads\/sites\/2\/2020\/06\/get-payed.png 316w, https:\/\/coolcompany.com\/se\/wp-content\/uploads\/sites\/2\/2020\/06\/get-payed-300x259.png 300w\" sizes=\"(max-width: 316px) 100vw, 316px\" \/><\/figure>\n<\/div>\n<\/div>\n<\/div>\n<\/section>\n\n\n\n<section class=\"wp-block-coolcompany-section has-secondary-blue-background-color has-background\">\n<h2 class=\"wp-block-heading has-text-align-center\" id=\"h-vill-du-skapa-ett-konto-och-borja-fakturera\">Vill du skapa ett konto och b\u00f6rja fakturera? <\/h2>\n\n\n\n<p class=\"has-text-align-center\">Att skapa ett konto hos Cool Company g\u00e5r p\u00e5 ett litet kick. D\u00e4refter kan du fakturera och f\u00e5 utbetalad l\u00f6n n\u00e4r det passar dig. <\/p>\n\n\n\n<div class=\"wp-block-buttons is-horizontal is-content-justification-center is-layout-flex wp-container-core-buttons-is-layout-499968f5 wp-block-buttons-is-layout-flex\">\n<div class=\"wp-block-button is-style-primary\"><a class=\"wp-block-button__link wp-element-button\" href=\"https:\/\/freelance.coolcompany.com\/signup\/#profile=SE&amp;language=sv\" target=\"_blank\" rel=\"noreferrer noopener\">Skapa konto<\/a><\/div>\n<\/div>\n<\/section>\n","protected":false},"excerpt":{"rendered":"","protected":false},"author":1,"featured_media":0,"parent":930,"menu_order":0,"comment_status":"closed","ping_status":"closed","template":"","meta":{"footnotes":""},"categories":[],"tags":[94],"class_list":["post-3855","page","type-page","status-publish","hentry","tag-light"],"yoast_head":"<!-- This site is optimized with the Yoast SEO Premium plugin v25.2 (Yoast SEO v27.0) - https:\/\/yoast.com\/product\/yoast-seo-premium-wordpress\/ -->\n<title>L\u00e4s allt om ekonomi som frilansare - Cool Company<\/title>\n<meta name=\"description\" content=\"H\u00e4r \u00e4r alla v\u00e5ra guider om ekonomi som hj\u00e4lper dig att f\u00f6rst\u00e5 hur l\u00f6n, skatter, avgifter och moms fungerar vid egenanst\u00e4llning.\" \/>\n<meta name=\"robots\" content=\"index, follow, max-snippet:-1, max-image-preview:large, max-video-preview:-1\" \/>\n<link rel=\"canonical\" href=\"https:\/\/coolcompany.com\/se\/resurser\/ekonomi\/\" \/>\n<meta property=\"og:locale\" content=\"sv_SE\" \/>\n<meta property=\"og:type\" content=\"article\" \/>\n<meta property=\"og:title\" content=\"L\u00e4s allt om ekonomi som frilansare\" \/>\n<meta property=\"og:description\" content=\"H\u00e4r \u00e4r alla v\u00e5ra guider om ekonomi som hj\u00e4lper dig att f\u00f6rst\u00e5 hur l\u00f6n, skatter, avgifter och moms fungerar vid egenanst\u00e4llning.\" \/>\n<meta property=\"og:url\" content=\"https:\/\/coolcompany.com\/se\/resurser\/ekonomi\/\" \/>\n<meta property=\"og:site_name\" content=\"Cool Company Sverige\" \/>\n<meta property=\"article:modified_time\" content=\"2025-05-08T09:29:20+00:00\" \/>\n<meta property=\"og:image\" content=\"https:\/\/coolcompany.com\/se\/wp-content\/uploads\/sites\/2\/2021\/05\/acc3.png\" \/>\n\t<meta property=\"og:image:width\" content=\"668\" \/>\n\t<meta property=\"og:image:height\" content=\"560\" \/>\n\t<meta property=\"og:image:type\" content=\"image\/png\" \/>\n<meta name=\"twitter:card\" content=\"summary_large_image\" \/>\n<meta name=\"twitter:label1\" content=\"Ber\u00e4knad l\u00e4stid\" \/>\n\t<meta name=\"twitter:data1\" content=\"2 minuter\" \/>\n<script type=\"application\/ld+json\" class=\"yoast-schema-graph\">{\"@context\":\"https:\/\/schema.org\",\"@graph\":[{\"@type\":\"WebPage\",\"@id\":\"https:\/\/coolcompany.com\/se\/resurser\/ekonomi\/\",\"url\":\"https:\/\/coolcompany.com\/se\/resurser\/ekonomi\/\",\"name\":\"L\u00e4s allt om ekonomi som frilansare - Cool Company\",\"isPartOf\":{\"@id\":\"https:\/\/coolcompany.com\/se\/#website\"},\"primaryImageOfPage\":{\"@id\":\"https:\/\/coolcompany.com\/se\/resurser\/ekonomi\/#primaryimage\"},\"image\":{\"@id\":\"https:\/\/coolcompany.com\/se\/resurser\/ekonomi\/#primaryimage\"},\"thumbnailUrl\":\"https:\/\/coolcompany.com\/se\/wp-content\/uploads\/sites\/2\/2021\/05\/acc3.png\",\"datePublished\":\"2020-03-13T01:25:46+00:00\",\"dateModified\":\"2025-05-08T09:29:20+00:00\",\"description\":\"H\u00e4r \u00e4r alla v\u00e5ra guider om ekonomi som hj\u00e4lper dig att f\u00f6rst\u00e5 hur l\u00f6n, skatter, avgifter och moms fungerar vid egenanst\u00e4llning.\",\"breadcrumb\":{\"@id\":\"https:\/\/coolcompany.com\/se\/resurser\/ekonomi\/#breadcrumb\"},\"inLanguage\":\"sv-SE\",\"potentialAction\":[{\"@type\":\"ReadAction\",\"target\":[\"https:\/\/coolcompany.com\/se\/resurser\/ekonomi\/\"]}]},{\"@type\":\"ImageObject\",\"inLanguage\":\"sv-SE\",\"@id\":\"https:\/\/coolcompany.com\/se\/resurser\/ekonomi\/#primaryimage\",\"url\":\"https:\/\/coolcompany.com\/se\/wp-content\/uploads\/sites\/2\/2021\/05\/acc3.png\",\"contentUrl\":\"https:\/\/coolcompany.com\/se\/wp-content\/uploads\/sites\/2\/2021\/05\/acc3.png\",\"width\":668,\"height\":560,\"caption\":\"Fler tj\u00e4nster som ing\u00e5r\"},{\"@type\":\"BreadcrumbList\",\"@id\":\"https:\/\/coolcompany.com\/se\/resurser\/ekonomi\/#breadcrumb\",\"itemListElement\":[{\"@type\":\"ListItem\",\"position\":1,\"name\":\"Resurser &#038; guider f\u00f6r frilansare\",\"item\":\"https:\/\/coolcompany.com\/se\/resurser\/\"},{\"@type\":\"ListItem\",\"position\":2,\"name\":\"L\u00e4s allt om ekonomi som frilansare\"}]},{\"@type\":\"WebSite\",\"@id\":\"https:\/\/coolcompany.com\/se\/#website\",\"url\":\"https:\/\/coolcompany.com\/se\/\",\"name\":\"Cool Company Sverige\",\"description\":\"Fakturera utan f\u00f6retag\",\"publisher\":{\"@id\":\"https:\/\/coolcompany.com\/se\/#organization\"},\"potentialAction\":[{\"@type\":\"SearchAction\",\"target\":{\"@type\":\"EntryPoint\",\"urlTemplate\":\"https:\/\/coolcompany.com\/se\/?s={search_term_string}\"},\"query-input\":{\"@type\":\"PropertyValueSpecification\",\"valueRequired\":true,\"valueName\":\"search_term_string\"}}],\"inLanguage\":\"sv-SE\"},{\"@type\":\"Organization\",\"@id\":\"https:\/\/coolcompany.com\/se\/#organization\",\"name\":\"Cool Company\",\"url\":\"https:\/\/coolcompany.com\/se\/\",\"logo\":{\"@type\":\"ImageObject\",\"inLanguage\":\"sv-SE\",\"@id\":\"https:\/\/coolcompany.com\/se\/#\/schema\/logo\/image\/\",\"url\":\"https:\/\/coolcompany.com\/se\/wp-content\/uploads\/sites\/2\/2020\/01\/cc-logotype-horizontal.svg\",\"contentUrl\":\"https:\/\/coolcompany.com\/se\/wp-content\/uploads\/sites\/2\/2020\/01\/cc-logotype-horizontal.svg\",\"width\":\"1024\",\"height\":\"1024\",\"caption\":\"Cool Company\"},\"image\":{\"@id\":\"https:\/\/coolcompany.com\/se\/#\/schema\/logo\/image\/\"}}]}<\/script>\n<!-- \/ Yoast SEO Premium plugin. -->","yoast_head_json":{"title":"L\u00e4s allt om ekonomi som frilansare - Cool Company","description":"H\u00e4r \u00e4r alla v\u00e5ra guider om ekonomi som hj\u00e4lper dig att f\u00f6rst\u00e5 hur l\u00f6n, skatter, avgifter och moms fungerar vid egenanst\u00e4llning.","robots":{"index":"index","follow":"follow","max-snippet":"max-snippet:-1","max-image-preview":"max-image-preview:large","max-video-preview":"max-video-preview:-1"},"canonical":"https:\/\/coolcompany.com\/se\/resurser\/ekonomi\/","og_locale":"sv_SE","og_type":"article","og_title":"L\u00e4s allt om ekonomi som frilansare","og_description":"H\u00e4r \u00e4r alla v\u00e5ra guider om ekonomi som hj\u00e4lper dig att f\u00f6rst\u00e5 hur l\u00f6n, skatter, avgifter och moms fungerar vid egenanst\u00e4llning.","og_url":"https:\/\/coolcompany.com\/se\/resurser\/ekonomi\/","og_site_name":"Cool Company Sverige","article_modified_time":"2025-05-08T09:29:20+00:00","og_image":[{"width":668,"height":560,"url":"https:\/\/coolcompany.com\/se\/wp-content\/uploads\/sites\/2\/2021\/05\/acc3.png","type":"image\/png"}],"twitter_card":"summary_large_image","twitter_misc":{"Ber\u00e4knad l\u00e4stid":"2 minuter"},"schema":{"@context":"https:\/\/schema.org","@graph":[{"@type":"WebPage","@id":"https:\/\/coolcompany.com\/se\/resurser\/ekonomi\/","url":"https:\/\/coolcompany.com\/se\/resurser\/ekonomi\/","name":"L\u00e4s allt om ekonomi som frilansare - Cool Company","isPartOf":{"@id":"https:\/\/coolcompany.com\/se\/#website"},"primaryImageOfPage":{"@id":"https:\/\/coolcompany.com\/se\/resurser\/ekonomi\/#primaryimage"},"image":{"@id":"https:\/\/coolcompany.com\/se\/resurser\/ekonomi\/#primaryimage"},"thumbnailUrl":"https:\/\/coolcompany.com\/se\/wp-content\/uploads\/sites\/2\/2021\/05\/acc3.png","datePublished":"2020-03-13T01:25:46+00:00","dateModified":"2025-05-08T09:29:20+00:00","description":"H\u00e4r \u00e4r alla v\u00e5ra guider om ekonomi som hj\u00e4lper dig att f\u00f6rst\u00e5 hur l\u00f6n, skatter, avgifter och moms fungerar vid egenanst\u00e4llning.","breadcrumb":{"@id":"https:\/\/coolcompany.com\/se\/resurser\/ekonomi\/#breadcrumb"},"inLanguage":"sv-SE","potentialAction":[{"@type":"ReadAction","target":["https:\/\/coolcompany.com\/se\/resurser\/ekonomi\/"]}]},{"@type":"ImageObject","inLanguage":"sv-SE","@id":"https:\/\/coolcompany.com\/se\/resurser\/ekonomi\/#primaryimage","url":"https:\/\/coolcompany.com\/se\/wp-content\/uploads\/sites\/2\/2021\/05\/acc3.png","contentUrl":"https:\/\/coolcompany.com\/se\/wp-content\/uploads\/sites\/2\/2021\/05\/acc3.png","width":668,"height":560,"caption":"Fler tj\u00e4nster som ing\u00e5r"},{"@type":"BreadcrumbList","@id":"https:\/\/coolcompany.com\/se\/resurser\/ekonomi\/#breadcrumb","itemListElement":[{"@type":"ListItem","position":1,"name":"Resurser &#038; guider f\u00f6r frilansare","item":"https:\/\/coolcompany.com\/se\/resurser\/"},{"@type":"ListItem","position":2,"name":"L\u00e4s allt om ekonomi som frilansare"}]},{"@type":"WebSite","@id":"https:\/\/coolcompany.com\/se\/#website","url":"https:\/\/coolcompany.com\/se\/","name":"Cool Company Sverige","description":"Fakturera utan f\u00f6retag","publisher":{"@id":"https:\/\/coolcompany.com\/se\/#organization"},"potentialAction":[{"@type":"SearchAction","target":{"@type":"EntryPoint","urlTemplate":"https:\/\/coolcompany.com\/se\/?s={search_term_string}"},"query-input":{"@type":"PropertyValueSpecification","valueRequired":true,"valueName":"search_term_string"}}],"inLanguage":"sv-SE"},{"@type":"Organization","@id":"https:\/\/coolcompany.com\/se\/#organization","name":"Cool Company","url":"https:\/\/coolcompany.com\/se\/","logo":{"@type":"ImageObject","inLanguage":"sv-SE","@id":"https:\/\/coolcompany.com\/se\/#\/schema\/logo\/image\/","url":"https:\/\/coolcompany.com\/se\/wp-content\/uploads\/sites\/2\/2020\/01\/cc-logotype-horizontal.svg","contentUrl":"https:\/\/coolcompany.com\/se\/wp-content\/uploads\/sites\/2\/2020\/01\/cc-logotype-horizontal.svg","width":"1024","height":"1024","caption":"Cool Company"},"image":{"@id":"https:\/\/coolcompany.com\/se\/#\/schema\/logo\/image\/"}}]}},"lang":"sv","translations":{"sv":3855},"pll_sync_post":[],"_links":{"self":[{"href":"https:\/\/coolcompany.com\/se\/wp-json\/wp\/v2\/pages\/3855","targetHints":{"allow":["GET"]}}],"collection":[{"href":"https:\/\/coolcompany.com\/se\/wp-json\/wp\/v2\/pages"}],"about":[{"href":"https:\/\/coolcompany.com\/se\/wp-json\/wp\/v2\/types\/page"}],"author":[{"embeddable":true,"href":"https:\/\/coolcompany.com\/se\/wp-json\/wp\/v2\/users\/1"}],"replies":[{"embeddable":true,"href":"https:\/\/coolcompany.com\/se\/wp-json\/wp\/v2\/comments?post=3855"}],"version-history":[{"count":0,"href":"https:\/\/coolcompany.com\/se\/wp-json\/wp\/v2\/pages\/3855\/revisions"}],"up":[{"embeddable":true,"href":"https:\/\/coolcompany.com\/se\/wp-json\/wp\/v2\/pages\/930"}],"wp:attachment":[{"href":"https:\/\/coolcompany.com\/se\/wp-json\/wp\/v2\/media?parent=3855"}],"wp:term":[{"taxonomy":"category","embeddable":true,"href":"https:\/\/coolcompany.com\/se\/wp-json\/wp\/v2\/categories?post=3855"},{"taxonomy":"post_tag","embeddable":true,"href":"https:\/\/coolcompany.com\/se\/wp-json\/wp\/v2\/tags?post=3855"}],"curies":[{"name":"wp","href":"https:\/\/api.w.org\/{rel}","templated":true}]}}