{"id":3790,"date":"2020-03-12T22:11:13","date_gmt":"2020-03-12T22:11:13","guid":{"rendered":"https:\/\/coolcompanydev.wpengine.com\/se\/?page_id=3790"},"modified":"2024-11-20T10:32:24","modified_gmt":"2024-11-20T10:32:24","slug":"arbetare","status":"publish","type":"page","link":"https:\/\/coolcompany.com\/se\/vart-erbjudande\/arbetsmiljo-forsakring\/arbetare\/","title":{"rendered":"Checklista arbetsmilj\u00f6 &#8211; Arbetare"},"content":{"rendered":"\n<div style=\"background-color:rgb(229,241,252)\" class=\"wp-block-coolcompany-hero alignfull is-style-default\"><div class=\"blob-container\" style=\"transform:rotate(0deg)\"><svg width=\"700\" height=\"600\" viewBox=\"0 0 700 600\" fill=\"none\" xmlns=\"https:\/\/www.w3.org\/2000\/svg\" class=\"blob\" aria-hidden=\"true\"><path d=\"M644.355 37.9216C696.895 78.5633 705.014 162.464 697.691 233.002C690.367 303.539 667.6 360.575 637.031 420.643C606.304 480.71 567.774 543.532 504.568 575.632C441.202 607.732 353.158 608.972 296.956 574.254C240.595 539.537 215.918 468.586 159.557 403.973C103.355 339.359 15.4708 281.083 1.93786 214.265C-11.7543 147.448 48.9052 72.0882 127.237 35.4418C205.728 -1.34243 301.892 0.586316 398.374 0.173011C495.015 -0.240295 591.815 -2.72011 644.355 37.9216Z\" fill=\"rgba(83,162,233,0.15)\"><\/path><\/svg><\/div><div class=\"content\"><div class=\"breadcrumbs align  wp-block-bcn-breadcrumb-trail has-text-color has-background\" vocab=\"https:\/\/schema.org\/\" typeof=\"BreadcrumbList\">\n\t<span><\/span>\n\t<\/div>\n\n\n\n<h1 class=\"wp-block-heading hero_title\" id=\"h-checklista-arbetsmiljo-arbetare\">Checklista arbetsmilj\u00f6 &#8211; Arbetare<\/h1>\n\n\n\n<p class=\"hero_content\">Det finns risker inom alla yrken och d\u00e4rf\u00f6r \u00e4r det viktigt att alltid kontrollera sina arbetsf\u00f6rh\u00e5llanden. Vi har d\u00e4rf\u00f6r tagit fram information och riktlinjer f\u00f6r arbetsmilj\u00f6 till dig som Arbetare.<\/p>\n<\/div><\/div>\n\n\n\n<section class=\"wp-block-coolcompany-section\">\n<div class=\"wp-block-columns is-style-columns3 is-layout-flex wp-container-core-columns-is-layout-9d6595d7 wp-block-columns-is-layout-flex\">\n<div class=\"wp-block-column is-layout-flow wp-block-column-is-layout-flow\">\n<figure class=\"wp-block-image size-full\"><img decoding=\"async\" src=\"https:\/\/coolcompany.com\/se\/wp-content\/uploads\/sites\/2\/2022\/03\/Bygg-ROT-.png\" alt=\"\" class=\"wp-image-9982\" srcset=\"https:\/\/coolcompany.com\/se\/wp-content\/uploads\/sites\/2\/2022\/03\/Bygg-ROT-.png 649w, https:\/\/coolcompany.com\/se\/wp-content\/uploads\/sites\/2\/2022\/03\/Bygg-ROT--300x286.png 300w, https:\/\/coolcompany.com\/se\/wp-content\/uploads\/sites\/2\/2022\/03\/Bygg-ROT--480x457.png 480w\" sizes=\"(max-width: 649px) 100vw, 649px\" \/><\/figure>\n\n\n\n<h3 class=\"wp-block-heading has-text-align-center\" id=\"h-arbetsmiljo-bygg-rot\">Arbetsmilj\u00f6 &#8211; bygg\/ROT<\/h3>\n\n\n\n<div class=\"wp-block-buttons is-horizontal is-content-justification-center is-layout-flex wp-container-core-buttons-is-layout-499968f5 wp-block-buttons-is-layout-flex\">\n<div class=\"wp-block-button is-style-tertiary\"><a class=\"wp-block-button__link wp-element-button\" href=\"https:\/\/coolcompany.com\/se\/vart-erbjudande\/arbetsmiljo-forsakring\/arbetare\/bygg-rot\/\" target=\"_blank\" rel=\"noreferrer noopener\">L\u00c4S H\u00c4R<\/a><\/div>\n<\/div>\n<\/div>\n\n\n\n<div class=\"wp-block-column is-layout-flow wp-block-column-is-layout-flow\">\n<figure class=\"wp-block-image size-full\"><img decoding=\"async\" src=\"https:\/\/coolcompany.com\/se\/wp-content\/uploads\/sites\/2\/2022\/03\/frilans-jordbruk-och-tradgard.png\" alt=\"\" class=\"wp-image-9983\" srcset=\"https:\/\/coolcompany.com\/se\/wp-content\/uploads\/sites\/2\/2022\/03\/frilans-jordbruk-och-tradgard.png 556w, https:\/\/coolcompany.com\/se\/wp-content\/uploads\/sites\/2\/2022\/03\/frilans-jordbruk-och-tradgard-300x262.png 300w, https:\/\/coolcompany.com\/se\/wp-content\/uploads\/sites\/2\/2022\/03\/frilans-jordbruk-och-tradgard-480x420.png 480w\" sizes=\"(max-width: 556px) 100vw, 556px\" \/><\/figure>\n\n\n\n<h3 class=\"wp-block-heading\" id=\"h-arbetsmiljo-jordbruk-tradgard\">Arbetsmilj\u00f6 &#8211; jordbruk\/tr\u00e4dg\u00e5rd<\/h3>\n\n\n\n<div class=\"wp-block-buttons is-horizontal is-content-justification-center is-layout-flex wp-container-core-buttons-is-layout-499968f5 wp-block-buttons-is-layout-flex\">\n<div class=\"wp-block-button is-style-tertiary\"><a class=\"wp-block-button__link wp-element-button\" href=\"https:\/\/coolcompany.com\/se\/vart-erbjudande\/arbetsmiljo-forsakring\/arbetare\/jordbruk\/\" target=\"_blank\" rel=\"noreferrer noopener\">L\u00e4s h\u00e4r<\/a><\/div>\n<\/div>\n<\/div>\n<\/div>\n<\/section>\n\n\n\n<p><\/p>\n","protected":false},"excerpt":{"rendered":"","protected":false},"author":1,"featured_media":0,"parent":3675,"menu_order":0,"comment_status":"closed","ping_status":"closed","template":"singular.php","meta":{"footnotes":""},"categories":[81],"tags":[],"class_list":["post-3790","page","type-page","status-publish","hentry","category-arbetare"],"yoast_head":"<!-- This site is optimized with the Yoast SEO Premium plugin v25.2 (Yoast SEO v27.0) - https:\/\/yoast.com\/product\/yoast-seo-premium-wordpress\/ -->\n<title>Checklista arbetsmilj\u00f6 - Arbetare - Cool Company<\/title>\n<meta name=\"description\" content=\"Det \u00e4r viktigt att alltid kontrollera sina arbetsf\u00f6rh\u00e5llanden. Vi har d\u00e4rf\u00f6r tagit fram information f\u00f6r arbetsmilj\u00f6 till dig som Arbetare.\" \/>\n<meta name=\"robots\" content=\"index, follow, max-snippet:-1, max-image-preview:large, max-video-preview:-1\" \/>\n<link rel=\"canonical\" href=\"https:\/\/coolcompany.com\/se\/vart-erbjudande\/arbetsmiljo-forsakring\/arbetare\/\" \/>\n<meta property=\"og:locale\" content=\"sv_SE\" \/>\n<meta property=\"og:type\" content=\"article\" \/>\n<meta property=\"og:title\" content=\"Checklista arbetsmilj\u00f6 - Arbetare\" \/>\n<meta property=\"og:description\" content=\"Det \u00e4r viktigt att alltid kontrollera sina arbetsf\u00f6rh\u00e5llanden. Vi har d\u00e4rf\u00f6r tagit fram information f\u00f6r arbetsmilj\u00f6 till dig som Arbetare.\" \/>\n<meta property=\"og:url\" content=\"https:\/\/coolcompany.com\/se\/vart-erbjudande\/arbetsmiljo-forsakring\/arbetare\/\" \/>\n<meta property=\"og:site_name\" content=\"Cool Company Sverige\" \/>\n<meta property=\"article:modified_time\" content=\"2024-11-20T10:32:24+00:00\" \/>\n<meta property=\"og:image\" content=\"https:\/\/coolcompany.com\/se\/wp-content\/uploads\/sites\/2\/2022\/03\/Bygg-ROT-.png\" \/>\n\t<meta property=\"og:image:width\" content=\"649\" \/>\n\t<meta property=\"og:image:height\" content=\"618\" \/>\n\t<meta property=\"og:image:type\" content=\"image\/png\" \/>\n<meta name=\"twitter:card\" content=\"summary_large_image\" \/>\n<meta name=\"twitter:label1\" content=\"Ber\u00e4knad l\u00e4stid\" \/>\n\t<meta name=\"twitter:data1\" content=\"1 minut\" \/>\n<script type=\"application\/ld+json\" class=\"yoast-schema-graph\">{\"@context\":\"https:\/\/schema.org\",\"@graph\":[{\"@type\":\"WebPage\",\"@id\":\"https:\/\/coolcompany.com\/se\/vart-erbjudande\/arbetsmiljo-forsakring\/arbetare\/\",\"url\":\"https:\/\/coolcompany.com\/se\/vart-erbjudande\/arbetsmiljo-forsakring\/arbetare\/\",\"name\":\"Checklista arbetsmilj\u00f6 - Arbetare - Cool Company\",\"isPartOf\":{\"@id\":\"https:\/\/coolcompany.com\/se\/#website\"},\"primaryImageOfPage\":{\"@id\":\"https:\/\/coolcompany.com\/se\/vart-erbjudande\/arbetsmiljo-forsakring\/arbetare\/#primaryimage\"},\"image\":{\"@id\":\"https:\/\/coolcompany.com\/se\/vart-erbjudande\/arbetsmiljo-forsakring\/arbetare\/#primaryimage\"},\"thumbnailUrl\":\"https:\/\/coolcompany.com\/se\/wp-content\/uploads\/sites\/2\/2022\/03\/Bygg-ROT-.png\",\"datePublished\":\"2020-03-12T22:11:13+00:00\",\"dateModified\":\"2024-11-20T10:32:24+00:00\",\"description\":\"Det \u00e4r viktigt att alltid kontrollera sina arbetsf\u00f6rh\u00e5llanden. Vi har d\u00e4rf\u00f6r tagit fram information f\u00f6r arbetsmilj\u00f6 till dig som Arbetare.\",\"breadcrumb\":{\"@id\":\"https:\/\/coolcompany.com\/se\/vart-erbjudande\/arbetsmiljo-forsakring\/arbetare\/#breadcrumb\"},\"inLanguage\":\"sv-SE\",\"potentialAction\":[{\"@type\":\"ReadAction\",\"target\":[\"https:\/\/coolcompany.com\/se\/vart-erbjudande\/arbetsmiljo-forsakring\/arbetare\/\"]}]},{\"@type\":\"ImageObject\",\"inLanguage\":\"sv-SE\",\"@id\":\"https:\/\/coolcompany.com\/se\/vart-erbjudande\/arbetsmiljo-forsakring\/arbetare\/#primaryimage\",\"url\":\"https:\/\/coolcompany.com\/se\/wp-content\/uploads\/sites\/2\/2022\/03\/Bygg-ROT-.png\",\"contentUrl\":\"https:\/\/coolcompany.com\/se\/wp-content\/uploads\/sites\/2\/2022\/03\/Bygg-ROT-.png\",\"width\":649,\"height\":618},{\"@type\":\"BreadcrumbList\",\"@id\":\"https:\/\/coolcompany.com\/se\/vart-erbjudande\/arbetsmiljo-forsakring\/arbetare\/#breadcrumb\",\"itemListElement\":[{\"@type\":\"ListItem\",\"position\":1,\"name\":\"V\u00e5rt erbjudande\",\"item\":\"https:\/\/coolcompany.com\/se\/vart-erbjudande\/\"},{\"@type\":\"ListItem\",\"position\":2,\"name\":\"Arbetsmilj\u00f6 och f\u00f6rs\u00e4kringar\",\"item\":\"https:\/\/coolcompany.com\/se\/vart-erbjudande\/arbetsmiljo-forsakring\/\"},{\"@type\":\"ListItem\",\"position\":3,\"name\":\"Checklista arbetsmilj\u00f6 &#8211; Arbetare\"}]},{\"@type\":\"WebSite\",\"@id\":\"https:\/\/coolcompany.com\/se\/#website\",\"url\":\"https:\/\/coolcompany.com\/se\/\",\"name\":\"Cool Company Sverige\",\"description\":\"Fakturera utan f\u00f6retag\",\"publisher\":{\"@id\":\"https:\/\/coolcompany.com\/se\/#organization\"},\"potentialAction\":[{\"@type\":\"SearchAction\",\"target\":{\"@type\":\"EntryPoint\",\"urlTemplate\":\"https:\/\/coolcompany.com\/se\/?s={search_term_string}\"},\"query-input\":{\"@type\":\"PropertyValueSpecification\",\"valueRequired\":true,\"valueName\":\"search_term_string\"}}],\"inLanguage\":\"sv-SE\"},{\"@type\":\"Organization\",\"@id\":\"https:\/\/coolcompany.com\/se\/#organization\",\"name\":\"Cool Company\",\"url\":\"https:\/\/coolcompany.com\/se\/\",\"logo\":{\"@type\":\"ImageObject\",\"inLanguage\":\"sv-SE\",\"@id\":\"https:\/\/coolcompany.com\/se\/#\/schema\/logo\/image\/\",\"url\":\"https:\/\/coolcompany.com\/se\/wp-content\/uploads\/sites\/2\/2020\/01\/cc-logotype-horizontal.svg\",\"contentUrl\":\"https:\/\/coolcompany.com\/se\/wp-content\/uploads\/sites\/2\/2020\/01\/cc-logotype-horizontal.svg\",\"width\":\"1024\",\"height\":\"1024\",\"caption\":\"Cool Company\"},\"image\":{\"@id\":\"https:\/\/coolcompany.com\/se\/#\/schema\/logo\/image\/\"}}]}<\/script>\n<!-- \/ Yoast SEO Premium plugin. -->","yoast_head_json":{"title":"Checklista arbetsmilj\u00f6 - Arbetare - Cool Company","description":"Det \u00e4r viktigt att alltid kontrollera sina arbetsf\u00f6rh\u00e5llanden. Vi har d\u00e4rf\u00f6r tagit fram information f\u00f6r arbetsmilj\u00f6 till dig som Arbetare.","robots":{"index":"index","follow":"follow","max-snippet":"max-snippet:-1","max-image-preview":"max-image-preview:large","max-video-preview":"max-video-preview:-1"},"canonical":"https:\/\/coolcompany.com\/se\/vart-erbjudande\/arbetsmiljo-forsakring\/arbetare\/","og_locale":"sv_SE","og_type":"article","og_title":"Checklista arbetsmilj\u00f6 - Arbetare","og_description":"Det \u00e4r viktigt att alltid kontrollera sina arbetsf\u00f6rh\u00e5llanden. Vi har d\u00e4rf\u00f6r tagit fram information f\u00f6r arbetsmilj\u00f6 till dig som Arbetare.","og_url":"https:\/\/coolcompany.com\/se\/vart-erbjudande\/arbetsmiljo-forsakring\/arbetare\/","og_site_name":"Cool Company Sverige","article_modified_time":"2024-11-20T10:32:24+00:00","og_image":[{"width":649,"height":618,"url":"https:\/\/coolcompany.com\/se\/wp-content\/uploads\/sites\/2\/2022\/03\/Bygg-ROT-.png","type":"image\/png"}],"twitter_card":"summary_large_image","twitter_misc":{"Ber\u00e4knad l\u00e4stid":"1 minut"},"schema":{"@context":"https:\/\/schema.org","@graph":[{"@type":"WebPage","@id":"https:\/\/coolcompany.com\/se\/vart-erbjudande\/arbetsmiljo-forsakring\/arbetare\/","url":"https:\/\/coolcompany.com\/se\/vart-erbjudande\/arbetsmiljo-forsakring\/arbetare\/","name":"Checklista arbetsmilj\u00f6 - Arbetare - Cool Company","isPartOf":{"@id":"https:\/\/coolcompany.com\/se\/#website"},"primaryImageOfPage":{"@id":"https:\/\/coolcompany.com\/se\/vart-erbjudande\/arbetsmiljo-forsakring\/arbetare\/#primaryimage"},"image":{"@id":"https:\/\/coolcompany.com\/se\/vart-erbjudande\/arbetsmiljo-forsakring\/arbetare\/#primaryimage"},"thumbnailUrl":"https:\/\/coolcompany.com\/se\/wp-content\/uploads\/sites\/2\/2022\/03\/Bygg-ROT-.png","datePublished":"2020-03-12T22:11:13+00:00","dateModified":"2024-11-20T10:32:24+00:00","description":"Det \u00e4r viktigt att alltid kontrollera sina arbetsf\u00f6rh\u00e5llanden. Vi har d\u00e4rf\u00f6r tagit fram information f\u00f6r arbetsmilj\u00f6 till dig som Arbetare.","breadcrumb":{"@id":"https:\/\/coolcompany.com\/se\/vart-erbjudande\/arbetsmiljo-forsakring\/arbetare\/#breadcrumb"},"inLanguage":"sv-SE","potentialAction":[{"@type":"ReadAction","target":["https:\/\/coolcompany.com\/se\/vart-erbjudande\/arbetsmiljo-forsakring\/arbetare\/"]}]},{"@type":"ImageObject","inLanguage":"sv-SE","@id":"https:\/\/coolcompany.com\/se\/vart-erbjudande\/arbetsmiljo-forsakring\/arbetare\/#primaryimage","url":"https:\/\/coolcompany.com\/se\/wp-content\/uploads\/sites\/2\/2022\/03\/Bygg-ROT-.png","contentUrl":"https:\/\/coolcompany.com\/se\/wp-content\/uploads\/sites\/2\/2022\/03\/Bygg-ROT-.png","width":649,"height":618},{"@type":"BreadcrumbList","@id":"https:\/\/coolcompany.com\/se\/vart-erbjudande\/arbetsmiljo-forsakring\/arbetare\/#breadcrumb","itemListElement":[{"@type":"ListItem","position":1,"name":"V\u00e5rt erbjudande","item":"https:\/\/coolcompany.com\/se\/vart-erbjudande\/"},{"@type":"ListItem","position":2,"name":"Arbetsmilj\u00f6 och f\u00f6rs\u00e4kringar","item":"https:\/\/coolcompany.com\/se\/vart-erbjudande\/arbetsmiljo-forsakring\/"},{"@type":"ListItem","position":3,"name":"Checklista arbetsmilj\u00f6 &#8211; Arbetare"}]},{"@type":"WebSite","@id":"https:\/\/coolcompany.com\/se\/#website","url":"https:\/\/coolcompany.com\/se\/","name":"Cool Company Sverige","description":"Fakturera utan f\u00f6retag","publisher":{"@id":"https:\/\/coolcompany.com\/se\/#organization"},"potentialAction":[{"@type":"SearchAction","target":{"@type":"EntryPoint","urlTemplate":"https:\/\/coolcompany.com\/se\/?s={search_term_string}"},"query-input":{"@type":"PropertyValueSpecification","valueRequired":true,"valueName":"search_term_string"}}],"inLanguage":"sv-SE"},{"@type":"Organization","@id":"https:\/\/coolcompany.com\/se\/#organization","name":"Cool Company","url":"https:\/\/coolcompany.com\/se\/","logo":{"@type":"ImageObject","inLanguage":"sv-SE","@id":"https:\/\/coolcompany.com\/se\/#\/schema\/logo\/image\/","url":"https:\/\/coolcompany.com\/se\/wp-content\/uploads\/sites\/2\/2020\/01\/cc-logotype-horizontal.svg","contentUrl":"https:\/\/coolcompany.com\/se\/wp-content\/uploads\/sites\/2\/2020\/01\/cc-logotype-horizontal.svg","width":"1024","height":"1024","caption":"Cool Company"},"image":{"@id":"https:\/\/coolcompany.com\/se\/#\/schema\/logo\/image\/"}}]}},"lang":"sv","translations":{"sv":3790},"pll_sync_post":[],"_links":{"self":[{"href":"https:\/\/coolcompany.com\/se\/wp-json\/wp\/v2\/pages\/3790","targetHints":{"allow":["GET"]}}],"collection":[{"href":"https:\/\/coolcompany.com\/se\/wp-json\/wp\/v2\/pages"}],"about":[{"href":"https:\/\/coolcompany.com\/se\/wp-json\/wp\/v2\/types\/page"}],"author":[{"embeddable":true,"href":"https:\/\/coolcompany.com\/se\/wp-json\/wp\/v2\/users\/1"}],"replies":[{"embeddable":true,"href":"https:\/\/coolcompany.com\/se\/wp-json\/wp\/v2\/comments?post=3790"}],"version-history":[{"count":0,"href":"https:\/\/coolcompany.com\/se\/wp-json\/wp\/v2\/pages\/3790\/revisions"}],"up":[{"embeddable":true,"href":"https:\/\/coolcompany.com\/se\/wp-json\/wp\/v2\/pages\/3675"}],"wp:attachment":[{"href":"https:\/\/coolcompany.com\/se\/wp-json\/wp\/v2\/media?parent=3790"}],"wp:term":[{"taxonomy":"category","embeddable":true,"href":"https:\/\/coolcompany.com\/se\/wp-json\/wp\/v2\/categories?post=3790"},{"taxonomy":"post_tag","embeddable":true,"href":"https:\/\/coolcompany.com\/se\/wp-json\/wp\/v2\/tags?post=3790"}],"curies":[{"name":"wp","href":"https:\/\/api.w.org\/{rel}","templated":true}]}}