{"id":12648,"date":"2025-04-01T08:36:33","date_gmt":"2025-04-01T08:36:33","guid":{"rendered":"https:\/\/coolcompany.com\/se\/?page_id=12648"},"modified":"2025-04-01T09:35:55","modified_gmt":"2025-04-01T09:35:55","slug":"sjukvardsforsakring","status":"publish","type":"page","link":"https:\/\/coolcompany.com\/se\/sjukvardsforsakring\/","title":{"rendered":"Sjukv\u00e5rdsf\u00f6rs\u00e4kring"},"content":{"rendered":"\n<section class=\"wp-block-coolcompany-section has-light-primary-background-color has-background\">\n<div class=\"wp-block-columns are-vertically-aligned-center is-style-right-image is-layout-flex wp-container-core-columns-is-layout-9d6595d7 wp-block-columns-is-layout-flex\">\n<div class=\"wp-block-column is-vertically-aligned-center is-layout-flow wp-block-column-is-layout-flow\"><div class=\"breadcrumbs align  wp-block-bcn-breadcrumb-trail has-text-color has-background\" vocab=\"https:\/\/schema.org\/\" typeof=\"BreadcrumbList\">\n\t<span><\/span>\n\t<\/div>\n\n\n\n<h1 class=\"wp-block-heading\" id=\"h-sjukvardsforsakring-utan-halsodeklaration\">Sjukv\u00e5rdsf\u00f6rs\u00e4kring utan h\u00e4lsodeklaration <\/h1>\n\n\n\n<p>Via L\u00e4nsf\u00f6rs\u00e4kringar kan vi p\u00e5 Cool Company erbjuda dig som fakturerar med oss att teckna en sjukv\u00e5rdsf\u00f6rs\u00e4kring utan h\u00e4lsodeklaration.  <\/p>\n<\/div>\n\n\n\n<div class=\"wp-block-column is-vertically-aligned-center is-layout-flow wp-block-column-is-layout-flow\">\n<figure class=\"wp-block-image size-full is-resized\"><img decoding=\"async\" src=\"https:\/\/coolcompany.com\/se\/wp-content\/uploads\/sites\/2\/2025\/03\/tjej-i-bil.png\" alt=\"\" class=\"wp-image-12640\" style=\"width:326px;height:auto\" srcset=\"https:\/\/coolcompany.com\/se\/wp-content\/uploads\/sites\/2\/2025\/03\/tjej-i-bil.png 476w, https:\/\/coolcompany.com\/se\/wp-content\/uploads\/sites\/2\/2025\/03\/tjej-i-bil-248x300.png 248w\" sizes=\"(max-width: 476px) 100vw, 476px\" \/><\/figure>\n<\/div>\n<\/div>\n<\/section>\n\n\n\n<div class=\"wp-block-coolcompany-separator is-style-default has-light-primary-background-color has-background\"><svg width=\"100%\" viewBox=\"0 0 1600 60\" fill=\"none\" xmlns=\"http:\/\/www.w3.org\/2000\/svg\" aria-hidden=\"true\"><path fill=\"#ffffff\" d=\"M0 0L29.6667 1.75612C59.5 3.36587 118.833 6.87807 178 12C237.167 17.122 296.167 23.8537 355.333 22.6829C414.5 21.5122 473.833 12.1464 533.333 9.07319C592.833 5.85368 652.167 8.78051 711.333 11.2683C770.5 13.6098 829.5 15.6585 888.667 18.7317C947.833 21.9512 1007.17 26.3415 1066.67 27.8049C1126.17 29.2683 1185.5 27.8049 1244.67 23.7073C1303.83 19.4634 1362.83 12.7317 1422 8.34148C1481.17 3.95124 1540.5 1.90246 1570.33 1.02441L1600 0V60H1570.33C1540.5 60 1481.17 60 1422 60C1362.83 60 1303.83 60 1244.67 60C1185.5 60 1126.17 60 1066.67 60C1007.17 60 947.833 60 888.667 60C829.5 60 770.5 60 711.333 60C652.167 60 592.833 60 533.333 60C473.833 60 414.5 60 355.333 60C296.167 60 237.167 60 178 60C118.833 60 59.5 60 29.6667 60H0V0Z\"><\/path><\/svg><\/div>\n\n\n\n<section class=\"wp-block-coolcompany-section\">\n<div class=\"wp-block-columns is-style-columns2 is-layout-flex wp-container-core-columns-is-layout-9d6595d7 wp-block-columns-is-layout-flex\">\n<div class=\"wp-block-column is-layout-flow wp-block-column-is-layout-flow\">\n<h3 class=\"wp-block-heading\" id=\"h-teckna-sjukvardsforsakring\">Teckna sjukv\u00e5rdsf\u00f6rs\u00e4kring<\/h3>\n\n\n\n<p>Som anv\u00e4ndare av Cool Companys tj\u00e4nst f\u00e5r du m\u00f6jlighet att teckna en sjukv\u00e5rdsf\u00f6rs\u00e4kring \u2013 helt utan h\u00e4lsodeklaration och utan krav p\u00e5 fortsatt anv\u00e4ndning av v\u00e5ra tj\u00e4nster.<\/p>\n\n\n\n<p>Med f\u00f6rs\u00e4kringen f\u00e5r du tillg\u00e5ng till ett rikst\u00e4ckande n\u00e4tverk av privata v\u00e5rdgivare \u2013 snabbt, smidigt och tryggt. Blir du sjuk eller beh\u00f6ver v\u00e5rd, kontaktar du bara sjukv\u00e5rdsr\u00e5dgivningen digitalt eller via telefon. Vid behov bokas du till en specialist inom sju arbetsdagar, utan remiss.<\/p>\n\n\n\n<div class=\"wp-block-buttons is-layout-flex wp-block-buttons-is-layout-flex\">\n<div class=\"wp-block-button is-style-tertiary\"><a class=\"wp-block-button__link wp-element-button\" href=\"https:\/\/coolcompany.com\/se\/wp-content\/uploads\/sites\/2\/2025\/04\/Sjukvardsforsakring_Bas_WEBB-2.pdf\">L\u00e4s mer om f\u00f6rs\u00e4kringen<\/a><\/div>\n<\/div>\n<\/div>\n\n\n\n<div class=\"wp-block-column is-layout-flow wp-block-column-is-layout-flow\">\n<h3 class=\"wp-block-heading\" id=\"h-detta-ingar\">Detta ing\u00e5r:<\/h3>\n\n\n\n<ul class=\"wp-block-list\">\n<li>Tr\u00e4ffa specialistl\u00e4kare&nbsp;(fysioterapeut, psykolog, naprapat, mm)&nbsp;inom 7 dagar \u2013 utan remiss<\/li>\n\n\n\n<li>Operation och sjukhusv\u00e5rd inom L\u00e4nsf\u00f6rs\u00e4kringars n\u00e4tverk<\/li>\n\n\n\n<li>Second opinion \u2013 f\u00f6rnyad medicinsk bed\u00f6mning<\/li>\n\n\n\n<li>Du kan&nbsp;nyteckna f\u00f6rs\u00e4kringen till 64 \u00e5rs \u00e5lder och&nbsp;beh\u00e5lla&nbsp;den&nbsp;tills du fyller 70 \u00e5r \u2013 \u00e4ven om du slutar anv\u00e4nda Cool Company tj\u00e4nster.&nbsp;Du kan medf\u00f6rs\u00e4kra make\/sambo.<\/li>\n\n\n\n<li>Digital v\u00e5rd och sjukv\u00e5rdsr\u00e5dgivning \u2013 dygnet runt<\/li>\n\n\n\n<li>Betydligt l\u00e4gre premie \u00e4n vid individuell sjukv\u00e5rdsf\u00f6rs\u00e4kring<\/li>\n\n\n\n<li>Enkel att teckna \u2013 ingen h\u00e4lsodeklaration kr\u00e4vs<\/li>\n<\/ul>\n<\/div>\n<\/div>\n<\/section>\n\n\n\n<section class=\"wp-block-coolcompany-section\">\n<div class=\"wp-block-columns is-style-columns3 is-layout-flex wp-container-core-columns-is-layout-9d6595d7 wp-block-columns-is-layout-flex\">\n<div class=\"wp-block-column is-layout-flow wp-block-column-is-layout-flow\">\n<h3 class=\"wp-block-heading has-text-align-center\" id=\"h-snabbare-vard-och-kortare-koer\">Snabbare v\u00e5rd och kortare k\u00f6er<\/h3>\n\n\n\n<p class=\"has-text-align-center\">Med sjukv\u00e5rdsf\u00f6rs\u00e4kringen slipper du l\u00e5nga v\u00e5rdk\u00f6er och f\u00e5r ist\u00e4llet snabb kontakt med specialistl\u00e4kare, psykologer eller fysioterapeuter &#8211; b\u00e5de fysiskt och p\u00e5 distans.   <\/p>\n<\/div>\n\n\n\n<div class=\"wp-block-column is-layout-flow wp-block-column-is-layout-flow\">\n<h3 class=\"wp-block-heading has-text-align-center\" id=\"h-helhetslosning-for-din-halsa\">Helhetsl\u00f6sning f\u00f6r din h\u00e4lsa<\/h3>\n\n\n\n<p class=\"has-text-align-center\">F\u00f6rs\u00e4kringen t\u00e4cker allt fr\u00e5n f\u00f6rebyggande samtalsst\u00f6d till operation, rehabilitering och hj\u00e4lpmedel. Du f\u00e5r \u00e4ven m\u00f6jlighet till en andra medicinsk bed\u00f6mning (second opinion) f\u00f6r extra trygghet. <\/p>\n<\/div>\n\n\n\n<div class=\"wp-block-column is-layout-flow wp-block-column-is-layout-flow\">\n<h3 class=\"wp-block-heading has-text-align-center\" id=\"h-digitala-vardbesok-utan-sjalvrisk\">Digitala v\u00e5rdbes\u00f6k utan sj\u00e4lvrisk<\/h3>\n\n\n\n<p class=\"has-text-align-center\">Med v\u00e5r digitala v\u00e5rdl\u00f6sning slipper du b\u00e5de v\u00e4ntetider och sj\u00e4lvrisk f\u00f6r v\u00e5rd p\u00e5 distans. Tr\u00e4ffa l\u00e4kare, psykologer eller fysioterapeut direkt i mobilen n\u00e4r det passar dig och f\u00e5 hj\u00e4lp snabbt, oavsett var du befinner dig. <\/p>\n<\/div>\n<\/div>\n<\/section>\n\n\n\n<div class=\"wp-block-coolcompany-separator is-style-has-shadow\"><svg width=\"100%\" viewBox=\"0 0 1600 60\" fill=\"none\" xmlns=\"http:\/\/www.w3.org\/2000\/svg\" class=\"mirrored\" aria-hidden=\"true\"><path fill=\"#ffffff\" d=\"M0 0L29.6667 1.75612C59.5 3.36587 118.833 6.87807 178 12C237.167 17.122 296.167 23.8537 355.333 22.6829C414.5 21.5122 473.833 12.1464 533.333 9.07319C592.833 5.85368 652.167 8.78051 711.333 11.2683C770.5 13.6098 829.5 15.6585 888.667 18.7317C947.833 21.9512 1007.17 26.3415 1066.67 27.8049C1126.17 29.2683 1185.5 27.8049 1244.67 23.7073C1303.83 19.4634 1362.83 12.7317 1422 8.34148C1481.17 3.95124 1540.5 1.90246 1570.33 1.02441L1600 0V60H1570.33C1540.5 60 1481.17 60 1422 60C1362.83 60 1303.83 60 1244.67 60C1185.5 60 1126.17 60 1066.67 60C1007.17 60 947.833 60 888.667 60C829.5 60 770.5 60 711.333 60C652.167 60 592.833 60 533.333 60C473.833 60 414.5 60 355.333 60C296.167 60 237.167 60 178 60C118.833 60 59.5 60 29.6667 60H0V0Z\"><\/path><\/svg><\/div>\n\n\n\n<section class=\"wp-block-coolcompany-section\">\n<div class=\"wp-block-columns is-style-columns2 is-layout-flex wp-container-core-columns-is-layout-9d6595d7 wp-block-columns-is-layout-flex\">\n<div class=\"wp-block-column is-style-larger-col is-layout-flow wp-block-column-is-layout-flow\">\n<h2 class=\"wp-block-heading\" id=\"h-manadspris-per-aldersgrupp\">M\u00e5nadspris per \u00e5ldersgrupp:<\/h2>\n\n\n\n<figure class=\"wp-block-image size-large is-resized\"><img decoding=\"async\" src=\"https:\/\/coolcompany.com\/se\/wp-content\/uploads\/sites\/2\/2025\/04\/Forsakringspremie-1-564x1024.png\" alt=\"\" class=\"wp-image-12650\" style=\"width:186px;height:auto\" srcset=\"https:\/\/coolcompany.com\/se\/wp-content\/uploads\/sites\/2\/2025\/04\/Forsakringspremie-1-564x1024.png 564w, https:\/\/coolcompany.com\/se\/wp-content\/uploads\/sites\/2\/2025\/04\/Forsakringspremie-1-165x300.png 165w, https:\/\/coolcompany.com\/se\/wp-content\/uploads\/sites\/2\/2025\/04\/Forsakringspremie-1-768x1394.png 768w, https:\/\/coolcompany.com\/se\/wp-content\/uploads\/sites\/2\/2025\/04\/Forsakringspremie-1-846x1536.png 846w, https:\/\/coolcompany.com\/se\/wp-content\/uploads\/sites\/2\/2025\/04\/Forsakringspremie-1-480x871.png 480w, https:\/\/coolcompany.com\/se\/wp-content\/uploads\/sites\/2\/2025\/04\/Forsakringspremie-1.png 962w\" sizes=\"(max-width: 564px) 100vw, 564px\" \/><\/figure>\n<\/div>\n\n\n\n<div class=\"wp-block-column is-style-smaller-col is-layout-flow wp-block-column-is-layout-flow\">\n<figure class=\"wp-block-image size-full\"><img decoding=\"async\" src=\"https:\/\/coolcompany.com\/se\/wp-content\/uploads\/sites\/2\/2025\/03\/tjej-framfor-dator.png\" alt=\"\" class=\"wp-image-12639\" srcset=\"https:\/\/coolcompany.com\/se\/wp-content\/uploads\/sites\/2\/2025\/03\/tjej-framfor-dator.png 591w, https:\/\/coolcompany.com\/se\/wp-content\/uploads\/sites\/2\/2025\/03\/tjej-framfor-dator-291x300.png 291w, https:\/\/coolcompany.com\/se\/wp-content\/uploads\/sites\/2\/2025\/03\/tjej-framfor-dator-480x495.png 480w\" sizes=\"(max-width: 591px) 100vw, 591px\" \/><\/figure>\n<\/div>\n<\/div>\n<\/section>\n\n\n\n<section class=\"wp-block-coolcompany-section\">\n<div class=\"wp-block-columns is-style-columns2 is-layout-flex wp-container-core-columns-is-layout-9d6595d7 wp-block-columns-is-layout-flex\">\n<div class=\"wp-block-column is-style-larger-col is-layout-flow wp-block-column-is-layout-flow\">\n<p><strong>S\u00e5 h\u00e4r g\u00f6r du f\u00f6r att teckna:<\/strong><\/p>\n\n\n\n<p>1. Anm\u00e4l ditt intresse \u2013 det \u00e4r helt kostnadsfritt och inte bindande<\/p>\n\n\n\n<div class=\"wp-block-buttons is-layout-flex wp-block-buttons-is-layout-flex\">\n<div class=\"wp-block-button is-style-primary\"><a class=\"wp-block-button__link wp-element-button\" href=\"https:\/\/coolcompany.typeform.com\/to\/uaUqecpU\">Anm\u00e4l intresse h\u00e4r<\/a><\/div>\n<\/div>\n\n\n\n<p>2. En f\u00f6rs\u00e4kringsf\u00f6rmedlare kontaktar dig med mer information<\/p>\n\n\n\n<p>3. Du godk\u00e4nner erbjudandet \u2013 klart!<\/p>\n\n\n\n<p><\/p>\n\n\n\n<p>\ud83d\udca1&nbsp;Tips: Genom att anm\u00e4la ditt intresse f\u00e5r du all information du beh\u00f6ver f\u00f6r att ta ett beslut \u2013 utan n\u00e5gra f\u00f6rpliktelser.<\/p>\n\n\n\n<p><a href=\"https:\/\/coolcompany.com\/se\/wp-content\/uploads\/sites\/2\/2025\/04\/For-och-efterkopsinformation-Sjukvard-Bas-Hjerta-2025-1.pdf\">H\u00e4r kan du \u00e4ven l\u00e4sa f\u00f6r- och efterk\u00f6psinformation <\/a><\/p>\n\n\n\n<p>V\u00e4nligen notera: Cool Company f\u00f6rmedlar inte f\u00f6rs\u00e4kringar och ansvarar inte f\u00f6r inneh\u00e5llet i f\u00f6rs\u00e4kringen. Informationen h\u00e4r \u00e4r t\u00e4nkt som en \u00f6versikt. Om n\u00e5got skulle skilja sig mellan det som st\u00e5r h\u00e4r och den officiella f\u00f6rk\u00f6ps- eller efterk\u00f6psinformationen eller liknande, \u00e4r det alltid den informationen fr\u00e5n f\u00f6rs\u00e4kringsbolaget alternativt f\u00f6rs\u00e4kringsf\u00f6rmedlaren som g\u00e4ller.<\/p>\n<\/div>\n<\/div>\n<\/section>\n\n\n\n<p><\/p>\n","protected":false},"excerpt":{"rendered":"","protected":false},"author":1,"featured_media":12640,"parent":0,"menu_order":0,"comment_status":"closed","ping_status":"closed","template":"singular.php","meta":{"footnotes":""},"categories":[92,108,9],"tags":[],"class_list":["post-12648","page","type-page","status-publish","has-post-thumbnail","hentry","category-erbjudande-rabatter","category-halsa","category-vart-erbjudande"],"yoast_head":"<!-- This site is optimized with the Yoast SEO Premium plugin v25.2 (Yoast SEO v27.0) - https:\/\/yoast.com\/product\/yoast-seo-premium-wordpress\/ -->\n<title>Sjukv\u00e5rdsf\u00f6rs\u00e4kring - Cool Company<\/title>\n<meta name=\"description\" content=\"Via L\u00e4nsf\u00f6rs\u00e4kringar kan du som har ett konto hos oss teckna en sjukv\u00e5rdsf\u00f6rs\u00e4kring utan h\u00e4lsodeklaration genom oss\" \/>\n<meta name=\"robots\" content=\"index, follow, max-snippet:-1, max-image-preview:large, max-video-preview:-1\" \/>\n<link rel=\"canonical\" href=\"https:\/\/coolcompany.com\/se\/sjukvardsforsakring\/\" \/>\n<meta property=\"og:locale\" content=\"sv_SE\" \/>\n<meta property=\"og:type\" content=\"article\" \/>\n<meta property=\"og:title\" content=\"Sjukv\u00e5rdsf\u00f6rs\u00e4kring\" \/>\n<meta property=\"og:description\" content=\"Via L\u00e4nsf\u00f6rs\u00e4kringar kan du som har ett konto hos oss teckna en sjukv\u00e5rdsf\u00f6rs\u00e4kring utan h\u00e4lsodeklaration genom oss\" \/>\n<meta property=\"og:url\" content=\"https:\/\/coolcompany.com\/se\/sjukvardsforsakring\/\" \/>\n<meta property=\"og:site_name\" content=\"Cool Company Sverige\" \/>\n<meta property=\"article:modified_time\" content=\"2025-04-01T09:35:55+00:00\" \/>\n<meta property=\"og:image\" content=\"https:\/\/coolcompany.com\/se\/wp-content\/uploads\/sites\/2\/2025\/03\/tjej-i-bil.png\" \/>\n\t<meta property=\"og:image:width\" content=\"476\" \/>\n\t<meta property=\"og:image:height\" content=\"576\" \/>\n\t<meta property=\"og:image:type\" content=\"image\/png\" \/>\n<meta name=\"twitter:card\" content=\"summary_large_image\" \/>\n<meta name=\"twitter:label1\" content=\"Ber\u00e4knad l\u00e4stid\" \/>\n\t<meta name=\"twitter:data1\" content=\"3 minuter\" \/>\n<script type=\"application\/ld+json\" class=\"yoast-schema-graph\">{\"@context\":\"https:\/\/schema.org\",\"@graph\":[{\"@type\":\"WebPage\",\"@id\":\"https:\/\/coolcompany.com\/se\/sjukvardsforsakring\/\",\"url\":\"https:\/\/coolcompany.com\/se\/sjukvardsforsakring\/\",\"name\":\"Sjukv\u00e5rdsf\u00f6rs\u00e4kring - Cool Company\",\"isPartOf\":{\"@id\":\"https:\/\/coolcompany.com\/se\/#website\"},\"primaryImageOfPage\":{\"@id\":\"https:\/\/coolcompany.com\/se\/sjukvardsforsakring\/#primaryimage\"},\"image\":{\"@id\":\"https:\/\/coolcompany.com\/se\/sjukvardsforsakring\/#primaryimage\"},\"thumbnailUrl\":\"https:\/\/coolcompany.com\/se\/wp-content\/uploads\/sites\/2\/2025\/03\/tjej-i-bil.png\",\"datePublished\":\"2025-04-01T08:36:33+00:00\",\"dateModified\":\"2025-04-01T09:35:55+00:00\",\"description\":\"Via L\u00e4nsf\u00f6rs\u00e4kringar kan du som har ett konto hos oss teckna en sjukv\u00e5rdsf\u00f6rs\u00e4kring utan h\u00e4lsodeklaration genom oss\",\"inLanguage\":\"sv-SE\",\"potentialAction\":[{\"@type\":\"ReadAction\",\"target\":[\"https:\/\/coolcompany.com\/se\/sjukvardsforsakring\/\"]}]},{\"@type\":\"ImageObject\",\"inLanguage\":\"sv-SE\",\"@id\":\"https:\/\/coolcompany.com\/se\/sjukvardsforsakring\/#primaryimage\",\"url\":\"https:\/\/coolcompany.com\/se\/wp-content\/uploads\/sites\/2\/2025\/03\/tjej-i-bil.png\",\"contentUrl\":\"https:\/\/coolcompany.com\/se\/wp-content\/uploads\/sites\/2\/2025\/03\/tjej-i-bil.png\",\"width\":476,\"height\":576},{\"@type\":\"WebSite\",\"@id\":\"https:\/\/coolcompany.com\/se\/#website\",\"url\":\"https:\/\/coolcompany.com\/se\/\",\"name\":\"Cool Company Sverige\",\"description\":\"Fakturera utan f\u00f6retag\",\"publisher\":{\"@id\":\"https:\/\/coolcompany.com\/se\/#organization\"},\"potentialAction\":[{\"@type\":\"SearchAction\",\"target\":{\"@type\":\"EntryPoint\",\"urlTemplate\":\"https:\/\/coolcompany.com\/se\/?s={search_term_string}\"},\"query-input\":{\"@type\":\"PropertyValueSpecification\",\"valueRequired\":true,\"valueName\":\"search_term_string\"}}],\"inLanguage\":\"sv-SE\"},{\"@type\":\"Organization\",\"@id\":\"https:\/\/coolcompany.com\/se\/#organization\",\"name\":\"Cool Company\",\"url\":\"https:\/\/coolcompany.com\/se\/\",\"logo\":{\"@type\":\"ImageObject\",\"inLanguage\":\"sv-SE\",\"@id\":\"https:\/\/coolcompany.com\/se\/#\/schema\/logo\/image\/\",\"url\":\"https:\/\/coolcompany.com\/se\/wp-content\/uploads\/sites\/2\/2020\/01\/cc-logotype-horizontal.svg\",\"contentUrl\":\"https:\/\/coolcompany.com\/se\/wp-content\/uploads\/sites\/2\/2020\/01\/cc-logotype-horizontal.svg\",\"width\":\"1024\",\"height\":\"1024\",\"caption\":\"Cool Company\"},\"image\":{\"@id\":\"https:\/\/coolcompany.com\/se\/#\/schema\/logo\/image\/\"}}]}<\/script>\n<!-- \/ Yoast SEO Premium plugin. -->","yoast_head_json":{"title":"Sjukv\u00e5rdsf\u00f6rs\u00e4kring - Cool Company","description":"Via L\u00e4nsf\u00f6rs\u00e4kringar kan du som har ett konto hos oss teckna en sjukv\u00e5rdsf\u00f6rs\u00e4kring utan h\u00e4lsodeklaration genom oss","robots":{"index":"index","follow":"follow","max-snippet":"max-snippet:-1","max-image-preview":"max-image-preview:large","max-video-preview":"max-video-preview:-1"},"canonical":"https:\/\/coolcompany.com\/se\/sjukvardsforsakring\/","og_locale":"sv_SE","og_type":"article","og_title":"Sjukv\u00e5rdsf\u00f6rs\u00e4kring","og_description":"Via L\u00e4nsf\u00f6rs\u00e4kringar kan du som har ett konto hos oss teckna en sjukv\u00e5rdsf\u00f6rs\u00e4kring utan h\u00e4lsodeklaration genom oss","og_url":"https:\/\/coolcompany.com\/se\/sjukvardsforsakring\/","og_site_name":"Cool Company Sverige","article_modified_time":"2025-04-01T09:35:55+00:00","og_image":[{"width":476,"height":576,"url":"https:\/\/coolcompany.com\/se\/wp-content\/uploads\/sites\/2\/2025\/03\/tjej-i-bil.png","type":"image\/png"}],"twitter_card":"summary_large_image","twitter_misc":{"Ber\u00e4knad l\u00e4stid":"3 minuter"},"schema":{"@context":"https:\/\/schema.org","@graph":[{"@type":"WebPage","@id":"https:\/\/coolcompany.com\/se\/sjukvardsforsakring\/","url":"https:\/\/coolcompany.com\/se\/sjukvardsforsakring\/","name":"Sjukv\u00e5rdsf\u00f6rs\u00e4kring - Cool Company","isPartOf":{"@id":"https:\/\/coolcompany.com\/se\/#website"},"primaryImageOfPage":{"@id":"https:\/\/coolcompany.com\/se\/sjukvardsforsakring\/#primaryimage"},"image":{"@id":"https:\/\/coolcompany.com\/se\/sjukvardsforsakring\/#primaryimage"},"thumbnailUrl":"https:\/\/coolcompany.com\/se\/wp-content\/uploads\/sites\/2\/2025\/03\/tjej-i-bil.png","datePublished":"2025-04-01T08:36:33+00:00","dateModified":"2025-04-01T09:35:55+00:00","description":"Via L\u00e4nsf\u00f6rs\u00e4kringar kan du som har ett konto hos oss teckna en sjukv\u00e5rdsf\u00f6rs\u00e4kring utan h\u00e4lsodeklaration genom oss","inLanguage":"sv-SE","potentialAction":[{"@type":"ReadAction","target":["https:\/\/coolcompany.com\/se\/sjukvardsforsakring\/"]}]},{"@type":"ImageObject","inLanguage":"sv-SE","@id":"https:\/\/coolcompany.com\/se\/sjukvardsforsakring\/#primaryimage","url":"https:\/\/coolcompany.com\/se\/wp-content\/uploads\/sites\/2\/2025\/03\/tjej-i-bil.png","contentUrl":"https:\/\/coolcompany.com\/se\/wp-content\/uploads\/sites\/2\/2025\/03\/tjej-i-bil.png","width":476,"height":576},{"@type":"WebSite","@id":"https:\/\/coolcompany.com\/se\/#website","url":"https:\/\/coolcompany.com\/se\/","name":"Cool Company Sverige","description":"Fakturera utan f\u00f6retag","publisher":{"@id":"https:\/\/coolcompany.com\/se\/#organization"},"potentialAction":[{"@type":"SearchAction","target":{"@type":"EntryPoint","urlTemplate":"https:\/\/coolcompany.com\/se\/?s={search_term_string}"},"query-input":{"@type":"PropertyValueSpecification","valueRequired":true,"valueName":"search_term_string"}}],"inLanguage":"sv-SE"},{"@type":"Organization","@id":"https:\/\/coolcompany.com\/se\/#organization","name":"Cool Company","url":"https:\/\/coolcompany.com\/se\/","logo":{"@type":"ImageObject","inLanguage":"sv-SE","@id":"https:\/\/coolcompany.com\/se\/#\/schema\/logo\/image\/","url":"https:\/\/coolcompany.com\/se\/wp-content\/uploads\/sites\/2\/2020\/01\/cc-logotype-horizontal.svg","contentUrl":"https:\/\/coolcompany.com\/se\/wp-content\/uploads\/sites\/2\/2020\/01\/cc-logotype-horizontal.svg","width":"1024","height":"1024","caption":"Cool Company"},"image":{"@id":"https:\/\/coolcompany.com\/se\/#\/schema\/logo\/image\/"}}]}},"lang":"sv","translations":{"sv":12648},"pll_sync_post":[],"_links":{"self":[{"href":"https:\/\/coolcompany.com\/se\/wp-json\/wp\/v2\/pages\/12648","targetHints":{"allow":["GET"]}}],"collection":[{"href":"https:\/\/coolcompany.com\/se\/wp-json\/wp\/v2\/pages"}],"about":[{"href":"https:\/\/coolcompany.com\/se\/wp-json\/wp\/v2\/types\/page"}],"author":[{"embeddable":true,"href":"https:\/\/coolcompany.com\/se\/wp-json\/wp\/v2\/users\/1"}],"replies":[{"embeddable":true,"href":"https:\/\/coolcompany.com\/se\/wp-json\/wp\/v2\/comments?post=12648"}],"version-history":[{"count":0,"href":"https:\/\/coolcompany.com\/se\/wp-json\/wp\/v2\/pages\/12648\/revisions"}],"wp:featuredmedia":[{"embeddable":true,"href":"https:\/\/coolcompany.com\/se\/wp-json\/wp\/v2\/media\/12640"}],"wp:attachment":[{"href":"https:\/\/coolcompany.com\/se\/wp-json\/wp\/v2\/media?parent=12648"}],"wp:term":[{"taxonomy":"category","embeddable":true,"href":"https:\/\/coolcompany.com\/se\/wp-json\/wp\/v2\/categories?post=12648"},{"taxonomy":"post_tag","embeddable":true,"href":"https:\/\/coolcompany.com\/se\/wp-json\/wp\/v2\/tags?post=12648"}],"curies":[{"name":"wp","href":"https:\/\/api.w.org\/{rel}","templated":true}]}}