{"id":1163,"date":"2020-02-09T21:13:17","date_gmt":"2020-02-09T21:13:17","guid":{"rendered":"https:\/\/coolcompanydev.wpengine.com\/?page_id=1163"},"modified":"2024-04-16T13:09:15","modified_gmt":"2024-04-16T13:09:15","slug":"vart-erbjudande","status":"publish","type":"page","link":"https:\/\/coolcompany.com\/se\/foretag\/vart-erbjudande\/","title":{"rendered":"V\u00e5rt erbjudande f\u00f6r f\u00f6retag"},"content":{"rendered":"\n<section class=\"wp-block-coolcompany-section has-light-green-background-color has-background has-light-green-background-color has-background\">\n<div class=\"wp-block-columns are-vertically-aligned-center is-style-right-image is-layout-flex wp-container-core-columns-is-layout-9d6595d7 wp-block-columns-is-layout-flex\">\n<div class=\"wp-block-column is-vertically-aligned-center is-layout-flow wp-block-column-is-layout-flow\"><div class=\"breadcrumbs align  wp-block-bcn-breadcrumb-trail has-text-color has-background\" vocab=\"https:\/\/schema.org\/\" typeof=\"BreadcrumbList\">\n\t<span><\/span>\n\t<\/div>\n\n\n\n<h1 class=\"wp-block-heading\" id=\"h-skraddarsy-efter-dina-personalbehov\">Skr\u00e4ddarsy efter dina personalbehov<\/h1>\n\n\n\n<p>Vi har hj\u00e4lpt \u00f6ver 500 f\u00f6retag att hantera personaladministration och effektivisera arbetet med frilansare, konsulter och timanst\u00e4llda. Stora som sm\u00e5, fr\u00e5n skidanl\u00e4ggningar till redovisningsbyr\u00e5er.<\/p>\n\n\n\n<div class=\"wp-block-buttons is-layout-flex wp-block-buttons-is-layout-flex\">\n<div class=\"wp-block-button is-style-primary\"><a class=\"wp-block-button__link has-white-color has-primary-background-color has-text-color has-background wp-element-button\" href=\"https:\/\/coolcompany.com\/se\/foretag\/kontakta-vara-saljare\/\">Kontakta oss<\/a><\/div>\n<\/div>\n<\/div>\n\n\n\n<div class=\"wp-block-column is-vertically-aligned-center is-layout-flow wp-block-column-is-layout-flow\">\n<figure class=\"wp-block-image aligncenter size-full is-resized\"><img decoding=\"async\" src=\"https:\/\/coolcompany.com\/se\/wp-content\/uploads\/sites\/2\/2022\/02\/frilansare-jobbar-fran-cafe.png\" alt=\"\" class=\"wp-image-9712\" srcset=\"https:\/\/coolcompany.com\/se\/wp-content\/uploads\/sites\/2\/2022\/02\/frilansare-jobbar-fran-cafe.png 584w, https:\/\/coolcompany.com\/se\/wp-content\/uploads\/sites\/2\/2022\/02\/frilansare-jobbar-fran-cafe-283x300.png 283w, https:\/\/coolcompany.com\/se\/wp-content\/uploads\/sites\/2\/2022\/02\/frilansare-jobbar-fran-cafe-480x508.png 480w\" sizes=\"(max-width: 584px) 100vw, 584px\" \/><\/figure>\n<\/div>\n<\/div>\n<\/section>\n\n\n\n<div class=\"wp-block-coolcompany-separator is-style-default has-light-green-background-color has-background has-light-green-background-color has-background\"><svg width=\"100%\" viewBox=\"0 0 1600 60\" fill=\"none\" xmlns=\"https:\/\/www.w3.org\/2000\/svg\" aria-hidden=\"true\"><path fill=\"#ffffff\" d=\"M0 0L29.6667 1.75612C59.5 3.36587 118.833 6.87807 178 12C237.167 17.122 296.167 23.8537 355.333 22.6829C414.5 21.5122 473.833 12.1464 533.333 9.07319C592.833 5.85368 652.167 8.78051 711.333 11.2683C770.5 13.6098 829.5 15.6585 888.667 18.7317C947.833 21.9512 1007.17 26.3415 1066.67 27.8049C1126.17 29.2683 1185.5 27.8049 1244.67 23.7073C1303.83 19.4634 1362.83 12.7317 1422 8.34148C1481.17 3.95124 1540.5 1.90246 1570.33 1.02441L1600 0V60H1570.33C1540.5 60 1481.17 60 1422 60C1362.83 60 1303.83 60 1244.67 60C1185.5 60 1126.17 60 1066.67 60C1007.17 60 947.833 60 888.667 60C829.5 60 770.5 60 711.333 60C652.167 60 592.833 60 533.333 60C473.833 60 414.5 60 355.333 60C296.167 60 237.167 60 178 60C118.833 60 59.5 60 29.6667 60H0V0Z\"><\/path><\/svg><\/div>\n\n\n\n<section class=\"wp-block-coolcompany-section\">\n<div class=\"wp-block-columns is-style-columns1 is-layout-flex wp-container-core-columns-is-layout-9d6595d7 wp-block-columns-is-layout-flex\">\n<div class=\"wp-block-column is-vertically-aligned-top is-layout-flow wp-block-column-is-layout-flow\">\n<h2 class=\"wp-block-heading has-text-align-center\" id=\"h-kort-om-cool-company-for-foretag\">Kort om Cool Company f\u00f6r f\u00f6retag<\/h2>\n\n\n\n<p>Beroende p\u00e5 hur just ert f\u00f6retag \u00e4r uppbyggt och hur era behov ser ut finns olika l\u00f6sningar genom oss. <\/p>\n\n\n\n<p>Att <a href=\"https:\/\/coolcompany.com\/se\/foretag\/outsourca-lon\/\">outsourca l\u00f6n<\/a> sparar b\u00e5de tid, energi och pengar oavsett om du arbetar med ett f\u00e5tal konsulter eller en stor arbetsstyrka. <\/p>\n\n\n\n<p>Genom att Cool Company tar arbetsgivaransvar f\u00f6r de frilansare, konsulter och annan typ av medarbetare som du arbetar med \u00f6verl\u00e5ts \u00e4ven utbetalning av l\u00f6n, skatteinbetalningar och mycket mer till oss. Vi har bland annat tagit fram en kalkylator d\u00e4r du kan <a href=\"https:\/\/coolcompany.com\/se\/foretag\/sa-mycket-sparar-ert-foretag-pa-att-administrera-genom-cool-company\/\">se vad du sparar genom Cool Company<\/a> n\u00e4r du tar hj\u00e4lp av oss. <\/p>\n\n\n\n<p><\/p>\n<\/div>\n<\/div>\n\n\n\n<figure class=\"wp-block-embed is-type-video is-provider-youtube wp-block-embed-youtube wp-embed-aspect-16-9 wp-has-aspect-ratio\"><div class=\"wp-block-embed__wrapper\">\n<iframe loading=\"lazy\" title=\"Cool Company f\u00f6r f\u00f6retag\" width=\"500\" height=\"281\" src=\"https:\/\/www.youtube.com\/embed\/OPPT8-mQf0k?feature=oembed\" frameborder=\"0\" allow=\"accelerometer; autoplay; clipboard-write; encrypted-media; gyroscope; picture-in-picture; web-share\" referrerpolicy=\"strict-origin-when-cross-origin\" allowfullscreen><\/iframe>\n<\/div><\/figure>\n<\/section>\n\n\n\n<section class=\"wp-block-coolcompany-section\">\n<div class=\"wp-block-columns is-style-columns2 is-layout-flex wp-container-core-columns-is-layout-9d6595d7 wp-block-columns-is-layout-flex\">\n<div class=\"wp-block-column is-layout-flow wp-block-column-is-layout-flow\">\n<h2 class=\"wp-block-heading\">Slipp l\u00f6neadministration<\/h2>\n\n\n\n<p>Vi tar ansvar f\u00f6r l\u00f6neadministration och arbetsgivaransvar f\u00f6r dina frilansare, konsulter och timanst\u00e4llda. Det inneb\u00e4r att vi tar hand om all l\u00f6nehantering, inkl. sjukpenning, semesterers\u00e4ttning, skatter och sociala avgifter. Dessutom ser vi till att l\u00e4mplig f\u00f6rs\u00e4kring finns p\u00e5 plats f\u00f6r era frilansare.&nbsp;<\/p>\n\n\n\n<p>Genom Cool Company kan vi \u00e4ven hantera <a href=\"https:\/\/coolcompany.com\/se\/foretag\/internationella-betalningar-till-dina-frilansare-konsulter-och-kreatorer\/\">internationella betalningar till dina frilansare, konsulter och kreat\u00f6rer<\/a> om eller n\u00e4r ert bolag har behov av att titta bortom Sverige. <\/p>\n<\/div>\n\n\n\n<div class=\"wp-block-column is-layout-flow wp-block-column-is-layout-flow\">\n<h2 class=\"wp-block-heading\">\u00d6versikt och koll med Cool Business <\/h2>\n\n\n\n<p>Som f\u00f6retagskund hos oss f\u00e5r du tillg\u00e5ng till v\u00e5rt f\u00f6retagsverktyg d\u00e4r du kan samla anst\u00e4llda och frilansare i en och samma webbapp. S\u00e4tt ihop team, planera och koordinera uppdrag samt f\u00f6lj upp arbetet l\u00f6pande. <\/p>\n\n\n\n<div class=\"wp-block-buttons is-layout-flex wp-block-buttons-is-layout-flex\">\n<div class=\"wp-block-button is-style-tertiary\"><a class=\"wp-block-button__link wp-element-button\" href=\"https:\/\/enterprise.coolcompany.com\/sign-up\">Testa COOL business<\/a><\/div>\n<\/div>\n<\/div>\n<\/div>\n<\/section>\n\n\n\n<section class=\"wp-block-coolcompany-section\">\n<div class=\"wp-block-columns is-style-columns2 is-layout-flex wp-container-core-columns-is-layout-9d6595d7 wp-block-columns-is-layout-flex\">\n<div class=\"wp-block-column is-layout-flow wp-block-column-is-layout-flow\">\n<figure class=\"wp-block-image size-full\"><img decoding=\"async\" src=\"https:\/\/coolcompany.com\/se\/wp-content\/uploads\/sites\/2\/2022\/03\/frilans-jordbruk-och-tradgard.png\" alt=\"\" class=\"wp-image-9983\" srcset=\"https:\/\/coolcompany.com\/se\/wp-content\/uploads\/sites\/2\/2022\/03\/frilans-jordbruk-och-tradgard.png 556w, https:\/\/coolcompany.com\/se\/wp-content\/uploads\/sites\/2\/2022\/03\/frilans-jordbruk-och-tradgard-300x262.png 300w, https:\/\/coolcompany.com\/se\/wp-content\/uploads\/sites\/2\/2022\/03\/frilans-jordbruk-och-tradgard-480x420.png 480w\" sizes=\"(max-width: 556px) 100vw, 556px\" \/><\/figure>\n<\/div>\n\n\n\n<div class=\"wp-block-column is-layout-flow wp-block-column-is-layout-flow\">\n<h2 class=\"wp-block-heading\">F\u00f6rs\u00e4krad och trygg personal<\/h2>\n\n\n\n<p>N\u00e4r din personal \u00e4r egenanst\u00e4llda genom oss ser vi till att varje person \u00e4r f\u00f6rs\u00e4krad och trygg b\u00e5de till, fr\u00e5n och under arbetet. S\u00e5 l\u00e4nge uppdragen \u00e4r f\u00f6ranm\u00e4lda och godk\u00e4nda tar vi hand om f\u00f6rs\u00e4kringarna.&nbsp;Vi f\u00f6rser \u00e4ven din personal med <a href=\"https:\/\/coolcompany.com\/se\/foretag\/dina-konsulters-formaner-och-rabatter\/\">f\u00f6rm\u00e5ner och rabatter<\/a> som kan underl\u00e4tta arbetslivet. <\/p>\n<\/div>\n<\/div>\n<\/section>\n\n\n\n<div class=\"wp-block-coolcompany-separator is-style-default\"><svg width=\"100%\" viewBox=\"0 0 1600 60\" fill=\"none\" xmlns=\"https:\/\/www.w3.org\/2000\/svg\" aria-hidden=\"true\"><path fill=\"rgb(234,249,239)\" d=\"M0 0L29.6667 1.75612C59.5 3.36587 118.833 6.87807 178 12C237.167 17.122 296.167 23.8537 355.333 22.6829C414.5 21.5122 473.833 12.1464 533.333 9.07319C592.833 5.85368 652.167 8.78051 711.333 11.2683C770.5 13.6098 829.5 15.6585 888.667 18.7317C947.833 21.9512 1007.17 26.3415 1066.67 27.8049C1126.17 29.2683 1185.5 27.8049 1244.67 23.7073C1303.83 19.4634 1362.83 12.7317 1422 8.34148C1481.17 3.95124 1540.5 1.90246 1570.33 1.02441L1600 0V60H1570.33C1540.5 60 1481.17 60 1422 60C1362.83 60 1303.83 60 1244.67 60C1185.5 60 1126.17 60 1066.67 60C1007.17 60 947.833 60 888.667 60C829.5 60 770.5 60 711.333 60C652.167 60 592.833 60 533.333 60C473.833 60 414.5 60 355.333 60C296.167 60 237.167 60 178 60C118.833 60 59.5 60 29.6667 60H0V0Z\"><\/path><\/svg><\/div>\n\n\n\n<section class=\"wp-block-coolcompany-section has-light-green-background-color has-background has-light-green-background-color has-background\">\n<h2 class=\"wp-block-heading has-text-align-center\" id=\"h-vill-du-veta-mer\">Vill du veta mer? <\/h2>\n\n\n\n<p class=\"has-text-align-center\">Alla f\u00f6retag ser olika ut och har olika behov. D\u00e4rf\u00f6r kan vi anpassa och skr\u00e4ddarsy v\u00e5ra f\u00f6retagserbjudanden efter just er.<\/p>\n\n\n\n<div class=\"wp-block-buttons is-horizontal is-content-justification-center is-layout-flex wp-container-core-buttons-is-layout-499968f5 wp-block-buttons-is-layout-flex\">\n<div class=\"wp-block-button is-style-primary\"><a class=\"wp-block-button__link wp-element-button\" href=\"https:\/\/coolcompany.com\/se\/foretag\/kontakta-vara-saljare\/\">Kontakta oss<\/a><\/div>\n<\/div>\n<\/section>\n","protected":false},"excerpt":{"rendered":"","protected":false},"author":1,"featured_media":0,"parent":1066,"menu_order":0,"comment_status":"closed","ping_status":"closed","template":"singular.php","meta":{"footnotes":""},"categories":[4],"tags":[190407],"class_list":["post-1163","page","type-page","status-publish","hentry","category-foretag","tag-foretag"],"yoast_head":"<!-- This site is optimized with the Yoast SEO Premium plugin v25.2 (Yoast SEO v27.0) - https:\/\/yoast.com\/product\/yoast-seo-premium-wordpress\/ -->\n<title>V\u00e5rt erbjudande f\u00f6r f\u00f6retag - Cool Company<\/title>\n<meta name=\"description\" content=\"Skr\u00e4ddarsy dina personalbehov genom extern arbetskraft. V\u00e5rt erbjudande hj\u00e4lper ditt f\u00f6retag att hitta frilansare med r\u00e4tt kompetens.\" \/>\n<meta name=\"robots\" content=\"index, follow, max-snippet:-1, max-image-preview:large, max-video-preview:-1\" \/>\n<link rel=\"canonical\" href=\"https:\/\/coolcompany.com\/se\/foretag\/vart-erbjudande\/\" \/>\n<meta property=\"og:locale\" content=\"sv_SE\" \/>\n<meta property=\"og:type\" content=\"article\" \/>\n<meta property=\"og:title\" content=\"V\u00e5rt erbjudande f\u00f6r f\u00f6retag\" \/>\n<meta property=\"og:description\" content=\"Skr\u00e4ddarsy dina personalbehov genom extern arbetskraft. V\u00e5rt erbjudande hj\u00e4lper ditt f\u00f6retag att hitta frilansare med r\u00e4tt kompetens.\" \/>\n<meta property=\"og:url\" content=\"https:\/\/coolcompany.com\/se\/foretag\/vart-erbjudande\/\" \/>\n<meta property=\"og:site_name\" content=\"Cool Company Sverige\" \/>\n<meta property=\"article:modified_time\" content=\"2024-04-16T13:09:15+00:00\" \/>\n<meta property=\"og:image\" content=\"https:\/\/coolcompany.com\/se\/wp-content\/uploads\/sites\/2\/2022\/02\/frilansare-jobbar-fran-cafe.png\" \/>\n<meta name=\"twitter:card\" content=\"summary_large_image\" \/>\n<meta name=\"twitter:label1\" content=\"Ber\u00e4knad l\u00e4stid\" \/>\n\t<meta name=\"twitter:data1\" content=\"2 minuter\" \/>\n<script type=\"application\/ld+json\" class=\"yoast-schema-graph\">{\"@context\":\"https:\/\/schema.org\",\"@graph\":[{\"@type\":\"WebPage\",\"@id\":\"https:\/\/coolcompany.com\/se\/foretag\/vart-erbjudande\/\",\"url\":\"https:\/\/coolcompany.com\/se\/foretag\/vart-erbjudande\/\",\"name\":\"V\u00e5rt erbjudande f\u00f6r f\u00f6retag - Cool Company\",\"isPartOf\":{\"@id\":\"https:\/\/coolcompany.com\/se\/#website\"},\"primaryImageOfPage\":{\"@id\":\"https:\/\/coolcompany.com\/se\/foretag\/vart-erbjudande\/#primaryimage\"},\"image\":{\"@id\":\"https:\/\/coolcompany.com\/se\/foretag\/vart-erbjudande\/#primaryimage\"},\"thumbnailUrl\":\"https:\/\/coolcompany.com\/se\/wp-content\/uploads\/sites\/2\/2022\/02\/frilansare-jobbar-fran-cafe.png\",\"datePublished\":\"2020-02-09T21:13:17+00:00\",\"dateModified\":\"2024-04-16T13:09:15+00:00\",\"description\":\"Skr\u00e4ddarsy dina personalbehov genom extern arbetskraft. V\u00e5rt erbjudande hj\u00e4lper ditt f\u00f6retag att hitta frilansare med r\u00e4tt kompetens.\",\"breadcrumb\":{\"@id\":\"https:\/\/coolcompany.com\/se\/foretag\/vart-erbjudande\/#breadcrumb\"},\"inLanguage\":\"sv-SE\",\"potentialAction\":[{\"@type\":\"ReadAction\",\"target\":[\"https:\/\/coolcompany.com\/se\/foretag\/vart-erbjudande\/\"]}]},{\"@type\":\"ImageObject\",\"inLanguage\":\"sv-SE\",\"@id\":\"https:\/\/coolcompany.com\/se\/foretag\/vart-erbjudande\/#primaryimage\",\"url\":\"https:\/\/coolcompany.com\/se\/wp-content\/uploads\/sites\/2\/2022\/02\/frilansare-jobbar-fran-cafe.png\",\"contentUrl\":\"https:\/\/coolcompany.com\/se\/wp-content\/uploads\/sites\/2\/2022\/02\/frilansare-jobbar-fran-cafe.png\",\"width\":584,\"height\":618},{\"@type\":\"BreadcrumbList\",\"@id\":\"https:\/\/coolcompany.com\/se\/foretag\/vart-erbjudande\/#breadcrumb\",\"itemListElement\":[{\"@type\":\"ListItem\",\"position\":1,\"name\":\"F\u00f6retag\",\"item\":\"https:\/\/coolcompany.com\/se\/foretag\/\"},{\"@type\":\"ListItem\",\"position\":2,\"name\":\"V\u00e5rt erbjudande f\u00f6r f\u00f6retag\"}]},{\"@type\":\"WebSite\",\"@id\":\"https:\/\/coolcompany.com\/se\/#website\",\"url\":\"https:\/\/coolcompany.com\/se\/\",\"name\":\"Cool Company Sverige\",\"description\":\"Fakturera utan f\u00f6retag\",\"publisher\":{\"@id\":\"https:\/\/coolcompany.com\/se\/#organization\"},\"potentialAction\":[{\"@type\":\"SearchAction\",\"target\":{\"@type\":\"EntryPoint\",\"urlTemplate\":\"https:\/\/coolcompany.com\/se\/?s={search_term_string}\"},\"query-input\":{\"@type\":\"PropertyValueSpecification\",\"valueRequired\":true,\"valueName\":\"search_term_string\"}}],\"inLanguage\":\"sv-SE\"},{\"@type\":\"Organization\",\"@id\":\"https:\/\/coolcompany.com\/se\/#organization\",\"name\":\"Cool Company\",\"url\":\"https:\/\/coolcompany.com\/se\/\",\"logo\":{\"@type\":\"ImageObject\",\"inLanguage\":\"sv-SE\",\"@id\":\"https:\/\/coolcompany.com\/se\/#\/schema\/logo\/image\/\",\"url\":\"https:\/\/coolcompany.com\/se\/wp-content\/uploads\/sites\/2\/2020\/01\/cc-logotype-horizontal.svg\",\"contentUrl\":\"https:\/\/coolcompany.com\/se\/wp-content\/uploads\/sites\/2\/2020\/01\/cc-logotype-horizontal.svg\",\"width\":\"1024\",\"height\":\"1024\",\"caption\":\"Cool Company\"},\"image\":{\"@id\":\"https:\/\/coolcompany.com\/se\/#\/schema\/logo\/image\/\"}}]}<\/script>\n<!-- \/ Yoast SEO Premium plugin. -->","yoast_head_json":{"title":"V\u00e5rt erbjudande f\u00f6r f\u00f6retag - Cool Company","description":"Skr\u00e4ddarsy dina personalbehov genom extern arbetskraft. V\u00e5rt erbjudande hj\u00e4lper ditt f\u00f6retag att hitta frilansare med r\u00e4tt kompetens.","robots":{"index":"index","follow":"follow","max-snippet":"max-snippet:-1","max-image-preview":"max-image-preview:large","max-video-preview":"max-video-preview:-1"},"canonical":"https:\/\/coolcompany.com\/se\/foretag\/vart-erbjudande\/","og_locale":"sv_SE","og_type":"article","og_title":"V\u00e5rt erbjudande f\u00f6r f\u00f6retag","og_description":"Skr\u00e4ddarsy dina personalbehov genom extern arbetskraft. V\u00e5rt erbjudande hj\u00e4lper ditt f\u00f6retag att hitta frilansare med r\u00e4tt kompetens.","og_url":"https:\/\/coolcompany.com\/se\/foretag\/vart-erbjudande\/","og_site_name":"Cool Company Sverige","article_modified_time":"2024-04-16T13:09:15+00:00","og_image":[{"url":"https:\/\/coolcompany.com\/se\/wp-content\/uploads\/sites\/2\/2022\/02\/frilansare-jobbar-fran-cafe.png","type":"","width":"","height":""}],"twitter_card":"summary_large_image","twitter_misc":{"Ber\u00e4knad l\u00e4stid":"2 minuter"},"schema":{"@context":"https:\/\/schema.org","@graph":[{"@type":"WebPage","@id":"https:\/\/coolcompany.com\/se\/foretag\/vart-erbjudande\/","url":"https:\/\/coolcompany.com\/se\/foretag\/vart-erbjudande\/","name":"V\u00e5rt erbjudande f\u00f6r f\u00f6retag - Cool Company","isPartOf":{"@id":"https:\/\/coolcompany.com\/se\/#website"},"primaryImageOfPage":{"@id":"https:\/\/coolcompany.com\/se\/foretag\/vart-erbjudande\/#primaryimage"},"image":{"@id":"https:\/\/coolcompany.com\/se\/foretag\/vart-erbjudande\/#primaryimage"},"thumbnailUrl":"https:\/\/coolcompany.com\/se\/wp-content\/uploads\/sites\/2\/2022\/02\/frilansare-jobbar-fran-cafe.png","datePublished":"2020-02-09T21:13:17+00:00","dateModified":"2024-04-16T13:09:15+00:00","description":"Skr\u00e4ddarsy dina personalbehov genom extern arbetskraft. V\u00e5rt erbjudande hj\u00e4lper ditt f\u00f6retag att hitta frilansare med r\u00e4tt kompetens.","breadcrumb":{"@id":"https:\/\/coolcompany.com\/se\/foretag\/vart-erbjudande\/#breadcrumb"},"inLanguage":"sv-SE","potentialAction":[{"@type":"ReadAction","target":["https:\/\/coolcompany.com\/se\/foretag\/vart-erbjudande\/"]}]},{"@type":"ImageObject","inLanguage":"sv-SE","@id":"https:\/\/coolcompany.com\/se\/foretag\/vart-erbjudande\/#primaryimage","url":"https:\/\/coolcompany.com\/se\/wp-content\/uploads\/sites\/2\/2022\/02\/frilansare-jobbar-fran-cafe.png","contentUrl":"https:\/\/coolcompany.com\/se\/wp-content\/uploads\/sites\/2\/2022\/02\/frilansare-jobbar-fran-cafe.png","width":584,"height":618},{"@type":"BreadcrumbList","@id":"https:\/\/coolcompany.com\/se\/foretag\/vart-erbjudande\/#breadcrumb","itemListElement":[{"@type":"ListItem","position":1,"name":"F\u00f6retag","item":"https:\/\/coolcompany.com\/se\/foretag\/"},{"@type":"ListItem","position":2,"name":"V\u00e5rt erbjudande f\u00f6r f\u00f6retag"}]},{"@type":"WebSite","@id":"https:\/\/coolcompany.com\/se\/#website","url":"https:\/\/coolcompany.com\/se\/","name":"Cool Company Sverige","description":"Fakturera utan f\u00f6retag","publisher":{"@id":"https:\/\/coolcompany.com\/se\/#organization"},"potentialAction":[{"@type":"SearchAction","target":{"@type":"EntryPoint","urlTemplate":"https:\/\/coolcompany.com\/se\/?s={search_term_string}"},"query-input":{"@type":"PropertyValueSpecification","valueRequired":true,"valueName":"search_term_string"}}],"inLanguage":"sv-SE"},{"@type":"Organization","@id":"https:\/\/coolcompany.com\/se\/#organization","name":"Cool Company","url":"https:\/\/coolcompany.com\/se\/","logo":{"@type":"ImageObject","inLanguage":"sv-SE","@id":"https:\/\/coolcompany.com\/se\/#\/schema\/logo\/image\/","url":"https:\/\/coolcompany.com\/se\/wp-content\/uploads\/sites\/2\/2020\/01\/cc-logotype-horizontal.svg","contentUrl":"https:\/\/coolcompany.com\/se\/wp-content\/uploads\/sites\/2\/2020\/01\/cc-logotype-horizontal.svg","width":"1024","height":"1024","caption":"Cool Company"},"image":{"@id":"https:\/\/coolcompany.com\/se\/#\/schema\/logo\/image\/"}}]}},"lang":"sv","translations":{"sv":1163},"pll_sync_post":[],"_links":{"self":[{"href":"https:\/\/coolcompany.com\/se\/wp-json\/wp\/v2\/pages\/1163","targetHints":{"allow":["GET"]}}],"collection":[{"href":"https:\/\/coolcompany.com\/se\/wp-json\/wp\/v2\/pages"}],"about":[{"href":"https:\/\/coolcompany.com\/se\/wp-json\/wp\/v2\/types\/page"}],"author":[{"embeddable":true,"href":"https:\/\/coolcompany.com\/se\/wp-json\/wp\/v2\/users\/1"}],"replies":[{"embeddable":true,"href":"https:\/\/coolcompany.com\/se\/wp-json\/wp\/v2\/comments?post=1163"}],"version-history":[{"count":0,"href":"https:\/\/coolcompany.com\/se\/wp-json\/wp\/v2\/pages\/1163\/revisions"}],"up":[{"embeddable":true,"href":"https:\/\/coolcompany.com\/se\/wp-json\/wp\/v2\/pages\/1066"}],"wp:attachment":[{"href":"https:\/\/coolcompany.com\/se\/wp-json\/wp\/v2\/media?parent=1163"}],"wp:term":[{"taxonomy":"category","embeddable":true,"href":"https:\/\/coolcompany.com\/se\/wp-json\/wp\/v2\/categories?post=1163"},{"taxonomy":"post_tag","embeddable":true,"href":"https:\/\/coolcompany.com\/se\/wp-json\/wp\/v2\/tags?post=1163"}],"curies":[{"name":"wp","href":"https:\/\/api.w.org\/{rel}","templated":true}]}}