{"id":10626,"date":"2022-10-14T13:24:20","date_gmt":"2022-10-14T13:24:20","guid":{"rendered":"https:\/\/coolcompany.com\/se\/?page_id=10626"},"modified":"2023-05-04T10:26:58","modified_gmt":"2023-05-04T10:26:58","slug":"guider-och-information","status":"publish","type":"page","link":"https:\/\/coolcompany.com\/se\/foretag\/guider-och-information\/","title":{"rendered":"Guider och information"},"content":{"rendered":"\n<section class=\"wp-block-coolcompany-section has-green-10-background-color has-background has-green-10-background-color has-background\">\n<div class=\"wp-block-columns are-vertically-aligned-center is-style-right-image is-layout-flex wp-container-core-columns-is-layout-9d6595d7 wp-block-columns-is-layout-flex\">\n<div class=\"wp-block-column is-vertically-aligned-center is-layout-flow wp-block-column-is-layout-flow\"><div class=\"breadcrumbs align  wp-block-bcn-breadcrumb-trail has-text-color has-background\" vocab=\"https:\/\/schema.org\/\" typeof=\"BreadcrumbList\">\n\t<span><\/span>\n\t<\/div>\n\n\n\n<h1 class=\"wp-block-heading\" id=\"h-guider-och-information\">Guider och information<\/h1>\n\n\n\n<p>Hur fungerar det att som f\u00f6retag arbeta med frilansare eller konsulter? \u00c4r det n\u00e5gon skillnad mellan <a href=\"https:\/\/coolcompany.com\/se\/foretag\/fakturaservice\/\" target=\"_blank\" rel=\"noreferrer noopener\">fakturaservice<\/a> och l\u00f6neservice och vad betyder egentligen de olika begreppen? H\u00e4r rotar vi i verktygsl\u00e5dan och samlar guider och information f\u00f6r dig som redan arbetar eller planerar att arbeta med frilansare.<\/p>\n<\/div>\n\n\n\n<div class=\"wp-block-column is-vertically-aligned-center is-layout-flow wp-block-column-is-layout-flow\">\n<figure class=\"wp-block-image size-full\"><img decoding=\"async\" src=\"https:\/\/coolcompany.com\/se\/wp-content\/uploads\/sites\/2\/2021\/05\/acc1.png\" alt=\"V\u00e5rt erbjudande\" class=\"wp-image-8427\" srcset=\"https:\/\/coolcompany.com\/se\/wp-content\/uploads\/sites\/2\/2021\/05\/acc1.png 615w, https:\/\/coolcompany.com\/se\/wp-content\/uploads\/sites\/2\/2021\/05\/acc1-300x260.png 300w, https:\/\/coolcompany.com\/se\/wp-content\/uploads\/sites\/2\/2021\/05\/acc1-480x416.png 480w\" sizes=\"(max-width: 615px) 100vw, 615px\" \/><\/figure>\n<\/div>\n<\/div>\n<\/section>\n\n\n\n<div class=\"wp-block-coolcompany-separator is-style-default has-green-10-background-color has-background has-green-10-background-color has-background\"><svg width=\"100%\" viewBox=\"0 0 1600 60\" fill=\"none\" xmlns=\"https:\/\/www.w3.org\/2000\/svg\" aria-hidden=\"true\"><path fill=\"#ffffff\" d=\"M0 0L29.6667 1.75612C59.5 3.36587 118.833 6.87807 178 12C237.167 17.122 296.167 23.8537 355.333 22.6829C414.5 21.5122 473.833 12.1464 533.333 9.07319C592.833 5.85368 652.167 8.78051 711.333 11.2683C770.5 13.6098 829.5 15.6585 888.667 18.7317C947.833 21.9512 1007.17 26.3415 1066.67 27.8049C1126.17 29.2683 1185.5 27.8049 1244.67 23.7073C1303.83 19.4634 1362.83 12.7317 1422 8.34148C1481.17 3.95124 1540.5 1.90246 1570.33 1.02441L1600 0V60H1570.33C1540.5 60 1481.17 60 1422 60C1362.83 60 1303.83 60 1244.67 60C1185.5 60 1126.17 60 1066.67 60C1007.17 60 947.833 60 888.667 60C829.5 60 770.5 60 711.333 60C652.167 60 592.833 60 533.333 60C473.833 60 414.5 60 355.333 60C296.167 60 237.167 60 178 60C118.833 60 59.5 60 29.6667 60H0V0Z\"><\/path><\/svg><\/div>\n\n\n\n<section class=\"wp-block-coolcompany-section has-white-background-color has-background has-white-background-color has-background\">\n<div class=\"wp-block-columns is-style-columns1 is-layout-flex wp-container-core-columns-is-layout-9d6595d7 wp-block-columns-is-layout-flex\">\n<div class=\"wp-block-column is-vertically-aligned-top is-layout-flow wp-block-column-is-layout-flow\">\n<h2 class=\"has-text-align-center wp-block-heading\">Att anst\u00e4lla eller att inte anst\u00e4lla?<\/h2>\n\n\n\n<p class=\"has-text-align-center\">Det \u00e4r fr\u00e5gan! Klassiskt har en anst\u00e4llning varit det man sett som det vanliga i Sverige, medan andra arbetsformer kanske setts som mer tempor\u00e4ra. Men arbetsmarknaden f\u00f6r\u00e4ndras och det finns m\u00e5nga anledningar till att fundera p\u00e5 om anst\u00e4llning \u00e4r det b\u00e4sta alternativet. Det kan vara smidigare p\u00e5 m\u00e5nga s\u00e4tt att anv\u00e4nda sig av frilansare eller konsulter ist\u00e4llet f\u00f6r att anst\u00e4lla personal &#8211; b\u00e5de f\u00f6r arbetsgivaren och arbetstagaren. <\/p>\n\n\n\n<p class=\"has-text-align-center\">H\u00e4r har vi samlat matnyttig information om du st\u00e5r i valet och kvalet att anst\u00e4lla eller hyra in personal, eller om du helt enkelt \u00e4r nyfiken p\u00e5 skillnaderna. <\/p>\n<\/div>\n<\/div>\n\n\n\n<div class=\"wp-block-columns is-style-columns3 is-layout-flex wp-container-core-columns-is-layout-9d6595d7 wp-block-columns-is-layout-flex\">\n<div class=\"wp-block-column has-white-background-color has-background is-layout-flow wp-block-column-is-layout-flow\">\n<p><\/p>\n\n\n\n<h3 class=\"has-text-align-center is-style-preamble wp-block-heading\" id=\"h-konsult-eller-anstalld\"><a href=\"https:\/\/coolcompany.com\/se\/karriar\/konsult-eller-anstalld\/\" target=\"_blank\" rel=\"noreferrer noopener\">Konsult eller anst\u00e4lld?<\/a><\/h3>\n<\/div>\n\n\n\n<div class=\"wp-block-column has-white-background-color has-background is-layout-flow wp-block-column-is-layout-flow\">\n<p><\/p>\n\n\n\n<h3 class=\"has-text-align-center is-style-preamble wp-block-heading\" id=\"h-vad-kostar-en-anstalld\"><a href=\"https:\/\/coolcompany.com\/se\/foretag\/vad-kostar-en-anstalld\/\" target=\"_blank\" rel=\"noreferrer noopener\">Vad kostar en anst\u00e4lld? <\/a><\/h3>\n<\/div>\n\n\n\n<div class=\"wp-block-column has-white-background-color has-background is-layout-flow wp-block-column-is-layout-flow\">\n<p><\/p>\n\n\n\n<h3 class=\"has-text-align-center is-style-preamble wp-block-heading\" id=\"h-vad-kostar-inhyrd-personal\"><a href=\"https:\/\/coolcompany.com\/se\/foretag\/vad-kostar-inhyrd-personal\/\">Vad kostar inhyrd personal?<\/a><a href=\"https:\/\/coolcompany.com\/se\/foretag\/vad-kostar-en-anstalld\/\" target=\"_blank\" rel=\"noreferrer noopener\"> <\/a><\/h3>\n<\/div>\n<\/div>\n\n\n\n<div class=\"wp-block-columns is-style-columns3 is-layout-flex wp-container-core-columns-is-layout-9d6595d7 wp-block-columns-is-layout-flex\">\n<div class=\"wp-block-column has-white-background-color has-background is-layout-flow wp-block-column-is-layout-flow\">\n<p><\/p>\n\n\n\n<h3 class=\"has-text-align-center is-style-preamble wp-block-heading\" id=\"h-vad-ar-personalhantering\"><a href=\"https:\/\/coolcompany.com\/se\/karriar\/konsult-eller-anstalld\/\" target=\"_blank\" rel=\"noreferrer noopener\">Vad \u00e4r personalhantering?<\/a><\/h3>\n<\/div>\n\n\n\n<div class=\"wp-block-column has-white-background-color has-background is-layout-flow wp-block-column-is-layout-flow\">\n<p><\/p>\n\n\n\n<h3 class=\"has-text-align-center is-style-preamble wp-block-heading\" id=\"h-vad-ar-sasongsanstallning\"><a href=\"https:\/\/coolcompany.com\/se\/foretag\/sasongsanstallning\/\" target=\"_blank\" rel=\"noreferrer noopener\">Vad \u00e4r s\u00e4songsanst\u00e4llning?<\/a><\/h3>\n<\/div>\n<\/div>\n<\/section>\n\n\n\n<div class=\"wp-block-coolcompany-separator is-style-has-shadow\"><svg width=\"100%\" viewBox=\"0 0 1600 60\" fill=\"none\" xmlns=\"https:\/\/www.w3.org\/2000\/svg\" aria-hidden=\"true\"><path fill=\"#ffffff\" d=\"M0 0L29.6667 1.75612C59.5 3.36587 118.833 6.87807 178 12C237.167 17.122 296.167 23.8537 355.333 22.6829C414.5 21.5122 473.833 12.1464 533.333 9.07319C592.833 5.85368 652.167 8.78051 711.333 11.2683C770.5 13.6098 829.5 15.6585 888.667 18.7317C947.833 21.9512 1007.17 26.3415 1066.67 27.8049C1126.17 29.2683 1185.5 27.8049 1244.67 23.7073C1303.83 19.4634 1362.83 12.7317 1422 8.34148C1481.17 3.95124 1540.5 1.90246 1570.33 1.02441L1600 0V60H1570.33C1540.5 60 1481.17 60 1422 60C1362.83 60 1303.83 60 1244.67 60C1185.5 60 1126.17 60 1066.67 60C1007.17 60 947.833 60 888.667 60C829.5 60 770.5 60 711.333 60C652.167 60 592.833 60 533.333 60C473.833 60 414.5 60 355.333 60C296.167 60 237.167 60 178 60C118.833 60 59.5 60 29.6667 60H0V0Z\"><\/path><\/svg><\/div>\n\n\n\n<section class=\"wp-block-coolcompany-section has-white-background-color has-background has-white-background-color has-background\">\n<div class=\"wp-block-columns is-style-columns1 is-layout-flex wp-container-core-columns-is-layout-9d6595d7 wp-block-columns-is-layout-flex\">\n<div class=\"wp-block-column is-vertically-aligned-top is-layout-flow wp-block-column-is-layout-flow\">\n<h2 class=\"has-text-align-center wp-block-heading\">Har du koll p\u00e5 begreppen?<\/h2>\n\n\n\n<p class=\"has-text-align-center\">Det finns en hel del begrepp som man h\u00f6r, men kanske inte har full koll p\u00e5 vad de betyder. Outsourcing \u00e4r ett exempel p\u00e5 ett ord som kan dyka upp lite h\u00e4r och d\u00e4r. Men vad betyder det egentligen? H\u00e4r finner du information om olika begrepp!<\/p>\n<\/div>\n<\/div>\n\n\n\n<div class=\"wp-block-columns is-style-columns3 is-layout-flex wp-container-core-columns-is-layout-9d6595d7 wp-block-columns-is-layout-flex\">\n<div class=\"wp-block-column has-white-background-color has-background is-layout-flow wp-block-column-is-layout-flow\">\n<p><\/p>\n\n\n\n<h3 class=\"has-text-align-center is-style-preamble wp-block-heading\" id=\"h-outsourcing\"><a href=\"https:\/\/coolcompany.com\/se\/foretag\/outsourcing\/\" target=\"_blank\" rel=\"noreferrer noopener\">Outsourcing<\/a><\/h3>\n<\/div>\n\n\n\n<div class=\"wp-block-column has-white-background-color has-background is-layout-flow wp-block-column-is-layout-flow\">\n<p><\/p>\n\n\n\n<h3 class=\"has-text-align-center is-style-preamble wp-block-heading\" id=\"h-loneoutsourcing\"><a href=\"https:\/\/coolcompany.com\/se\/foretag\/loneoutsourcing\/\" target=\"_blank\" rel=\"noreferrer noopener\">L\u00f6neoutsourcing <\/a><\/h3>\n<\/div>\n\n\n\n<div class=\"wp-block-column has-white-background-color has-background is-layout-flow wp-block-column-is-layout-flow\">\n<p><\/p>\n\n\n\n<h3 class=\"has-text-align-center is-style-preamble wp-block-heading\" id=\"h-loneservice\"><a href=\"https:\/\/coolcompany.com\/se\/foretag\/loneservice\/\" target=\"_blank\" rel=\"noreferrer noopener\">L\u00f6neservice<\/a><\/h3>\n<\/div>\n<\/div>\n<\/section>\n\n\n\n<section class=\"wp-block-coolcompany-section has-light-green-background-color has-background has-light-green-background-color has-background\">\n<div class=\"wp-block-columns is-style-columns1 is-layout-flex wp-container-core-columns-is-layout-9d6595d7 wp-block-columns-is-layout-flex\">\n<div class=\"wp-block-column is-vertically-aligned-top is-layout-flow wp-block-column-is-layout-flow\">\n<h2 class=\"has-text-align-center wp-block-heading\" id=\"h-borja-jobba-med-frilansare\">B\u00f6rja jobba med frilansare<\/h2>\n\n\n\n<p class=\"has-text-align-center\">K\u00e4nner du dig redo att arbeta med frilansare eller konsulter? L\u00e4s mer om v\u00e5rt erbjudande f\u00f6r f\u00f6retag! <\/p>\n\n\n\n<div class=\"wp-block-buttons is-horizontal is-content-justification-center is-layout-flex wp-container-core-buttons-is-layout-499968f5 wp-block-buttons-is-layout-flex\">\n<div class=\"wp-block-button is-style-secondary\"><a class=\"wp-block-button__link wp-element-button\" href=\"https:\/\/coolcompany.com\/se\/foretag\/vart-erbjudande\/\">v\u00e5rt erbjudande<\/a><\/div>\n<\/div>\n<\/div>\n<\/div>\n<\/section>\n","protected":false},"excerpt":{"rendered":"<p>Anlita frilansare eller anst\u00e4lla? Vad betyder alla begrepp? H\u00e4r har vi samlat ett antal guider och information f\u00f6r dig som hanterar personal. <\/p>\n","protected":false},"author":1,"featured_media":8427,"parent":1066,"menu_order":0,"comment_status":"closed","ping_status":"closed","template":"singular.php","meta":{"footnotes":""},"categories":[],"tags":[],"class_list":["post-10626","page","type-page","status-publish","has-post-thumbnail","hentry"],"yoast_head":"<!-- This site is optimized with the Yoast SEO Premium plugin v25.2 (Yoast SEO v27.0) - https:\/\/yoast.com\/product\/yoast-seo-premium-wordpress\/ -->\n<title>Guider och information - Cool Company<\/title>\n<meta name=\"description\" content=\"Anlita frilansare eller anst\u00e4lla? Vad betyder alla begrepp? H\u00e4r har vi samlat ett antal guider och information f\u00f6r dig som hanterar personal.\" \/>\n<meta name=\"robots\" content=\"index, follow, max-snippet:-1, max-image-preview:large, max-video-preview:-1\" \/>\n<link rel=\"canonical\" href=\"https:\/\/coolcompany.com\/se\/foretag\/guider-och-information\/\" \/>\n<meta property=\"og:locale\" content=\"sv_SE\" \/>\n<meta property=\"og:type\" content=\"article\" \/>\n<meta property=\"og:title\" content=\"Guider och information\" \/>\n<meta property=\"og:description\" content=\"Anlita frilansare eller anst\u00e4lla? Vad betyder alla begrepp? H\u00e4r har vi samlat ett antal guider och information f\u00f6r dig som hanterar personal.\" \/>\n<meta property=\"og:url\" content=\"https:\/\/coolcompany.com\/se\/foretag\/guider-och-information\/\" \/>\n<meta property=\"og:site_name\" content=\"Cool Company Sverige\" \/>\n<meta property=\"article:modified_time\" content=\"2023-05-04T10:26:58+00:00\" \/>\n<meta property=\"og:image\" content=\"https:\/\/coolcompany.com\/se\/wp-content\/uploads\/sites\/2\/2021\/05\/acc1.png\" \/>\n\t<meta property=\"og:image:width\" content=\"615\" \/>\n\t<meta property=\"og:image:height\" content=\"533\" \/>\n\t<meta property=\"og:image:type\" content=\"image\/png\" \/>\n<meta name=\"twitter:card\" content=\"summary_large_image\" \/>\n<meta name=\"twitter:label1\" content=\"Ber\u00e4knad l\u00e4stid\" \/>\n\t<meta name=\"twitter:data1\" content=\"2 minuter\" \/>\n<script type=\"application\/ld+json\" class=\"yoast-schema-graph\">{\"@context\":\"https:\/\/schema.org\",\"@graph\":[{\"@type\":\"WebPage\",\"@id\":\"https:\/\/coolcompany.com\/se\/foretag\/guider-och-information\/\",\"url\":\"https:\/\/coolcompany.com\/se\/foretag\/guider-och-information\/\",\"name\":\"Guider och information - Cool Company\",\"isPartOf\":{\"@id\":\"https:\/\/coolcompany.com\/se\/#website\"},\"primaryImageOfPage\":{\"@id\":\"https:\/\/coolcompany.com\/se\/foretag\/guider-och-information\/#primaryimage\"},\"image\":{\"@id\":\"https:\/\/coolcompany.com\/se\/foretag\/guider-och-information\/#primaryimage\"},\"thumbnailUrl\":\"https:\/\/coolcompany.com\/se\/wp-content\/uploads\/sites\/2\/2021\/05\/acc1.png\",\"datePublished\":\"2022-10-14T13:24:20+00:00\",\"dateModified\":\"2023-05-04T10:26:58+00:00\",\"description\":\"Anlita frilansare eller anst\u00e4lla? Vad betyder alla begrepp? H\u00e4r har vi samlat ett antal guider och information f\u00f6r dig som hanterar personal.\",\"breadcrumb\":{\"@id\":\"https:\/\/coolcompany.com\/se\/foretag\/guider-och-information\/#breadcrumb\"},\"inLanguage\":\"sv-SE\",\"potentialAction\":[{\"@type\":\"ReadAction\",\"target\":[\"https:\/\/coolcompany.com\/se\/foretag\/guider-och-information\/\"]}]},{\"@type\":\"ImageObject\",\"inLanguage\":\"sv-SE\",\"@id\":\"https:\/\/coolcompany.com\/se\/foretag\/guider-och-information\/#primaryimage\",\"url\":\"https:\/\/coolcompany.com\/se\/wp-content\/uploads\/sites\/2\/2021\/05\/acc1.png\",\"contentUrl\":\"https:\/\/coolcompany.com\/se\/wp-content\/uploads\/sites\/2\/2021\/05\/acc1.png\",\"width\":615,\"height\":533,\"caption\":\"V\u00e5rt erbjudande\"},{\"@type\":\"BreadcrumbList\",\"@id\":\"https:\/\/coolcompany.com\/se\/foretag\/guider-och-information\/#breadcrumb\",\"itemListElement\":[{\"@type\":\"ListItem\",\"position\":1,\"name\":\"F\u00f6retag\",\"item\":\"https:\/\/coolcompany.com\/se\/foretag\/\"},{\"@type\":\"ListItem\",\"position\":2,\"name\":\"Guider och information\"}]},{\"@type\":\"WebSite\",\"@id\":\"https:\/\/coolcompany.com\/se\/#website\",\"url\":\"https:\/\/coolcompany.com\/se\/\",\"name\":\"Cool Company Sverige\",\"description\":\"Fakturera utan f\u00f6retag\",\"publisher\":{\"@id\":\"https:\/\/coolcompany.com\/se\/#organization\"},\"potentialAction\":[{\"@type\":\"SearchAction\",\"target\":{\"@type\":\"EntryPoint\",\"urlTemplate\":\"https:\/\/coolcompany.com\/se\/?s={search_term_string}\"},\"query-input\":{\"@type\":\"PropertyValueSpecification\",\"valueRequired\":true,\"valueName\":\"search_term_string\"}}],\"inLanguage\":\"sv-SE\"},{\"@type\":\"Organization\",\"@id\":\"https:\/\/coolcompany.com\/se\/#organization\",\"name\":\"Cool Company\",\"url\":\"https:\/\/coolcompany.com\/se\/\",\"logo\":{\"@type\":\"ImageObject\",\"inLanguage\":\"sv-SE\",\"@id\":\"https:\/\/coolcompany.com\/se\/#\/schema\/logo\/image\/\",\"url\":\"https:\/\/coolcompany.com\/se\/wp-content\/uploads\/sites\/2\/2020\/01\/cc-logotype-horizontal.svg\",\"contentUrl\":\"https:\/\/coolcompany.com\/se\/wp-content\/uploads\/sites\/2\/2020\/01\/cc-logotype-horizontal.svg\",\"width\":\"1024\",\"height\":\"1024\",\"caption\":\"Cool Company\"},\"image\":{\"@id\":\"https:\/\/coolcompany.com\/se\/#\/schema\/logo\/image\/\"}}]}<\/script>\n<!-- \/ Yoast SEO Premium plugin. -->","yoast_head_json":{"title":"Guider och information - Cool Company","description":"Anlita frilansare eller anst\u00e4lla? Vad betyder alla begrepp? H\u00e4r har vi samlat ett antal guider och information f\u00f6r dig som hanterar personal.","robots":{"index":"index","follow":"follow","max-snippet":"max-snippet:-1","max-image-preview":"max-image-preview:large","max-video-preview":"max-video-preview:-1"},"canonical":"https:\/\/coolcompany.com\/se\/foretag\/guider-och-information\/","og_locale":"sv_SE","og_type":"article","og_title":"Guider och information","og_description":"Anlita frilansare eller anst\u00e4lla? Vad betyder alla begrepp? H\u00e4r har vi samlat ett antal guider och information f\u00f6r dig som hanterar personal.","og_url":"https:\/\/coolcompany.com\/se\/foretag\/guider-och-information\/","og_site_name":"Cool Company Sverige","article_modified_time":"2023-05-04T10:26:58+00:00","og_image":[{"width":615,"height":533,"url":"https:\/\/coolcompany.com\/se\/wp-content\/uploads\/sites\/2\/2021\/05\/acc1.png","type":"image\/png"}],"twitter_card":"summary_large_image","twitter_misc":{"Ber\u00e4knad l\u00e4stid":"2 minuter"},"schema":{"@context":"https:\/\/schema.org","@graph":[{"@type":"WebPage","@id":"https:\/\/coolcompany.com\/se\/foretag\/guider-och-information\/","url":"https:\/\/coolcompany.com\/se\/foretag\/guider-och-information\/","name":"Guider och information - Cool Company","isPartOf":{"@id":"https:\/\/coolcompany.com\/se\/#website"},"primaryImageOfPage":{"@id":"https:\/\/coolcompany.com\/se\/foretag\/guider-och-information\/#primaryimage"},"image":{"@id":"https:\/\/coolcompany.com\/se\/foretag\/guider-och-information\/#primaryimage"},"thumbnailUrl":"https:\/\/coolcompany.com\/se\/wp-content\/uploads\/sites\/2\/2021\/05\/acc1.png","datePublished":"2022-10-14T13:24:20+00:00","dateModified":"2023-05-04T10:26:58+00:00","description":"Anlita frilansare eller anst\u00e4lla? Vad betyder alla begrepp? H\u00e4r har vi samlat ett antal guider och information f\u00f6r dig som hanterar personal.","breadcrumb":{"@id":"https:\/\/coolcompany.com\/se\/foretag\/guider-och-information\/#breadcrumb"},"inLanguage":"sv-SE","potentialAction":[{"@type":"ReadAction","target":["https:\/\/coolcompany.com\/se\/foretag\/guider-och-information\/"]}]},{"@type":"ImageObject","inLanguage":"sv-SE","@id":"https:\/\/coolcompany.com\/se\/foretag\/guider-och-information\/#primaryimage","url":"https:\/\/coolcompany.com\/se\/wp-content\/uploads\/sites\/2\/2021\/05\/acc1.png","contentUrl":"https:\/\/coolcompany.com\/se\/wp-content\/uploads\/sites\/2\/2021\/05\/acc1.png","width":615,"height":533,"caption":"V\u00e5rt erbjudande"},{"@type":"BreadcrumbList","@id":"https:\/\/coolcompany.com\/se\/foretag\/guider-och-information\/#breadcrumb","itemListElement":[{"@type":"ListItem","position":1,"name":"F\u00f6retag","item":"https:\/\/coolcompany.com\/se\/foretag\/"},{"@type":"ListItem","position":2,"name":"Guider och information"}]},{"@type":"WebSite","@id":"https:\/\/coolcompany.com\/se\/#website","url":"https:\/\/coolcompany.com\/se\/","name":"Cool Company Sverige","description":"Fakturera utan f\u00f6retag","publisher":{"@id":"https:\/\/coolcompany.com\/se\/#organization"},"potentialAction":[{"@type":"SearchAction","target":{"@type":"EntryPoint","urlTemplate":"https:\/\/coolcompany.com\/se\/?s={search_term_string}"},"query-input":{"@type":"PropertyValueSpecification","valueRequired":true,"valueName":"search_term_string"}}],"inLanguage":"sv-SE"},{"@type":"Organization","@id":"https:\/\/coolcompany.com\/se\/#organization","name":"Cool Company","url":"https:\/\/coolcompany.com\/se\/","logo":{"@type":"ImageObject","inLanguage":"sv-SE","@id":"https:\/\/coolcompany.com\/se\/#\/schema\/logo\/image\/","url":"https:\/\/coolcompany.com\/se\/wp-content\/uploads\/sites\/2\/2020\/01\/cc-logotype-horizontal.svg","contentUrl":"https:\/\/coolcompany.com\/se\/wp-content\/uploads\/sites\/2\/2020\/01\/cc-logotype-horizontal.svg","width":"1024","height":"1024","caption":"Cool Company"},"image":{"@id":"https:\/\/coolcompany.com\/se\/#\/schema\/logo\/image\/"}}]}},"lang":"sv","translations":{"sv":10626},"pll_sync_post":[],"_links":{"self":[{"href":"https:\/\/coolcompany.com\/se\/wp-json\/wp\/v2\/pages\/10626","targetHints":{"allow":["GET"]}}],"collection":[{"href":"https:\/\/coolcompany.com\/se\/wp-json\/wp\/v2\/pages"}],"about":[{"href":"https:\/\/coolcompany.com\/se\/wp-json\/wp\/v2\/types\/page"}],"author":[{"embeddable":true,"href":"https:\/\/coolcompany.com\/se\/wp-json\/wp\/v2\/users\/1"}],"replies":[{"embeddable":true,"href":"https:\/\/coolcompany.com\/se\/wp-json\/wp\/v2\/comments?post=10626"}],"version-history":[{"count":0,"href":"https:\/\/coolcompany.com\/se\/wp-json\/wp\/v2\/pages\/10626\/revisions"}],"up":[{"embeddable":true,"href":"https:\/\/coolcompany.com\/se\/wp-json\/wp\/v2\/pages\/1066"}],"wp:featuredmedia":[{"embeddable":true,"href":"https:\/\/coolcompany.com\/se\/wp-json\/wp\/v2\/media\/8427"}],"wp:attachment":[{"href":"https:\/\/coolcompany.com\/se\/wp-json\/wp\/v2\/media?parent=10626"}],"wp:term":[{"taxonomy":"category","embeddable":true,"href":"https:\/\/coolcompany.com\/se\/wp-json\/wp\/v2\/categories?post=10626"},{"taxonomy":"post_tag","embeddable":true,"href":"https:\/\/coolcompany.com\/se\/wp-json\/wp\/v2\/tags?post=10626"}],"curies":[{"name":"wp","href":"https:\/\/api.w.org\/{rel}","templated":true}]}}