{"id":10441,"date":"2022-06-30T09:01:04","date_gmt":"2022-06-30T09:01:04","guid":{"rendered":"https:\/\/coolcompany.com\/se\/?page_id=10441"},"modified":"2026-04-08T13:47:42","modified_gmt":"2026-04-08T13:47:42","slug":"contact-us","status":"publish","type":"page","link":"https:\/\/coolcompany.com\/se\/en\/business\/contact-us\/","title":{"rendered":"Contact us"},"content":{"rendered":"\n<section class=\"wp-block-coolcompany-section has-green-10-background-color has-background\">\n<div class=\"wp-block-columns are-vertically-aligned-center is-style-right-image is-layout-flex wp-container-core-columns-is-layout-9d6595d7 wp-block-columns-is-layout-flex\">\n<div class=\"wp-block-column is-vertically-aligned-center is-layout-flow wp-block-column-is-layout-flow\"><div class=\"breadcrumbs align  wp-block-bcn-breadcrumb-trail has-text-color has-background\" vocab=\"https:\/\/schema.org\/\" typeof=\"BreadcrumbList\">\n\t<span><\/span>\n\t<\/div>\n\n\n\n<h2 class=\"wp-block-heading\" id=\"h-contact-us\">Contact Us<\/h2>\n\n\n\n<p>All companies look different and have different needs. We adapt and tailor our company offers to you.<\/p>\n\n\n\n<p>To get in touch, you can either fill in the form next to this or email us directly at <a href=\"mailto:partner@coolcompany.se\">partner@coolcompany.se<\/a> <\/p>\n\n\n\n<div style=\"height:42px\" aria-hidden=\"true\" class=\"wp-block-spacer\"><\/div>\n\n\n\n<div class=\"wp-block-group make-flex is-layout-flow wp-block-group-is-layout-flow\">\n<div class=\"wp-block-coolcompany-contactcard is-style-vertical\"><img decoding=\"async\" class=\"card-img\" id=\"11543\" src=\"https:\/\/coolcompany.com\/se\/wp-content\/uploads\/sites\/2\/2023\/06\/Viktor.png\" alt=\"\"\/><div class=\"contactcard-info\"><h3 class=\"contactcard__name\">Viktor Kron<\/h3><p class=\"contactcard__title\">Key Account Manager<br><\/p><p class=\"contactcard__contact\"><a href=\"tel:076-174 50 67\">tel:076-174 50 67<\/a><\/p><\/div><\/div>\n\n\n\n<div class=\"wp-block-coolcompany-contactcard is-style-vertical\"><img decoding=\"async\" class=\"card-img\" id=\"11542\" src=\"https:\/\/coolcompany.com\/se\/wp-content\/uploads\/sites\/2\/2023\/06\/Henrik.png\" alt=\"\"\/><div class=\"contactcard-info\"><h3 class=\"contactcard__name\">Henrik Philips<\/h3><p class=\"contactcard__title\">Head of CDM &amp; Sales Manager B2B<br><\/p><p class=\"contactcard__contact\"><a href=\"tel:076-025 69 40\">tel:076-025 69 40<\/a><\/p><\/div><\/div>\n\n\n\n<div class=\"wp-block-coolcompany-contactcard is-style-vertical\"><img decoding=\"async\" class=\"card-img\" id=\"12995\" src=\"https:\/\/coolcompany.com\/se\/wp-content\/uploads\/sites\/2\/2026\/04\/Erica-Olofsson_2.png\" alt=\"\"\/><div class=\"contactcard-info\"><h3 class=\"contactcard__name\">Erica Olofsson<\/h3><p class=\"contactcard__title\">Customer Delivery &amp; <br>Onboarding Coordinator<\/p><p class=\"contactcard__contact\"><\/p><\/div><\/div>\n<\/div>\n\n\n\n<div class=\"wp-block-group make-flex is-layout-flow wp-block-group-is-layout-flow\">\n<div class=\"wp-block-coolcompany-contactcard is-style-vertical\"><img decoding=\"async\" class=\"card-img\" id=\"10444\" src=\"https:\/\/coolcompany.com\/se\/wp-content\/uploads\/sites\/2\/2022\/06\/Anna-scaled.jpg\" alt=\"\"\/><div class=\"contactcard-info\"><h3 class=\"contactcard__name\">Anna Lindqvist<\/h3><p class=\"contactcard__title\">Senior Business Developer<\/p><p class=\"contactcard__contact\"><a href=\"tel:073-358 92 88\">tel:073-358 92 88<\/a><\/p><\/div><\/div>\n\n\n\n<div class=\"wp-block-coolcompany-contactcard is-style-vertical\"><img decoding=\"async\" class=\"card-img\" id=\"12588\" src=\"https:\/\/coolcompany.com\/se\/wp-content\/uploads\/sites\/2\/2025\/01\/Akvile-rund.png\" alt=\"\"\/><div class=\"contactcard-info\"><h3 class=\"contactcard__name\">Akvile Andri<\/h3><p class=\"contactcard__title\">Development Director &#8211; EOR <\/p><p class=\"contactcard__contact\"><a href=\"tel:073-240 45 96\">tel:073-240 45 96<\/a><br><br><\/p><\/div><\/div>\n<\/div>\n\n\n\n<div style=\"height:100px\" aria-hidden=\"true\" class=\"wp-block-spacer\"><\/div>\n<\/div>\n\n\n\n<div class=\"wp-block-column is-vertically-aligned-center is-layout-flow wp-block-column-is-layout-flow\">\n<div class=\"wp-block-group masked-group is-layout-flow wp-block-group-is-layout-flow\">\n<div class=\"wp-block-group formidable-form-group is-layout-flow wp-block-group-is-layout-flow\">\n<h2 class=\"wp-block-heading has-text-align-center\">Do you want to know more? <\/h2>\n\n\n\n<p class=\"has-text-align-center\">Please contact us for more information.<\/p>\n\n\n<div class=\"frm_forms \" id=\"frm_form_5_container\" data-token=\"afb7cc1304dbe3df492244875c2c0ba0\">\n<form enctype=\"multipart\/form-data\" method=\"post\" class=\"frm-show-form \" id=\"form_contacttest3\" data-token=\"afb7cc1304dbe3df492244875c2c0ba0\">\n<div class=\"frm_form_fields \">\n<fieldset>\n<legend class=\"frm_screen_reader\">Kontakta oss &#8211; EN<\/legend>\r\n\r\n<div class=\"frm_fields_container\">\n<input type=\"hidden\" name=\"frm_action\" value=\"create\" \/>\n<input type=\"hidden\" name=\"form_id\" value=\"5\" \/>\n<input type=\"hidden\" name=\"frm_hide_fields_5\" id=\"frm_hide_fields_5\" value=\"\" \/>\n<input type=\"hidden\" name=\"form_key\" value=\"contacttest3\" \/>\n<input type=\"hidden\" name=\"item_meta[0]\" value=\"\" \/>\n<input type=\"hidden\" id=\"frm_submit_entry_5\" name=\"frm_submit_entry_5\" value=\"fbe739297e\" \/><input type=\"hidden\" name=\"_wp_http_referer\" value=\"\/se\/wp-json\/wp\/v2\/pages\/10441\" \/><div id=\"frm_field_22_container\" class=\"frm_form_field form-field  frm_required_field frm_top_container\">\r\n    <label for=\"field_fa0ss3\" id=\"field_fa0ss3_label\" class=\"frm_primary_label\">Company\r\n        <span class=\"frm_required\" aria-hidden=\"true\">*<\/span>\r\n    <\/label>\r\n    <input type=\"text\" id=\"field_fa0ss3\" name=\"item_meta[22]\" value=\"\"  data-reqmsg=\"Field can not be empty.\" aria-required=\"true\" data-invmsg=\"Text is invalid\" aria-invalid=\"false\"  \/>\r\n    \r\n    \r\n<\/div>\n<div id=\"frm_field_23_container\" class=\"frm_form_field form-field  frm_required_field frm_top_container\">\r\n    <label for=\"field_36epw3\" id=\"field_36epw3_label\" class=\"frm_primary_label\">Your name\r\n        <span class=\"frm_required\" aria-hidden=\"true\">*<\/span>\r\n    <\/label>\r\n    <input type=\"text\" id=\"field_36epw3\" name=\"item_meta[23]\" value=\"\"  data-reqmsg=\"Field can not be empty.\" aria-required=\"true\" data-invmsg=\"Text is invalid\" aria-invalid=\"false\"  \/>\r\n    \r\n    \r\n<\/div>\n<div id=\"frm_field_24_container\" class=\"frm_form_field form-field  frm_required_field frm_top_container\">\r\n    <label for=\"field_yfvg3\" id=\"field_yfvg3_label\" class=\"frm_primary_label\">E-mail\r\n        <span class=\"frm_required\" aria-hidden=\"true\">*<\/span>\r\n    <\/label>\r\n    <input type=\"text\" id=\"field_yfvg3\" name=\"item_meta[24]\" value=\"\"  data-reqmsg=\"Field can not be empty.\" aria-required=\"true\" data-invmsg=\"Text is invalid\" aria-invalid=\"false\"  \/>\r\n    \r\n    \r\n<\/div>\n<div id=\"frm_field_25_container\" class=\"frm_form_field form-field  frm_top_container frm12 frm_first\">\r\n    <label for=\"field_c4y2z3\" id=\"field_c4y2z3_label\" class=\"frm_primary_label\">Message\r\n        <span class=\"frm_required\" aria-hidden=\"true\"><\/span>\r\n    <\/label>\r\n    <textarea name=\"item_meta[25]\" id=\"field_c4y2z3\" rows=\"5\"  placeholder=\"Write your message here...\" data-invmsg=\"Message \u00e4r ogiltigt\" aria-invalid=\"false\"  ><\/textarea>\r\n    \r\n    \r\n<\/div>\n<div id=\"frm_field_26_container\" class=\"frm_form_field form-field  frm_required_field frm_none_container vertical_radio\">\r\n    <div  id=\"field_whcol3_label\" class=\"frm_primary_label\">\r\n        <span class=\"frm_required\" aria-hidden=\"true\">*<\/span>\r\n    <\/div>\r\n    <div class=\"frm_opt_container\" aria-labelledby=\"field_whcol3_label\" role=\"group\">\t\t<div class=\"frm_checkbox\" id=\"frm_checkbox_26-0\">\t\t\t<label  for=\"field_whcol3-0\">\n\t\t\t<input type=\"checkbox\" name=\"item_meta[26][]\" id=\"field_whcol3-0\" value=\"&lt;span style=&#039;inline-block&#039;&gt;I agree that my data is handled according to Cool Company &lt;a href=&#039;https:\/\/coolcompany.com\/se\/resurser\/avtal\/avtal-med-kunder\/integritetspolicy-for-kund-och-engenforetagare\/&#039; style=&quot;display: inline; font-style: underline;&quot; target=&quot;_blank&quot;&gt;integrity policy&lt;\/a&gt;.&lt;\/span&gt;\"  data-reqmsg=\"Field can not be empty.\" data-invmsg=\"Detta f\u00e4lt \u00e4r ogiltigt\"   aria-required=\"true\"  \/> <span style='inline-block'>I agree that my data is handled according to Cool Company <a href='https:\/\/coolcompany.com\/se\/resurser\/avtal\/avtal-med-kunder\/integritetspolicy-for-kund-och-engenforetagare\/' target=\"_blank\">integrity policy<\/a>.<\/span><\/label><\/div>\n<\/div>\r\n    \r\n    \r\n<\/div>\n<div id=\"frm_field_28_container\" class=\"frm_form_field form-field  frm_none_container\">\n\t<label for=\"g-recaptcha-response\" id=\"field_qk8i4_label\" class=\"frm_primary_label\">Captcha\n\t\t<span class=\"frm_required\" aria-hidden=\"true\"><\/span>\n\t<\/label>\n\t<div  id=\"field_qk8i4\" class=\"frm-g-recaptcha\" data-sitekey=\"6LdEA7YqAAAAAKBcpkFflvQJQvgHC43m2pIRZRxY\" data-size=\"normal\" data-theme=\"light\"><\/div>\n\t\n\t\n<\/div>\n<div id=\"frm_field_27_container\" class=\"frm_form_field form-field \">\n\t<div class=\"frm_submit\">\r\n\r\n<button class=\"frm_button_submit\" type=\"submit\"  >Send<\/button>\r\n\r\n<\/div>\n<\/div>\n\t<input type=\"hidden\" name=\"item_key\" value=\"\" \/>\n\t\t\t<div id=\"frm_field_31_container\">\n\t\t\t<label for=\"field_agjcb\" >\n\t\t\t\tOm du \u00e4r m\u00e4nsklig, l\u00e4mna det h\u00e4r f\u00e4ltet tomt.\t\t\t<\/label>\n\t\t\t<input  id=\"field_agjcb\" type=\"text\" class=\"frm_form_field form-field frm_verify\" name=\"item_meta[31]\" value=\"\"  \/>\n\t\t<\/div>\n\t\t<input name=\"frm_state\" type=\"hidden\" value=\"jVLUJtfKAewQMbOscdQasGCIoQ0j+f6c68GYnt\/Rl3g=\" \/><\/div>\n<\/fieldset>\n<\/div>\n\n<\/form>\n<\/div>\n<\/div>\n<\/div>\n<\/div>\n<\/div>\n<\/section>\n\n\n\n<div class=\"wp-block-coolcompany-separator has-green-10-background-color has-background\"><svg width=\"100%\" viewBox=\"0 0 1600 60\" fill=\"none\" xmlns=\"http:\/\/www.w3.org\/2000\/svg\" aria-hidden=\"true\"><path fill=\"#ffffff\" d=\"M0 0L29.6667 1.75612C59.5 3.36587 118.833 6.87807 178 12C237.167 17.122 296.167 23.8537 355.333 22.6829C414.5 21.5122 473.833 12.1464 533.333 9.07319C592.833 5.85368 652.167 8.78051 711.333 11.2683C770.5 13.6098 829.5 15.6585 888.667 18.7317C947.833 21.9512 1007.17 26.3415 1066.67 27.8049C1126.17 29.2683 1185.5 27.8049 1244.67 23.7073C1303.83 19.4634 1362.83 12.7317 1422 8.34148C1481.17 3.95124 1540.5 1.90246 1570.33 1.02441L1600 0V60H1570.33C1540.5 60 1481.17 60 1422 60C1362.83 60 1303.83 60 1244.67 60C1185.5 60 1126.17 60 1066.67 60C1007.17 60 947.833 60 888.667 60C829.5 60 770.5 60 711.333 60C652.167 60 592.833 60 533.333 60C473.833 60 414.5 60 355.333 60C296.167 60 237.167 60 178 60C118.833 60 59.5 60 29.6667 60H0V0Z\"><\/path><\/svg><\/div>\n","protected":false},"excerpt":{"rendered":"","protected":false},"author":1,"featured_media":0,"parent":10438,"menu_order":0,"comment_status":"closed","ping_status":"closed","template":"","meta":{"footnotes":""},"categories":[],"tags":[],"class_list":["post-10441","page","type-page","status-publish","hentry"],"yoast_head":"<!-- This site is optimized with the Yoast SEO Premium plugin v25.2 (Yoast SEO v27.0) - https:\/\/yoast.com\/product\/yoast-seo-premium-wordpress\/ -->\n<title>Contact us - Cool Company<\/title>\n<meta name=\"description\" content=\"Har fr\u00e5gor om hur vi kan hj\u00e4lpa ert f\u00f6retag att effektivisera och f\u00f6renkla arbetet med frilansare s\u00e5 kan du kontakta v\u00e5ra s\u00e4ljare.\" \/>\n<meta name=\"robots\" content=\"index, follow, max-snippet:-1, max-image-preview:large, max-video-preview:-1\" \/>\n<link rel=\"canonical\" href=\"https:\/\/coolcompany.com\/se\/en\/business\/contact-us\/\" \/>\n<meta property=\"og:locale\" content=\"sv_SE\" \/>\n<meta property=\"og:type\" content=\"article\" \/>\n<meta property=\"og:title\" content=\"Contact us\" \/>\n<meta property=\"og:description\" content=\"Har fr\u00e5gor om hur vi kan hj\u00e4lpa ert f\u00f6retag att effektivisera och f\u00f6renkla arbetet med frilansare s\u00e5 kan du kontakta v\u00e5ra s\u00e4ljare.\" \/>\n<meta property=\"og:url\" content=\"https:\/\/coolcompany.com\/se\/en\/business\/contact-us\/\" \/>\n<meta property=\"og:site_name\" content=\"Cool Company Sverige\" \/>\n<meta property=\"article:modified_time\" content=\"2026-04-08T13:47:42+00:00\" \/>\n<meta property=\"og:image\" content=\"https:\/\/coolcompany.com\/se\/wp-content\/uploads\/sites\/2\/2023\/06\/Viktor.png\" \/>\n<meta name=\"twitter:card\" content=\"summary_large_image\" \/>\n<meta name=\"twitter:label1\" content=\"Ber\u00e4knad l\u00e4stid\" \/>\n\t<meta name=\"twitter:data1\" content=\"2 minuter\" \/>\n<script type=\"application\/ld+json\" class=\"yoast-schema-graph\">{\"@context\":\"https:\/\/schema.org\",\"@graph\":[{\"@type\":\"WebPage\",\"@id\":\"https:\/\/coolcompany.com\/se\/en\/business\/contact-us\/\",\"url\":\"https:\/\/coolcompany.com\/se\/en\/business\/contact-us\/\",\"name\":\"Contact us - Cool Company\",\"isPartOf\":{\"@id\":\"https:\/\/coolcompany.com\/se\/#website\"},\"primaryImageOfPage\":{\"@id\":\"https:\/\/coolcompany.com\/se\/en\/business\/contact-us\/#primaryimage\"},\"image\":{\"@id\":\"https:\/\/coolcompany.com\/se\/en\/business\/contact-us\/#primaryimage\"},\"thumbnailUrl\":\"https:\/\/coolcompany.com\/se\/wp-content\/uploads\/sites\/2\/2023\/06\/Viktor.png\",\"datePublished\":\"2022-06-30T09:01:04+00:00\",\"dateModified\":\"2026-04-08T13:47:42+00:00\",\"description\":\"Har fr\u00e5gor om hur vi kan hj\u00e4lpa ert f\u00f6retag att effektivisera och f\u00f6renkla arbetet med frilansare s\u00e5 kan du kontakta v\u00e5ra s\u00e4ljare.\",\"breadcrumb\":{\"@id\":\"https:\/\/coolcompany.com\/se\/en\/business\/contact-us\/#breadcrumb\"},\"inLanguage\":\"sv-SE\",\"potentialAction\":[{\"@type\":\"ReadAction\",\"target\":[\"https:\/\/coolcompany.com\/se\/en\/business\/contact-us\/\"]}]},{\"@type\":\"ImageObject\",\"inLanguage\":\"sv-SE\",\"@id\":\"https:\/\/coolcompany.com\/se\/en\/business\/contact-us\/#primaryimage\",\"url\":\"https:\/\/coolcompany.com\/se\/wp-content\/uploads\/sites\/2\/2023\/06\/Viktor.png\",\"contentUrl\":\"https:\/\/coolcompany.com\/se\/wp-content\/uploads\/sites\/2\/2023\/06\/Viktor.png\",\"width\":4000,\"height\":4000},{\"@type\":\"BreadcrumbList\",\"@id\":\"https:\/\/coolcompany.com\/se\/en\/business\/contact-us\/#breadcrumb\",\"itemListElement\":[{\"@type\":\"ListItem\",\"position\":1,\"name\":\"Business\",\"item\":\"https:\/\/coolcompany.com\/se\/en\/business\/\"},{\"@type\":\"ListItem\",\"position\":2,\"name\":\"Contact us\"}]},{\"@type\":\"WebSite\",\"@id\":\"https:\/\/coolcompany.com\/se\/#website\",\"url\":\"https:\/\/coolcompany.com\/se\/\",\"name\":\"Cool Company Sverige\",\"description\":\"Fakturera utan f\u00f6retag\",\"publisher\":{\"@id\":\"https:\/\/coolcompany.com\/se\/#organization\"},\"potentialAction\":[{\"@type\":\"SearchAction\",\"target\":{\"@type\":\"EntryPoint\",\"urlTemplate\":\"https:\/\/coolcompany.com\/se\/?s={search_term_string}\"},\"query-input\":{\"@type\":\"PropertyValueSpecification\",\"valueRequired\":true,\"valueName\":\"search_term_string\"}}],\"inLanguage\":\"sv-SE\"},{\"@type\":\"Organization\",\"@id\":\"https:\/\/coolcompany.com\/se\/#organization\",\"name\":\"Cool Company\",\"url\":\"https:\/\/coolcompany.com\/se\/\",\"logo\":{\"@type\":\"ImageObject\",\"inLanguage\":\"sv-SE\",\"@id\":\"https:\/\/coolcompany.com\/se\/#\/schema\/logo\/image\/\",\"url\":\"https:\/\/coolcompany.com\/se\/wp-content\/uploads\/sites\/2\/2020\/01\/cc-logotype-horizontal.svg\",\"contentUrl\":\"https:\/\/coolcompany.com\/se\/wp-content\/uploads\/sites\/2\/2020\/01\/cc-logotype-horizontal.svg\",\"width\":\"1024\",\"height\":\"1024\",\"caption\":\"Cool Company\"},\"image\":{\"@id\":\"https:\/\/coolcompany.com\/se\/#\/schema\/logo\/image\/\"}}]}<\/script>\n<!-- \/ Yoast SEO Premium plugin. -->","yoast_head_json":{"title":"Contact us - Cool Company","description":"Har fr\u00e5gor om hur vi kan hj\u00e4lpa ert f\u00f6retag att effektivisera och f\u00f6renkla arbetet med frilansare s\u00e5 kan du kontakta v\u00e5ra s\u00e4ljare.","robots":{"index":"index","follow":"follow","max-snippet":"max-snippet:-1","max-image-preview":"max-image-preview:large","max-video-preview":"max-video-preview:-1"},"canonical":"https:\/\/coolcompany.com\/se\/en\/business\/contact-us\/","og_locale":"sv_SE","og_type":"article","og_title":"Contact us","og_description":"Har fr\u00e5gor om hur vi kan hj\u00e4lpa ert f\u00f6retag att effektivisera och f\u00f6renkla arbetet med frilansare s\u00e5 kan du kontakta v\u00e5ra s\u00e4ljare.","og_url":"https:\/\/coolcompany.com\/se\/en\/business\/contact-us\/","og_site_name":"Cool Company Sverige","article_modified_time":"2026-04-08T13:47:42+00:00","og_image":[{"url":"https:\/\/coolcompany.com\/se\/wp-content\/uploads\/sites\/2\/2023\/06\/Viktor.png","type":"","width":"","height":""}],"twitter_card":"summary_large_image","twitter_misc":{"Ber\u00e4knad l\u00e4stid":"2 minuter"},"schema":{"@context":"https:\/\/schema.org","@graph":[{"@type":"WebPage","@id":"https:\/\/coolcompany.com\/se\/en\/business\/contact-us\/","url":"https:\/\/coolcompany.com\/se\/en\/business\/contact-us\/","name":"Contact us - Cool Company","isPartOf":{"@id":"https:\/\/coolcompany.com\/se\/#website"},"primaryImageOfPage":{"@id":"https:\/\/coolcompany.com\/se\/en\/business\/contact-us\/#primaryimage"},"image":{"@id":"https:\/\/coolcompany.com\/se\/en\/business\/contact-us\/#primaryimage"},"thumbnailUrl":"https:\/\/coolcompany.com\/se\/wp-content\/uploads\/sites\/2\/2023\/06\/Viktor.png","datePublished":"2022-06-30T09:01:04+00:00","dateModified":"2026-04-08T13:47:42+00:00","description":"Har fr\u00e5gor om hur vi kan hj\u00e4lpa ert f\u00f6retag att effektivisera och f\u00f6renkla arbetet med frilansare s\u00e5 kan du kontakta v\u00e5ra s\u00e4ljare.","breadcrumb":{"@id":"https:\/\/coolcompany.com\/se\/en\/business\/contact-us\/#breadcrumb"},"inLanguage":"sv-SE","potentialAction":[{"@type":"ReadAction","target":["https:\/\/coolcompany.com\/se\/en\/business\/contact-us\/"]}]},{"@type":"ImageObject","inLanguage":"sv-SE","@id":"https:\/\/coolcompany.com\/se\/en\/business\/contact-us\/#primaryimage","url":"https:\/\/coolcompany.com\/se\/wp-content\/uploads\/sites\/2\/2023\/06\/Viktor.png","contentUrl":"https:\/\/coolcompany.com\/se\/wp-content\/uploads\/sites\/2\/2023\/06\/Viktor.png","width":4000,"height":4000},{"@type":"BreadcrumbList","@id":"https:\/\/coolcompany.com\/se\/en\/business\/contact-us\/#breadcrumb","itemListElement":[{"@type":"ListItem","position":1,"name":"Business","item":"https:\/\/coolcompany.com\/se\/en\/business\/"},{"@type":"ListItem","position":2,"name":"Contact us"}]},{"@type":"WebSite","@id":"https:\/\/coolcompany.com\/se\/#website","url":"https:\/\/coolcompany.com\/se\/","name":"Cool Company Sverige","description":"Fakturera utan f\u00f6retag","publisher":{"@id":"https:\/\/coolcompany.com\/se\/#organization"},"potentialAction":[{"@type":"SearchAction","target":{"@type":"EntryPoint","urlTemplate":"https:\/\/coolcompany.com\/se\/?s={search_term_string}"},"query-input":{"@type":"PropertyValueSpecification","valueRequired":true,"valueName":"search_term_string"}}],"inLanguage":"sv-SE"},{"@type":"Organization","@id":"https:\/\/coolcompany.com\/se\/#organization","name":"Cool Company","url":"https:\/\/coolcompany.com\/se\/","logo":{"@type":"ImageObject","inLanguage":"sv-SE","@id":"https:\/\/coolcompany.com\/se\/#\/schema\/logo\/image\/","url":"https:\/\/coolcompany.com\/se\/wp-content\/uploads\/sites\/2\/2020\/01\/cc-logotype-horizontal.svg","contentUrl":"https:\/\/coolcompany.com\/se\/wp-content\/uploads\/sites\/2\/2020\/01\/cc-logotype-horizontal.svg","width":"1024","height":"1024","caption":"Cool Company"},"image":{"@id":"https:\/\/coolcompany.com\/se\/#\/schema\/logo\/image\/"}}]}},"lang":"en","translations":{"en":10441,"sv":1637},"pll_sync_post":[],"_links":{"self":[{"href":"https:\/\/coolcompany.com\/se\/wp-json\/wp\/v2\/pages\/10441","targetHints":{"allow":["GET"]}}],"collection":[{"href":"https:\/\/coolcompany.com\/se\/wp-json\/wp\/v2\/pages"}],"about":[{"href":"https:\/\/coolcompany.com\/se\/wp-json\/wp\/v2\/types\/page"}],"author":[{"embeddable":true,"href":"https:\/\/coolcompany.com\/se\/wp-json\/wp\/v2\/users\/1"}],"replies":[{"embeddable":true,"href":"https:\/\/coolcompany.com\/se\/wp-json\/wp\/v2\/comments?post=10441"}],"version-history":[{"count":0,"href":"https:\/\/coolcompany.com\/se\/wp-json\/wp\/v2\/pages\/10441\/revisions"}],"up":[{"embeddable":true,"href":"https:\/\/coolcompany.com\/se\/wp-json\/wp\/v2\/pages\/10438"}],"wp:attachment":[{"href":"https:\/\/coolcompany.com\/se\/wp-json\/wp\/v2\/media?parent=10441"}],"wp:term":[{"taxonomy":"category","embeddable":true,"href":"https:\/\/coolcompany.com\/se\/wp-json\/wp\/v2\/categories?post=10441"},{"taxonomy":"post_tag","embeddable":true,"href":"https:\/\/coolcompany.com\/se\/wp-json\/wp\/v2\/tags?post=10441"}],"curies":[{"name":"wp","href":"https:\/\/api.w.org\/{rel}","templated":true}]}}