{"id":3501,"date":"2020-03-12T12:32:03","date_gmt":"2020-03-12T12:32:03","guid":{"rendered":"https:\/\/coolcompanydev.wpengine.com\/no\/?page_id=3501"},"modified":"2024-02-07T13:26:28","modified_gmt":"2024-02-07T13:26:28","slug":"produkter-og-tjenester-for-bedrifter","status":"publish","type":"page","link":"https:\/\/coolcompany.com\/no\/bedriftslosninger\/produkter-og-tjenester-for-bedrifter\/","title":{"rendered":"Produkter og tjenester for bedrifter"},"content":{"rendered":"\n<div style=\"background-color:rgb(234,249,239)\" class=\"wp-block-coolcompany-hero alignfull is-style-default\"><div class=\"blob-container\" style=\"transform:rotate(0deg)\"><svg width=\"700\" height=\"600\" viewBox=\"0 0 700 600\" fill=\"none\" xmlns=\"https:\/\/www.w3.org\/2000\/svg\" class=\"blob\" aria-hidden=\"true\"><path d=\"M644.355 37.9216C696.895 78.5633 705.014 162.464 697.691 233.002C690.367 303.539 667.6 360.575 637.031 420.643C606.304 480.71 567.774 543.532 504.568 575.632C441.202 607.732 353.158 608.972 296.956 574.254C240.595 539.537 215.918 468.586 159.557 403.973C103.355 339.359 15.4708 281.083 1.93786 214.265C-11.7543 147.448 48.9052 72.0882 127.237 35.4418C205.728 -1.34243 301.892 0.586316 398.374 0.173011C495.015 -0.240295 591.815 -2.72011 644.355 37.9216Z\" fill=\"rgba(115,213,149,0.15)\"><\/path><\/svg><\/div><div class=\"content\"><div class=\"breadcrumbs align  wp-block-bcn-breadcrumb-trail has-text-color has-background\" vocab=\"https:\/\/schema.org\/\" typeof=\"BreadcrumbList\">\n\t<span><\/span>\n\t<\/div>\n\n\n\n<h1 class=\"wp-block-heading\" id=\"h-produkter-og-tjenester-for-bedrifter\">Produkter og tjenester for bedrifter<\/h1>\n\n\n\n<div class=\"wp-block-coolcompany-separator\"><svg width=\"100%\" viewBox=\"0 0 1600 60\" fill=\"none\" xmlns=\"https:\/\/www.w3.org\/2000\/svg\" aria-hidden=\"true\"><path d=\"M1600 0L1588.83 5.42855C1577.83 11 1555.5 21.8571 1533.33 27.8571C1511.17 33.8571 1488.83 34.7143 1466.67 32.5714C1444.5 30.4286 1422.17 25.2857 1400 24.2857C1377.83 23.2857 1355.5 26.7143 1333.33 26.8571C1311.17 27.1428 1288.83 24.2857 1266.67 25.2857C1244.5 26.1429 1222.17 31 1200 31.4286C1177.83 31.8571 1155.5 28.1429 1133.33 23.1429C1111.17 18.1429 1088.83 11.8571 1066.67 10.4286C1044.5 8.99998 1022.17 12.4286 1000 12.1429C977.833 11.8571 955.5 8.14286 933.333 7.14286C911.167 6.14286 888.833 8.14287 866.667 7.42859C844.5 6.7143 822.167 3.2857 800 5.42855C777.833 7.57141 755.5 15.2857 733.333 19.5714C711.167 23.8572 688.833 24.7143 666.667 26.4286C644.5 28.1429 622.167 30.4286 600 30.4286C577.833 30.4286 555.5 28.1428 533.333 27.5714C511.167 27.1428 488.833 28.5714 466.667 24.2857C444.5 20 422.167 9.99998 400 6.85713C377.833 3.85713 355.5 7.57141 333.333 8.99998C311.167 10.4286 288.833 9.57143 266.667 12.1429C244.5 14.7143 222.167 21 200 22.8571C177.833 24.7143 155.5 22.4286 133.333 20.2857C111.167 18.1429 88.8334 16.1429 66.6667 17.4286C44.5 18.5714 22.1667 22.8571 11.1667 25L0 27.1429V60H11.1667C22.1667 60 44.5 60 66.6667 60C88.8334 60 111.167 60 133.333 60C155.5 60 177.833 60 200 60C222.167 60 244.5 60 266.667 60C288.833 60 311.167 60 333.333 60C355.5 60 377.833 60 400 60C422.167 60 444.5 60 466.667 60C488.833 60 511.167 60 533.333 60C555.5 60 577.833 60 600 60C622.167 60 644.5 60 666.667 60C688.833 60 711.167 60 733.333 60C755.5 60 777.833 60 800 60C822.167 60 844.5 60 866.667 60C888.833 60 911.167 60 933.333 60C955.5 60 977.833 60 1000 60C1022.17 60 1044.5 60 1066.67 60C1088.83 60 1111.17 60 1133.33 60C1155.5 60 1177.83 60 1200 60C1222.17 60 1244.5 60 1266.67 60C1288.83 60 1311.17 60 1333.33 60C1355.5 60 1377.83 60 1400 60C1422.17 60 1444.5 60 1466.67 60C1488.83 60 1511.17 60 1533.33 60C1555.5 60 1577.83 60 1588.83 60H1600V0Z\" fill=\"#fff\"><\/path><\/svg><\/div>\n<\/div><\/div>\n\n\n\n<section class=\"wp-block-coolcompany-section\">\n<div class=\"wp-block-columns is-style-columns2 is-layout-flex wp-container-core-columns-is-layout-9d6595d7 wp-block-columns-is-layout-flex\">\n<div class=\"wp-block-column is-layout-flow wp-block-column-is-layout-flow\">\n<figure class=\"wp-block-image size-full\"><img decoding=\"async\" src=\"https:\/\/coolcompany.com\/no\/wp-content\/uploads\/sites\/4\/2020\/06\/fakturera-avslappnat.png\" alt=\"\" class=\"wp-image-4845\" srcset=\"https:\/\/coolcompany.com\/no\/wp-content\/uploads\/sites\/4\/2020\/06\/fakturera-avslappnat.png 808w, https:\/\/coolcompany.com\/no\/wp-content\/uploads\/sites\/4\/2020\/06\/fakturera-avslappnat-300x260.png 300w, https:\/\/coolcompany.com\/no\/wp-content\/uploads\/sites\/4\/2020\/06\/fakturera-avslappnat-768x665.png 768w, https:\/\/coolcompany.com\/no\/wp-content\/uploads\/sites\/4\/2020\/06\/fakturera-avslappnat-480x416.png 480w\" sizes=\"(max-width: 808px) 100vw, 808px\" \/><\/figure>\n<\/div>\n\n\n\n<div class=\"wp-block-column is-layout-flow wp-block-column-is-layout-flow\">\n<h2 class=\"wp-block-heading\">Bedriftsl\u00f8sninger <\/h2>\n\n\n\n<p id=\"h-praesentium-voluptatum-deleniti-atque-corrupti-quos-dolores-et-quas-molestias-excepturi-sint-occaecati-cupiditate-non-provident-similique-sunt-in-culpa-qui-officia-deserunt-mollitia-animi-id-est-laborum-et-dolorum-fuga\">N\u00e5 har vi gjort v\u00e5re bedriftsl\u00f8sninger enda bedre og lansert Cool Company for Enterprise, noe som gj\u00f8r det lettere for bedrifter \u00e5 h\u00e5ndtere eksterne ressurser. Registrer deg i 30 dager med fri tilgang til v\u00e5r felles programvareplattform for \u00e5 administrere eksterne ressurser; Cool Business.<br><br><\/p>\n<\/div>\n<\/div>\n<\/section>\n\n\n\n<div class=\"wp-block-coolcompany-separator is-style-default\"><svg width=\"100%\" viewBox=\"0 0 1600 60\" fill=\"none\" xmlns=\"https:\/\/www.w3.org\/2000\/svg\" aria-hidden=\"true\"><path fill=\"rgb(234,249,239)\" d=\"M0 0L29.6667 1.75612C59.5 3.36587 118.833 6.87807 178 12C237.167 17.122 296.167 23.8537 355.333 22.6829C414.5 21.5122 473.833 12.1464 533.333 9.07319C592.833 5.85368 652.167 8.78051 711.333 11.2683C770.5 13.6098 829.5 15.6585 888.667 18.7317C947.833 21.9512 1007.17 26.3415 1066.67 27.8049C1126.17 29.2683 1185.5 27.8049 1244.67 23.7073C1303.83 19.4634 1362.83 12.7317 1422 8.34148C1481.17 3.95124 1540.5 1.90246 1570.33 1.02441L1600 0V60H1570.33C1540.5 60 1481.17 60 1422 60C1362.83 60 1303.83 60 1244.67 60C1185.5 60 1126.17 60 1066.67 60C1007.17 60 947.833 60 888.667 60C829.5 60 770.5 60 711.333 60C652.167 60 592.833 60 533.333 60C473.833 60 414.5 60 355.333 60C296.167 60 237.167 60 178 60C118.833 60 59.5 60 29.6667 60H0V0Z\"><\/path><\/svg><\/div>\n\n\n\n<section class=\"wp-block-coolcompany-section has-light-green-background-color has-background has-light-green-background-color has-background\">\n<div class=\"wp-block-columns is-style-columns1 is-layout-flex wp-container-core-columns-is-layout-9d6595d7 wp-block-columns-is-layout-flex\">\n<div class=\"wp-block-column is-vertically-aligned-top is-layout-flow wp-block-column-is-layout-flow\">\n<h2 class=\"wp-block-heading\">Cool Company \u2013 en arbeidsgiver, ikke et bemanningsselskap<\/h2>\n\n\n\n<p>Vi tar arbeidsgiveransvaret for personer som aktivt velger \u00e5 v\u00e6re selvstendig n\u00e6ringsdrivende. Vi sikrer at egenansatte fokuserer p\u00e5 oppdragene til deg som kunde. Vi er ansvarlige for papirarbeid, administrasjon, regnskap og s\u00f8rger for at de har den riktige forsikringen.<\/p>\n\n\n\n<h2 class=\"wp-block-heading\">Hvorfor velge v\u00e5re tjenester?<\/h2>\n\n\n\n<p>Med oss som partner f\u00e5r du en fleksibel og kostnadseffektiv l\u00f8sning som knytter kompetente personer til prosjekter og andre tidsbegrensede oppgaver.<\/p>\n\n\n\n<p>Med over 10 \u00e5rs erfaring med \u00e5 hjelpe noen av Nordens ledende selskaper til \u00e5 administrere og betale sine eksterne frilansere, er Cool Company en drivkraft i den globale frilansrevolusjonen.<\/p>\n<\/div>\n<\/div>\n<\/section>\n\n\n\n<div class=\"wp-block-coolcompany-separator is-style-has-shadow has-light-green-background-color has-background has-light-green-background-color has-background\"><svg width=\"100%\" viewBox=\"0 0 1600 60\" fill=\"none\" xmlns=\"https:\/\/www.w3.org\/2000\/svg\" aria-hidden=\"true\"><path fill=\"#ffffff\" d=\"M0 0L29.6667 1.75612C59.5 3.36587 118.833 6.87807 178 12C237.167 17.122 296.167 23.8537 355.333 22.6829C414.5 21.5122 473.833 12.1464 533.333 9.07319C592.833 5.85368 652.167 8.78051 711.333 11.2683C770.5 13.6098 829.5 15.6585 888.667 18.7317C947.833 21.9512 1007.17 26.3415 1066.67 27.8049C1126.17 29.2683 1185.5 27.8049 1244.67 23.7073C1303.83 19.4634 1362.83 12.7317 1422 8.34148C1481.17 3.95124 1540.5 1.90246 1570.33 1.02441L1600 0V60H1570.33C1540.5 60 1481.17 60 1422 60C1362.83 60 1303.83 60 1244.67 60C1185.5 60 1126.17 60 1066.67 60C1007.17 60 947.833 60 888.667 60C829.5 60 770.5 60 711.333 60C652.167 60 592.833 60 533.333 60C473.833 60 414.5 60 355.333 60C296.167 60 237.167 60 178 60C118.833 60 59.5 60 29.6667 60H0V0Z\"><\/path><\/svg><\/div>\n\n\n\n<section class=\"wp-block-coolcompany-section\">\n<div class=\"wp-block-columns is-style-columns2 is-layout-flex wp-container-core-columns-is-layout-9d6595d7 wp-block-columns-is-layout-flex\">\n<div class=\"wp-block-column is-style-larger-col is-layout-flow wp-block-column-is-layout-flow\">\n<h2 class=\"wp-block-heading\" id=\"h-cool-business-for-bedrifter\">Cool Business for bedrifter<\/h2>\n\n\n\n<p>\u2013 Planlegging og budsjettering<br>\u2013 Administrerer oppdragsforesp\u00f8rsler<br>\u2013 Setter opp leveringsteam<br>\u2013 S\u00f8rger for at arbeidet er i tr\u00e5d med planer og budsjett<br>\u2013 Etter fullf\u00f8rt og godkjent arbeid betales via kompilert faktura<br>\u2013 Faktura arbeidskraft uavhengig av ansettelsesform<\/p>\n<\/div>\n\n\n\n<div class=\"wp-block-column is-style-smaller-col is-layout-flow wp-block-column-is-layout-flow\">\n<div class=\"wp-block-coolcompany-maskedimage blob_mask_2\"><div class=\"gradient-background\" style=\"background:linear-gradient(45deg, #67C5D1 0%, #73D595 100%)\"><\/div>\n<figure class=\"wp-block-image size-full\"><img decoding=\"async\" src=\"https:\/\/coolcompany.com\/se\/wp-content\/uploads\/sites\/2\/2020\/06\/glasses.png\" alt=\"Hitta nya uppdrag\" class=\"wp-image-6020\"\/><\/figure>\n<\/div>\n<\/div>\n<\/div>\n<\/section>\n\n\n\n<section class=\"wp-block-coolcompany-section\">\n<div class=\"wp-block-columns is-style-columns2 is-layout-flex wp-container-core-columns-is-layout-9d6595d7 wp-block-columns-is-layout-flex\">\n<div class=\"wp-block-column is-style-larger-col is-layout-flow wp-block-column-is-layout-flow\">\n<h2 class=\"wp-block-heading\" id=\"h-cool-business-for-egenansatte\">Cool Business for egenansatte<\/h2>\n\n\n\n<p>\u2013 Motta oppdragsforesp\u00f8rsler<br>\u2013 Kontroll av p\u00e5g\u00e5ende prosjekter<br>\u2013 Dokumentasjon av oppgaver<br>\u2013 Rapportering av prosjektets ferdigstillelse og utsendelse av fakturaer<br>\u2013 Kryptert personlig informasjon i samsvar med gjeldende GDPR lovgivning<\/p>\n<\/div>\n\n\n\n<div class=\"wp-block-column is-style-smaller-col is-layout-flow wp-block-column-is-layout-flow\">\n<div class=\"wp-block-coolcompany-maskedimage blob_mask_2\"><div class=\"gradient-background\" style=\"background:linear-gradient(45deg, #67C5D1 0%, #73D595 100%)\"><\/div>\n<figure class=\"wp-block-image size-large\"><img decoding=\"async\" src=\"https:\/\/coolcompany.com\/se\/wp-content\/uploads\/sites\/2\/2022\/03\/GettyImages-643923379-1024x683.jpg\" alt=\"\" class=\"wp-image-10004\"\/><\/figure>\n<\/div>\n<\/div>\n<\/div>\n<\/section>\n","protected":false},"excerpt":{"rendered":"","protected":false},"author":1,"featured_media":0,"parent":1292,"menu_order":0,"comment_status":"closed","ping_status":"closed","template":"singular.php","meta":{"footnotes":""},"categories":[],"tags":[],"class_list":["post-3501","page","type-page","status-publish","hentry"],"yoast_head":"<!-- This site is optimized with the Yoast SEO Premium plugin v25.2 (Yoast SEO v27.0) - https:\/\/yoast.com\/product\/yoast-seo-premium-wordpress\/ -->\n<title>Produkter og tjenester for bedrifter - Cool Company Norge<\/title>\n<meta name=\"description\" content=\"Registrer deg i 30 dager med fri tilgang til v\u00e5r felles programvareplattform for \u00e5 administrere eksterne ressurser; Business Dashboard.\" \/>\n<meta name=\"robots\" content=\"index, follow, max-snippet:-1, max-image-preview:large, max-video-preview:-1\" \/>\n<link rel=\"canonical\" href=\"https:\/\/coolcompany.com\/no\/bedriftslosninger\/produkter-og-tjenester-for-bedrifter\/\" \/>\n<meta property=\"og:locale\" content=\"nb_NO\" \/>\n<meta property=\"og:type\" content=\"article\" \/>\n<meta property=\"og:title\" content=\"Produkter og tjenester for bedrifter\" \/>\n<meta property=\"og:description\" content=\"Registrer deg i 30 dager med fri tilgang til v\u00e5r felles programvareplattform for \u00e5 administrere eksterne ressurser; Business Dashboard.\" \/>\n<meta property=\"og:url\" content=\"https:\/\/coolcompany.com\/no\/bedriftslosninger\/produkter-og-tjenester-for-bedrifter\/\" \/>\n<meta property=\"og:site_name\" content=\"Cool Company Norge\" \/>\n<meta property=\"article:modified_time\" content=\"2024-02-07T13:26:28+00:00\" \/>\n<meta property=\"og:image\" content=\"https:\/\/coolcompany.com\/no\/wp-content\/uploads\/sites\/4\/2020\/06\/fakturera-avslappnat.png\" \/>\n<meta name=\"twitter:card\" content=\"summary_large_image\" \/>\n<meta name=\"twitter:label1\" content=\"Ansl. lesetid\" \/>\n\t<meta name=\"twitter:data1\" content=\"2 minutter\" \/>\n<script type=\"application\/ld+json\" class=\"yoast-schema-graph\">{\"@context\":\"https:\/\/schema.org\",\"@graph\":[{\"@type\":\"WebPage\",\"@id\":\"https:\/\/coolcompany.com\/no\/bedriftslosninger\/produkter-og-tjenester-for-bedrifter\/\",\"url\":\"https:\/\/coolcompany.com\/no\/bedriftslosninger\/produkter-og-tjenester-for-bedrifter\/\",\"name\":\"Produkter og tjenester for bedrifter - Cool Company Norge\",\"isPartOf\":{\"@id\":\"https:\/\/coolcompany.com\/no\/#website\"},\"primaryImageOfPage\":{\"@id\":\"https:\/\/coolcompany.com\/no\/bedriftslosninger\/produkter-og-tjenester-for-bedrifter\/#primaryimage\"},\"image\":{\"@id\":\"https:\/\/coolcompany.com\/no\/bedriftslosninger\/produkter-og-tjenester-for-bedrifter\/#primaryimage\"},\"thumbnailUrl\":\"https:\/\/coolcompany.com\/no\/wp-content\/uploads\/sites\/4\/2020\/06\/fakturera-avslappnat.png\",\"datePublished\":\"2020-03-12T12:32:03+00:00\",\"dateModified\":\"2024-02-07T13:26:28+00:00\",\"description\":\"Registrer deg i 30 dager med fri tilgang til v\u00e5r felles programvareplattform for \u00e5 administrere eksterne ressurser; Business Dashboard.\",\"breadcrumb\":{\"@id\":\"https:\/\/coolcompany.com\/no\/bedriftslosninger\/produkter-og-tjenester-for-bedrifter\/#breadcrumb\"},\"inLanguage\":\"nb-NO\",\"potentialAction\":[{\"@type\":\"ReadAction\",\"target\":[\"https:\/\/coolcompany.com\/no\/bedriftslosninger\/produkter-og-tjenester-for-bedrifter\/\"]}]},{\"@type\":\"ImageObject\",\"inLanguage\":\"nb-NO\",\"@id\":\"https:\/\/coolcompany.com\/no\/bedriftslosninger\/produkter-og-tjenester-for-bedrifter\/#primaryimage\",\"url\":\"https:\/\/coolcompany.com\/no\/wp-content\/uploads\/sites\/4\/2020\/06\/fakturera-avslappnat.png\",\"contentUrl\":\"https:\/\/coolcompany.com\/no\/wp-content\/uploads\/sites\/4\/2020\/06\/fakturera-avslappnat.png\",\"width\":808,\"height\":700},{\"@type\":\"BreadcrumbList\",\"@id\":\"https:\/\/coolcompany.com\/no\/bedriftslosninger\/produkter-og-tjenester-for-bedrifter\/#breadcrumb\",\"itemListElement\":[{\"@type\":\"ListItem\",\"position\":1,\"name\":\"Bedriftsl\u00f8sninger\",\"item\":\"https:\/\/coolcompany.com\/no\/bedriftslosninger\/\"},{\"@type\":\"ListItem\",\"position\":2,\"name\":\"Produkter og tjenester for bedrifter\"}]},{\"@type\":\"WebSite\",\"@id\":\"https:\/\/coolcompany.com\/no\/#website\",\"url\":\"https:\/\/coolcompany.com\/no\/\",\"name\":\"Cool Company Norge\",\"description\":\"Fakturer uten firma\",\"publisher\":{\"@id\":\"https:\/\/coolcompany.com\/no\/#organization\"},\"potentialAction\":[{\"@type\":\"SearchAction\",\"target\":{\"@type\":\"EntryPoint\",\"urlTemplate\":\"https:\/\/coolcompany.com\/no\/?s={search_term_string}\"},\"query-input\":{\"@type\":\"PropertyValueSpecification\",\"valueRequired\":true,\"valueName\":\"search_term_string\"}}],\"inLanguage\":\"nb-NO\"},{\"@type\":\"Organization\",\"@id\":\"https:\/\/coolcompany.com\/no\/#organization\",\"name\":\"Cool Company\",\"url\":\"https:\/\/coolcompany.com\/no\/\",\"logo\":{\"@type\":\"ImageObject\",\"inLanguage\":\"nb-NO\",\"@id\":\"https:\/\/coolcompany.com\/no\/#\/schema\/logo\/image\/\",\"url\":\"https:\/\/coolcompany.com\/no\/wp-content\/uploads\/sites\/4\/2020\/01\/cc-logotype-horizontal.svg\",\"contentUrl\":\"https:\/\/coolcompany.com\/no\/wp-content\/uploads\/sites\/4\/2020\/01\/cc-logotype-horizontal.svg\",\"width\":\"1024\",\"height\":\"1024\",\"caption\":\"Cool Company\"},\"image\":{\"@id\":\"https:\/\/coolcompany.com\/no\/#\/schema\/logo\/image\/\"}}]}<\/script>\n<!-- \/ Yoast SEO Premium plugin. -->","yoast_head_json":{"title":"Produkter og tjenester for bedrifter - Cool Company Norge","description":"Registrer deg i 30 dager med fri tilgang til v\u00e5r felles programvareplattform for \u00e5 administrere eksterne ressurser; Business Dashboard.","robots":{"index":"index","follow":"follow","max-snippet":"max-snippet:-1","max-image-preview":"max-image-preview:large","max-video-preview":"max-video-preview:-1"},"canonical":"https:\/\/coolcompany.com\/no\/bedriftslosninger\/produkter-og-tjenester-for-bedrifter\/","og_locale":"nb_NO","og_type":"article","og_title":"Produkter og tjenester for bedrifter","og_description":"Registrer deg i 30 dager med fri tilgang til v\u00e5r felles programvareplattform for \u00e5 administrere eksterne ressurser; Business Dashboard.","og_url":"https:\/\/coolcompany.com\/no\/bedriftslosninger\/produkter-og-tjenester-for-bedrifter\/","og_site_name":"Cool Company Norge","article_modified_time":"2024-02-07T13:26:28+00:00","og_image":[{"url":"https:\/\/coolcompany.com\/no\/wp-content\/uploads\/sites\/4\/2020\/06\/fakturera-avslappnat.png","type":"","width":"","height":""}],"twitter_card":"summary_large_image","twitter_misc":{"Ansl. lesetid":"2 minutter"},"schema":{"@context":"https:\/\/schema.org","@graph":[{"@type":"WebPage","@id":"https:\/\/coolcompany.com\/no\/bedriftslosninger\/produkter-og-tjenester-for-bedrifter\/","url":"https:\/\/coolcompany.com\/no\/bedriftslosninger\/produkter-og-tjenester-for-bedrifter\/","name":"Produkter og tjenester for bedrifter - Cool Company Norge","isPartOf":{"@id":"https:\/\/coolcompany.com\/no\/#website"},"primaryImageOfPage":{"@id":"https:\/\/coolcompany.com\/no\/bedriftslosninger\/produkter-og-tjenester-for-bedrifter\/#primaryimage"},"image":{"@id":"https:\/\/coolcompany.com\/no\/bedriftslosninger\/produkter-og-tjenester-for-bedrifter\/#primaryimage"},"thumbnailUrl":"https:\/\/coolcompany.com\/no\/wp-content\/uploads\/sites\/4\/2020\/06\/fakturera-avslappnat.png","datePublished":"2020-03-12T12:32:03+00:00","dateModified":"2024-02-07T13:26:28+00:00","description":"Registrer deg i 30 dager med fri tilgang til v\u00e5r felles programvareplattform for \u00e5 administrere eksterne ressurser; Business Dashboard.","breadcrumb":{"@id":"https:\/\/coolcompany.com\/no\/bedriftslosninger\/produkter-og-tjenester-for-bedrifter\/#breadcrumb"},"inLanguage":"nb-NO","potentialAction":[{"@type":"ReadAction","target":["https:\/\/coolcompany.com\/no\/bedriftslosninger\/produkter-og-tjenester-for-bedrifter\/"]}]},{"@type":"ImageObject","inLanguage":"nb-NO","@id":"https:\/\/coolcompany.com\/no\/bedriftslosninger\/produkter-og-tjenester-for-bedrifter\/#primaryimage","url":"https:\/\/coolcompany.com\/no\/wp-content\/uploads\/sites\/4\/2020\/06\/fakturera-avslappnat.png","contentUrl":"https:\/\/coolcompany.com\/no\/wp-content\/uploads\/sites\/4\/2020\/06\/fakturera-avslappnat.png","width":808,"height":700},{"@type":"BreadcrumbList","@id":"https:\/\/coolcompany.com\/no\/bedriftslosninger\/produkter-og-tjenester-for-bedrifter\/#breadcrumb","itemListElement":[{"@type":"ListItem","position":1,"name":"Bedriftsl\u00f8sninger","item":"https:\/\/coolcompany.com\/no\/bedriftslosninger\/"},{"@type":"ListItem","position":2,"name":"Produkter og tjenester for bedrifter"}]},{"@type":"WebSite","@id":"https:\/\/coolcompany.com\/no\/#website","url":"https:\/\/coolcompany.com\/no\/","name":"Cool Company Norge","description":"Fakturer uten firma","publisher":{"@id":"https:\/\/coolcompany.com\/no\/#organization"},"potentialAction":[{"@type":"SearchAction","target":{"@type":"EntryPoint","urlTemplate":"https:\/\/coolcompany.com\/no\/?s={search_term_string}"},"query-input":{"@type":"PropertyValueSpecification","valueRequired":true,"valueName":"search_term_string"}}],"inLanguage":"nb-NO"},{"@type":"Organization","@id":"https:\/\/coolcompany.com\/no\/#organization","name":"Cool Company","url":"https:\/\/coolcompany.com\/no\/","logo":{"@type":"ImageObject","inLanguage":"nb-NO","@id":"https:\/\/coolcompany.com\/no\/#\/schema\/logo\/image\/","url":"https:\/\/coolcompany.com\/no\/wp-content\/uploads\/sites\/4\/2020\/01\/cc-logotype-horizontal.svg","contentUrl":"https:\/\/coolcompany.com\/no\/wp-content\/uploads\/sites\/4\/2020\/01\/cc-logotype-horizontal.svg","width":"1024","height":"1024","caption":"Cool Company"},"image":{"@id":"https:\/\/coolcompany.com\/no\/#\/schema\/logo\/image\/"}}]}},"lang":"nb","translations":{"nb":3501},"pll_sync_post":[],"_links":{"self":[{"href":"https:\/\/coolcompany.com\/no\/wp-json\/wp\/v2\/pages\/3501","targetHints":{"allow":["GET"]}}],"collection":[{"href":"https:\/\/coolcompany.com\/no\/wp-json\/wp\/v2\/pages"}],"about":[{"href":"https:\/\/coolcompany.com\/no\/wp-json\/wp\/v2\/types\/page"}],"author":[{"embeddable":true,"href":"https:\/\/coolcompany.com\/no\/wp-json\/wp\/v2\/users\/1"}],"replies":[{"embeddable":true,"href":"https:\/\/coolcompany.com\/no\/wp-json\/wp\/v2\/comments?post=3501"}],"version-history":[{"count":0,"href":"https:\/\/coolcompany.com\/no\/wp-json\/wp\/v2\/pages\/3501\/revisions"}],"up":[{"embeddable":true,"href":"https:\/\/coolcompany.com\/no\/wp-json\/wp\/v2\/pages\/1292"}],"wp:attachment":[{"href":"https:\/\/coolcompany.com\/no\/wp-json\/wp\/v2\/media?parent=3501"}],"wp:term":[{"taxonomy":"category","embeddable":true,"href":"https:\/\/coolcompany.com\/no\/wp-json\/wp\/v2\/categories?post=3501"},{"taxonomy":"post_tag","embeddable":true,"href":"https:\/\/coolcompany.com\/no\/wp-json\/wp\/v2\/tags?post=3501"}],"curies":[{"name":"wp","href":"https:\/\/api.w.org\/{rel}","templated":true}]}}