{"id":3476,"date":"2020-03-13T12:54:50","date_gmt":"2020-03-13T12:54:50","guid":{"rendered":"https:\/\/coolcompanydev.wpengine.com\/no\/?page_id=3476"},"modified":"2022-07-27T08:07:46","modified_gmt":"2022-07-27T08:07:46","slug":"fakturering","status":"publish","type":"page","link":"https:\/\/coolcompany.com\/no\/fakturering\/","title":{"rendered":"Fakturering"},"content":{"rendered":"\n<section class=\"wp-block-coolcompany-section has-red-10-background-color has-background\">\n<div class=\"wp-block-columns are-vertically-aligned-center is-style-right-image is-layout-flex wp-container-core-columns-is-layout-9d6595d7 wp-block-columns-is-layout-flex\">\n<div class=\"wp-block-column is-vertically-aligned-center is-layout-flow wp-block-column-is-layout-flow\"><div class=\"breadcrumbs align  wp-block-bcn-breadcrumb-trail has-text-color has-background\" vocab=\"https:\/\/schema.org\/\" typeof=\"BreadcrumbList\">\n\t<span><\/span>\n\t<\/div>\n\n\n\n<h1 class=\"wp-block-heading\" id=\"h-fakturering\">Fakturering<\/h1>\n\n\n\n<p>Noen egenansatte kan og forst\u00e5r de viktige rutinene rundt fakturering, andre gj\u00f8r det ikke \u2013 og det er helt OK! Her er forklaringer p\u00e5 sentrale begreper og hvordan det fungerer hos oss.<\/p>\n<\/div>\n\n\n\n<div class=\"wp-block-column is-vertically-aligned-center is-layout-flow wp-block-column-is-layout-flow\">\n<figure class=\"wp-block-image size-full\"><img decoding=\"async\" src=\"https:\/\/coolcompany.com\/no\/wp-content\/uploads\/sites\/4\/2020\/06\/paperwork-clouds.png\" alt=\"\" class=\"wp-image-4843\" srcset=\"https:\/\/coolcompany.com\/no\/wp-content\/uploads\/sites\/4\/2020\/06\/paperwork-clouds.png 846w, https:\/\/coolcompany.com\/no\/wp-content\/uploads\/sites\/4\/2020\/06\/paperwork-clouds-300x248.png 300w, https:\/\/coolcompany.com\/no\/wp-content\/uploads\/sites\/4\/2020\/06\/paperwork-clouds-768x635.png 768w, https:\/\/coolcompany.com\/no\/wp-content\/uploads\/sites\/4\/2020\/06\/paperwork-clouds-480x397.png 480w\" sizes=\"(max-width: 846px) 100vw, 846px\" \/><\/figure>\n<\/div>\n<\/div>\n<\/section>\n\n\n\n<div class=\"wp-block-coolcompany-separator is-style-default has-red-10-background-color has-background\"><svg width=\"100%\" viewbox=\"0 0 1600 60\" fill=\"none\" xmlns=\"https:\/\/www.w3.org\/2000\/svg\" role=\"img\" aria-hidden=\"true\"><path fill=\"#ffffff\" d=\"M0 0L29.6667 1.75612C59.5 3.36587 118.833 6.87807 178 12C237.167 17.122 296.167 23.8537 355.333 22.6829C414.5 21.5122 473.833 12.1464 533.333 9.07319C592.833 5.85368 652.167 8.78051 711.333 11.2683C770.5 13.6098 829.5 15.6585 888.667 18.7317C947.833 21.9512 1007.17 26.3415 1066.67 27.8049C1126.17 29.2683 1185.5 27.8049 1244.67 23.7073C1303.83 19.4634 1362.83 12.7317 1422 8.34148C1481.17 3.95124 1540.5 1.90246 1570.33 1.02441L1600 0V60H1570.33C1540.5 60 1481.17 60 1422 60C1362.83 60 1303.83 60 1244.67 60C1185.5 60 1126.17 60 1066.67 60C1007.17 60 947.833 60 888.667 60C829.5 60 770.5 60 711.333 60C652.167 60 592.833 60 533.333 60C473.833 60 414.5 60 355.333 60C296.167 60 237.167 60 178 60C118.833 60 59.5 60 29.6667 60H0V0Z\"><\/path><\/svg><\/div>\n\n\n\n<section class=\"wp-block-coolcompany-section\">\n<div class=\"wp-block-columns is-style-columns1 is-layout-flex wp-container-core-columns-is-layout-9d6595d7 wp-block-columns-is-layout-flex\">\n<div class=\"wp-block-column is-vertically-aligned-top is-layout-flow wp-block-column-is-layout-flow\">\n<h2 class=\"wp-block-heading\">Mva.<\/h2>\n\n\n\n<p>Mva (merverdiavgift) er en skatt p\u00e5 varer og tjenester som skal betales til skattemyndighetene. For privatpersoner er mva. innbakt i prisen. En faktura eller kvittering m\u00e5 tydelig angi mva. N\u00e5r selskaper kj\u00f8per av hverandre, angis fakturabel\u00f8pet eks. mva. Dette er fordi selskapene skal rapportere mva. men ogs\u00e5 har rett til \u00e5 trekke fra mva.<\/p>\n<\/div>\n<\/div>\n<\/section>\n\n\n\n<section class=\"wp-block-coolcompany-section has-light-red-background-color has-background\">\n<div class=\"wp-block-columns is-style-columns1 is-layout-flex wp-container-core-columns-is-layout-9d6595d7 wp-block-columns-is-layout-flex\">\n<div class=\"wp-block-column is-vertically-aligned-top is-layout-flow wp-block-column-is-layout-flow\">\n<h2 class=\"has-text-align-center wp-block-heading\" id=\"h-mer-informasjon-om-mva\">Mer informasjon om mva:<\/h2>\n<\/div>\n<\/div>\n\n\n\n<section class=\"wp-block-coolcompany-section\">\n<div class=\"wp-block-columns is-style-columns2 is-layout-flex wp-container-core-columns-is-layout-9d6595d7 wp-block-columns-is-layout-flex\">\n<div class=\"wp-block-column is-layout-flow wp-block-column-is-layout-flow\">\n<div class=\"wp-block-coolcompany-maskedimage blob_mask_2\"><div class=\"gradient-background\" style=\"background:linear-gradient(45deg, #BA37F9 0%, #FD7B78 100%)\"><\/div>\n<figure class=\"wp-block-image size-large\"><img decoding=\"async\" src=\"https:\/\/coolcompany.com\/no\/wp-content\/uploads\/sites\/4\/2020\/03\/SQ-MA76948-1024x1024.jpg\" alt=\"\" class=\"wp-image-3564\" srcset=\"https:\/\/coolcompany.com\/no\/wp-content\/uploads\/sites\/4\/2020\/03\/SQ-MA76948-1024x1024.jpg 1024w, https:\/\/coolcompany.com\/no\/wp-content\/uploads\/sites\/4\/2020\/03\/SQ-MA76948-300x300.jpg 300w, https:\/\/coolcompany.com\/no\/wp-content\/uploads\/sites\/4\/2020\/03\/SQ-MA76948-150x150.jpg 150w, https:\/\/coolcompany.com\/no\/wp-content\/uploads\/sites\/4\/2020\/03\/SQ-MA76948-768x768.jpg 768w, https:\/\/coolcompany.com\/no\/wp-content\/uploads\/sites\/4\/2020\/03\/SQ-MA76948-1080x1080.jpg 1080w, https:\/\/coolcompany.com\/no\/wp-content\/uploads\/sites\/4\/2020\/03\/SQ-MA76948-1280x1280.jpg 1280w, https:\/\/coolcompany.com\/no\/wp-content\/uploads\/sites\/4\/2020\/03\/SQ-MA76948-980x980.jpg 980w, https:\/\/coolcompany.com\/no\/wp-content\/uploads\/sites\/4\/2020\/03\/SQ-MA76948-480x480.jpg 480w, https:\/\/coolcompany.com\/no\/wp-content\/uploads\/sites\/4\/2020\/03\/SQ-MA76948.jpg 1500w\" sizes=\"(max-width: 1024px) 100vw, 1024px\" \/><\/figure>\n<\/div>\n<\/div>\n\n\n\n<div class=\"wp-block-column is-layout-flow wp-block-column-is-layout-flow\">\n<h3 class=\"wp-block-heading\">Hvordan fungerer det med mva ved fakturering av privatperson?<\/h3>\n\n\n\n<p>N\u00e5r du fakturerer, angir du i de aller fleste tilfeller merverdiavgift (mva) p\u00e5 de varene og tjenestene du selger. Dette gjelder uansett om kunden din er en bedrift eller privatperson. Mva. utgj\u00f8r vanligvis 25 prosent, men det finnes ogs\u00e5 mva-satser p\u00e5 15 eller 8 prosent av salgsprisen. Hvilken mva-sats du skal benytte, avhenger av hvilken vare eller tjeneste du tilbyr. Det finnes ogs\u00e5 varer og tjenester som ikke skal ilegges mva.<\/p>\n<\/div>\n<\/div>\n<\/section>\n\n\n\n<section class=\"wp-block-coolcompany-section\">\n<div class=\"wp-block-columns is-style-columns2 is-layout-flex wp-container-core-columns-is-layout-9d6595d7 wp-block-columns-is-layout-flex\">\n<div class=\"wp-block-column is-layout-flow wp-block-column-is-layout-flow\">\n<h3 class=\"wp-block-heading\">Skal jeg trekke fra mva p\u00e5 innkj\u00f8pene mine?<\/h3>\n\n\n\n<p>Cool Company er den merverdipliktige parten, og du blir kreditert tilsvarende bel\u00f8p forutsatt at du har en faktura som du kan trekke bel\u00f8p mot. Originalkvitteringene skal sendes til oss med vanlig post, med mindre det er elektroniske kvitteringer som kan sendes i pdf-format med e-post.<\/p>\n<\/div>\n\n\n\n<div class=\"wp-block-column is-layout-flow wp-block-column-is-layout-flow\">\n<h3 class=\"wp-block-heading\">Mva-satser?<\/h3>\n\n\n\n<p>Mva utgj\u00f8r vanligvis 25 prosent, men det finnes ogs\u00e5 mva-satser p\u00e5 15 eller 8 prosent av salgsprisen eks. mva. Hvilken mva-sats du skal benytte, avhenger av hvilken vare eller tjeneste du tilbyr. Det finnes ogs\u00e5 varer og tjenester som ikke skal ilegges mva.<\/p>\n<\/div>\n<\/div>\n<\/section>\n<\/section>\n\n\n\n<div class=\"wp-block-coolcompany-separator is-style-default has-light-red-background-color has-background\"><svg width=\"100%\" viewbox=\"0 0 1600 60\" fill=\"none\" xmlns=\"https:\/\/www.w3.org\/2000\/svg\" role=\"img\" aria-hidden=\"true\"><path fill=\"#ffffff\" d=\"M0 0L29.6667 1.75612C59.5 3.36587 118.833 6.87807 178 12C237.167 17.122 296.167 23.8537 355.333 22.6829C414.5 21.5122 473.833 12.1464 533.333 9.07319C592.833 5.85368 652.167 8.78051 711.333 11.2683C770.5 13.6098 829.5 15.6585 888.667 18.7317C947.833 21.9512 1007.17 26.3415 1066.67 27.8049C1126.17 29.2683 1185.5 27.8049 1244.67 23.7073C1303.83 19.4634 1362.83 12.7317 1422 8.34148C1481.17 3.95124 1540.5 1.90246 1570.33 1.02441L1600 0V60H1570.33C1540.5 60 1481.17 60 1422 60C1362.83 60 1303.83 60 1244.67 60C1185.5 60 1126.17 60 1066.67 60C1007.17 60 947.833 60 888.667 60C829.5 60 770.5 60 711.333 60C652.167 60 592.833 60 533.333 60C473.833 60 414.5 60 355.333 60C296.167 60 237.167 60 178 60C118.833 60 59.5 60 29.6667 60H0V0Z\"><\/path><\/svg><\/div>\n\n\n\n<section class=\"wp-block-coolcompany-section has-white-background-color has-background\">\n<div class=\"wp-block-columns is-style-right-image is-layout-flex wp-container-core-columns-is-layout-9d6595d7 wp-block-columns-is-layout-flex\">\n<div class=\"wp-block-column is-layout-flow wp-block-column-is-layout-flow\">\n<h2 class=\"wp-block-heading\">Jeg jobber sammen med andre (i team), hvordan gj\u00f8r jeg det da?<\/h2>\n\n\n\n<p>N\u00e5r du oppretter fakturaen, f\u00f8rer du opp et team der du oppgir hvem som er med, hvor mye hver enkelt skal ha i godtgj\u00f8relse, og n\u00e5r de har utf\u00f8rt oppdraget.<\/p>\n\n\n\n<p>Tjenesten gir deg oversikt over hvor mye du kan fordele mellom deg og dine kolleger i teamet, og regner ogs\u00e5 om bel\u00f8pet dersom du har fakturert i en annen valuta enn norske kroner.<\/p>\n\n\n\n<h2 class=\"wp-block-heading\">Kan jeg forskuddsfakturere?<\/h2>\n\n\n\n<p>Oppdraget du fakturerer, m\u00e5 v\u00e6re utf\u00f8rt f\u00f8r du f\u00e5r betalt og kan ta ut l\u00f8nnen din. Betalingsvilk\u00e5r og forfallsdato bestemmer du selv, f.eks. 10, 20 eller 30 dage<\/p>\n<\/div>\n\n\n\n<div class=\"wp-block-column is-layout-flow wp-block-column-is-layout-flow\">\n<div class=\"wp-block-coolcompany-maskedimage blob_mask_3\"><div class=\"gradient-background\" style=\"background:linear-gradient(45deg, #BA37F9 0%, #FD7B78 100%)\"><\/div>\n<figure class=\"wp-block-image size-large\"><img decoding=\"async\" src=\"https:\/\/coolcompany.com\/se\/wp-content\/uploads\/sites\/2\/2020\/02\/expresspay.svg\" alt=\"Illustration of Express pay\" class=\"wp-image-994\"\/><\/figure>\n<\/div>\n<\/div>\n<\/div>\n<\/section>\n\n\n\n<section class=\"wp-block-coolcompany-section has-white-background-color has-background\">\n<div class=\"wp-block-columns is-style-right-image is-layout-flex wp-container-core-columns-is-layout-9d6595d7 wp-block-columns-is-layout-flex\">\n<div class=\"wp-block-column is-layout-flow wp-block-column-is-layout-flow\">\n<h2 class=\"wp-block-heading\">Utlegg og reiseregninger, hva gj\u00f8r jeg med dem?<\/h2>\n\n\n\n<p>Dersom du har utlegg og reiseregninger i forbindelse med en faktura, finner du feltene der dette skal angis i nedre del av fakturaskjemaet.<\/p>\n\n\n\n<p>Vi gj\u00f8r v\u00e5rt beste for \u00e5 h\u00e5ndtere dine utlegg s\u00e5 raskt vi kan, men vi m\u00e5 f\u00e5 originalkvitteringen tilsendt. I tillegg m\u00e5 utlegget v\u00e6re relevant for utf\u00f8ringen av oppdraget. Dersom du er usikker, kan du kontakte kundeservice. Da finner vi en l\u00f8sning sammen.<\/p>\n\n\n\n<p>OBS! For utlegg over 4000 kroner inkl. mva. m\u00e5 Cool Company Norge AS st\u00e5 som mottaker p\u00e5 kvitteringen.<\/p>\n\n\n\n<p>N\u00e5r det gjelder reisegodtgj\u00f8relse, h\u00e5ndterer vi b\u00e5de kj\u00f8regodtgj\u00f8relse og diettpenger i Norge og internasjonalt.<\/p>\n\n\n\n<div class=\"wp-block-buttons is-content-justification-center is-layout-flex wp-block-buttons-is-layout-flex\">\n<div class=\"wp-block-button is-style-secondary\"><a class=\"wp-block-button__link\" href=\"https:\/\/coolcompany.com\/no\/sporsmal-og-svar-om-fradrag\/\" target=\"_blank\" rel=\"noreferrer noopener\">les mer om fradrag<\/a><\/div>\n<\/div>\n<\/div>\n\n\n\n<div class=\"wp-block-column is-layout-flow wp-block-column-is-layout-flow\">\n<div class=\"wp-block-coolcompany-maskedimage blob_mask_4\"><div class=\"gradient-background\" style=\"background:linear-gradient(45deg, #BA37F9 0%, #FD7B78 100%)\"><\/div>\n<figure class=\"wp-block-image size-large\"><img decoding=\"async\" src=\"https:\/\/coolcompany.com\/no\/wp-content\/uploads\/sites\/4\/2020\/03\/GettyImages-1129714019-1024x683.jpg\" alt=\"\" class=\"wp-image-3542\" srcset=\"https:\/\/coolcompany.com\/no\/wp-content\/uploads\/sites\/4\/2020\/03\/GettyImages-1129714019-1024x683.jpg 1024w, https:\/\/coolcompany.com\/no\/wp-content\/uploads\/sites\/4\/2020\/03\/GettyImages-1129714019-300x200.jpg 300w, https:\/\/coolcompany.com\/no\/wp-content\/uploads\/sites\/4\/2020\/03\/GettyImages-1129714019-768x512.jpg 768w, https:\/\/coolcompany.com\/no\/wp-content\/uploads\/sites\/4\/2020\/03\/GettyImages-1129714019-1536x1024.jpg 1536w, https:\/\/coolcompany.com\/no\/wp-content\/uploads\/sites\/4\/2020\/03\/GettyImages-1129714019-1080x720.jpg 1080w, https:\/\/coolcompany.com\/no\/wp-content\/uploads\/sites\/4\/2020\/03\/GettyImages-1129714019-1280x853.jpg 1280w, https:\/\/coolcompany.com\/no\/wp-content\/uploads\/sites\/4\/2020\/03\/GettyImages-1129714019-980x653.jpg 980w, https:\/\/coolcompany.com\/no\/wp-content\/uploads\/sites\/4\/2020\/03\/GettyImages-1129714019-480x320.jpg 480w, https:\/\/coolcompany.com\/no\/wp-content\/uploads\/sites\/4\/2020\/03\/GettyImages-1129714019.jpg 1920w\" sizes=\"(max-width: 1024px) 100vw, 1024px\" \/><\/figure>\n<\/div>\n<\/div>\n<\/div>\n<\/section>\n","protected":false},"excerpt":{"rendered":"","protected":false},"author":1,"featured_media":0,"parent":0,"menu_order":0,"comment_status":"closed","ping_status":"closed","template":"singular.php","meta":{"footnotes":""},"categories":[],"tags":[],"class_list":["post-3476","page","type-page","status-publish","hentry"],"yoast_head":"<!-- This site is optimized with the Yoast SEO Premium plugin v25.2 (Yoast SEO v27.0) - https:\/\/yoast.com\/product\/yoast-seo-premium-wordpress\/ -->\n<title>Fakturering - Cool Company Norge<\/title>\n<meta name=\"description\" content=\"Alt om fakturering, og hva er brutto og netto? Her er forklaringer p\u00e5 sentrale begreper og hvordan det fungerer med fakturering hos oss.\" \/>\n<meta name=\"robots\" content=\"index, follow, max-snippet:-1, max-image-preview:large, max-video-preview:-1\" \/>\n<link rel=\"canonical\" href=\"https:\/\/coolcompany.com\/no\/fakturering\/\" \/>\n<meta property=\"og:locale\" content=\"nb_NO\" \/>\n<meta property=\"og:type\" content=\"article\" \/>\n<meta property=\"og:title\" content=\"Fakturering\" \/>\n<meta property=\"og:description\" content=\"Alt om fakturering, og hva er brutto og netto? Her er forklaringer p\u00e5 sentrale begreper og hvordan det fungerer med fakturering hos oss.\" \/>\n<meta property=\"og:url\" content=\"https:\/\/coolcompany.com\/no\/fakturering\/\" \/>\n<meta property=\"og:site_name\" content=\"Cool Company Norge\" \/>\n<meta property=\"article:modified_time\" content=\"2022-07-27T08:07:46+00:00\" \/>\n<meta property=\"og:image\" content=\"https:\/\/coolcompany.com\/no\/wp-content\/uploads\/sites\/4\/2020\/06\/paperwork-clouds.png\" \/>\n<meta name=\"twitter:card\" content=\"summary_large_image\" \/>\n<meta name=\"twitter:label1\" content=\"Ansl. lesetid\" \/>\n\t<meta name=\"twitter:data1\" content=\"3 minutter\" \/>\n<script type=\"application\/ld+json\" class=\"yoast-schema-graph\">{\"@context\":\"https:\/\/schema.org\",\"@graph\":[{\"@type\":\"WebPage\",\"@id\":\"https:\/\/coolcompany.com\/no\/fakturering\/\",\"url\":\"https:\/\/coolcompany.com\/no\/fakturering\/\",\"name\":\"Fakturering - Cool Company Norge\",\"isPartOf\":{\"@id\":\"https:\/\/coolcompany.com\/no\/#website\"},\"primaryImageOfPage\":{\"@id\":\"https:\/\/coolcompany.com\/no\/fakturering\/#primaryimage\"},\"image\":{\"@id\":\"https:\/\/coolcompany.com\/no\/fakturering\/#primaryimage\"},\"thumbnailUrl\":\"https:\/\/coolcompany.com\/no\/wp-content\/uploads\/sites\/4\/2020\/06\/paperwork-clouds.png\",\"datePublished\":\"2020-03-13T12:54:50+00:00\",\"dateModified\":\"2022-07-27T08:07:46+00:00\",\"description\":\"Alt om fakturering, og hva er brutto og netto? Her er forklaringer p\u00e5 sentrale begreper og hvordan det fungerer med fakturering hos oss.\",\"inLanguage\":\"nb-NO\",\"potentialAction\":[{\"@type\":\"ReadAction\",\"target\":[\"https:\/\/coolcompany.com\/no\/fakturering\/\"]}]},{\"@type\":\"ImageObject\",\"inLanguage\":\"nb-NO\",\"@id\":\"https:\/\/coolcompany.com\/no\/fakturering\/#primaryimage\",\"url\":\"https:\/\/coolcompany.com\/no\/wp-content\/uploads\/sites\/4\/2020\/06\/paperwork-clouds.png\",\"contentUrl\":\"https:\/\/coolcompany.com\/no\/wp-content\/uploads\/sites\/4\/2020\/06\/paperwork-clouds.png\",\"width\":846,\"height\":700},{\"@type\":\"WebSite\",\"@id\":\"https:\/\/coolcompany.com\/no\/#website\",\"url\":\"https:\/\/coolcompany.com\/no\/\",\"name\":\"Cool Company Norge\",\"description\":\"Fakturer uten firma\",\"publisher\":{\"@id\":\"https:\/\/coolcompany.com\/no\/#organization\"},\"potentialAction\":[{\"@type\":\"SearchAction\",\"target\":{\"@type\":\"EntryPoint\",\"urlTemplate\":\"https:\/\/coolcompany.com\/no\/?s={search_term_string}\"},\"query-input\":{\"@type\":\"PropertyValueSpecification\",\"valueRequired\":true,\"valueName\":\"search_term_string\"}}],\"inLanguage\":\"nb-NO\"},{\"@type\":\"Organization\",\"@id\":\"https:\/\/coolcompany.com\/no\/#organization\",\"name\":\"Cool Company\",\"url\":\"https:\/\/coolcompany.com\/no\/\",\"logo\":{\"@type\":\"ImageObject\",\"inLanguage\":\"nb-NO\",\"@id\":\"https:\/\/coolcompany.com\/no\/#\/schema\/logo\/image\/\",\"url\":\"https:\/\/coolcompany.com\/no\/wp-content\/uploads\/sites\/4\/2020\/01\/cc-logotype-horizontal.svg\",\"contentUrl\":\"https:\/\/coolcompany.com\/no\/wp-content\/uploads\/sites\/4\/2020\/01\/cc-logotype-horizontal.svg\",\"width\":\"1024\",\"height\":\"1024\",\"caption\":\"Cool Company\"},\"image\":{\"@id\":\"https:\/\/coolcompany.com\/no\/#\/schema\/logo\/image\/\"}}]}<\/script>\n<!-- \/ Yoast SEO Premium plugin. -->","yoast_head_json":{"title":"Fakturering - Cool Company Norge","description":"Alt om fakturering, og hva er brutto og netto? Her er forklaringer p\u00e5 sentrale begreper og hvordan det fungerer med fakturering hos oss.","robots":{"index":"index","follow":"follow","max-snippet":"max-snippet:-1","max-image-preview":"max-image-preview:large","max-video-preview":"max-video-preview:-1"},"canonical":"https:\/\/coolcompany.com\/no\/fakturering\/","og_locale":"nb_NO","og_type":"article","og_title":"Fakturering","og_description":"Alt om fakturering, og hva er brutto og netto? Her er forklaringer p\u00e5 sentrale begreper og hvordan det fungerer med fakturering hos oss.","og_url":"https:\/\/coolcompany.com\/no\/fakturering\/","og_site_name":"Cool Company Norge","article_modified_time":"2022-07-27T08:07:46+00:00","og_image":[{"url":"https:\/\/coolcompany.com\/no\/wp-content\/uploads\/sites\/4\/2020\/06\/paperwork-clouds.png","type":"","width":"","height":""}],"twitter_card":"summary_large_image","twitter_misc":{"Ansl. lesetid":"3 minutter"},"schema":{"@context":"https:\/\/schema.org","@graph":[{"@type":"WebPage","@id":"https:\/\/coolcompany.com\/no\/fakturering\/","url":"https:\/\/coolcompany.com\/no\/fakturering\/","name":"Fakturering - Cool Company Norge","isPartOf":{"@id":"https:\/\/coolcompany.com\/no\/#website"},"primaryImageOfPage":{"@id":"https:\/\/coolcompany.com\/no\/fakturering\/#primaryimage"},"image":{"@id":"https:\/\/coolcompany.com\/no\/fakturering\/#primaryimage"},"thumbnailUrl":"https:\/\/coolcompany.com\/no\/wp-content\/uploads\/sites\/4\/2020\/06\/paperwork-clouds.png","datePublished":"2020-03-13T12:54:50+00:00","dateModified":"2022-07-27T08:07:46+00:00","description":"Alt om fakturering, og hva er brutto og netto? Her er forklaringer p\u00e5 sentrale begreper og hvordan det fungerer med fakturering hos oss.","inLanguage":"nb-NO","potentialAction":[{"@type":"ReadAction","target":["https:\/\/coolcompany.com\/no\/fakturering\/"]}]},{"@type":"ImageObject","inLanguage":"nb-NO","@id":"https:\/\/coolcompany.com\/no\/fakturering\/#primaryimage","url":"https:\/\/coolcompany.com\/no\/wp-content\/uploads\/sites\/4\/2020\/06\/paperwork-clouds.png","contentUrl":"https:\/\/coolcompany.com\/no\/wp-content\/uploads\/sites\/4\/2020\/06\/paperwork-clouds.png","width":846,"height":700},{"@type":"WebSite","@id":"https:\/\/coolcompany.com\/no\/#website","url":"https:\/\/coolcompany.com\/no\/","name":"Cool Company Norge","description":"Fakturer uten firma","publisher":{"@id":"https:\/\/coolcompany.com\/no\/#organization"},"potentialAction":[{"@type":"SearchAction","target":{"@type":"EntryPoint","urlTemplate":"https:\/\/coolcompany.com\/no\/?s={search_term_string}"},"query-input":{"@type":"PropertyValueSpecification","valueRequired":true,"valueName":"search_term_string"}}],"inLanguage":"nb-NO"},{"@type":"Organization","@id":"https:\/\/coolcompany.com\/no\/#organization","name":"Cool Company","url":"https:\/\/coolcompany.com\/no\/","logo":{"@type":"ImageObject","inLanguage":"nb-NO","@id":"https:\/\/coolcompany.com\/no\/#\/schema\/logo\/image\/","url":"https:\/\/coolcompany.com\/no\/wp-content\/uploads\/sites\/4\/2020\/01\/cc-logotype-horizontal.svg","contentUrl":"https:\/\/coolcompany.com\/no\/wp-content\/uploads\/sites\/4\/2020\/01\/cc-logotype-horizontal.svg","width":"1024","height":"1024","caption":"Cool Company"},"image":{"@id":"https:\/\/coolcompany.com\/no\/#\/schema\/logo\/image\/"}}]}},"lang":"nb","translations":{"nb":3476},"pll_sync_post":[],"_links":{"self":[{"href":"https:\/\/coolcompany.com\/no\/wp-json\/wp\/v2\/pages\/3476","targetHints":{"allow":["GET"]}}],"collection":[{"href":"https:\/\/coolcompany.com\/no\/wp-json\/wp\/v2\/pages"}],"about":[{"href":"https:\/\/coolcompany.com\/no\/wp-json\/wp\/v2\/types\/page"}],"author":[{"embeddable":true,"href":"https:\/\/coolcompany.com\/no\/wp-json\/wp\/v2\/users\/1"}],"replies":[{"embeddable":true,"href":"https:\/\/coolcompany.com\/no\/wp-json\/wp\/v2\/comments?post=3476"}],"version-history":[{"count":0,"href":"https:\/\/coolcompany.com\/no\/wp-json\/wp\/v2\/pages\/3476\/revisions"}],"wp:attachment":[{"href":"https:\/\/coolcompany.com\/no\/wp-json\/wp\/v2\/media?parent=3476"}],"wp:term":[{"taxonomy":"category","embeddable":true,"href":"https:\/\/coolcompany.com\/no\/wp-json\/wp\/v2\/categories?post=3476"},{"taxonomy":"post_tag","embeddable":true,"href":"https:\/\/coolcompany.com\/no\/wp-json\/wp\/v2\/tags?post=3476"}],"curies":[{"name":"wp","href":"https:\/\/api.w.org\/{rel}","templated":true}]}}