{"id":3471,"date":"2020-03-13T12:50:45","date_gmt":"2020-03-13T12:50:45","guid":{"rendered":"https:\/\/coolcompanydev.wpengine.com\/no\/?page_id=3471"},"modified":"2024-12-16T13:04:31","modified_gmt":"2024-12-16T13:04:31","slug":"egenansatt","status":"publish","type":"page","link":"https:\/\/coolcompany.com\/no\/egenansatt\/","title":{"rendered":"Egenansatt"},"content":{"rendered":"\n<section class=\"wp-block-coolcompany-section is-style-no-space has-red-10-background-color has-background\">\n<div class=\"wp-block-columns is-style-columns2 is-layout-flex wp-container-core-columns-is-layout-9d6595d7 wp-block-columns-is-layout-flex\">\n<div class=\"wp-block-column is-vertically-aligned-center is-layout-flow wp-block-column-is-layout-flow\"><div class=\"breadcrumbs align  wp-block-bcn-breadcrumb-trail has-text-color has-background\" vocab=\"https:\/\/schema.org\/\" typeof=\"BreadcrumbList\">\n\t<span><\/span>\n\t<\/div>\n\n\n\n<h1 class=\"wp-block-heading\" id=\"h-bli-din-egen-sjef-nbsp\">Bli din egen sjef&nbsp;<\/h1>\n\n\n\n<p>Lurer du hva det betyr \u00e5 v\u00e6re egenansatt i Cool Company? Her er svarene p\u00e5 alt du lurer p\u00e5!<\/p>\n\n\n\n<div class=\"wp-block-buttons is-layout-flex wp-block-buttons-is-layout-flex\">\n<div class=\"wp-block-button is-style-primary\"><a class=\"wp-block-button__link wp-element-button\" href=\"https:\/\/freelance.coolcompany.com\/signup\/#profile=NO&amp;language=no\" target=\"_blank\" rel=\"noreferrer noopener\">opprett konto<\/a><\/div>\n<\/div>\n<\/div>\n\n\n\n<div class=\"wp-block-column is-style-smaller-col is-layout-flow wp-block-column-is-layout-flow\">\n<div class=\"wp-block-coolcompany-maskedimage blob_mask_5\"><div class=\"gradient-background\" style=\"background:linear-gradient(45deg, #7142E9 0%, #BA37F9 100%)\"><\/div>\n<figure class=\"wp-block-image size-large\"><img decoding=\"async\" src=\"https:\/\/coolcompany.com\/uk\/wp-content\/uploads\/sites\/3\/2020\/03\/GettyImages-1062517850-1024x683.jpg\" alt=\"A freelancer sitting on a stool in her home office library\" class=\"wp-image-3541\"\/><\/figure>\n<\/div>\n<\/div>\n<\/div>\n<\/section>\n\n\n\n<div class=\"wp-block-coolcompany-separator is-style-default has-red-10-background-color has-background\"><svg width=\"100%\" viewBox=\"0 0 1600 60\" fill=\"none\" xmlns=\"http:\/\/www.w3.org\/2000\/svg\" class=\"mirrored\" aria-hidden=\"true\"><path d=\"M1600 0L1588.83 5.42855C1577.83 11 1555.5 21.8571 1533.33 27.8571C1511.17 33.8571 1488.83 34.7143 1466.67 32.5714C1444.5 30.4286 1422.17 25.2857 1400 24.2857C1377.83 23.2857 1355.5 26.7143 1333.33 26.8571C1311.17 27.1428 1288.83 24.2857 1266.67 25.2857C1244.5 26.1429 1222.17 31 1200 31.4286C1177.83 31.8571 1155.5 28.1429 1133.33 23.1429C1111.17 18.1429 1088.83 11.8571 1066.67 10.4286C1044.5 8.99998 1022.17 12.4286 1000 12.1429C977.833 11.8571 955.5 8.14286 933.333 7.14286C911.167 6.14286 888.833 8.14287 866.667 7.42859C844.5 6.7143 822.167 3.2857 800 5.42855C777.833 7.57141 755.5 15.2857 733.333 19.5714C711.167 23.8572 688.833 24.7143 666.667 26.4286C644.5 28.1429 622.167 30.4286 600 30.4286C577.833 30.4286 555.5 28.1428 533.333 27.5714C511.167 27.1428 488.833 28.5714 466.667 24.2857C444.5 20 422.167 9.99998 400 6.85713C377.833 3.85713 355.5 7.57141 333.333 8.99998C311.167 10.4286 288.833 9.57143 266.667 12.1429C244.5 14.7143 222.167 21 200 22.8571C177.833 24.7143 155.5 22.4286 133.333 20.2857C111.167 18.1429 88.8334 16.1429 66.6667 17.4286C44.5 18.5714 22.1667 22.8571 11.1667 25L0 27.1429V60H11.1667C22.1667 60 44.5 60 66.6667 60C88.8334 60 111.167 60 133.333 60C155.5 60 177.833 60 200 60C222.167 60 244.5 60 266.667 60C288.833 60 311.167 60 333.333 60C355.5 60 377.833 60 400 60C422.167 60 444.5 60 466.667 60C488.833 60 511.167 60 533.333 60C555.5 60 577.833 60 600 60C622.167 60 644.5 60 666.667 60C688.833 60 711.167 60 733.333 60C755.5 60 777.833 60 800 60C822.167 60 844.5 60 866.667 60C888.833 60 911.167 60 933.333 60C955.5 60 977.833 60 1000 60C1022.17 60 1044.5 60 1066.67 60C1088.83 60 1111.17 60 1133.33 60C1155.5 60 1177.83 60 1200 60C1222.17 60 1244.5 60 1266.67 60C1288.83 60 1311.17 60 1333.33 60C1355.5 60 1377.83 60 1400 60C1422.17 60 1444.5 60 1466.67 60C1488.83 60 1511.17 60 1533.33 60C1555.5 60 1577.83 60 1588.83 60H1600V0Z\" fill=\"#ffffff\"><\/path><\/svg><\/div>\n\n\n\n<section class=\"wp-block-coolcompany-section is-style-no-space\">\n<div class=\"wp-block-columns is-style-columns1 is-layout-flex wp-container-core-columns-is-layout-9d6595d7 wp-block-columns-is-layout-flex\">\n<div class=\"wp-block-column is-vertically-aligned-top is-layout-flow wp-block-column-is-layout-flow\">\n<h2 class=\"wp-block-heading\">Hva betyr det \u00e5 v\u00e6re egenansatt?<\/h2>\n\n\n\n<p>\u00c5 bli din egen sjef handler om selv \u00e5 bestemme over livet ditt.<\/p>\n\n\n\n<p>Bare du vet hva som passer for deg, og velger \u00e5 v\u00e6re egenansatt, opplever du friheten til \u00e5 velge uten \u00e5 ofre noe annet.<\/p>\n<\/div>\n<\/div>\n<\/section>\n\n\n\n<section class=\"wp-block-coolcompany-section is-style-no-space has-red-10-background-color has-background\">\n<h2 class=\"wp-block-heading has-text-align-center\">Grunner til \u00e5 bli egenansatt<\/h2>\n\n\n\n<div class=\"wp-block-columns is-style-columns3 is-layout-flex wp-container-core-columns-is-layout-9d6595d7 wp-block-columns-is-layout-flex\">\n<div class=\"wp-block-column is-layout-flow wp-block-column-is-layout-flow\">\n<figure class=\"wp-block-image aligncenter size-large\"><img decoding=\"async\" src=\"https:\/\/coolcompany.com\/no\/wp-content\/uploads\/sites\/4\/2020\/01\/Group-4494.svg\" alt=\"\" class=\"wp-image-418\"\/><\/figure>\n\n\n\n<h3 class=\"wp-block-heading has-text-align-center\">Du slipper \u00e5 ta noen drastiske beslutninger<\/h3>\n\n\n\n<p class=\"has-text-align-center\">Du slipper \u00e5 si opp jobben, ingen plutselige endringer. Kjenn p\u00e5 livet i entrepren\u00f8rverden ved \u00e5 starte din egen business og send din f\u00f8rste faktura allerede i dag.<\/p>\n<\/div>\n\n\n\n<div class=\"wp-block-column is-layout-flow wp-block-column-is-layout-flow\">\n<figure class=\"wp-block-image aligncenter size-large\"><img decoding=\"async\" src=\"https:\/\/coolcompany.com\/no\/wp-content\/uploads\/sites\/4\/2020\/01\/Group-4496.svg\" alt=\"\" class=\"wp-image-414\"\/><\/figure>\n\n\n\n<h3 class=\"wp-block-heading has-text-align-center\">Reduser risikoen som f\u00f8lger med \u00e5 starte for deg selv til et minimum<\/h3>\n\n\n\n<p class=\"has-text-align-center\">Jo da, det er flott \u00e5 starte sin egen bedrift, men det f\u00f8lger ogs\u00e5 med risiko og forpliktelser. Som egenansatt f\u00e5r du friheten til \u00e5 v\u00e6re din egen sjef, og du kan overlate papirarbeidet til oss. Easy!<\/p>\n<\/div>\n\n\n\n<div class=\"wp-block-column is-layout-flow wp-block-column-is-layout-flow\">\n<figure class=\"wp-block-image aligncenter size-large\"><img decoding=\"async\" src=\"https:\/\/coolcompany.com\/no\/wp-content\/uploads\/sites\/4\/2020\/01\/Group-3599.svg\" alt=\"\" class=\"wp-image-417\"\/><\/figure>\n\n\n\n<h3 class=\"wp-block-heading has-text-align-center\">Kom raskt i gang<\/h3>\n\n\n\n<p class=\"has-text-align-center\">Den ideen du tror p\u00e5, realiserer ikke seg selv. Men starter du opp, kan terskelen faktisk bli lavere, og du kjenner spenningen ved at det begynner \u00e5 skje noe.<\/p>\n<\/div>\n<\/div>\n<\/section>\n\n\n\n<div class=\"wp-block-coolcompany-separator is-style-default has-red-10-background-color has-background has-red-10-background-color has-background\"><svg width=\"100%\" viewBox=\"0 0 1600 60\" fill=\"none\" xmlns=\"https:\/\/www.w3.org\/2000\/svg\" class=\"mirrored\" aria-hidden=\"true\"><path d=\"M1600 0L1588.83 5.42855C1577.83 11 1555.5 21.8571 1533.33 27.8571C1511.17 33.8571 1488.83 34.7143 1466.67 32.5714C1444.5 30.4286 1422.17 25.2857 1400 24.2857C1377.83 23.2857 1355.5 26.7143 1333.33 26.8571C1311.17 27.1428 1288.83 24.2857 1266.67 25.2857C1244.5 26.1429 1222.17 31 1200 31.4286C1177.83 31.8571 1155.5 28.1429 1133.33 23.1429C1111.17 18.1429 1088.83 11.8571 1066.67 10.4286C1044.5 8.99998 1022.17 12.4286 1000 12.1429C977.833 11.8571 955.5 8.14286 933.333 7.14286C911.167 6.14286 888.833 8.14287 866.667 7.42859C844.5 6.7143 822.167 3.2857 800 5.42855C777.833 7.57141 755.5 15.2857 733.333 19.5714C711.167 23.8572 688.833 24.7143 666.667 26.4286C644.5 28.1429 622.167 30.4286 600 30.4286C577.833 30.4286 555.5 28.1428 533.333 27.5714C511.167 27.1428 488.833 28.5714 466.667 24.2857C444.5 20 422.167 9.99998 400 6.85713C377.833 3.85713 355.5 7.57141 333.333 8.99998C311.167 10.4286 288.833 9.57143 266.667 12.1429C244.5 14.7143 222.167 21 200 22.8571C177.833 24.7143 155.5 22.4286 133.333 20.2857C111.167 18.1429 88.8334 16.1429 66.6667 17.4286C44.5 18.5714 22.1667 22.8571 11.1667 25L0 27.1429V60H11.1667C22.1667 60 44.5 60 66.6667 60C88.8334 60 111.167 60 133.333 60C155.5 60 177.833 60 200 60C222.167 60 244.5 60 266.667 60C288.833 60 311.167 60 333.333 60C355.5 60 377.833 60 400 60C422.167 60 444.5 60 466.667 60C488.833 60 511.167 60 533.333 60C555.5 60 577.833 60 600 60C622.167 60 644.5 60 666.667 60C688.833 60 711.167 60 733.333 60C755.5 60 777.833 60 800 60C822.167 60 844.5 60 866.667 60C888.833 60 911.167 60 933.333 60C955.5 60 977.833 60 1000 60C1022.17 60 1044.5 60 1066.67 60C1088.83 60 1111.17 60 1133.33 60C1155.5 60 1177.83 60 1200 60C1222.17 60 1244.5 60 1266.67 60C1288.83 60 1311.17 60 1333.33 60C1355.5 60 1377.83 60 1400 60C1422.17 60 1444.5 60 1466.67 60C1488.83 60 1511.17 60 1533.33 60C1555.5 60 1577.83 60 1588.83 60H1600V0Z\" fill=\"#ffffff\"><\/path><\/svg><\/div>\n\n\n\n<section class=\"wp-block-coolcompany-section is-style-no-space\">\n<div class=\"wp-block-columns is-style-columns2 is-layout-flex wp-container-core-columns-is-layout-9d6595d7 wp-block-columns-is-layout-flex\">\n<div class=\"wp-block-column is-style-larger-col is-layout-flow wp-block-column-is-layout-flow\">\n<h2 class=\"wp-block-heading\">Er det \u00e5 v\u00e6re egenansatt noe for meg?<\/h2>\n\n\n\n<p>Vi jobber med egenansatte innen de fleste yrkesgrupper: Artister, IT-konsulenter, DJ-er, fotografer, forelesere, markedsf\u00f8rere, prosjektledere, PR-medarbeidere, stylister, selgere, teknikere og mange fler.<\/p>\n\n\n\n<p>Uansett bransje \u2013 alle v\u00e5re egenansatte har \u00e9n ting felles: De har oppdrag som skal utf\u00f8res mot betaling, og de \u00f8nsker hjelp til fakturering og administrasjon.<\/p>\n\n\n\n<div class=\"wp-block-buttons is-layout-flex wp-block-buttons-is-layout-flex\">\n<div class=\"wp-block-button is-style-tertiary\"><a class=\"wp-block-button__link wp-element-button\" href=\"https:\/\/coolcompany.com\/no\/fa-betalt\/\" target=\"_blank\" rel=\"noreferrer noopener\">Les mer om L\u00f8nn<\/a><\/div>\n<\/div>\n<\/div>\n\n\n\n<div class=\"wp-block-column is-style-smaller-col is-layout-flow wp-block-column-is-layout-flow\">\n<div class=\"wp-block-coolcompany-maskedimage blob_mask_1\"><div class=\"gradient-background\" style=\"background:linear-gradient(45deg, #7142E9 0%, #BA37F9 100%)\"><\/div>\n<figure class=\"wp-block-image size-full\"><img decoding=\"async\" src=\"https:\/\/coolcompany.com\/uk\/wp-content\/uploads\/sites\/3\/2021\/04\/GettyImages-992023140-1024x683-1.jpg\" alt=\"\" class=\"wp-image-7051\"\/><\/figure>\n<\/div>\n<\/div>\n<\/div>\n<\/section>\n\n\n\n<section class=\"wp-block-coolcompany-section is-style-no-space\">\n<div class=\"wp-block-columns is-style-columns1 is-layout-flex wp-container-core-columns-is-layout-9d6595d7 wp-block-columns-is-layout-flex\">\n<div class=\"wp-block-column is-vertically-aligned-top is-layout-flow wp-block-column-is-layout-flow\">\n<h2 class=\"wp-block-heading\">Hva er egentlig forskjellen p\u00e5 \u00e5 v\u00e6re egenansatt og drive eget firma?<\/h2>\n\n\n\n<p>Kort sagt \u2013 \u00e5 v\u00e6re egenansatt sammen med Cool Company betyr at:<\/p>\n\n\n\n<ul class=\"wp-block-list\">\n<li>Du velger selv n\u00e5r du vil ha l\u00f8nnen din.<\/li>\n\n\n\n<li>Du kan jobbe n\u00e5r du vil.<\/li>\n\n\n\n<li>Du kan ta s\u00e5 mange oppdrag du vil \u2013 og kan i praksis tjene s\u00e5 mye du vil.<\/li>\n\n\n\n<li>Du kan velge mellom ulike forsikringer.<\/li>\n<\/ul>\n\n\n\n<p>S\u00e5 hva er forskjellene?<\/p>\n\n\n\n<p>Samarbeider du med Cool Company kan du konsentrere deg helt om oppdragene dine<\/p>\n\n\n\n<p>Gjennom v\u00e5r samarbeidspartner <a href=\"https:\/\/coolcompany.com\/no\/anstallning\/cool-company-brainville\/\">Brainville<\/a> kan du ogs\u00e5 f\u00e5 litt hjelp med \u00e5 finne oppdrag.<\/p>\n\n\n\n<p>Du slipper all administrasjonen som mange selvstendige n\u00e6ringsdrivende ergrer seg over.<\/p>\n<\/div>\n<\/div>\n<\/section>\n\n\n\n<section class=\"wp-block-coolcompany-section is-style-no-space has-red-10-background-color has-background\">\n<div class=\"wp-block-columns is-style-columns2 is-layout-flex wp-container-core-columns-is-layout-9d6595d7 wp-block-columns-is-layout-flex\">\n<div class=\"wp-block-column is-style-smaller-col is-layout-flow wp-block-column-is-layout-flow\">\n<div class=\"wp-block-coolcompany-maskedimage blob_mask_4\"><div class=\"gradient-background\" style=\"background:linear-gradient(45deg, #7142E9 0%, #BA37F9 100%)\"><\/div>\n<figure class=\"wp-block-image size-large\"><img decoding=\"async\" src=\"https:\/\/coolcompany.com\/uk\/wp-content\/uploads\/sites\/3\/2020\/03\/GettyImages-1138528465-1024x683.jpg\" alt=\"A freelance worker having coffee and smiling\" class=\"wp-image-3546\"\/><\/figure>\n<\/div>\n<\/div>\n\n\n\n<div class=\"wp-block-column is-style-larger-col is-layout-flow wp-block-column-is-layout-flow\">\n<h2 class=\"wp-block-heading\">Sp\u00f8rsm\u00e5l?<\/h2>\n\n\n\n<p>Vi har tatt fram svarene p\u00e5 de vanligste sp\u00f8rsm\u00e5lene som dukker opp n\u00e5r du er ny som egenansatt eller rett og slett trenger mer informasjon f\u00f8r du velger Cool Company<\/p>\n\n\n\n<div class=\"wp-block-buttons is-layout-flex wp-block-buttons-is-layout-flex\">\n<div class=\"wp-block-button is-style-primary\"><a class=\"wp-block-button__link wp-element-button\" href=\"https:\/\/coolcompany.com\/no\/faq\/\" target=\"_blank\" rel=\"noreferrer noopener\">SP\u00d8RSM\u00c5L OG SVAR &#8211; EGENANSETTELSE<\/a><\/div>\n<\/div>\n<\/div>\n<\/div>\n<\/section>\n","protected":false},"excerpt":{"rendered":"","protected":false},"author":1,"featured_media":0,"parent":0,"menu_order":0,"comment_status":"closed","ping_status":"closed","template":"singular.php","meta":{"footnotes":""},"categories":[],"tags":[52],"class_list":["post-3471","page","type-page","status-publish","hentry","tag-light"],"yoast_head":"<!-- This site is optimized with the Yoast SEO Premium plugin v25.2 (Yoast SEO v27.0) - https:\/\/yoast.com\/product\/yoast-seo-premium-wordpress\/ -->\n<title>Egenansatt - Cool Company Norge<\/title>\n<meta name=\"description\" content=\"Bli din egen sjef - alt om \u00e5 ansette seg selv. Lurer du hva det betyr \u00e5 v\u00e6re egenansatt i Cool Company? Her er svarene p\u00e5 alt du lurer p\u00e5!\" \/>\n<meta name=\"robots\" content=\"index, follow, max-snippet:-1, max-image-preview:large, max-video-preview:-1\" \/>\n<link rel=\"canonical\" href=\"https:\/\/coolcompany.com\/no\/egenansatt\/\" \/>\n<meta property=\"og:locale\" content=\"nb_NO\" \/>\n<meta property=\"og:type\" content=\"article\" \/>\n<meta property=\"og:title\" content=\"Egenansatt\" \/>\n<meta property=\"og:description\" content=\"Bli din egen sjef - alt om \u00e5 ansette seg selv. Lurer du hva det betyr \u00e5 v\u00e6re egenansatt i Cool Company? Her er svarene p\u00e5 alt du lurer p\u00e5!\" \/>\n<meta property=\"og:url\" content=\"https:\/\/coolcompany.com\/no\/egenansatt\/\" \/>\n<meta property=\"og:site_name\" content=\"Cool Company Norge\" \/>\n<meta property=\"article:modified_time\" content=\"2024-12-16T13:04:31+00:00\" \/>\n<meta property=\"og:image\" content=\"https:\/\/coolcompany.com\/no\/wp-content\/uploads\/sites\/4\/2020\/03\/GettyImages-1073796694.jpg\" \/>\n\t<meta property=\"og:image:width\" content=\"1920\" \/>\n\t<meta property=\"og:image:height\" content=\"1280\" \/>\n\t<meta property=\"og:image:type\" content=\"image\/jpeg\" \/>\n<meta name=\"twitter:card\" content=\"summary_large_image\" \/>\n<meta name=\"twitter:label1\" content=\"Ansl. lesetid\" \/>\n\t<meta name=\"twitter:data1\" content=\"3 minutter\" \/>\n<script type=\"application\/ld+json\" class=\"yoast-schema-graph\">{\"@context\":\"https:\/\/schema.org\",\"@graph\":[{\"@type\":\"WebPage\",\"@id\":\"https:\/\/coolcompany.com\/no\/egenansatt\/\",\"url\":\"https:\/\/coolcompany.com\/no\/egenansatt\/\",\"name\":\"Egenansatt - Cool Company Norge\",\"isPartOf\":{\"@id\":\"https:\/\/coolcompany.com\/no\/#website\"},\"primaryImageOfPage\":{\"@id\":\"https:\/\/coolcompany.com\/no\/egenansatt\/#primaryimage\"},\"image\":{\"@id\":\"https:\/\/coolcompany.com\/no\/egenansatt\/#primaryimage\"},\"thumbnailUrl\":\"https:\/\/coolcompany.com\/uk\/wp-content\/uploads\/sites\/3\/2020\/03\/GettyImages-1062517850-1024x683.jpg\",\"datePublished\":\"2020-03-13T12:50:45+00:00\",\"dateModified\":\"2024-12-16T13:04:31+00:00\",\"description\":\"Bli din egen sjef - alt om \u00e5 ansette seg selv. Lurer du hva det betyr \u00e5 v\u00e6re egenansatt i Cool Company? Her er svarene p\u00e5 alt du lurer p\u00e5!\",\"inLanguage\":\"nb-NO\",\"potentialAction\":[{\"@type\":\"ReadAction\",\"target\":[\"https:\/\/coolcompany.com\/no\/egenansatt\/\"]}]},{\"@type\":\"ImageObject\",\"inLanguage\":\"nb-NO\",\"@id\":\"https:\/\/coolcompany.com\/no\/egenansatt\/#primaryimage\",\"url\":\"https:\/\/coolcompany.com\/uk\/wp-content\/uploads\/sites\/3\/2020\/03\/GettyImages-1062517850-1024x683.jpg\",\"contentUrl\":\"https:\/\/coolcompany.com\/uk\/wp-content\/uploads\/sites\/3\/2020\/03\/GettyImages-1062517850-1024x683.jpg\"},{\"@type\":\"WebSite\",\"@id\":\"https:\/\/coolcompany.com\/no\/#website\",\"url\":\"https:\/\/coolcompany.com\/no\/\",\"name\":\"Cool Company Norge\",\"description\":\"Fakturer uten firma\",\"publisher\":{\"@id\":\"https:\/\/coolcompany.com\/no\/#organization\"},\"potentialAction\":[{\"@type\":\"SearchAction\",\"target\":{\"@type\":\"EntryPoint\",\"urlTemplate\":\"https:\/\/coolcompany.com\/no\/?s={search_term_string}\"},\"query-input\":{\"@type\":\"PropertyValueSpecification\",\"valueRequired\":true,\"valueName\":\"search_term_string\"}}],\"inLanguage\":\"nb-NO\"},{\"@type\":\"Organization\",\"@id\":\"https:\/\/coolcompany.com\/no\/#organization\",\"name\":\"Cool Company\",\"url\":\"https:\/\/coolcompany.com\/no\/\",\"logo\":{\"@type\":\"ImageObject\",\"inLanguage\":\"nb-NO\",\"@id\":\"https:\/\/coolcompany.com\/no\/#\/schema\/logo\/image\/\",\"url\":\"https:\/\/coolcompany.com\/no\/wp-content\/uploads\/sites\/4\/2020\/01\/cc-logotype-horizontal.svg\",\"contentUrl\":\"https:\/\/coolcompany.com\/no\/wp-content\/uploads\/sites\/4\/2020\/01\/cc-logotype-horizontal.svg\",\"width\":\"1024\",\"height\":\"1024\",\"caption\":\"Cool Company\"},\"image\":{\"@id\":\"https:\/\/coolcompany.com\/no\/#\/schema\/logo\/image\/\"}}]}<\/script>\n<!-- \/ Yoast SEO Premium plugin. -->","yoast_head_json":{"title":"Egenansatt - Cool Company Norge","description":"Bli din egen sjef - alt om \u00e5 ansette seg selv. Lurer du hva det betyr \u00e5 v\u00e6re egenansatt i Cool Company? Her er svarene p\u00e5 alt du lurer p\u00e5!","robots":{"index":"index","follow":"follow","max-snippet":"max-snippet:-1","max-image-preview":"max-image-preview:large","max-video-preview":"max-video-preview:-1"},"canonical":"https:\/\/coolcompany.com\/no\/egenansatt\/","og_locale":"nb_NO","og_type":"article","og_title":"Egenansatt","og_description":"Bli din egen sjef - alt om \u00e5 ansette seg selv. Lurer du hva det betyr \u00e5 v\u00e6re egenansatt i Cool Company? Her er svarene p\u00e5 alt du lurer p\u00e5!","og_url":"https:\/\/coolcompany.com\/no\/egenansatt\/","og_site_name":"Cool Company Norge","article_modified_time":"2024-12-16T13:04:31+00:00","og_image":[{"width":1920,"height":1280,"url":"https:\/\/coolcompany.com\/no\/wp-content\/uploads\/sites\/4\/2020\/03\/GettyImages-1073796694.jpg","type":"image\/jpeg"}],"twitter_card":"summary_large_image","twitter_misc":{"Ansl. lesetid":"3 minutter"},"schema":{"@context":"https:\/\/schema.org","@graph":[{"@type":"WebPage","@id":"https:\/\/coolcompany.com\/no\/egenansatt\/","url":"https:\/\/coolcompany.com\/no\/egenansatt\/","name":"Egenansatt - Cool Company Norge","isPartOf":{"@id":"https:\/\/coolcompany.com\/no\/#website"},"primaryImageOfPage":{"@id":"https:\/\/coolcompany.com\/no\/egenansatt\/#primaryimage"},"image":{"@id":"https:\/\/coolcompany.com\/no\/egenansatt\/#primaryimage"},"thumbnailUrl":"https:\/\/coolcompany.com\/uk\/wp-content\/uploads\/sites\/3\/2020\/03\/GettyImages-1062517850-1024x683.jpg","datePublished":"2020-03-13T12:50:45+00:00","dateModified":"2024-12-16T13:04:31+00:00","description":"Bli din egen sjef - alt om \u00e5 ansette seg selv. Lurer du hva det betyr \u00e5 v\u00e6re egenansatt i Cool Company? Her er svarene p\u00e5 alt du lurer p\u00e5!","inLanguage":"nb-NO","potentialAction":[{"@type":"ReadAction","target":["https:\/\/coolcompany.com\/no\/egenansatt\/"]}]},{"@type":"ImageObject","inLanguage":"nb-NO","@id":"https:\/\/coolcompany.com\/no\/egenansatt\/#primaryimage","url":"https:\/\/coolcompany.com\/uk\/wp-content\/uploads\/sites\/3\/2020\/03\/GettyImages-1062517850-1024x683.jpg","contentUrl":"https:\/\/coolcompany.com\/uk\/wp-content\/uploads\/sites\/3\/2020\/03\/GettyImages-1062517850-1024x683.jpg"},{"@type":"WebSite","@id":"https:\/\/coolcompany.com\/no\/#website","url":"https:\/\/coolcompany.com\/no\/","name":"Cool Company Norge","description":"Fakturer uten firma","publisher":{"@id":"https:\/\/coolcompany.com\/no\/#organization"},"potentialAction":[{"@type":"SearchAction","target":{"@type":"EntryPoint","urlTemplate":"https:\/\/coolcompany.com\/no\/?s={search_term_string}"},"query-input":{"@type":"PropertyValueSpecification","valueRequired":true,"valueName":"search_term_string"}}],"inLanguage":"nb-NO"},{"@type":"Organization","@id":"https:\/\/coolcompany.com\/no\/#organization","name":"Cool Company","url":"https:\/\/coolcompany.com\/no\/","logo":{"@type":"ImageObject","inLanguage":"nb-NO","@id":"https:\/\/coolcompany.com\/no\/#\/schema\/logo\/image\/","url":"https:\/\/coolcompany.com\/no\/wp-content\/uploads\/sites\/4\/2020\/01\/cc-logotype-horizontal.svg","contentUrl":"https:\/\/coolcompany.com\/no\/wp-content\/uploads\/sites\/4\/2020\/01\/cc-logotype-horizontal.svg","width":"1024","height":"1024","caption":"Cool Company"},"image":{"@id":"https:\/\/coolcompany.com\/no\/#\/schema\/logo\/image\/"}}]}},"lang":"nb","translations":{"nb":3471},"pll_sync_post":[],"_links":{"self":[{"href":"https:\/\/coolcompany.com\/no\/wp-json\/wp\/v2\/pages\/3471","targetHints":{"allow":["GET"]}}],"collection":[{"href":"https:\/\/coolcompany.com\/no\/wp-json\/wp\/v2\/pages"}],"about":[{"href":"https:\/\/coolcompany.com\/no\/wp-json\/wp\/v2\/types\/page"}],"author":[{"embeddable":true,"href":"https:\/\/coolcompany.com\/no\/wp-json\/wp\/v2\/users\/1"}],"replies":[{"embeddable":true,"href":"https:\/\/coolcompany.com\/no\/wp-json\/wp\/v2\/comments?post=3471"}],"version-history":[{"count":0,"href":"https:\/\/coolcompany.com\/no\/wp-json\/wp\/v2\/pages\/3471\/revisions"}],"wp:attachment":[{"href":"https:\/\/coolcompany.com\/no\/wp-json\/wp\/v2\/media?parent=3471"}],"wp:term":[{"taxonomy":"category","embeddable":true,"href":"https:\/\/coolcompany.com\/no\/wp-json\/wp\/v2\/categories?post=3471"},{"taxonomy":"post_tag","embeddable":true,"href":"https:\/\/coolcompany.com\/no\/wp-json\/wp\/v2\/tags?post=3471"}],"curies":[{"name":"wp","href":"https:\/\/api.w.org\/{rel}","templated":true}]}}