{"id":3464,"date":"2020-03-13T13:33:01","date_gmt":"2020-03-13T13:33:01","guid":{"rendered":"https:\/\/coolcompanydev.wpengine.com\/no\/?page_id=3464"},"modified":"2025-03-19T15:49:49","modified_gmt":"2025-03-19T15:49:49","slug":"sporsmal-og-svar-om-webtjenesten","status":"publish","type":"page","link":"https:\/\/coolcompany.com\/no\/sporsmal-og-svar-om-webtjenesten\/","title":{"rendered":"Sp\u00f8rsm\u00e5l og svar &#8211; om webtjenesten"},"content":{"rendered":"\n<div style=\"background-color:rgb(255,235,235)\" class=\"wp-block-coolcompany-hero alignfull is-style-default\"><div class=\"blob-container\" style=\"transform:rotate(0deg)\"><svg width=\"700\" height=\"600\" viewbox=\"0 0 700 600\" fill=\"none\" xmlns=\"https:\/\/www.w3.org\/2000\/svg\" class=\"blob\" role=\"img\" aria-hidden=\"true\"><path d=\"M644.355 37.9216C696.895 78.5633 705.014 162.464 697.691 233.002C690.367 303.539 667.6 360.575 637.031 420.643C606.304 480.71 567.774 543.532 504.568 575.632C441.202 607.732 353.158 608.972 296.956 574.254C240.595 539.537 215.918 468.586 159.557 403.973C103.355 339.359 15.4708 281.083 1.93786 214.265C-11.7543 147.448 48.9052 72.0882 127.237 35.4418C205.728 -1.34243 301.892 0.586316 398.374 0.173011C495.015 -0.240295 591.815 -2.72011 644.355 37.9216Z\" fill=\"rgba(253,123,120,0.15)\"><\/path><\/svg><\/div><div class=\"content\">\n<div class=\"breadcrumbs align  wp-block-bcn-breadcrumb-trail has-text-color has-background\" vocab=\"https:\/\/schema.org\/\" typeof=\"BreadcrumbList\">\n\t<span><\/span>\n\t<\/div>\n\n\n<h1 class=\"wp-block-heading\" id=\"h-sporsmal-og-svar-om-webtjenesten\">Sp\u00f8rsm\u00e5l og svar \u2013 om webtjenesten<\/h1>\n\n\n<p id=\"h-noen-av-ordene-vi-bruker-nar-du-opprettet-konto-hos-oss-kan-vaere-vanskelig-a-forsta-vi-haper-dette-hjelper\">Noen av ordene vi bruker n\u00e5r du opprettet konto hos oss, kan v\u00e6re vanskelig \u00e5 forst\u00e5 &#8211; vi h\u00e5per dette hjelper!<\/p>\n\n\n<div class=\"wp-block-coolcompany-separator\"><svg width=\"100%\" viewbox=\"0 0 1600 60\" fill=\"none\" xmlns=\"https:\/\/www.w3.org\/2000\/svg\" role=\"img\" aria-hidden=\"true\"><path d=\"M1600 0L1588.83 5.42855C1577.83 11 1555.5 21.8571 1533.33 27.8571C1511.17 33.8571 1488.83 34.7143 1466.67 32.5714C1444.5 30.4286 1422.17 25.2857 1400 24.2857C1377.83 23.2857 1355.5 26.7143 1333.33 26.8571C1311.17 27.1428 1288.83 24.2857 1266.67 25.2857C1244.5 26.1429 1222.17 31 1200 31.4286C1177.83 31.8571 1155.5 28.1429 1133.33 23.1429C1111.17 18.1429 1088.83 11.8571 1066.67 10.4286C1044.5 8.99998 1022.17 12.4286 1000 12.1429C977.833 11.8571 955.5 8.14286 933.333 7.14286C911.167 6.14286 888.833 8.14287 866.667 7.42859C844.5 6.7143 822.167 3.2857 800 5.42855C777.833 7.57141 755.5 15.2857 733.333 19.5714C711.167 23.8572 688.833 24.7143 666.667 26.4286C644.5 28.1429 622.167 30.4286 600 30.4286C577.833 30.4286 555.5 28.1428 533.333 27.5714C511.167 27.1428 488.833 28.5714 466.667 24.2857C444.5 20 422.167 9.99998 400 6.85713C377.833 3.85713 355.5 7.57141 333.333 8.99998C311.167 10.4286 288.833 9.57143 266.667 12.1429C244.5 14.7143 222.167 21 200 22.8571C177.833 24.7143 155.5 22.4286 133.333 20.2857C111.167 18.1429 88.8334 16.1429 66.6667 17.4286C44.5 18.5714 22.1667 22.8571 11.1667 25L0 27.1429V60H11.1667C22.1667 60 44.5 60 66.6667 60C88.8334 60 111.167 60 133.333 60C155.5 60 177.833 60 200 60C222.167 60 244.5 60 266.667 60C288.833 60 311.167 60 333.333 60C355.5 60 377.833 60 400 60C422.167 60 444.5 60 466.667 60C488.833 60 511.167 60 533.333 60C555.5 60 577.833 60 600 60C622.167 60 644.5 60 666.667 60C688.833 60 711.167 60 733.333 60C755.5 60 777.833 60 800 60C822.167 60 844.5 60 866.667 60C888.833 60 911.167 60 933.333 60C955.5 60 977.833 60 1000 60C1022.17 60 1044.5 60 1066.67 60C1088.83 60 1111.17 60 1133.33 60C1155.5 60 1177.83 60 1200 60C1222.17 60 1244.5 60 1266.67 60C1288.83 60 1311.17 60 1333.33 60C1355.5 60 1377.83 60 1400 60C1422.17 60 1444.5 60 1466.67 60C1488.83 60 1511.17 60 1533.33 60C1555.5 60 1577.83 60 1588.83 60H1600V0Z\" fill=\"#fff\"><\/path><\/svg><\/div>\n\n<\/div><\/div>\n\n\n\n<section class=\"wp-block-coolcompany-section has-white-background-color has-background\">\n<div class=\"wp-block-columns is-style-columns2 is-layout-flex wp-container-core-columns-is-layout-9d6595d7 wp-block-columns-is-layout-flex\">\n<div class=\"wp-block-column is-layout-flow wp-block-column-is-layout-flow\">\n<div class=\"wp-block-coolcompany-accordion block-accordion-container\"><button class=\"block-accordion\" type=\"button\" onclick=\"handleAccordionClick(this)\"><svg xmlns=\"http:\/\/www.w3.org\/2000\/svg\" aria-hidden=\"true\" role=\"img\" width=\"24\" height=\"24\" preserveAspectRatio=\"xMidYMid meet\" viewBox=\"0 0 24 24\" class=\"accordion__icon\"><path d=\"M16.293 9.293L12 13.586L7.707 9.293l-1.414 1.414L12 16.414l5.707-5.707z\" fill=\"#075a63\"><\/path><\/svg><h4 class=\"accordion__title\">Dashboard, hva er det?<\/h4><\/button><div class=\"accordion__content\"><div class=\"accordion__text\">\n<p>Dashboardet ditt gir deg oversikt over og oppdatering p\u00e5 alt som skjer i tjenesten. Via Timeline f\u00e5r du f.eks. melding om dine fakturaers vei til betaling, meldinger fra kundest\u00f8tte og meldinger fra andre egenansatte som du jobber i team med. Her ser du ogs\u00e5 hvordan ditt virtuelle firma utvikles i My Company, og du kan h\u00e5ndtere l\u00f8nn og sparing i My Money.<\/p>\n\n\n\n<p>Hold orden p\u00e5 ditt liv som egenansatt: logg deg ofte inn p\u00e5 Dashboardet ditt for \u00e5 sjekke situasjonen!<\/p>\n<\/div><\/div><\/div>\n\n\n\n<div class=\"wp-block-coolcompany-accordion block-accordion-container\"><button class=\"block-accordion\" type=\"button\" onclick=\"handleAccordionClick(this)\"><svg xmlns=\"http:\/\/www.w3.org\/2000\/svg\" aria-hidden=\"true\" role=\"img\" width=\"24\" height=\"24\" preserveAspectRatio=\"xMidYMid meet\" viewBox=\"0 0 24 24\" class=\"accordion__icon\"><path d=\"M16.293 9.293L12 13.586L7.707 9.293l-1.414 1.414L12 16.414l5.707-5.707z\" fill=\"#075a63\"><\/path><\/svg><h4 class=\"accordion__title\">Timeline, hva er det?<\/h4><\/button><div class=\"accordion__content\"><div class=\"accordion__text\">\n<p>Timeline er den delen av Dashboardet ditt som raskest gir deg oversikt over viktige hendelser i tjenesten. Her ser du n\u00e5r fakturaene dine sendes til kunden, n\u00e5r de betales, meldinger dersom det er opplysninger som mangler m.m. Du bruker Timeline omtrent p\u00e5 samme m\u00e5te som du gj\u00f8r i de vanligste sosiale mediene, som Facebook og LinkedIn.<\/p>\n<\/div><\/div><\/div>\n\n\n\n<div class=\"wp-block-coolcompany-accordion block-accordion-container\"><button class=\"block-accordion\" type=\"button\" onclick=\"handleAccordionClick(this)\"><svg xmlns=\"http:\/\/www.w3.org\/2000\/svg\" aria-hidden=\"true\" role=\"img\" width=\"24\" height=\"24\" preserveAspectRatio=\"xMidYMid meet\" viewBox=\"0 0 24 24\" class=\"accordion__icon\"><path d=\"M16.293 9.293L12 13.586L7.707 9.293l-1.414 1.414L12 16.414l5.707-5.707z\" fill=\"#075a63\"><\/path><\/svg><h4 class=\"accordion__title\">Oppdrag, hvordan fungerer det og hva m\u00e5 jeg gj\u00f8re?<\/h4><\/button><div class=\"accordion__content\"><div class=\"accordion__text\">\n<p>Du klikker p\u00e5 Oppdrag i navigeringen og velger Du klikker p\u00e5 Oppdrag i navigeringen og velger&nbsp;Opprette nytt. Et nytt oppdragsskjema \u00e5pnes, og du angir hva du skal utf\u00f8re, hvem du skal gj\u00f8re det for, hvor mye du skal ha betalt, og n\u00e5r du skal utf\u00f8re oppdraget. N\u00e5r dette er gjort, sender du oppdraget til oss i Cool Company. Du kan ogs\u00e5 sende oppdraget til kunden, slik at dere begge kan se hva dere har blitt enige om.<\/p>\n\n\n\n<p>Ved \u00e5 forh\u00e5ndsanmelde et nytt oppdrag hos Cool Company sikrer du at du er riktig forsikret n\u00e5r du er ute hos kunden og utf\u00f8rer det dere har blitt enige om.<\/p>\n\n\n\n<p>Tips! Vi anbefaler at du alltid forh\u00e5ndsanmelder oppdragene dine hos oss \u2013 for din egen skyld.<\/p>\n\n\n\n<p>Du kan ogs\u00e5 automatisk opprette et fakturaunderlag ut fra innholdet i oppdraget for \u00e5 spare tid n\u00e5r du fakturerer.<\/p>\n<\/div><\/div><\/div>\n<\/div>\n<\/div>\n<\/section>\n","protected":false},"excerpt":{"rendered":"","protected":false},"author":1,"featured_media":0,"parent":0,"menu_order":0,"comment_status":"closed","ping_status":"closed","template":"singular.php","meta":{"footnotes":""},"categories":[],"tags":[],"class_list":["post-3464","page","type-page","status-publish","hentry"],"yoast_head":"<!-- This site is optimized with the Yoast SEO Premium plugin v25.2 (Yoast SEO v27.0) - https:\/\/yoast.com\/product\/yoast-seo-premium-wordpress\/ -->\n<title>Sp\u00f8rsm\u00e5l og svar - om webtjenesten - Cool Company Norge<\/title>\n<meta name=\"description\" content=\"Dashboard og mine penger - hva er det? Her finner du alle sp\u00f8rsm\u00e5l og svar om v\u00e5r webtjeneste og ord som vi bruker, og som du snart vil bruke.\" \/>\n<meta name=\"robots\" content=\"index, follow, max-snippet:-1, max-image-preview:large, max-video-preview:-1\" \/>\n<link rel=\"canonical\" href=\"https:\/\/coolcompany.com\/no\/sporsmal-og-svar-om-webtjenesten\/\" \/>\n<meta property=\"og:locale\" content=\"nb_NO\" \/>\n<meta property=\"og:type\" content=\"article\" \/>\n<meta property=\"og:title\" content=\"Sp\u00f8rsm\u00e5l og svar - om webtjenesten\" \/>\n<meta property=\"og:description\" content=\"Dashboard og mine penger - hva er det? Her finner du alle sp\u00f8rsm\u00e5l og svar om v\u00e5r webtjeneste og ord som vi bruker, og som du snart vil bruke.\" \/>\n<meta property=\"og:url\" content=\"https:\/\/coolcompany.com\/no\/sporsmal-og-svar-om-webtjenesten\/\" \/>\n<meta property=\"og:site_name\" content=\"Cool Company Norge\" \/>\n<meta property=\"article:modified_time\" content=\"2025-03-19T15:49:49+00:00\" \/>\n<meta name=\"twitter:card\" content=\"summary_large_image\" \/>\n<meta name=\"twitter:label1\" content=\"Ansl. lesetid\" \/>\n\t<meta name=\"twitter:data1\" content=\"2 minutter\" \/>\n<script type=\"application\/ld+json\" class=\"yoast-schema-graph\">{\"@context\":\"https:\/\/schema.org\",\"@graph\":[{\"@type\":\"WebPage\",\"@id\":\"https:\/\/coolcompany.com\/no\/sporsmal-og-svar-om-webtjenesten\/\",\"url\":\"https:\/\/coolcompany.com\/no\/sporsmal-og-svar-om-webtjenesten\/\",\"name\":\"Sp\u00f8rsm\u00e5l og svar - om webtjenesten - Cool Company Norge\",\"isPartOf\":{\"@id\":\"https:\/\/coolcompany.com\/no\/#website\"},\"datePublished\":\"2020-03-13T13:33:01+00:00\",\"dateModified\":\"2025-03-19T15:49:49+00:00\",\"description\":\"Dashboard og mine penger - hva er det? Her finner du alle sp\u00f8rsm\u00e5l og svar om v\u00e5r webtjeneste og ord som vi bruker, og som du snart vil bruke.\",\"inLanguage\":\"nb-NO\",\"potentialAction\":[{\"@type\":\"ReadAction\",\"target\":[\"https:\/\/coolcompany.com\/no\/sporsmal-og-svar-om-webtjenesten\/\"]}]},{\"@type\":\"WebSite\",\"@id\":\"https:\/\/coolcompany.com\/no\/#website\",\"url\":\"https:\/\/coolcompany.com\/no\/\",\"name\":\"Cool Company Norge\",\"description\":\"Fakturer uten firma\",\"publisher\":{\"@id\":\"https:\/\/coolcompany.com\/no\/#organization\"},\"potentialAction\":[{\"@type\":\"SearchAction\",\"target\":{\"@type\":\"EntryPoint\",\"urlTemplate\":\"https:\/\/coolcompany.com\/no\/?s={search_term_string}\"},\"query-input\":{\"@type\":\"PropertyValueSpecification\",\"valueRequired\":true,\"valueName\":\"search_term_string\"}}],\"inLanguage\":\"nb-NO\"},{\"@type\":\"Organization\",\"@id\":\"https:\/\/coolcompany.com\/no\/#organization\",\"name\":\"Cool Company\",\"url\":\"https:\/\/coolcompany.com\/no\/\",\"logo\":{\"@type\":\"ImageObject\",\"inLanguage\":\"nb-NO\",\"@id\":\"https:\/\/coolcompany.com\/no\/#\/schema\/logo\/image\/\",\"url\":\"https:\/\/coolcompany.com\/no\/wp-content\/uploads\/sites\/4\/2020\/01\/cc-logotype-horizontal.svg\",\"contentUrl\":\"https:\/\/coolcompany.com\/no\/wp-content\/uploads\/sites\/4\/2020\/01\/cc-logotype-horizontal.svg\",\"width\":\"1024\",\"height\":\"1024\",\"caption\":\"Cool Company\"},\"image\":{\"@id\":\"https:\/\/coolcompany.com\/no\/#\/schema\/logo\/image\/\"}}]}<\/script>\n<!-- \/ Yoast SEO Premium plugin. -->","yoast_head_json":{"title":"Sp\u00f8rsm\u00e5l og svar - om webtjenesten - Cool Company Norge","description":"Dashboard og mine penger - hva er det? Her finner du alle sp\u00f8rsm\u00e5l og svar om v\u00e5r webtjeneste og ord som vi bruker, og som du snart vil bruke.","robots":{"index":"index","follow":"follow","max-snippet":"max-snippet:-1","max-image-preview":"max-image-preview:large","max-video-preview":"max-video-preview:-1"},"canonical":"https:\/\/coolcompany.com\/no\/sporsmal-og-svar-om-webtjenesten\/","og_locale":"nb_NO","og_type":"article","og_title":"Sp\u00f8rsm\u00e5l og svar - om webtjenesten","og_description":"Dashboard og mine penger - hva er det? Her finner du alle sp\u00f8rsm\u00e5l og svar om v\u00e5r webtjeneste og ord som vi bruker, og som du snart vil bruke.","og_url":"https:\/\/coolcompany.com\/no\/sporsmal-og-svar-om-webtjenesten\/","og_site_name":"Cool Company Norge","article_modified_time":"2025-03-19T15:49:49+00:00","twitter_card":"summary_large_image","twitter_misc":{"Ansl. lesetid":"2 minutter"},"schema":{"@context":"https:\/\/schema.org","@graph":[{"@type":"WebPage","@id":"https:\/\/coolcompany.com\/no\/sporsmal-og-svar-om-webtjenesten\/","url":"https:\/\/coolcompany.com\/no\/sporsmal-og-svar-om-webtjenesten\/","name":"Sp\u00f8rsm\u00e5l og svar - om webtjenesten - Cool Company Norge","isPartOf":{"@id":"https:\/\/coolcompany.com\/no\/#website"},"datePublished":"2020-03-13T13:33:01+00:00","dateModified":"2025-03-19T15:49:49+00:00","description":"Dashboard og mine penger - hva er det? Her finner du alle sp\u00f8rsm\u00e5l og svar om v\u00e5r webtjeneste og ord som vi bruker, og som du snart vil bruke.","inLanguage":"nb-NO","potentialAction":[{"@type":"ReadAction","target":["https:\/\/coolcompany.com\/no\/sporsmal-og-svar-om-webtjenesten\/"]}]},{"@type":"WebSite","@id":"https:\/\/coolcompany.com\/no\/#website","url":"https:\/\/coolcompany.com\/no\/","name":"Cool Company Norge","description":"Fakturer uten firma","publisher":{"@id":"https:\/\/coolcompany.com\/no\/#organization"},"potentialAction":[{"@type":"SearchAction","target":{"@type":"EntryPoint","urlTemplate":"https:\/\/coolcompany.com\/no\/?s={search_term_string}"},"query-input":{"@type":"PropertyValueSpecification","valueRequired":true,"valueName":"search_term_string"}}],"inLanguage":"nb-NO"},{"@type":"Organization","@id":"https:\/\/coolcompany.com\/no\/#organization","name":"Cool Company","url":"https:\/\/coolcompany.com\/no\/","logo":{"@type":"ImageObject","inLanguage":"nb-NO","@id":"https:\/\/coolcompany.com\/no\/#\/schema\/logo\/image\/","url":"https:\/\/coolcompany.com\/no\/wp-content\/uploads\/sites\/4\/2020\/01\/cc-logotype-horizontal.svg","contentUrl":"https:\/\/coolcompany.com\/no\/wp-content\/uploads\/sites\/4\/2020\/01\/cc-logotype-horizontal.svg","width":"1024","height":"1024","caption":"Cool Company"},"image":{"@id":"https:\/\/coolcompany.com\/no\/#\/schema\/logo\/image\/"}}]}},"lang":"nb","translations":{"nb":3464},"pll_sync_post":[],"_links":{"self":[{"href":"https:\/\/coolcompany.com\/no\/wp-json\/wp\/v2\/pages\/3464","targetHints":{"allow":["GET"]}}],"collection":[{"href":"https:\/\/coolcompany.com\/no\/wp-json\/wp\/v2\/pages"}],"about":[{"href":"https:\/\/coolcompany.com\/no\/wp-json\/wp\/v2\/types\/page"}],"author":[{"embeddable":true,"href":"https:\/\/coolcompany.com\/no\/wp-json\/wp\/v2\/users\/1"}],"replies":[{"embeddable":true,"href":"https:\/\/coolcompany.com\/no\/wp-json\/wp\/v2\/comments?post=3464"}],"version-history":[{"count":0,"href":"https:\/\/coolcompany.com\/no\/wp-json\/wp\/v2\/pages\/3464\/revisions"}],"wp:attachment":[{"href":"https:\/\/coolcompany.com\/no\/wp-json\/wp\/v2\/media?parent=3464"}],"wp:term":[{"taxonomy":"category","embeddable":true,"href":"https:\/\/coolcompany.com\/no\/wp-json\/wp\/v2\/categories?post=3464"},{"taxonomy":"post_tag","embeddable":true,"href":"https:\/\/coolcompany.com\/no\/wp-json\/wp\/v2\/tags?post=3464"}],"curies":[{"name":"wp","href":"https:\/\/api.w.org\/{rel}","templated":true}]}}