{"id":3259,"date":"2020-03-04T23:15:06","date_gmt":"2020-03-04T23:15:06","guid":{"rendered":"https:\/\/coolcompanydev.wpengine.com\/se\/?page_id=3259"},"modified":"2025-03-19T15:27:45","modified_gmt":"2025-03-19T15:27:45","slug":"be-smart-work-smart","status":"publish","type":"page","link":"https:\/\/coolcompany.com\/no\/","title":{"rendered":"Fakturer uten firma"},"content":{"rendered":"\n<section class=\"wp-block-coolcompany-section has-secondary-blue-background-color has-background\">\n<div class=\"wp-block-columns is-style-right-image is-layout-flex wp-container-core-columns-is-layout-9d6595d7 wp-block-columns-is-layout-flex\">\n<div class=\"wp-block-column is-vertically-aligned-center is-style-larger-col is-layout-flow wp-block-column-is-layout-flow\">\n<h1 class=\"wp-block-heading\">Fakturer uten firma<\/h1>\n\n\n\n<p><strong>Jobb frilans med det du elsker \u2013 vi tar oss av administrasjonen. \u00c5 fakturere uten firma har aldri v\u00e6rt enklere!<\/strong><\/p>\n\n\n\n<ul class=\"wp-block-list\">\n<li>Jobb og tjen penger som privatperson<\/li>\n\n\n\n<li>Ta ut l\u00f8nn \u2013 ferdig skattet, penger i l\u00f8pet av 24 timer.<\/li>\n\n\n\n<li>Vi tar oss av all administrasjon.<\/li>\n<\/ul>\n\n\n\n<div class=\"wp-block-buttons is-layout-flex wp-block-buttons-is-layout-flex\">\n<div class=\"wp-block-button is-style-primary\"><a class=\"wp-block-button__link has-white-color has-primary-background-color has-text-color has-background wp-element-button\" href=\"https:\/\/freelance.coolcompany.com\/signup\/#profile=NO&amp;language=no\">opprett konto<\/a><\/div>\n<\/div>\n\n\n\n<figure class=\"wp-block-image size-large is-resized ratings-img\"><img decoding=\"async\" src=\"https:\/\/coolcompany.com\/se\/wp-content\/uploads\/sites\/2\/2022\/04\/5-1024x95.png\" alt=\"\" class=\"wp-image-10016\" style=\"width:320px;height:29px\"\/><\/figure>\n\n\n\n<figure class=\"wp-block-image size-large is-resized no-margin\"><img decoding=\"async\" src=\"https:\/\/coolcompany.com\/se\/wp-content\/uploads\/sites\/2\/2021\/11\/Google-Facebook-1024x212.png\" alt=\"\" class=\"wp-image-9508\" style=\"width:274px;height:57px\"\/><\/figure>\n\n\n\n<style>\n.no-margin { margin-top: 15px !important; }\n.gutenberg_coolcompany h1 {font-weight:400;}\n.gutenberg_coolcompany h1 strong {display: inline-block; background: url(https:\/\/1ni0h21mcp3m1l4b551yc7f2-wpengine.netdna-ssl.com\/se\/wp-content\/uploads\/sites\/2\/2021\/09\/underline-purple.svg) no-repeat center;background-size: contain;}\n.ratings-img {margin:48px 0 0 !important;}\n.ratings-img + .ratings-img {margin:16px 0 0 !important;}\n@media (min-width:500px) {\n  .gutenberg_coolcompany h1 {font-size:48px;}\n}\n<\/style>\n<\/div>\n\n\n\n<div class=\"wp-block-column is-vertically-aligned-center is-style-smaller-col is-layout-flow wp-block-column-is-layout-flow\">\n<div class=\"wp-block-coolcompany-maskedimage blob_mask_1\"><div class=\"gradient-background\" style=\"background:linear-gradient(45deg, #BA37F9 0%, #FD7B78 100%)\"><\/div>\n<figure class=\"wp-block-image size-large\"><img decoding=\"async\" src=\"https:\/\/coolcompany.com\/se\/wp-content\/uploads\/sites\/2\/2021\/09\/1-1024x683.jpg\" alt=\"kille har valt att fakturera utan f\u00f6retag\" class=\"wp-image-9149\"\/><\/figure>\n<\/div>\n\n\n\n<p><\/p>\n<\/div>\n<\/div>\n<\/section>\n\n\n\n<div class=\"wp-block-coolcompany-separator is-style-default has-secondary-blue-background-color has-background has-secondary-blue-background-color has-background\"><svg width=\"100%\" viewBox=\"0 0 1600 60\" fill=\"none\" xmlns=\"https:\/\/www.w3.org\/2000\/svg\" aria-hidden=\"true\"><path fill=\"#ffffff\" d=\"M0 0L29.6667 1.75612C59.5 3.36587 118.833 6.87807 178 12C237.167 17.122 296.167 23.8537 355.333 22.6829C414.5 21.5122 473.833 12.1464 533.333 9.07319C592.833 5.85368 652.167 8.78051 711.333 11.2683C770.5 13.6098 829.5 15.6585 888.667 18.7317C947.833 21.9512 1007.17 26.3415 1066.67 27.8049C1126.17 29.2683 1185.5 27.8049 1244.67 23.7073C1303.83 19.4634 1362.83 12.7317 1422 8.34148C1481.17 3.95124 1540.5 1.90246 1570.33 1.02441L1600 0V60H1570.33C1540.5 60 1481.17 60 1422 60C1362.83 60 1303.83 60 1244.67 60C1185.5 60 1126.17 60 1066.67 60C1007.17 60 947.833 60 888.667 60C829.5 60 770.5 60 711.333 60C652.167 60 592.833 60 533.333 60C473.833 60 414.5 60 355.333 60C296.167 60 237.167 60 178 60C118.833 60 59.5 60 29.6667 60H0V0Z\"><\/path><\/svg><\/div>\n\n\n\n<section class=\"wp-block-coolcompany-section has-white-background-color has-background\">\n<h2 class=\"wp-block-heading has-text-align-center\">Fakturering uten firma \u2013 hvordan fungerer det?<\/h2>\n\n\n\n<div class=\"wp-block-columns is-layout-flex wp-container-core-columns-is-layout-9d6595d7 wp-block-columns-is-layout-flex\">\n<div class=\"wp-block-column is-layout-flow wp-block-column-is-layout-flow\">\n<div class=\"ccg-horizontal\"><ol>\n  <li><img loading=\"lazy\" decoding=\"async\" src=\"https:\/\/coolcompany.com\/se\/wp-content\/uploads\/sites\/2\/2021\/09\/step1.png\" width=\"100\" height=\"100\" alt=\"Skapa konto\" class=\"et_pb_animation_top et-animated\"><h3>\n    Opprett konto\n    <\/h3><p>Opprett en konto, og registrer oppdraget ditt. Vi tar arbeidsgiveransvar og s\u00f8rger for at du er forsikret under oppdraget. \n<\/p> <\/li>\n  <li><img loading=\"lazy\" decoding=\"async\" src=\"https:\/\/coolcompany.com\/se\/wp-content\/uploads\/sites\/2\/2021\/09\/steps2.png\" width=\"100\" height=\"100\" alt=\"Send faktura\" class=\"et_pb_animation_top et-animated\"><h3>\n    Send faktura\n    <\/h3><p>N\u00e5r du har utf\u00f8rt et oppdrag, oppretter du en faktura. For 5,98 % av det fakturerte bel\u00f8pet tar vi oss av all administrasjon og passer p\u00e5 at merverdiavgift og skatt blir betalt. <\/p> <\/li>\n  <li><img loading=\"lazy\" decoding=\"async\" src=\"https:\/\/coolcompany.com\/se\/wp-content\/uploads\/sites\/2\/2021\/09\/step3.png\" width=\"100\" height=\"100\" alt=\"F\u00e5 ut l\u00f6n skattad och klar\" class=\"et_pb_animation_top et-animated\"><h3>\n   F\u00e5 utbetalt l\u00f8nn etter skatt\n    <\/h3><p>Senest 24 timer etter at vi har mottatt betalning fra kunden din, st\u00e5r l\u00f8nnen p\u00e5 din konto. Og skatten er allerede betalt.<\/p> <\/li>\n<\/ol><\/div>\n\n<style>\n.ccg-horizontal, .ccg-horizontal ol {width:100%; margin:0;}\n.ccg-horizontal ol {display:flex; align-items:flex-start; flex-wrap: wrap; justify-content:center; list-style-type:none; max-width:1200px;}\n.ccg-horizontal h3 {font-size:20px !important; padding-bottom:6px; max-width: 200px; margin: 20px auto 0;}\n.ccg-horizontal h3:before {content: counter(inst); display:inline-block; font-weight:300; margin-right:3px;}\n.ccg-horizontal p {font-size:16px; max-width:220px; margin:0 auto !important;}\n.ccg-horizontal ol img {width:100px;}\n.ccg-horizontal ol li {text-align:center; min-width:30%; max-width:30%; padding: 0 2rem; counter-increment: inst;}\n@media only screen and (max-width: 767px) {\n  .ccg-horizontal {max-width:500px; margin:0 auto; padding-bottom:0 !important;}\n  .ccg-horizontal ol li {min-width:100%; max-width:100%; padding: 0 2rem 3rem; position:relative; padding-left:110px; text-align:left;}\n  .ccg-horizontal ol li:last-child {padding-bottom:0;}\n  .ccg-horizontal ol img {position:absolute; left:20px; width:70px; height:auto;}\n  .ccg-horizontal h3 {margin-top:0 !important; max-width:100%}\n  .ccg-horizontal h3 br {display:none;}\n  .ccg-horizontal p {max-width:100%;}\n}\n@media only screen and (max-width: 500px) {\n  .ccg-horizontal h2 {font-size:28px !important; padding:0 1rem 2rem; text-align:left;}\n  .ccg-horizontal h3 {font-size:16px !important; line-height:1.5; display: inline; padding-bottom:0; font-weight:700;}\n  .ccg-horizontal p {display: inline;}\n  .ccg-horizontal ol li {padding:0 0.5rem 1rem 90px;}\n  .ccg-horizontal ol {margin-bottom:-20px;}\n  .ccg-horizontal ol, .ccg-horizontal ol li:last-child {padding-bottom:0;}\n  .ccg-horizontal ol img {left:0;}\n}\n<\/style>\n\n\n\n<div class=\"wp-block-columns is-layout-flex wp-container-core-columns-is-layout-9d6595d7 wp-block-columns-is-layout-flex\">\n<div class=\"wp-block-column is-layout-flow wp-block-column-is-layout-flow\">\n<div class=\"wp-block-buttons is-horizontal is-content-justification-center is-layout-flex wp-container-core-buttons-is-layout-499968f5 wp-block-buttons-is-layout-flex\">\n<div class=\"wp-block-button is-style-tertiary\"><a class=\"wp-block-button__link wp-element-button\" href=\"https:\/\/freelance.coolcompany.com\/signup\/#profile=NO&amp;language=no\">Opprett konto<img decoding=\"async\" class=\"wp-image-9147\" style=\"width: 6px;\" src=\"\/wp-content\/uploads\/2025\/04\/arrow-right.svg\" alt=\"\"><\/a><\/div>\n<\/div>\n<\/div>\n<\/div>\n<\/div>\n<\/div>\n<\/section>\n\n\n\n<section id=\"new-calculator\" class=\"wp-block-coolcompany-section has-transparent-background-color has-background\">\n<h2 class=\"wp-block-heading has-text-align-center\" id=\"h-fra-faktura-til-lonn\">Fra faktura til l\u00f8nn<\/h2>\n\n\n\n<div style=\"height:77px\" aria-hidden=\"true\" class=\"wp-block-spacer\"><\/div>\n\n\n\n<div id=\"global-calculator\" class=\"wp-block-coolcompany-calculator-global block-cc-calculator__container cc-calculator-se cc-lang-no\"><input type=\"hidden\" id=\"cc-calculator-lang\" value=\"no\"\/><div class=\"block-cc-calculator__form \"><label><p>Du fakturerer<\/p><div class=\"input-money\"><input type=\"number\" id=\"cc-calculator-amount\" value=\"20000\" min=\"1\" max=\"1000000000\"\/><\/div><\/label><ul class=\"block-cc-calculator__result-list\"><li class=\"cc-bold\"><p>Hva du f\u00e5r<\/p><p id=\"cc-result-money\">11 148 NOK<\/p><\/li><li style=\"display:none\"><p>Pension <span class=\"cc-calc-popup dark\"><\/span><\/p><p id=\"cc-result-pension\"> NOK<\/p><\/li><li class=\"cc-result-total\" style=\"display:none\"><p>Hva du f\u00e5r<\/p><p id=\"cc-result-total\">11 148 NOK<\/p><\/li><\/ul><\/div><div class=\"block-cc-calculator__chart-container\"><div class=\"block-cc-calculator__donut\" id=\"cc-calc-donut\"><svg width=\"240\" height=\"240\"><path d=\"M 120 40 A 80 80 0 0 1 120 40 L 120 66 A 54 54 0 0 0 120 66 Z\" fill=\"#67C5D1\"><\/path><path d=\"M 120 40 A 80 80 0 0 1 149.81510611255956 45.76348979446291 L 140.1251966259777 69.89035561126246 A 54 54 0 0 0 120 66 Z\" fill=\"#FD7B78\"><\/path><path d=\"M 149.81510611255956 45.76348979446291 A 80 80 0 0 1 152.49713741844408 193.10223019584808 L 141.93556775744975 169.34400538219745 A 54 54 0 0 0 140.1251966259777 69.89035561126246 Z\" fill=\"#FEA459\"><\/path><path d=\"M 152.49713741844408 193.10223019584808 A 80 80 0 1 1 119.99999999999999 40 L 119.99999999999999 66 A 54 54 0 1 0 141.93556775744975 169.34400538219745 Z\" fill=\"#7142E9\"><\/path><\/svg><\/div><ul class=\"block-cc-calculator__chart-result-list\"><li><p>Din godtgj\u00f8relse<\/p><p id=\"cc-chart-result-money\">11 148 NOK<\/p><\/li><li style=\"display:none\"><p>Pension<\/p><p id=\"cc-chart-result-pension\"> NOK<\/p><\/li><li class=\"cc-result-taxes\"><p>Skatter, avgifter &amp; pensjon<\/p><p id=\"cc-chart-taxes-total\">4 148 NOK<\/p><\/li><li class=\"cc-result-fee\"><p>Cool Companys avgift 5,98%<\/p><p id=\"cc-chart-cc-fee\">1 196 NOK<\/p><\/li><\/ul><div class=\"c-calculator__legend\">*Kalkulatoren gir deg en generell beregning som ikke inkluderer noen avvikende faktorer<\/div><\/div><\/div>\n\n\n\n<div style=\"height:77px\" aria-hidden=\"true\" class=\"wp-block-spacer\"><\/div>\n<\/section>\n\n\n\n<div class=\"wp-block-coolcompany-separator is-style-has-shadow\"><svg width=\"100%\" viewBox=\"0 0 1600 60\" fill=\"none\" xmlns=\"http:\/\/www.w3.org\/2000\/svg\" aria-hidden=\"true\"><path fill=\"#ffffff\" d=\"M0 0L29.6667 1.75612C59.5 3.36587 118.833 6.87807 178 12C237.167 17.122 296.167 23.8537 355.333 22.6829C414.5 21.5122 473.833 12.1464 533.333 9.07319C592.833 5.85368 652.167 8.78051 711.333 11.2683C770.5 13.6098 829.5 15.6585 888.667 18.7317C947.833 21.9512 1007.17 26.3415 1066.67 27.8049C1126.17 29.2683 1185.5 27.8049 1244.67 23.7073C1303.83 19.4634 1362.83 12.7317 1422 8.34148C1481.17 3.95124 1540.5 1.90246 1570.33 1.02441L1600 0V60H1570.33C1540.5 60 1481.17 60 1422 60C1362.83 60 1303.83 60 1244.67 60C1185.5 60 1126.17 60 1066.67 60C1007.17 60 947.833 60 888.667 60C829.5 60 770.5 60 711.333 60C652.167 60 592.833 60 533.333 60C473.833 60 414.5 60 355.333 60C296.167 60 237.167 60 178 60C118.833 60 59.5 60 29.6667 60H0V0Z\"><\/path><\/svg><\/div>\n\n\n\n<section class=\"wp-block-coolcompany-section\">\n<div class=\"wp-block-columns is-style-columns2 is-layout-flex wp-container-core-columns-is-layout-9d6595d7 wp-block-columns-is-layout-flex\">\n<div class=\"wp-block-column is-style-larger-col is-layout-flow wp-block-column-is-layout-flow\">\n<h2 class=\"wp-block-heading\" id=\"h-egenansettelse-hva-innebaerer-det\"><strong>Egenansettelse \u2013 hva inneb\u00e6rer det?<\/strong><\/h2>\n\n\n\n<p>Egenansettelse er en ansettelsesform som ligger midt mellom eget firma og ansettelse. Som egenansatt er du ansatt hos Cool Company, men utf\u00f8rer oppdrag som om du hadde hatt ditt eget firma. Du finner dine egne kunder og bestemmer selv priser og betalingsvilk\u00e5r samt hvor raskt du vil ha pengene dine.<\/p>\n\n\n\n<p>Som egenansatt hos Cool Company trenger du ikke ha eget firma for \u00e5 kunne fakturere, siden vi har arbeidsgiveransvaret. Vi tar oss av regnskapsf\u00f8ring og passer p\u00e5 at skatt, avgifter og merverdiavgift blir betalt til riktig tid, slik at du kan bruke all din tid p\u00e5 oppdrag og kunder.Egenansettelse hos Cool Company er perfekt for deg som vil komme raskt i gang uten \u00e5 starte eget firma. Du vet best hva som passer for deg, men egenansettelse gir deg friheten til \u00e5 kunne starte et prosjekt uten egentlig \u00e5 m\u00e5tte ofre noe.<\/p>\n<\/div>\n\n\n\n<div class=\"wp-block-column is-style-smaller-col is-layout-flow wp-block-column-is-layout-flow\">\n<div class=\"wp-block-coolcompany-maskedimage blob_mask_6\"><div class=\"gradient-background\" style=\"background:linear-gradient(45deg, #7142E9 0%, #BA37F9 100%)\"><\/div>\n<figure class=\"wp-block-image size-large\"><img decoding=\"async\" src=\"https:\/\/coolcompany.com\/no\/wp-content\/uploads\/sites\/4\/2020\/03\/MA76298-1-683x1024.jpg\" alt=\"\" class=\"wp-image-3552\" srcset=\"https:\/\/coolcompany.com\/no\/wp-content\/uploads\/sites\/4\/2020\/03\/MA76298-1-683x1024.jpg 683w, https:\/\/coolcompany.com\/no\/wp-content\/uploads\/sites\/4\/2020\/03\/MA76298-1-200x300.jpg 200w, https:\/\/coolcompany.com\/no\/wp-content\/uploads\/sites\/4\/2020\/03\/MA76298-1-768x1152.jpg 768w, https:\/\/coolcompany.com\/no\/wp-content\/uploads\/sites\/4\/2020\/03\/MA76298-1-1024x1536.jpg 1024w, https:\/\/coolcompany.com\/no\/wp-content\/uploads\/sites\/4\/2020\/03\/MA76298-1-1080x1620.jpg 1080w, https:\/\/coolcompany.com\/no\/wp-content\/uploads\/sites\/4\/2020\/03\/MA76298-1-980x1470.jpg 980w, https:\/\/coolcompany.com\/no\/wp-content\/uploads\/sites\/4\/2020\/03\/MA76298-1-480x720.jpg 480w, https:\/\/coolcompany.com\/no\/wp-content\/uploads\/sites\/4\/2020\/03\/MA76298-1.jpg 1120w\" sizes=\"(max-width: 683px) 100vw, 683px\" \/><\/figure>\n<\/div>\n<\/div>\n<\/div>\n<\/section>\n\n\n\n<section class=\"wp-block-coolcompany-section\">\n<div class=\"wp-block-columns is-style-columns1 is-layout-flex wp-container-core-columns-is-layout-9d6595d7 wp-block-columns-is-layout-flex\">\n<div class=\"wp-block-column is-vertically-aligned-top is-layout-flow wp-block-column-is-layout-flow\">\n<h2 class=\"wp-block-heading has-text-align-left\" id=\"h-vaer-din-egen-sjef-begynn-a-frilanse-allerede-i-dag\">V\u00e6r din egen sjef \u2013 begynn \u00e5 frilanse allerede i dag<\/h2>\n\n\n\n<p>Hvis du vil jobbe med noe du brenner for \u2013 enten som frilanser, konsulent eller ekstrajobb \u2013 har vi l\u00f8sningen for deg som vil fakturere uten eget firma.<\/p>\n\n\n\n<ul class=\"wp-block-list\">\n<li>Mens du fokuserer p\u00e5 forretningsideen din og kundene dine, passer vi p\u00e5 at du f\u00e5r utbetalt ferdig skattet l\u00f8nn senest 24 timer etter at kunden din har betalt oss.<\/li>\n\n\n\n<li>F\u00f8r du tar p\u00e5 deg et oppdrag, m\u00e5 du varsle oss p\u00e5 forh\u00e5nd, s\u00e5 sjekker vi om oppdraget kvalifiserer for det som trolig er den beste forsikringsdekningen p\u00e5 markedet.<\/li>\n<\/ul>\n\n\n\n<p>Vi har ingen faste avgifter. Hvis du ikke fakturerer, betaler du ingenting til oss.<\/p>\n<\/div>\n<\/div>\n<\/section>\n\n\n\n<div class=\"wp-block-coolcompany-separator is-style-has-shadow\"><svg width=\"100%\" viewBox=\"0 0 1600 60\" fill=\"none\" xmlns=\"http:\/\/www.w3.org\/2000\/svg\" aria-hidden=\"true\"><path fill=\"rgb(241,236,253)\" d=\"M0 0L29.6667 1.75612C59.5 3.36587 118.833 6.87807 178 12C237.167 17.122 296.167 23.8537 355.333 22.6829C414.5 21.5122 473.833 12.1464 533.333 9.07319C592.833 5.85368 652.167 8.78051 711.333 11.2683C770.5 13.6098 829.5 15.6585 888.667 18.7317C947.833 21.9512 1007.17 26.3415 1066.67 27.8049C1126.17 29.2683 1185.5 27.8049 1244.67 23.7073C1303.83 19.4634 1362.83 12.7317 1422 8.34148C1481.17 3.95124 1540.5 1.90246 1570.33 1.02441L1600 0V60H1570.33C1540.5 60 1481.17 60 1422 60C1362.83 60 1303.83 60 1244.67 60C1185.5 60 1126.17 60 1066.67 60C1007.17 60 947.833 60 888.667 60C829.5 60 770.5 60 711.333 60C652.167 60 592.833 60 533.333 60C473.833 60 414.5 60 355.333 60C296.167 60 237.167 60 178 60C118.833 60 59.5 60 29.6667 60H0V0Z\"><\/path><\/svg><\/div>\n\n\n\n<section class=\"wp-block-coolcompany-section has-light-primary-background-color has-background\">\n<h2 class=\"wp-block-heading has-text-align-center\" id=\"h-opprett-konto-na-nbsp\">Opprett konto n\u00e5&nbsp;<\/h2>\n\n\n\n<p><\/p>\n\n\n\n<p class=\"has-text-align-center\">Er det p\u00e5 tide med noe nytt? Bli egenansatt hos Cool Company. Som egenansatt kan du jobbe som frilanser og konsulent for kundene dine, mens Cool Company har arbeidsgiveransvaret. Det inneb\u00e6rer at fakturaene dine betales og h\u00e5ndteres via Cool Company, som ogs\u00e5 har ansvaret for \u00e5 betale skatter, avgifter og merverdiavgift.&nbsp; Friheten ved \u00e5 ha eget firma, men tryggheten med \u00e5 v\u00e6re ansatt.<\/p>\n\n\n\n<div class=\"wp-block-buttons is-horizontal is-content-justification-center is-layout-flex wp-container-core-buttons-is-layout-499968f5 wp-block-buttons-is-layout-flex\">\n<div class=\"wp-block-button is-style-primary\"><a class=\"wp-block-button__link wp-element-button\" href=\"https:\/\/freelance.coolcompany.com\/signup\/#profile=NO&amp;language=no\" target=\"_blank\" rel=\"noreferrer noopener\">Kom i gang n\u00e5<\/a><\/div>\n<\/div>\n\n\n\n<p>&nbsp;<\/p>\n<\/section>\n","protected":false},"excerpt":{"rendered":"","protected":false},"author":1,"featured_media":0,"parent":0,"menu_order":0,"comment_status":"closed","ping_status":"closed","template":"singular.php","meta":{"footnotes":""},"categories":[],"tags":[],"class_list":["post-3259","page","type-page","status-publish","hentry"],"yoast_head":"<!-- This site is optimized with the Yoast SEO Premium plugin v25.2 (Yoast SEO v27.0) - https:\/\/yoast.com\/product\/yoast-seo-premium-wordpress\/ -->\n<title>Fakturer uten firma - Cool Company Norge<\/title>\n<meta name=\"description\" content=\"Jobb frilans med med det du elsker, vi tar oss av administrasjonen. \u00c5 fakturere uten firma som privatperson har aldri v\u00e6rt enklere.\" \/>\n<meta name=\"robots\" content=\"index, follow, max-snippet:-1, max-image-preview:large, max-video-preview:-1\" \/>\n<link rel=\"canonical\" href=\"https:\/\/coolcompany.com\/no\/\" \/>\n<meta property=\"og:locale\" content=\"nb_NO\" \/>\n<meta property=\"og:type\" content=\"article\" \/>\n<meta property=\"og:title\" content=\"Fakturer uten firma\" \/>\n<meta property=\"og:description\" content=\"Jobb frilans med med det du elsker, vi tar oss av administrasjonen. \u00c5 fakturere uten firma som privatperson har aldri v\u00e6rt enklere.\" \/>\n<meta property=\"og:url\" content=\"https:\/\/coolcompany.com\/no\/\" \/>\n<meta property=\"og:site_name\" content=\"Cool Company Norge\" \/>\n<meta property=\"article:modified_time\" content=\"2025-03-19T15:27:45+00:00\" \/>\n<meta property=\"og:image\" content=\"https:\/\/coolcompany.com\/no\/wp-content\/uploads\/sites\/4\/2020\/03\/MA67453-1.jpg\" \/>\n\t<meta property=\"og:image:width\" content=\"1120\" \/>\n\t<meta property=\"og:image:height\" content=\"1680\" \/>\n\t<meta property=\"og:image:type\" content=\"image\/jpeg\" \/>\n<meta name=\"twitter:card\" content=\"summary_large_image\" \/>\n<meta name=\"twitter:label1\" content=\"Ansl. lesetid\" \/>\n\t<meta name=\"twitter:data1\" content=\"4 minutter\" \/>\n<script type=\"application\/ld+json\" class=\"yoast-schema-graph\">{\"@context\":\"https:\/\/schema.org\",\"@graph\":[{\"@type\":\"WebPage\",\"@id\":\"https:\/\/coolcompany.com\/no\/\",\"url\":\"https:\/\/coolcompany.com\/no\/\",\"name\":\"Fakturer uten firma - Cool Company Norge\",\"isPartOf\":{\"@id\":\"https:\/\/coolcompany.com\/no\/#website\"},\"primaryImageOfPage\":{\"@id\":\"https:\/\/coolcompany.com\/no\/#primaryimage\"},\"image\":{\"@id\":\"https:\/\/coolcompany.com\/no\/#primaryimage\"},\"thumbnailUrl\":\"https:\/\/coolcompany.com\/se\/wp-content\/uploads\/sites\/2\/2022\/04\/5-1024x95.png\",\"datePublished\":\"2020-03-04T23:15:06+00:00\",\"dateModified\":\"2025-03-19T15:27:45+00:00\",\"description\":\"Jobb frilans med med det du elsker, vi tar oss av administrasjonen. \u00c5 fakturere uten firma som privatperson har aldri v\u00e6rt enklere.\",\"inLanguage\":\"nb-NO\",\"potentialAction\":[{\"@type\":\"ReadAction\",\"target\":[\"https:\/\/coolcompany.com\/no\/\"]}]},{\"@type\":\"ImageObject\",\"inLanguage\":\"nb-NO\",\"@id\":\"https:\/\/coolcompany.com\/no\/#primaryimage\",\"url\":\"https:\/\/coolcompany.com\/se\/wp-content\/uploads\/sites\/2\/2022\/04\/5-1024x95.png\",\"contentUrl\":\"https:\/\/coolcompany.com\/se\/wp-content\/uploads\/sites\/2\/2022\/04\/5-1024x95.png\"},{\"@type\":\"WebSite\",\"@id\":\"https:\/\/coolcompany.com\/no\/#website\",\"url\":\"https:\/\/coolcompany.com\/no\/\",\"name\":\"Cool Company Norge\",\"description\":\"Fakturer uten firma\",\"publisher\":{\"@id\":\"https:\/\/coolcompany.com\/no\/#organization\"},\"potentialAction\":[{\"@type\":\"SearchAction\",\"target\":{\"@type\":\"EntryPoint\",\"urlTemplate\":\"https:\/\/coolcompany.com\/no\/?s={search_term_string}\"},\"query-input\":{\"@type\":\"PropertyValueSpecification\",\"valueRequired\":true,\"valueName\":\"search_term_string\"}}],\"inLanguage\":\"nb-NO\"},{\"@type\":\"Organization\",\"@id\":\"https:\/\/coolcompany.com\/no\/#organization\",\"name\":\"Cool Company\",\"url\":\"https:\/\/coolcompany.com\/no\/\",\"logo\":{\"@type\":\"ImageObject\",\"inLanguage\":\"nb-NO\",\"@id\":\"https:\/\/coolcompany.com\/no\/#\/schema\/logo\/image\/\",\"url\":\"https:\/\/coolcompany.com\/no\/wp-content\/uploads\/sites\/4\/2020\/01\/cc-logotype-horizontal.svg\",\"contentUrl\":\"https:\/\/coolcompany.com\/no\/wp-content\/uploads\/sites\/4\/2020\/01\/cc-logotype-horizontal.svg\",\"width\":\"1024\",\"height\":\"1024\",\"caption\":\"Cool Company\"},\"image\":{\"@id\":\"https:\/\/coolcompany.com\/no\/#\/schema\/logo\/image\/\"}}]}<\/script>\n<!-- \/ Yoast SEO Premium plugin. -->","yoast_head_json":{"title":"Fakturer uten firma - Cool Company Norge","description":"Jobb frilans med med det du elsker, vi tar oss av administrasjonen. \u00c5 fakturere uten firma som privatperson har aldri v\u00e6rt enklere.","robots":{"index":"index","follow":"follow","max-snippet":"max-snippet:-1","max-image-preview":"max-image-preview:large","max-video-preview":"max-video-preview:-1"},"canonical":"https:\/\/coolcompany.com\/no\/","og_locale":"nb_NO","og_type":"article","og_title":"Fakturer uten firma","og_description":"Jobb frilans med med det du elsker, vi tar oss av administrasjonen. \u00c5 fakturere uten firma som privatperson har aldri v\u00e6rt enklere.","og_url":"https:\/\/coolcompany.com\/no\/","og_site_name":"Cool Company Norge","article_modified_time":"2025-03-19T15:27:45+00:00","og_image":[{"width":1120,"height":1680,"url":"https:\/\/coolcompany.com\/no\/wp-content\/uploads\/sites\/4\/2020\/03\/MA67453-1.jpg","type":"image\/jpeg"}],"twitter_card":"summary_large_image","twitter_misc":{"Ansl. lesetid":"4 minutter"},"schema":{"@context":"https:\/\/schema.org","@graph":[{"@type":"WebPage","@id":"https:\/\/coolcompany.com\/no\/","url":"https:\/\/coolcompany.com\/no\/","name":"Fakturer uten firma - Cool Company Norge","isPartOf":{"@id":"https:\/\/coolcompany.com\/no\/#website"},"primaryImageOfPage":{"@id":"https:\/\/coolcompany.com\/no\/#primaryimage"},"image":{"@id":"https:\/\/coolcompany.com\/no\/#primaryimage"},"thumbnailUrl":"https:\/\/coolcompany.com\/se\/wp-content\/uploads\/sites\/2\/2022\/04\/5-1024x95.png","datePublished":"2020-03-04T23:15:06+00:00","dateModified":"2025-03-19T15:27:45+00:00","description":"Jobb frilans med med det du elsker, vi tar oss av administrasjonen. \u00c5 fakturere uten firma som privatperson har aldri v\u00e6rt enklere.","inLanguage":"nb-NO","potentialAction":[{"@type":"ReadAction","target":["https:\/\/coolcompany.com\/no\/"]}]},{"@type":"ImageObject","inLanguage":"nb-NO","@id":"https:\/\/coolcompany.com\/no\/#primaryimage","url":"https:\/\/coolcompany.com\/se\/wp-content\/uploads\/sites\/2\/2022\/04\/5-1024x95.png","contentUrl":"https:\/\/coolcompany.com\/se\/wp-content\/uploads\/sites\/2\/2022\/04\/5-1024x95.png"},{"@type":"WebSite","@id":"https:\/\/coolcompany.com\/no\/#website","url":"https:\/\/coolcompany.com\/no\/","name":"Cool Company Norge","description":"Fakturer uten firma","publisher":{"@id":"https:\/\/coolcompany.com\/no\/#organization"},"potentialAction":[{"@type":"SearchAction","target":{"@type":"EntryPoint","urlTemplate":"https:\/\/coolcompany.com\/no\/?s={search_term_string}"},"query-input":{"@type":"PropertyValueSpecification","valueRequired":true,"valueName":"search_term_string"}}],"inLanguage":"nb-NO"},{"@type":"Organization","@id":"https:\/\/coolcompany.com\/no\/#organization","name":"Cool Company","url":"https:\/\/coolcompany.com\/no\/","logo":{"@type":"ImageObject","inLanguage":"nb-NO","@id":"https:\/\/coolcompany.com\/no\/#\/schema\/logo\/image\/","url":"https:\/\/coolcompany.com\/no\/wp-content\/uploads\/sites\/4\/2020\/01\/cc-logotype-horizontal.svg","contentUrl":"https:\/\/coolcompany.com\/no\/wp-content\/uploads\/sites\/4\/2020\/01\/cc-logotype-horizontal.svg","width":"1024","height":"1024","caption":"Cool Company"},"image":{"@id":"https:\/\/coolcompany.com\/no\/#\/schema\/logo\/image\/"}}]}},"lang":"nb","translations":{"nb":3259},"pll_sync_post":[],"_links":{"self":[{"href":"https:\/\/coolcompany.com\/no\/wp-json\/wp\/v2\/pages\/3259","targetHints":{"allow":["GET"]}}],"collection":[{"href":"https:\/\/coolcompany.com\/no\/wp-json\/wp\/v2\/pages"}],"about":[{"href":"https:\/\/coolcompany.com\/no\/wp-json\/wp\/v2\/types\/page"}],"author":[{"embeddable":true,"href":"https:\/\/coolcompany.com\/no\/wp-json\/wp\/v2\/users\/1"}],"replies":[{"embeddable":true,"href":"https:\/\/coolcompany.com\/no\/wp-json\/wp\/v2\/comments?post=3259"}],"version-history":[{"count":0,"href":"https:\/\/coolcompany.com\/no\/wp-json\/wp\/v2\/pages\/3259\/revisions"}],"wp:attachment":[{"href":"https:\/\/coolcompany.com\/no\/wp-json\/wp\/v2\/media?parent=3259"}],"wp:term":[{"taxonomy":"category","embeddable":true,"href":"https:\/\/coolcompany.com\/no\/wp-json\/wp\/v2\/categories?post=3259"},{"taxonomy":"post_tag","embeddable":true,"href":"https:\/\/coolcompany.com\/no\/wp-json\/wp\/v2\/tags?post=3259"}],"curies":[{"name":"wp","href":"https:\/\/api.w.org\/{rel}","templated":true}]}}