{"id":3152,"date":"2020-03-04T11:03:41","date_gmt":"2020-03-04T11:03:41","guid":{"rendered":"https:\/\/coolcompanydev.wpengine.com\/?page_id=3152"},"modified":"2025-12-10T13:57:20","modified_gmt":"2025-12-10T13:57:20","slug":"om-oss","status":"publish","type":"page","link":"https:\/\/coolcompany.com\/no\/om-oss\/","title":{"rendered":"Om Cool Company"},"content":{"rendered":"\n<section class=\"wp-block-coolcompany-section is-style-no-space has-light-primary-background-color has-background\">\n<div class=\"wp-block-columns are-vertically-aligned-center is-style-right-image is-layout-flex wp-container-core-columns-is-layout-9d6595d7 wp-block-columns-is-layout-flex\">\n<div class=\"wp-block-column is-vertically-aligned-center is-layout-flow wp-block-column-is-layout-flow\"><div class=\"breadcrumbs align  wp-block-bcn-breadcrumb-trail has-text-color has-background\" vocab=\"https:\/\/schema.org\/\" typeof=\"BreadcrumbList\">\n\t<span><\/span>\n\t<\/div>\n\n\n\n<h1 class=\"wp-block-heading\" id=\"h-cool-company-eksperter-pa-workforce-management\">Cool Company \u2013 eksperter p\u00e5 Workforce Management<\/h1>\n\n\n\n<p>Med et hjerte som banker for alt som er relatert til fri arbeidskraft, \u00f8nsker vi \u00e5 bli med og revolusjonere arbeidsmarkedet. Her kan du lese mer om oss og hva vi tror p\u00e5.<\/p>\n\n\n\n<p><\/p>\n<\/div>\n\n\n\n<div class=\"wp-block-column is-vertically-aligned-center is-layout-flow wp-block-column-is-layout-flow\">\n<div class=\"wp-block-coolcompany-maskedimage blob_mask_3\"><div class=\"gradient-background\" style=\"background:linear-gradient(45deg, #BA37F9 0%, #FD7B78 100%)\"><\/div>\n<figure class=\"wp-block-image size-large\"><img decoding=\"async\" src=\"https:\/\/coolcompany.com\/se\/wp-content\/uploads\/sites\/2\/2020\/03\/SQ-GettyImages-1129714019-1024x1024.jpg\" alt=\"En enskild n\u00e4ringsidkare l\u00e4mnar sitt kontor i regnet\" class=\"wp-image-3523\" srcset=\"https:\/\/coolcompany.com\/no\/wp-content\/uploads\/sites\/4\/2020\/03\/SQ-GettyImages-1129714019-1024x1024.jpg 1024w, https:\/\/coolcompany.com\/no\/wp-content\/uploads\/sites\/4\/2020\/03\/SQ-GettyImages-1129714019-300x300.jpg 300w, https:\/\/coolcompany.com\/no\/wp-content\/uploads\/sites\/4\/2020\/03\/SQ-GettyImages-1129714019-150x150.jpg 150w, https:\/\/coolcompany.com\/no\/wp-content\/uploads\/sites\/4\/2020\/03\/SQ-GettyImages-1129714019-768x768.jpg 768w, https:\/\/coolcompany.com\/no\/wp-content\/uploads\/sites\/4\/2020\/03\/SQ-GettyImages-1129714019-1080x1080.jpg 1080w, https:\/\/coolcompany.com\/no\/wp-content\/uploads\/sites\/4\/2020\/03\/SQ-GettyImages-1129714019-1280x1280.jpg 1280w, https:\/\/coolcompany.com\/no\/wp-content\/uploads\/sites\/4\/2020\/03\/SQ-GettyImages-1129714019-980x980.jpg 980w, https:\/\/coolcompany.com\/no\/wp-content\/uploads\/sites\/4\/2020\/03\/SQ-GettyImages-1129714019-480x480.jpg 480w, https:\/\/coolcompany.com\/no\/wp-content\/uploads\/sites\/4\/2020\/03\/SQ-GettyImages-1129714019.jpg 1500w\" sizes=\"(max-width: 1024px) 100vw, 1024px\" \/><\/figure>\n<\/div>\n<\/div>\n<\/div>\n<\/section>\n\n\n\n<div class=\"wp-block-coolcompany-separator is-style-has-shadow has-light-primary-background-color has-background has-light-primary-background-color has-background\"><svg width=\"100%\" viewBox=\"0 0 1600 60\" fill=\"none\" xmlns=\"https:\/\/www.w3.org\/2000\/svg\" aria-hidden=\"true\"><path fill=\"#ffffff\" d=\"M0 0L29.6667 1.75612C59.5 3.36587 118.833 6.87807 178 12C237.167 17.122 296.167 23.8537 355.333 22.6829C414.5 21.5122 473.833 12.1464 533.333 9.07319C592.833 5.85368 652.167 8.78051 711.333 11.2683C770.5 13.6098 829.5 15.6585 888.667 18.7317C947.833 21.9512 1007.17 26.3415 1066.67 27.8049C1126.17 29.2683 1185.5 27.8049 1244.67 23.7073C1303.83 19.4634 1362.83 12.7317 1422 8.34148C1481.17 3.95124 1540.5 1.90246 1570.33 1.02441L1600 0V60H1570.33C1540.5 60 1481.17 60 1422 60C1362.83 60 1303.83 60 1244.67 60C1185.5 60 1126.17 60 1066.67 60C1007.17 60 947.833 60 888.667 60C829.5 60 770.5 60 711.333 60C652.167 60 592.833 60 533.333 60C473.833 60 414.5 60 355.333 60C296.167 60 237.167 60 178 60C118.833 60 59.5 60 29.6667 60H0V0Z\"><\/path><\/svg><\/div>\n\n\n\n<section class=\"wp-block-coolcompany-section is-style-no-space\">\n<div class=\"wp-block-columns is-style-columns2 is-layout-flex wp-container-core-columns-is-layout-9d6595d7 wp-block-columns-is-layout-flex\">\n<div class=\"wp-block-column is-style-larger-col is-layout-flow wp-block-column-is-layout-flow\">\n<h2 class=\"wp-block-heading\">Dette skjer n\u00e5!<\/h2>\n\n\n\n<p>Arbeidsmarkedet er i endring, til den ansattes fordel!<\/p>\n\n\n\n<p>Flere og flere mennesker drives til \u00e5 f\u00f8lge sine dr\u00f8mmer og skape et liv der arbeidet ikke n\u00f8dvendigvis er en fulltidsjobb fra 8 til 4, men en friere form for jobb som handler mer om resultater enn tid. Vi elsker den nye typen arbeidere, og v\u00e5rt oppdrag er \u00e5 v\u00e6re frilanserens beste partner og legge til rette for denne revolusjonen \u2013 b\u00e5de for arbeidsgiver og entrepren\u00f8r.<\/p>\n\n\n\n<p>Let\u2019s start this revolution!<\/p>\n\n\n\n<h2 class=\"wp-block-heading\">Et spennende arbeidsmarked<\/h2>\n\n\n\n<p>Vi i Cool Company \u00f8nsker \u00e5 skape en tjeneste der brukeren er i fokus. Vi verdsetter hastighet, tilgjengelighet og mot, og vi h\u00e5per \u00e5 v\u00e6re en st\u00f8tte for de der ute som lever ut dr\u00f8mmene sine og for de som nettopp har begynt \u00e5 leke med tanken.<\/p>\n\n\n\n<p>Vi skal skape tjenester som gj\u00f8r det enklere enn noensinne \u00e5 kunne fokusere p\u00e5 forretningskonseptet og samarbeide i \u00f8kosystemet som vi kaller fremtidens arbeidsmarked. Og \u2013 vi vil at det skal v\u00e6re morsomt \u00e5 g\u00e5 p\u00e5 jobb.<\/p>\n<\/div>\n\n\n\n<div class=\"wp-block-column is-style-smaller-col is-layout-flow wp-block-column-is-layout-flow\">\n<div class=\"wp-block-coolcompany-maskedimage blob_mask_7\"><div class=\"gradient-background\" style=\"background:linear-gradient(45deg, #7142E9 0%, #53A2E9 100%)\"><\/div>\n<figure class=\"wp-block-image size-large\"><img decoding=\"async\" src=\"https:\/\/coolcompany.com\/se\/wp-content\/uploads\/sites\/2\/2020\/03\/SQ-GettyImages-1059619106-1024x1024.jpg\" alt=\"En enskild n\u00e4ringsidkare njuter av tid med hans tv\u00e5 barn medan han arbetar hemifr\u00e5n\" class=\"wp-image-3517\"\/><\/figure>\n<\/div>\n<\/div>\n<\/div>\n<\/section>\n\n\n\n<section class=\"wp-block-coolcompany-section is-style-no-space has-white-color has-primary-background-color has-text-color has-background\">\n<h2 class=\"wp-block-heading has-text-align-center\">V\u00e5re verdier \u2013 og v\u00e5rt l\u00f8fte til deg<\/h2>\n\n\n\n<div class=\"wp-block-columns is-style-columns3 is-layout-flex wp-container-core-columns-is-layout-9d6595d7 wp-block-columns-is-layout-flex\">\n<div class=\"wp-block-column is-layout-flow wp-block-column-is-layout-flow\">\n<figure class=\"wp-block-image aligncenter size-large\"><img decoding=\"async\" src=\"https:\/\/coolcompany.com\/se\/wp-content\/uploads\/sites\/2\/2020\/01\/Group-4494.svg\" alt=\"F\u00f6rs\u00e4kring\" class=\"wp-image-418\"\/><\/figure>\n\n\n\n<h3 class=\"wp-block-heading has-text-align-center\">Empati<\/h3>\n\n\n\n<p class=\"has-text-align-center\">\u00c5 satse og starte som egenansatt er en utfordring, og det krever mot og vilje. Men vi er her for \u00e5 hjelpe deg hele veien og h\u00e5per at du vil dele reisen din med oss.<\/p>\n<\/div>\n\n\n\n<div class=\"wp-block-column is-layout-flow wp-block-column-is-layout-flow\">\n<figure class=\"wp-block-image aligncenter size-large\"><img decoding=\"async\" src=\"https:\/\/coolcompany.com\/se\/wp-content\/uploads\/sites\/2\/2020\/01\/Group-4496.svg\" alt=\"\" class=\"wp-image-414\"\/><\/figure>\n\n\n\n<h3 class=\"wp-block-heading has-text-align-center\">Transparens<\/h3>\n\n\n\n<p class=\"has-text-align-center\">Let\u2019s be real \u2013 we\u2019re all in it to win it. Men vi vil vinne sammen med deg. Derfor \u00f8nsker vi alltid \u00e5 v\u00e6re transparente, fordi hvis du vil jobbe med oss som n\u00e6rmeste partner og betro din \u00f8konomi til oss, m\u00e5 vi v\u00e6re synlige og tydelige i alt vi gj\u00f8r sammen.<\/p>\n<\/div>\n\n\n\n<div class=\"wp-block-column is-layout-flow wp-block-column-is-layout-flow\">\n<figure class=\"wp-block-image aligncenter size-large\"><img decoding=\"async\" src=\"https:\/\/coolcompany.com\/se\/wp-content\/uploads\/sites\/2\/2020\/01\/Group-3599.svg\" alt=\"Ta betalt\" class=\"wp-image-417\"\/><\/figure>\n\n\n\n<h3 class=\"wp-block-heading has-text-align-center\">Hastighet<\/h3>\n\n\n\n<p class=\"has-text-align-center\">Det h\u00e4nder mycket iDet skjer mye i alle bransjer akkurat n\u00e5, og vi \u00f8nsker \u00e5 v\u00e6re en partner som er rask til \u00e5 f\u00e5 ting til \u00e5 skje. Vi er drevet av v\u00e5re kunders behov og \u00f8nsker \u00e5 sikre at vi kan m\u00f8te et skiftende arbeidsmarked. Vi er klare. Er du?<\/p>\n<\/div>\n<\/div>\n<\/section>\n\n\n\n<div class=\"wp-block-coolcompany-separator is-style-has-shadow has-primary-background-color has-background has-primary-background-color has-background\"><svg width=\"100%\" viewBox=\"0 0 1600 60\" fill=\"none\" xmlns=\"https:\/\/www.w3.org\/2000\/svg\" class=\"mirrored\" aria-hidden=\"true\"><path fill=\"rgb(241,236,253)\" d=\"M0 0L29.6667 1.75612C59.5 3.36587 118.833 6.87807 178 12C237.167 17.122 296.167 23.8537 355.333 22.6829C414.5 21.5122 473.833 12.1464 533.333 9.07319C592.833 5.85368 652.167 8.78051 711.333 11.2683C770.5 13.6098 829.5 15.6585 888.667 18.7317C947.833 21.9512 1007.17 26.3415 1066.67 27.8049C1126.17 29.2683 1185.5 27.8049 1244.67 23.7073C1303.83 19.4634 1362.83 12.7317 1422 8.34148C1481.17 3.95124 1540.5 1.90246 1570.33 1.02441L1600 0V60H1570.33C1540.5 60 1481.17 60 1422 60C1362.83 60 1303.83 60 1244.67 60C1185.5 60 1126.17 60 1066.67 60C1007.17 60 947.833 60 888.667 60C829.5 60 770.5 60 711.333 60C652.167 60 592.833 60 533.333 60C473.833 60 414.5 60 355.333 60C296.167 60 237.167 60 178 60C118.833 60 59.5 60 29.6667 60H0V0Z\"><\/path><\/svg><\/div>\n\n\n\n<section class=\"wp-block-coolcompany-section is-style-no-space has-light-primary-background-color has-background\">\n<h2 class=\"wp-block-heading has-text-align-center\">V\u00e5rt lederteam<\/h2>\n\n\n\n<div class=\"wp-block-columns is-style-columns3 is-layout-flex wp-container-core-columns-is-layout-9d6595d7 wp-block-columns-is-layout-flex\">\n<div class=\"wp-block-column is-layout-flow wp-block-column-is-layout-flow\">\n<figure class=\"wp-block-image aligncenter size-large\"><img decoding=\"async\" src=\"https:\/\/coolcompany.com\/se\/wp-content\/uploads\/sites\/2\/2022\/04\/Michael-1024x1024.png\" alt=\"\" class=\"wp-image-10031\"\/><\/figure>\n\n\n\n<p class=\"has-text-align-center\" id=\"h-jonny-simonsson\">Michael Sundquist<\/p>\n\n\n\n<p class=\"has-text-align-center\"><strong>CEO<\/strong><\/p>\n<\/div>\n\n\n\n<div class=\"wp-block-column is-layout-flow wp-block-column-is-layout-flow\">\n<figure class=\"wp-block-image aligncenter size-large\"><img decoding=\"async\" src=\"https:\/\/coolcompany.com\/se\/wp-content\/uploads\/sites\/2\/2022\/04\/Axel-1024x1024.png\" alt=\"\" class=\"wp-image-10035\"\/><\/figure>\n\n\n\n<p class=\"has-text-align-center\" id=\"h-jonny-simonsson\">Axel Joelsson Heurlin<\/p>\n\n\n\n<p class=\"has-text-align-center\"><strong>CFO<\/strong><\/p>\n<\/div>\n<\/div>\n\n\n\n<div class=\"wp-block-columns is-style-columns3 is-layout-flex wp-container-core-columns-is-layout-9d6595d7 wp-block-columns-is-layout-flex\">\n<div class=\"wp-block-column is-layout-flow wp-block-column-is-layout-flow\">\n<figure class=\"wp-block-image aligncenter size-large\"><img decoding=\"async\" src=\"https:\/\/coolcompany.com\/se\/wp-content\/uploads\/sites\/2\/2023\/04\/Matilda-1024x1024.png\" alt=\"\" class=\"wp-image-11401\"\/><\/figure>\n\n\n\n<p class=\"has-text-align-center\" id=\"h-rickard-svensson\">Matilda Backelle<\/p>\n\n\n\n<p class=\"has-text-align-center\"><strong>Head of Marketing<\/strong><\/p>\n<\/div>\n\n\n\n<div class=\"wp-block-column is-layout-flow wp-block-column-is-layout-flow\">\n<figure class=\"wp-block-image aligncenter size-full\"><img decoding=\"async\" src=\"https:\/\/coolcompany.com\/no\/wp-content\/uploads\/sites\/4\/2025\/12\/Peter-G-1.png\" alt=\"\" class=\"wp-image-5258\" srcset=\"https:\/\/coolcompany.com\/no\/wp-content\/uploads\/sites\/4\/2025\/12\/Peter-G-1.png 350w, https:\/\/coolcompany.com\/no\/wp-content\/uploads\/sites\/4\/2025\/12\/Peter-G-1-300x300.png 300w, https:\/\/coolcompany.com\/no\/wp-content\/uploads\/sites\/4\/2025\/12\/Peter-G-1-150x150.png 150w\" sizes=\"(max-width: 350px) 100vw, 350px\" \/><\/figure>\n\n\n\n<p class=\"has-text-align-center\" id=\"h-michael-sundquist\">Peter Geere<\/p>\n\n\n\n<p class=\"has-text-align-center\"><strong><strong>Head of Product &amp; Technology<br><\/strong><br><\/strong><\/p>\n<\/div>\n<\/div>\n<\/section>\n","protected":false},"excerpt":{"rendered":"","protected":false},"author":1,"featured_media":0,"parent":0,"menu_order":0,"comment_status":"closed","ping_status":"closed","template":"","meta":{"footnotes":""},"categories":[],"tags":[52],"class_list":["post-3152","page","type-page","status-publish","hentry","tag-light"],"yoast_head":"<!-- This site is optimized with the Yoast SEO Premium plugin v25.2 (Yoast SEO v27.0) - https:\/\/yoast.com\/product\/yoast-seo-premium-wordpress\/ -->\n<title>Om Cool Company - Cool Company Norge<\/title>\n<meta name=\"description\" content=\"Med et hjerte som banker for alt som er relatert til fri arbeidskraft, \u00f8nsker vi \u00e5 bli med og revolusjonere arbeidsmarkedet.\" \/>\n<meta name=\"robots\" content=\"index, follow, max-snippet:-1, max-image-preview:large, max-video-preview:-1\" \/>\n<link rel=\"canonical\" href=\"https:\/\/coolcompany.com\/no\/om-oss\/\" \/>\n<meta property=\"og:locale\" content=\"nb_NO\" \/>\n<meta property=\"og:type\" content=\"article\" \/>\n<meta property=\"og:title\" content=\"Om Cool Company\" \/>\n<meta property=\"og:description\" content=\"Med et hjerte som banker for alt som er relatert til fri arbeidskraft, \u00f8nsker vi \u00e5 bli med og revolusjonere arbeidsmarkedet.\" \/>\n<meta property=\"og:url\" content=\"https:\/\/coolcompany.com\/no\/om-oss\/\" \/>\n<meta property=\"og:site_name\" content=\"Cool Company Norge\" \/>\n<meta property=\"article:modified_time\" content=\"2025-12-10T13:57:20+00:00\" \/>\n<meta property=\"og:image\" content=\"https:\/\/coolcompany.com\/no\/wp-content\/uploads\/sites\/4\/2020\/03\/SQ-GettyImages-1129714019.jpg\" \/>\n\t<meta property=\"og:image:width\" content=\"1500\" \/>\n\t<meta property=\"og:image:height\" content=\"1500\" \/>\n\t<meta property=\"og:image:type\" content=\"image\/jpeg\" \/>\n<meta name=\"twitter:card\" content=\"summary_large_image\" \/>\n<meta name=\"twitter:label1\" content=\"Ansl. lesetid\" \/>\n\t<meta name=\"twitter:data1\" content=\"4 minutter\" \/>\n<script type=\"application\/ld+json\" class=\"yoast-schema-graph\">{\"@context\":\"https:\/\/schema.org\",\"@graph\":[{\"@type\":\"WebPage\",\"@id\":\"https:\/\/coolcompany.com\/no\/om-oss\/\",\"url\":\"https:\/\/coolcompany.com\/no\/om-oss\/\",\"name\":\"Om Cool Company - Cool Company Norge\",\"isPartOf\":{\"@id\":\"https:\/\/coolcompany.com\/no\/#website\"},\"primaryImageOfPage\":{\"@id\":\"https:\/\/coolcompany.com\/no\/om-oss\/#primaryimage\"},\"image\":{\"@id\":\"https:\/\/coolcompany.com\/no\/om-oss\/#primaryimage\"},\"thumbnailUrl\":\"https:\/\/coolcompany.com\/se\/wp-content\/uploads\/sites\/2\/2020\/03\/SQ-GettyImages-1129714019-1024x1024.jpg\",\"datePublished\":\"2020-03-04T11:03:41+00:00\",\"dateModified\":\"2025-12-10T13:57:20+00:00\",\"description\":\"Med et hjerte som banker for alt som er relatert til fri arbeidskraft, \u00f8nsker vi \u00e5 bli med og revolusjonere arbeidsmarkedet.\",\"inLanguage\":\"nb-NO\",\"potentialAction\":[{\"@type\":\"ReadAction\",\"target\":[\"https:\/\/coolcompany.com\/no\/om-oss\/\"]}]},{\"@type\":\"ImageObject\",\"inLanguage\":\"nb-NO\",\"@id\":\"https:\/\/coolcompany.com\/no\/om-oss\/#primaryimage\",\"url\":\"https:\/\/coolcompany.com\/se\/wp-content\/uploads\/sites\/2\/2020\/03\/SQ-GettyImages-1129714019-1024x1024.jpg\",\"contentUrl\":\"https:\/\/coolcompany.com\/se\/wp-content\/uploads\/sites\/2\/2020\/03\/SQ-GettyImages-1129714019-1024x1024.jpg\"},{\"@type\":\"WebSite\",\"@id\":\"https:\/\/coolcompany.com\/no\/#website\",\"url\":\"https:\/\/coolcompany.com\/no\/\",\"name\":\"Cool Company Norge\",\"description\":\"Fakturer uten firma\",\"publisher\":{\"@id\":\"https:\/\/coolcompany.com\/no\/#organization\"},\"potentialAction\":[{\"@type\":\"SearchAction\",\"target\":{\"@type\":\"EntryPoint\",\"urlTemplate\":\"https:\/\/coolcompany.com\/no\/?s={search_term_string}\"},\"query-input\":{\"@type\":\"PropertyValueSpecification\",\"valueRequired\":true,\"valueName\":\"search_term_string\"}}],\"inLanguage\":\"nb-NO\"},{\"@type\":\"Organization\",\"@id\":\"https:\/\/coolcompany.com\/no\/#organization\",\"name\":\"Cool Company\",\"url\":\"https:\/\/coolcompany.com\/no\/\",\"logo\":{\"@type\":\"ImageObject\",\"inLanguage\":\"nb-NO\",\"@id\":\"https:\/\/coolcompany.com\/no\/#\/schema\/logo\/image\/\",\"url\":\"https:\/\/coolcompany.com\/no\/wp-content\/uploads\/sites\/4\/2020\/01\/cc-logotype-horizontal.svg\",\"contentUrl\":\"https:\/\/coolcompany.com\/no\/wp-content\/uploads\/sites\/4\/2020\/01\/cc-logotype-horizontal.svg\",\"width\":\"1024\",\"height\":\"1024\",\"caption\":\"Cool Company\"},\"image\":{\"@id\":\"https:\/\/coolcompany.com\/no\/#\/schema\/logo\/image\/\"}}]}<\/script>\n<!-- \/ Yoast SEO Premium plugin. -->","yoast_head_json":{"title":"Om Cool Company - Cool Company Norge","description":"Med et hjerte som banker for alt som er relatert til fri arbeidskraft, \u00f8nsker vi \u00e5 bli med og revolusjonere arbeidsmarkedet.","robots":{"index":"index","follow":"follow","max-snippet":"max-snippet:-1","max-image-preview":"max-image-preview:large","max-video-preview":"max-video-preview:-1"},"canonical":"https:\/\/coolcompany.com\/no\/om-oss\/","og_locale":"nb_NO","og_type":"article","og_title":"Om Cool Company","og_description":"Med et hjerte som banker for alt som er relatert til fri arbeidskraft, \u00f8nsker vi \u00e5 bli med og revolusjonere arbeidsmarkedet.","og_url":"https:\/\/coolcompany.com\/no\/om-oss\/","og_site_name":"Cool Company Norge","article_modified_time":"2025-12-10T13:57:20+00:00","og_image":[{"width":1500,"height":1500,"url":"https:\/\/coolcompany.com\/no\/wp-content\/uploads\/sites\/4\/2020\/03\/SQ-GettyImages-1129714019.jpg","type":"image\/jpeg"}],"twitter_card":"summary_large_image","twitter_misc":{"Ansl. lesetid":"4 minutter"},"schema":{"@context":"https:\/\/schema.org","@graph":[{"@type":"WebPage","@id":"https:\/\/coolcompany.com\/no\/om-oss\/","url":"https:\/\/coolcompany.com\/no\/om-oss\/","name":"Om Cool Company - Cool Company Norge","isPartOf":{"@id":"https:\/\/coolcompany.com\/no\/#website"},"primaryImageOfPage":{"@id":"https:\/\/coolcompany.com\/no\/om-oss\/#primaryimage"},"image":{"@id":"https:\/\/coolcompany.com\/no\/om-oss\/#primaryimage"},"thumbnailUrl":"https:\/\/coolcompany.com\/se\/wp-content\/uploads\/sites\/2\/2020\/03\/SQ-GettyImages-1129714019-1024x1024.jpg","datePublished":"2020-03-04T11:03:41+00:00","dateModified":"2025-12-10T13:57:20+00:00","description":"Med et hjerte som banker for alt som er relatert til fri arbeidskraft, \u00f8nsker vi \u00e5 bli med og revolusjonere arbeidsmarkedet.","inLanguage":"nb-NO","potentialAction":[{"@type":"ReadAction","target":["https:\/\/coolcompany.com\/no\/om-oss\/"]}]},{"@type":"ImageObject","inLanguage":"nb-NO","@id":"https:\/\/coolcompany.com\/no\/om-oss\/#primaryimage","url":"https:\/\/coolcompany.com\/se\/wp-content\/uploads\/sites\/2\/2020\/03\/SQ-GettyImages-1129714019-1024x1024.jpg","contentUrl":"https:\/\/coolcompany.com\/se\/wp-content\/uploads\/sites\/2\/2020\/03\/SQ-GettyImages-1129714019-1024x1024.jpg"},{"@type":"WebSite","@id":"https:\/\/coolcompany.com\/no\/#website","url":"https:\/\/coolcompany.com\/no\/","name":"Cool Company Norge","description":"Fakturer uten firma","publisher":{"@id":"https:\/\/coolcompany.com\/no\/#organization"},"potentialAction":[{"@type":"SearchAction","target":{"@type":"EntryPoint","urlTemplate":"https:\/\/coolcompany.com\/no\/?s={search_term_string}"},"query-input":{"@type":"PropertyValueSpecification","valueRequired":true,"valueName":"search_term_string"}}],"inLanguage":"nb-NO"},{"@type":"Organization","@id":"https:\/\/coolcompany.com\/no\/#organization","name":"Cool Company","url":"https:\/\/coolcompany.com\/no\/","logo":{"@type":"ImageObject","inLanguage":"nb-NO","@id":"https:\/\/coolcompany.com\/no\/#\/schema\/logo\/image\/","url":"https:\/\/coolcompany.com\/no\/wp-content\/uploads\/sites\/4\/2020\/01\/cc-logotype-horizontal.svg","contentUrl":"https:\/\/coolcompany.com\/no\/wp-content\/uploads\/sites\/4\/2020\/01\/cc-logotype-horizontal.svg","width":"1024","height":"1024","caption":"Cool Company"},"image":{"@id":"https:\/\/coolcompany.com\/no\/#\/schema\/logo\/image\/"}}]}},"lang":"nb","translations":{"nb":3152},"pll_sync_post":[],"_links":{"self":[{"href":"https:\/\/coolcompany.com\/no\/wp-json\/wp\/v2\/pages\/3152","targetHints":{"allow":["GET"]}}],"collection":[{"href":"https:\/\/coolcompany.com\/no\/wp-json\/wp\/v2\/pages"}],"about":[{"href":"https:\/\/coolcompany.com\/no\/wp-json\/wp\/v2\/types\/page"}],"author":[{"embeddable":true,"href":"https:\/\/coolcompany.com\/no\/wp-json\/wp\/v2\/users\/1"}],"replies":[{"embeddable":true,"href":"https:\/\/coolcompany.com\/no\/wp-json\/wp\/v2\/comments?post=3152"}],"version-history":[{"count":0,"href":"https:\/\/coolcompany.com\/no\/wp-json\/wp\/v2\/pages\/3152\/revisions"}],"wp:attachment":[{"href":"https:\/\/coolcompany.com\/no\/wp-json\/wp\/v2\/media?parent=3152"}],"wp:term":[{"taxonomy":"category","embeddable":true,"href":"https:\/\/coolcompany.com\/no\/wp-json\/wp\/v2\/categories?post=3152"},{"taxonomy":"post_tag","embeddable":true,"href":"https:\/\/coolcompany.com\/no\/wp-json\/wp\/v2\/tags?post=3152"}],"curies":[{"name":"wp","href":"https:\/\/api.w.org\/{rel}","templated":true}]}}