{"id":1230,"date":"2020-02-13T23:18:54","date_gmt":"2020-02-13T23:18:54","guid":{"rendered":"https:\/\/coolcompanydev.wpengine.com\/?page_id=1230"},"modified":"2025-03-11T09:17:49","modified_gmt":"2025-03-11T09:17:49","slug":"faq","status":"publish","type":"page","link":"https:\/\/coolcompany.com\/no\/faq\/","title":{"rendered":"Sp\u00f8rsm\u00e5l og svar"},"content":{"rendered":"\n<div style=\"background-color:rgb(255,235,235)\" class=\"wp-block-coolcompany-hero alignfull is-style-default\"><div class=\"blob-container\" style=\"transform:rotate(0deg)\"><svg width=\"700\" height=\"600\" viewbox=\"0 0 700 600\" fill=\"none\" xmlns=\"https:\/\/www.w3.org\/2000\/svg\" class=\"blob\" role=\"img\" aria-hidden=\"true\"><path d=\"M644.355 37.9216C696.895 78.5633 705.014 162.464 697.691 233.002C690.367 303.539 667.6 360.575 637.031 420.643C606.304 480.71 567.774 543.532 504.568 575.632C441.202 607.732 353.158 608.972 296.956 574.254C240.595 539.537 215.918 468.586 159.557 403.973C103.355 339.359 15.4708 281.083 1.93786 214.265C-11.7543 147.448 48.9052 72.0882 127.237 35.4418C205.728 -1.34243 301.892 0.586316 398.374 0.173011C495.015 -0.240295 591.815 -2.72011 644.355 37.9216Z\" fill=\"rgba(253,123,120,0.15)\"><\/path><\/svg><\/div><div class=\"content\">\n<div class=\"breadcrumbs align  wp-block-bcn-breadcrumb-trail has-text-color has-background\" vocab=\"https:\/\/schema.org\/\" typeof=\"BreadcrumbList\">\n\t<span><\/span>\n\t<\/div>\n\n\n<h1 class=\"wp-block-heading\" id=\"h-sporsmal-og-svar\">Sp\u00f8rsm\u00e5l og svar<\/h1>\n\n\n<p>Vi har tatt fram svarene p\u00e5 de vanligste sp\u00f8rsm\u00e5lene som dukker opp n\u00e5r du er ny som egenansatt eller rett og slett trenger mer informasjon f\u00f8r du velger Cool Company. V\u00e6rs\u00e5god!<\/p>\n\n\n<div class=\"wp-block-coolcompany-separator\"><svg width=\"100%\" viewbox=\"0 0 1600 60\" fill=\"none\" xmlns=\"https:\/\/www.w3.org\/2000\/svg\" role=\"img\" aria-hidden=\"true\"><path d=\"M1600 0L1588.83 5.42855C1577.83 11 1555.5 21.8571 1533.33 27.8571C1511.17 33.8571 1488.83 34.7143 1466.67 32.5714C1444.5 30.4286 1422.17 25.2857 1400 24.2857C1377.83 23.2857 1355.5 26.7143 1333.33 26.8571C1311.17 27.1428 1288.83 24.2857 1266.67 25.2857C1244.5 26.1429 1222.17 31 1200 31.4286C1177.83 31.8571 1155.5 28.1429 1133.33 23.1429C1111.17 18.1429 1088.83 11.8571 1066.67 10.4286C1044.5 8.99998 1022.17 12.4286 1000 12.1429C977.833 11.8571 955.5 8.14286 933.333 7.14286C911.167 6.14286 888.833 8.14287 866.667 7.42859C844.5 6.7143 822.167 3.2857 800 5.42855C777.833 7.57141 755.5 15.2857 733.333 19.5714C711.167 23.8572 688.833 24.7143 666.667 26.4286C644.5 28.1429 622.167 30.4286 600 30.4286C577.833 30.4286 555.5 28.1428 533.333 27.5714C511.167 27.1428 488.833 28.5714 466.667 24.2857C444.5 20 422.167 9.99998 400 6.85713C377.833 3.85713 355.5 7.57141 333.333 8.99998C311.167 10.4286 288.833 9.57143 266.667 12.1429C244.5 14.7143 222.167 21 200 22.8571C177.833 24.7143 155.5 22.4286 133.333 20.2857C111.167 18.1429 88.8334 16.1429 66.6667 17.4286C44.5 18.5714 22.1667 22.8571 11.1667 25L0 27.1429V60H11.1667C22.1667 60 44.5 60 66.6667 60C88.8334 60 111.167 60 133.333 60C155.5 60 177.833 60 200 60C222.167 60 244.5 60 266.667 60C288.833 60 311.167 60 333.333 60C355.5 60 377.833 60 400 60C422.167 60 444.5 60 466.667 60C488.833 60 511.167 60 533.333 60C555.5 60 577.833 60 600 60C622.167 60 644.5 60 666.667 60C688.833 60 711.167 60 733.333 60C755.5 60 777.833 60 800 60C822.167 60 844.5 60 866.667 60C888.833 60 911.167 60 933.333 60C955.5 60 977.833 60 1000 60C1022.17 60 1044.5 60 1066.67 60C1088.83 60 1111.17 60 1133.33 60C1155.5 60 1177.83 60 1200 60C1222.17 60 1244.5 60 1266.67 60C1288.83 60 1311.17 60 1333.33 60C1355.5 60 1377.83 60 1400 60C1422.17 60 1444.5 60 1466.67 60C1488.83 60 1511.17 60 1533.33 60C1555.5 60 1577.83 60 1588.83 60H1600V0Z\" fill=\"#fff\"><\/path><\/svg><\/div>\n\n<\/div><\/div>\n\n\n\n<section class=\"wp-block-coolcompany-section has-white-background-color has-background\">\n<h2 class=\"wp-block-heading has-text-align-center\">Sp\u00f8rsm\u00e5l og svar om \u00e5 v\u00e6re egenansatt i Cool Company<\/h2>\n\n\n\n<div class=\"wp-block-columns is-style-columns2 is-layout-flex wp-container-core-columns-is-layout-9d6595d7 wp-block-columns-is-layout-flex\">\n<div class=\"wp-block-column is-layout-flow wp-block-column-is-layout-flow\">\n<div class=\"wp-block-coolcompany-accordion block-accordion-container\"><button class=\"block-accordion\" type=\"button\" onclick=\"handleAccordionClick(this)\"><svg xmlns=\"http:\/\/www.w3.org\/2000\/svg\" aria-hidden=\"true\" role=\"img\" width=\"24\" height=\"24\" preserveAspectRatio=\"xMidYMid meet\" viewBox=\"0 0 24 24\" class=\"accordion__icon\"><path d=\"M16.293 9.293L12 13.586L7.707 9.293l-1.414 1.414L12 16.414l5.707-5.707z\" fill=\"#075a63\"><\/path><\/svg><h4 class=\"accordion__title\">N\u00e5r f\u00e5r jeg min l\u00f8nn?<\/h4><\/button><div class=\"accordion__content\"><div class=\"accordion__text\">\n<p>S\u00e5 snart Cool Company mottar betaling av fakturaen, vil du kunne trekke din l\u00f8nn. L\u00f8nnen utbetales automatisk hvis du velger innstillingen, eller har du en manuell innbetaling. Dette betyr at du logger inn og bestemmer n\u00e5r og hvor mye du vil ta ut av l\u00f8nnen din. <\/p>\n\n\n\n<p>Du har ogs\u00e5 mulighet til \u00e5 trekke deler av l\u00f8nnen i spare- og tjenestepensjon. Hvis du velger Express Pay, betaler vi pengene direkte til bankkontoen din n\u00e5r vi og kunden har godkjent fakturaen p\u00e5 forh\u00e5nd. Husk at det fortsatt tar en bankdag f\u00f8r pengene kommer inn p\u00e5 bankkontoen.&nbsp;<\/p>\n<\/div><\/div><\/div>\n\n\n\n<div class=\"wp-block-coolcompany-accordion block-accordion-container\"><button class=\"block-accordion\" type=\"button\" onclick=\"handleAccordionClick(this)\"><svg xmlns=\"http:\/\/www.w3.org\/2000\/svg\" aria-hidden=\"true\" role=\"img\" width=\"24\" height=\"24\" preserveAspectRatio=\"xMidYMid meet\" viewBox=\"0 0 24 24\" class=\"accordion__icon\"><path d=\"M16.293 9.293L12 13.586L7.707 9.293l-1.414 1.414L12 16.414l5.707-5.707z\" fill=\"#075a63\"><\/path><\/svg><h4 class=\"accordion__title\">Har fakturaen blitt sendt?<\/h4><\/button><div class=\"accordion__content\"><div class=\"accordion__text\">\n<p>S\u00e5 snart vi aksepterer fakturaen din og den blir lagt ut i v\u00e5rt system, vil den bli sendt til kunden din. Enten via e-post eller vanlig post, avhengig av ditt valg. Du vil motta en melding p\u00e5 tidslinjen din (den du ser f\u00f8rst n\u00e5r du logger deg p\u00e5) at dette er gjort.&nbsp;<\/p>\n<\/div><\/div><\/div>\n\n\n\n<div class=\"wp-block-coolcompany-accordion block-accordion-container\"><button class=\"block-accordion\" type=\"button\" onclick=\"handleAccordionClick(this)\"><svg xmlns=\"http:\/\/www.w3.org\/2000\/svg\" aria-hidden=\"true\" role=\"img\" width=\"24\" height=\"24\" preserveAspectRatio=\"xMidYMid meet\" viewBox=\"0 0 24 24\" class=\"accordion__icon\"><path d=\"M16.293 9.293L12 13.586L7.707 9.293l-1.414 1.414L12 16.414l5.707-5.707z\" fill=\"#075a63\"><\/path><\/svg><h4 class=\"accordion__title\">Har kunden betalt?<\/h4><\/button><div class=\"accordion__content\"><div class=\"accordion__text\">\n<p>S\u00e5 snart Cool Company motta betaling av fakturaen, vil du kunne trekke din l\u00f8nn. L\u00f8nnen utbetales automatisk hvis du velger innstillingen, ellers har du manuell innbetaling. Detta betyr at du logger inn og bestemmer n\u00e5r og hvor mye du vil ta ut av l\u00f8nnen din.&nbsp;<\/p>\n<\/div><\/div><\/div>\n<\/div>\n\n\n\n<div class=\"wp-block-column is-layout-flow wp-block-column-is-layout-flow\">\n<div class=\"wp-block-coolcompany-accordion block-accordion-container\"><button class=\"block-accordion\" type=\"button\" onclick=\"handleAccordionClick(this)\"><svg xmlns=\"http:\/\/www.w3.org\/2000\/svg\" aria-hidden=\"true\" role=\"img\" width=\"24\" height=\"24\" preserveAspectRatio=\"xMidYMid meet\" viewBox=\"0 0 24 24\" class=\"accordion__icon\"><path d=\"M16.293 9.293L12 13.586L7.707 9.293l-1.414 1.414L12 16.414l5.707-5.707z\" fill=\"#075a63\"><\/path><\/svg><h4 class=\"accordion__title\">M\u00e5 jeg forh\u00e5ndsregistrere mine oppdrag?<\/h4><\/button><div class=\"accordion__content\"><div class=\"accordion__text\">\n<p>Ja, for \u00e5 kunne sende en faktura m\u00e5 du p\u00e5 forh\u00e5nd ha et forh\u00e5ndsregistrert og godkjent oppdrag. N\u00e5r du deretter klikker p\u00e5 &laquo;opprett faktura&raquo;, velger du blant godkjente oppdrag.<\/p>\n<\/div><\/div><\/div>\n\n\n\n<div class=\"wp-block-coolcompany-accordion block-accordion-container\"><button class=\"block-accordion\" type=\"button\" onclick=\"handleAccordionClick(this)\"><svg xmlns=\"http:\/\/www.w3.org\/2000\/svg\" aria-hidden=\"true\" role=\"img\" width=\"24\" height=\"24\" preserveAspectRatio=\"xMidYMid meet\" viewBox=\"0 0 24 24\" class=\"accordion__icon\"><path d=\"M16.293 9.293L12 13.586L7.707 9.293l-1.414 1.414L12 16.414l5.707-5.707z\" fill=\"#075a63\"><\/path><\/svg><h4 class=\"accordion__title\">Hva skjer hvis kunden ikke betaler?<\/h4><\/button><div class=\"accordion__content\"><div class=\"accordion__text\">\n<p>N\u00e5r fakturaen er sendt, vil den bli lagt ut og vil ha en forfallsdato. Hvis kunden ikke har betalt f\u00f8r denne datoen, vil en betalingsp\u00e5minnelse bli sendt til kunden. Det vil bli sendt tre virkedager etter forfallsdagen. Hvis det fortsatt ikke er betalt etter dette, vil du bli kontaktet av Cool Company for \u00e5 h\u00f8re om du vil fortsette saken med innkreving av gjeld.&nbsp;&nbsp;<\/p>\n<\/div><\/div><\/div>\n\n\n\n<div class=\"wp-block-coolcompany-accordion block-accordion-container\"><button class=\"block-accordion\" type=\"button\" onclick=\"handleAccordionClick(this)\"><svg xmlns=\"http:\/\/www.w3.org\/2000\/svg\" aria-hidden=\"true\" role=\"img\" width=\"24\" height=\"24\" preserveAspectRatio=\"xMidYMid meet\" viewBox=\"0 0 24 24\" class=\"accordion__icon\"><path d=\"M16.293 9.293L12 13.586L7.707 9.293l-1.414 1.414L12 16.414l5.707-5.707z\" fill=\"#075a63\"><\/path><\/svg><h4 class=\"accordion__title\">F\u00e5r jeg kompensasjon for kj\u00f8p av materialer?<\/h4><\/button><div class=\"accordion__content\"><div class=\"accordion__text\">\n<p>Du har rett til \u00e5 trekke fradrag for ditt oppdrag dersom de er direkte knyttet til tjenesten du utf\u00f8rer. Det som kan trekkes fra er reise, overnatting, utleie av lokaler og varer samt forbruksvarer. Forbruksvarer er de som brukes og konsumeres i den enkelte oppgave. <\/p>\n\n\n\n<p>Du m\u00e5 alltid ha kvittering, i digital eller fysisk form, for \u00e5 kunne godkjenne betalingen. For at du skal kunne f\u00e5 tilbake hele bel\u00f8pet, m\u00e5 du ogs\u00e5 fakturere din entrepren\u00f8r for utgiftene dine.&nbsp;<\/p>\n<\/div><\/div><\/div>\n<\/div>\n<\/div>\n<\/section>\n\n\n\n<section class=\"wp-block-coolcompany-section has-red-10-background-color has-background\">\n<h2 class=\"wp-block-heading has-text-align-center\"><strong>Vanligste sp\u00f8rsm\u00e5lene<\/strong><\/h2>\n\n\n\n<div class=\"wp-block-columns is-style-columns3 is-layout-flex wp-container-core-columns-is-layout-9d6595d7 wp-block-columns-is-layout-flex\">\n<div class=\"wp-block-column is-layout-flow wp-block-column-is-layout-flow\">\n<h3 class=\"wp-block-heading has-text-align-center\" id=\"h-om-egenansettelse\"><strong>Om egenansettelse<\/strong><\/h3>\n\n\n\n<p class=\"has-text-align-center\">Hva betyr egenansettelse og annet du trenger \u00e5 vite.<\/p>\n\n\n\n<div class=\"wp-block-buttons is-horizontal is-content-justification-center is-layout-flex wp-container-core-buttons-is-layout-499968f5 wp-block-buttons-is-layout-flex\">\n<div class=\"wp-block-button is-style-tertiary\"><a class=\"wp-block-button__link wp-element-button\" href=\"https:\/\/coolcompany.com\/no\/faq-egenansettelse\/\" target=\"_blank\" rel=\"noreferrer noopener\">les mer<\/a><\/div>\n<\/div>\n<\/div>\n\n\n\n<div class=\"wp-block-column is-layout-flow wp-block-column-is-layout-flow\">\n<h3 class=\"wp-block-heading has-text-align-center\" id=\"h-fradrag-og-mer\"><strong>Fradrag og mer<\/strong><\/h3>\n\n\n\n<p class=\"has-text-align-center\">Alt om utlegg, reiseregninger og livet.<\/p>\n\n\n\n<div class=\"wp-block-buttons is-horizontal is-content-justification-center is-layout-flex wp-container-core-buttons-is-layout-499968f5 wp-block-buttons-is-layout-flex\">\n<div class=\"wp-block-button is-style-tertiary\"><a class=\"wp-block-button__link wp-element-button\" href=\"https:\/\/coolcompany.com\/no\/sporsmal-og-svar-om-fradrag\/\" target=\"_blank\" rel=\"noreferrer noopener\">les mer<\/a><\/div>\n<\/div>\n<\/div>\n\n\n\n<div class=\"wp-block-column is-layout-flow wp-block-column-is-layout-flow\">\n<h3 class=\"wp-block-heading has-text-align-center\" id=\"h-om-webtjenester\"><strong>Om webtjenester<\/strong><\/h3>\n\n\n\n<p class=\"has-text-align-center\">Lurer du p\u00e5 hvordan v\u00e5r webtjeneste fungerer? Her er svarene.<\/p>\n\n\n\n<div class=\"wp-block-buttons is-horizontal is-content-justification-center is-layout-flex wp-container-core-buttons-is-layout-499968f5 wp-block-buttons-is-layout-flex\">\n<div class=\"wp-block-button is-style-tertiary\"><a class=\"wp-block-button__link wp-element-button\" href=\"https:\/\/coolcompany.com\/no\/sporsmal-og-svar-om-webtjenesten\/\" target=\"_blank\" rel=\"noreferrer noopener\">les mer<\/a><\/div>\n<\/div>\n<\/div>\n<\/div>\n\n\n\n<h2 class=\"wp-block-heading has-text-align-center\" id=\"h-\"><\/h2>\n\n\n\n<div class=\"wp-block-columns is-style-columns3 is-layout-flex wp-container-core-columns-is-layout-9d6595d7 wp-block-columns-is-layout-flex\">\n<div class=\"wp-block-column is-layout-flow wp-block-column-is-layout-flow\">\n<h3 class=\"wp-block-heading has-text-align-center\" id=\"h-om-opprett-oppdrag\"><strong>Om opprett oppdrag<\/strong><\/h3>\n\n\n\n<p class=\"has-text-align-center\">Alt om opprettelse av oppdrag og fakturering for godkjente oppdrag<\/p>\n\n\n\n<div class=\"wp-block-buttons is-horizontal is-content-justification-center is-layout-flex wp-container-core-buttons-is-layout-499968f5 wp-block-buttons-is-layout-flex\">\n<div class=\"wp-block-button is-style-tertiary\"><a class=\"wp-block-button__link wp-element-button\" href=\"https:\/\/coolcompany.com\/no\/sporsmal-og-svar-opprett-oppdrag\/\" target=\"_blank\" rel=\"noreferrer noopener\">les mer<\/a><\/div>\n<\/div>\n<\/div>\n\n\n\n<div class=\"wp-block-column is-layout-flow wp-block-column-is-layout-flow\">\n<h3 class=\"wp-block-heading has-text-align-center\" id=\"h-opprett-oppdrag-en-create-assignment\"><strong>Opprett oppdrag EN &#8211; Create assignment<\/strong><\/h3>\n\n\n\n<p class=\"has-text-align-center\">About creating assignment and invoicing for approved assignment<\/p>\n\n\n\n<div class=\"wp-block-buttons is-horizontal is-content-justification-center is-layout-flex wp-container-core-buttons-is-layout-499968f5 wp-block-buttons-is-layout-flex\">\n<div class=\"wp-block-button is-style-tertiary\"><a class=\"wp-block-button__link wp-element-button\" href=\"https:\/\/coolcompany.com\/no\/faq-create-assignment\/\" target=\"_blank\" rel=\"noreferrer noopener\">Read more<\/a><\/div>\n<\/div>\n<\/div>\n<\/div>\n<\/section>\n","protected":false},"excerpt":{"rendered":"","protected":false},"author":1,"featured_media":0,"parent":0,"menu_order":0,"comment_status":"closed","ping_status":"closed","template":"singular.php","meta":{"footnotes":""},"categories":[],"tags":[],"class_list":["post-1230","page","type-page","status-publish","hentry"],"yoast_head":"<!-- This site is optimized with the Yoast SEO Premium plugin v25.2 (Yoast SEO v27.0) - https:\/\/yoast.com\/product\/yoast-seo-premium-wordpress\/ -->\n<title>Sp\u00f8rsm\u00e5l og svar - Cool Company Norge<\/title>\n<meta name=\"description\" content=\"Har du sp\u00f8rsm\u00e5l om \u00e5 v\u00e6re egenansatt i Cool Company? Her samler vi svar p\u00e5 forskjellige sp\u00f8rsm\u00e5l som kan oppst\u00e5 ved frilansering\" \/>\n<meta name=\"robots\" content=\"index, follow, max-snippet:-1, max-image-preview:large, max-video-preview:-1\" \/>\n<link rel=\"canonical\" href=\"https:\/\/coolcompany.com\/no\/faq\/\" \/>\n<meta property=\"og:locale\" content=\"nb_NO\" \/>\n<meta property=\"og:type\" content=\"article\" \/>\n<meta property=\"og:title\" content=\"Sp\u00f8rsm\u00e5l og svar\" \/>\n<meta property=\"og:description\" content=\"Har du sp\u00f8rsm\u00e5l om \u00e5 v\u00e6re egenansatt i Cool Company? Her samler vi svar p\u00e5 forskjellige sp\u00f8rsm\u00e5l som kan oppst\u00e5 ved frilansering\" \/>\n<meta property=\"og:url\" content=\"https:\/\/coolcompany.com\/no\/faq\/\" \/>\n<meta property=\"og:site_name\" content=\"Cool Company Norge\" \/>\n<meta property=\"article:modified_time\" content=\"2025-03-11T09:17:49+00:00\" \/>\n<meta name=\"twitter:card\" content=\"summary_large_image\" \/>\n<meta name=\"twitter:label1\" content=\"Ansl. lesetid\" \/>\n\t<meta name=\"twitter:data1\" content=\"3 minutter\" \/>\n<script type=\"application\/ld+json\" class=\"yoast-schema-graph\">{\"@context\":\"https:\/\/schema.org\",\"@graph\":[{\"@type\":\"WebPage\",\"@id\":\"https:\/\/coolcompany.com\/no\/faq\/\",\"url\":\"https:\/\/coolcompany.com\/no\/faq\/\",\"name\":\"Sp\u00f8rsm\u00e5l og svar - Cool Company Norge\",\"isPartOf\":{\"@id\":\"https:\/\/coolcompany.com\/no\/#website\"},\"datePublished\":\"2020-02-13T23:18:54+00:00\",\"dateModified\":\"2025-03-11T09:17:49+00:00\",\"description\":\"Har du sp\u00f8rsm\u00e5l om \u00e5 v\u00e6re egenansatt i Cool Company? Her samler vi svar p\u00e5 forskjellige sp\u00f8rsm\u00e5l som kan oppst\u00e5 ved frilansering\",\"inLanguage\":\"nb-NO\",\"potentialAction\":[{\"@type\":\"ReadAction\",\"target\":[\"https:\/\/coolcompany.com\/no\/faq\/\"]}]},{\"@type\":\"WebSite\",\"@id\":\"https:\/\/coolcompany.com\/no\/#website\",\"url\":\"https:\/\/coolcompany.com\/no\/\",\"name\":\"Cool Company Norge\",\"description\":\"Fakturer uten firma\",\"publisher\":{\"@id\":\"https:\/\/coolcompany.com\/no\/#organization\"},\"potentialAction\":[{\"@type\":\"SearchAction\",\"target\":{\"@type\":\"EntryPoint\",\"urlTemplate\":\"https:\/\/coolcompany.com\/no\/?s={search_term_string}\"},\"query-input\":{\"@type\":\"PropertyValueSpecification\",\"valueRequired\":true,\"valueName\":\"search_term_string\"}}],\"inLanguage\":\"nb-NO\"},{\"@type\":\"Organization\",\"@id\":\"https:\/\/coolcompany.com\/no\/#organization\",\"name\":\"Cool Company\",\"url\":\"https:\/\/coolcompany.com\/no\/\",\"logo\":{\"@type\":\"ImageObject\",\"inLanguage\":\"nb-NO\",\"@id\":\"https:\/\/coolcompany.com\/no\/#\/schema\/logo\/image\/\",\"url\":\"https:\/\/coolcompany.com\/no\/wp-content\/uploads\/sites\/4\/2020\/01\/cc-logotype-horizontal.svg\",\"contentUrl\":\"https:\/\/coolcompany.com\/no\/wp-content\/uploads\/sites\/4\/2020\/01\/cc-logotype-horizontal.svg\",\"width\":\"1024\",\"height\":\"1024\",\"caption\":\"Cool Company\"},\"image\":{\"@id\":\"https:\/\/coolcompany.com\/no\/#\/schema\/logo\/image\/\"}}]}<\/script>\n<!-- \/ Yoast SEO Premium plugin. -->","yoast_head_json":{"title":"Sp\u00f8rsm\u00e5l og svar - Cool Company Norge","description":"Har du sp\u00f8rsm\u00e5l om \u00e5 v\u00e6re egenansatt i Cool Company? Her samler vi svar p\u00e5 forskjellige sp\u00f8rsm\u00e5l som kan oppst\u00e5 ved frilansering","robots":{"index":"index","follow":"follow","max-snippet":"max-snippet:-1","max-image-preview":"max-image-preview:large","max-video-preview":"max-video-preview:-1"},"canonical":"https:\/\/coolcompany.com\/no\/faq\/","og_locale":"nb_NO","og_type":"article","og_title":"Sp\u00f8rsm\u00e5l og svar","og_description":"Har du sp\u00f8rsm\u00e5l om \u00e5 v\u00e6re egenansatt i Cool Company? Her samler vi svar p\u00e5 forskjellige sp\u00f8rsm\u00e5l som kan oppst\u00e5 ved frilansering","og_url":"https:\/\/coolcompany.com\/no\/faq\/","og_site_name":"Cool Company Norge","article_modified_time":"2025-03-11T09:17:49+00:00","twitter_card":"summary_large_image","twitter_misc":{"Ansl. lesetid":"3 minutter"},"schema":{"@context":"https:\/\/schema.org","@graph":[{"@type":"WebPage","@id":"https:\/\/coolcompany.com\/no\/faq\/","url":"https:\/\/coolcompany.com\/no\/faq\/","name":"Sp\u00f8rsm\u00e5l og svar - Cool Company Norge","isPartOf":{"@id":"https:\/\/coolcompany.com\/no\/#website"},"datePublished":"2020-02-13T23:18:54+00:00","dateModified":"2025-03-11T09:17:49+00:00","description":"Har du sp\u00f8rsm\u00e5l om \u00e5 v\u00e6re egenansatt i Cool Company? Her samler vi svar p\u00e5 forskjellige sp\u00f8rsm\u00e5l som kan oppst\u00e5 ved frilansering","inLanguage":"nb-NO","potentialAction":[{"@type":"ReadAction","target":["https:\/\/coolcompany.com\/no\/faq\/"]}]},{"@type":"WebSite","@id":"https:\/\/coolcompany.com\/no\/#website","url":"https:\/\/coolcompany.com\/no\/","name":"Cool Company Norge","description":"Fakturer uten firma","publisher":{"@id":"https:\/\/coolcompany.com\/no\/#organization"},"potentialAction":[{"@type":"SearchAction","target":{"@type":"EntryPoint","urlTemplate":"https:\/\/coolcompany.com\/no\/?s={search_term_string}"},"query-input":{"@type":"PropertyValueSpecification","valueRequired":true,"valueName":"search_term_string"}}],"inLanguage":"nb-NO"},{"@type":"Organization","@id":"https:\/\/coolcompany.com\/no\/#organization","name":"Cool Company","url":"https:\/\/coolcompany.com\/no\/","logo":{"@type":"ImageObject","inLanguage":"nb-NO","@id":"https:\/\/coolcompany.com\/no\/#\/schema\/logo\/image\/","url":"https:\/\/coolcompany.com\/no\/wp-content\/uploads\/sites\/4\/2020\/01\/cc-logotype-horizontal.svg","contentUrl":"https:\/\/coolcompany.com\/no\/wp-content\/uploads\/sites\/4\/2020\/01\/cc-logotype-horizontal.svg","width":"1024","height":"1024","caption":"Cool Company"},"image":{"@id":"https:\/\/coolcompany.com\/no\/#\/schema\/logo\/image\/"}}]}},"lang":"nb","translations":{"nb":1230},"pll_sync_post":[],"_links":{"self":[{"href":"https:\/\/coolcompany.com\/no\/wp-json\/wp\/v2\/pages\/1230","targetHints":{"allow":["GET"]}}],"collection":[{"href":"https:\/\/coolcompany.com\/no\/wp-json\/wp\/v2\/pages"}],"about":[{"href":"https:\/\/coolcompany.com\/no\/wp-json\/wp\/v2\/types\/page"}],"author":[{"embeddable":true,"href":"https:\/\/coolcompany.com\/no\/wp-json\/wp\/v2\/users\/1"}],"replies":[{"embeddable":true,"href":"https:\/\/coolcompany.com\/no\/wp-json\/wp\/v2\/comments?post=1230"}],"version-history":[{"count":0,"href":"https:\/\/coolcompany.com\/no\/wp-json\/wp\/v2\/pages\/1230\/revisions"}],"wp:attachment":[{"href":"https:\/\/coolcompany.com\/no\/wp-json\/wp\/v2\/media?parent=1230"}],"wp:term":[{"taxonomy":"category","embeddable":true,"href":"https:\/\/coolcompany.com\/no\/wp-json\/wp\/v2\/categories?post=1230"},{"taxonomy":"post_tag","embeddable":true,"href":"https:\/\/coolcompany.com\/no\/wp-json\/wp\/v2\/tags?post=1230"}],"curies":[{"name":"wp","href":"https:\/\/api.w.org\/{rel}","templated":true}]}}