{"id":1197,"date":"2020-02-13T22:40:24","date_gmt":"2020-02-13T22:40:24","guid":{"rendered":"https:\/\/coolcompanydev.wpengine.com\/?page_id=1197"},"modified":"2025-03-10T15:25:15","modified_gmt":"2025-03-10T15:25:15","slug":"faq-egenansettelse","status":"publish","type":"page","link":"https:\/\/coolcompany.com\/no\/faq-egenansettelse\/","title":{"rendered":"sp\u00f8rsm\u00e5l og svar &#8211; om egenansettelse"},"content":{"rendered":"\n<div style=\"background-color:rgb(255,235,235)\" class=\"wp-block-coolcompany-hero alignfull is-style-default\"><div class=\"blob-container\" style=\"transform:rotate(0deg)\"><svg width=\"700\" height=\"600\" viewBox=\"0 0 700 600\" fill=\"none\" xmlns=\"http:\/\/www.w3.org\/2000\/svg\" class=\"blob\" aria-hidden=\"true\"><path d=\"M644.355 37.9216C696.895 78.5633 705.014 162.464 697.691 233.002C690.367 303.539 667.6 360.575 637.031 420.643C606.304 480.71 567.774 543.532 504.568 575.632C441.202 607.732 353.158 608.972 296.956 574.254C240.595 539.537 215.918 468.586 159.557 403.973C103.355 339.359 15.4708 281.083 1.93786 214.265C-11.7543 147.448 48.9052 72.0882 127.237 35.4418C205.728 -1.34243 301.892 0.586316 398.374 0.173011C495.015 -0.240295 591.815 -2.72011 644.355 37.9216Z\" fill=\"rgba(253,123,120,0.15)\"><\/path><\/svg><\/div><div class=\"content\"><div class=\"breadcrumbs align  wp-block-bcn-breadcrumb-trail has-text-color has-background\" vocab=\"https:\/\/schema.org\/\" typeof=\"BreadcrumbList\">\n\t<span><\/span>\n\t<\/div>\n\n\n\n<h1 class=\"wp-block-heading\" id=\"h-sporsmal-og-svar-om-egenansettelse\">Sp\u00f8rsm\u00e5l og svar &#8211; Om egenansettelse<\/h1>\n\n\n\n<p>Slik fungerer det \u00e5 v\u00e6re egenansatt med Cool Company<\/p>\n\n\n\n<div class=\"wp-block-coolcompany-separator\"><svg width=\"100%\" viewBox=\"0 0 1600 60\" fill=\"none\" xmlns=\"http:\/\/www.w3.org\/2000\/svg\" aria-hidden=\"true\"><path d=\"M1600 0L1588.83 5.42855C1577.83 11 1555.5 21.8571 1533.33 27.8571C1511.17 33.8571 1488.83 34.7143 1466.67 32.5714C1444.5 30.4286 1422.17 25.2857 1400 24.2857C1377.83 23.2857 1355.5 26.7143 1333.33 26.8571C1311.17 27.1428 1288.83 24.2857 1266.67 25.2857C1244.5 26.1429 1222.17 31 1200 31.4286C1177.83 31.8571 1155.5 28.1429 1133.33 23.1429C1111.17 18.1429 1088.83 11.8571 1066.67 10.4286C1044.5 8.99998 1022.17 12.4286 1000 12.1429C977.833 11.8571 955.5 8.14286 933.333 7.14286C911.167 6.14286 888.833 8.14287 866.667 7.42859C844.5 6.7143 822.167 3.2857 800 5.42855C777.833 7.57141 755.5 15.2857 733.333 19.5714C711.167 23.8572 688.833 24.7143 666.667 26.4286C644.5 28.1429 622.167 30.4286 600 30.4286C577.833 30.4286 555.5 28.1428 533.333 27.5714C511.167 27.1428 488.833 28.5714 466.667 24.2857C444.5 20 422.167 9.99998 400 6.85713C377.833 3.85713 355.5 7.57141 333.333 8.99998C311.167 10.4286 288.833 9.57143 266.667 12.1429C244.5 14.7143 222.167 21 200 22.8571C177.833 24.7143 155.5 22.4286 133.333 20.2857C111.167 18.1429 88.8334 16.1429 66.6667 17.4286C44.5 18.5714 22.1667 22.8571 11.1667 25L0 27.1429V60H11.1667C22.1667 60 44.5 60 66.6667 60C88.8334 60 111.167 60 133.333 60C155.5 60 177.833 60 200 60C222.167 60 244.5 60 266.667 60C288.833 60 311.167 60 333.333 60C355.5 60 377.833 60 400 60C422.167 60 444.5 60 466.667 60C488.833 60 511.167 60 533.333 60C555.5 60 577.833 60 600 60C622.167 60 644.5 60 666.667 60C688.833 60 711.167 60 733.333 60C755.5 60 777.833 60 800 60C822.167 60 844.5 60 866.667 60C888.833 60 911.167 60 933.333 60C955.5 60 977.833 60 1000 60C1022.17 60 1044.5 60 1066.67 60C1088.83 60 1111.17 60 1133.33 60C1155.5 60 1177.83 60 1200 60C1222.17 60 1244.5 60 1266.67 60C1288.83 60 1311.17 60 1333.33 60C1355.5 60 1377.83 60 1400 60C1422.17 60 1444.5 60 1466.67 60C1488.83 60 1511.17 60 1533.33 60C1555.5 60 1577.83 60 1588.83 60H1600V0Z\" fill=\"#fff\"><\/path><\/svg><\/div>\n<\/div><\/div>\n\n\n\n<section class=\"wp-block-coolcompany-section has-white-background-color has-background\">\n<h2 class=\"wp-block-heading has-text-align-center\">Egenansatt \u2013 hva betyr det?<\/h2>\n\n\n\n<div class=\"wp-block-columns is-style-columns2 is-layout-flex wp-container-core-columns-is-layout-9d6595d7 wp-block-columns-is-layout-flex\">\n<div class=\"wp-block-column is-layout-flow wp-block-column-is-layout-flow\">\n<div class=\"wp-block-coolcompany-accordion block-accordion-container\"><button class=\"block-accordion\" type=\"button\" onclick=\"handleAccordionClick(this)\"><svg xmlns=\"http:\/\/www.w3.org\/2000\/svg\" aria-hidden=\"true\" role=\"img\" width=\"24\" height=\"24\" preserveAspectRatio=\"xMidYMid meet\" viewBox=\"0 0 24 24\" class=\"accordion__icon\"><path d=\"M16.293 9.293L12 13.586L7.707 9.293l-1.414 1.414L12 16.414l5.707-5.707z\" fill=\"#075a63\"><\/path><\/svg><h4 class=\"accordion__title\">Hva er egenansettelse?<\/h4><\/button><div class=\"accordion__content\"><div class=\"accordion__text\">\n<p>Egenansettelse er relativt nytt i Norge og Skandinavia.&nbsp;I korthet: Du gj\u00f8r et arbeid som du f\u00e5r betalt for. I stedet for at du fakturerer fra eget firma, fakturerer Cool Company for deg.<\/p>\n\n\n\n<p>Du har egne kunder, utf\u00f8rer egne oppdrag og fastsetter selv prisen for oppdragene. Mens oppdraget varer, er du ansatt av Cool Company, som h\u00e5ndterer skatter, avgifter og mva og betaler ut din nettol\u00f8nn etter at skatten er betalt.<\/p>\n<\/div><\/div><\/div>\n\n\n\n<div class=\"wp-block-coolcompany-accordion block-accordion-container\"><button class=\"block-accordion\" type=\"button\" onclick=\"handleAccordionClick(this)\"><svg xmlns=\"http:\/\/www.w3.org\/2000\/svg\" aria-hidden=\"true\" role=\"img\" width=\"24\" height=\"24\" preserveAspectRatio=\"xMidYMid meet\" viewBox=\"0 0 24 24\" class=\"accordion__icon\"><path d=\"M16.293 9.293L12 13.586L7.707 9.293l-1.414 1.414L12 16.414l5.707-5.707z\" fill=\"#075a63\"><\/path><\/svg><h4 class=\"accordion__title\">Hva er likhetene mellom \u00e5 v\u00e6re egenansatt og drive eget firma?<\/h4><\/button><div class=\"accordion__content\"><div class=\"accordion__text\">\n<p>Kort sagt er dette likhetene mellom \u00e5 v\u00e6re egenansatt hos Cool Company og drive eget firma:<\/p>\n\n\n\n<ul class=\"wp-block-list\">\n<li>Du velger selv n\u00e5r du vil ha l\u00f8nnen din.<\/li>\n\n\n\n<li>Du kan arbeide n\u00e5r du vil.<\/li>\n\n\n\n<li>Du kan ta s\u00e5 mange oppdrag du vil \u2013 og kan i praksis tjene s\u00e5 mye du vil.<\/li>\n\n\n\n<li>Du kan velge mellom ulike forsikringer.<br><br>S\u00e5 hva er forskjellene? Som egenansatt kan vie deg fullt og helt til oppdragene dine. Du slipper all administrasjonen som mange selvstendig n\u00e6ringsdrivende ergrer seg over.<\/li>\n<\/ul>\n<\/div><\/div><\/div>\n<\/div>\n\n\n\n<div class=\"wp-block-column is-layout-flow wp-block-column-is-layout-flow\">\n<div class=\"wp-block-coolcompany-accordion block-accordion-container\"><button class=\"block-accordion\" type=\"button\" onclick=\"handleAccordionClick(this)\"><svg xmlns=\"http:\/\/www.w3.org\/2000\/svg\" aria-hidden=\"true\" role=\"img\" width=\"24\" height=\"24\" preserveAspectRatio=\"xMidYMid meet\" viewBox=\"0 0 24 24\" class=\"accordion__icon\"><path d=\"M16.293 9.293L12 13.586L7.707 9.293l-1.414 1.414L12 16.414l5.707-5.707z\" fill=\"#075a63\"><\/path><\/svg><h4 class=\"accordion__title\">Passer det \u00e5 v\u00e6re egenansatt for meg?<\/h4><\/button><div class=\"accordion__content\"><div class=\"accordion__text\">\n<p>Vi har egenansatte innen de fleste yrkesgrupper: Artister, IT-konsulenter, DJ-er, fotografer, forelesere, markedsf\u00f8rere, prosjektledere, PR-medarbeidere, stylister, selgere, teknikere og mange fler.<\/p>\n\n\n\n<p>Uansett bransje har alle v\u00e5re egenansatte en ting felles: Oppdrag som skal utf\u00f8res mot betaling \u2013 og et \u00f8nske om hjelp med fakturering og administrasjon.<\/p>\n<\/div><\/div><\/div>\n\n\n\n<div class=\"wp-block-coolcompany-accordion block-accordion-container\"><button class=\"block-accordion\" type=\"button\" onclick=\"handleAccordionClick(this)\"><svg xmlns=\"http:\/\/www.w3.org\/2000\/svg\" aria-hidden=\"true\" role=\"img\" width=\"24\" height=\"24\" preserveAspectRatio=\"xMidYMid meet\" viewBox=\"0 0 24 24\" class=\"accordion__icon\"><path d=\"M16.293 9.293L12 13.586L7.707 9.293l-1.414 1.414L12 16.414l5.707-5.707z\" fill=\"#075a63\"><\/path><\/svg><h4 class=\"accordion__title\">Hvordan kan man fakturere uten eget firma?<\/h4><\/button><div class=\"accordion__content\"><div class=\"accordion__text\">\n<p>Vi hos Cool Company tilbyr en sv\u00e6rt praktisk l\u00f8sning. Du arbeider med egne oppdrag og fakturerer, men trenger ikke ha et eget firma. Vi tar arbeidsgiveransvaret og betaler skatten for inntektene dine. For dette tar vi en andel p\u00e5 5,98 % av fakturabel\u00f8pet ditt eks. mva.<\/p>\n\n\n\n<p>Du kan alts\u00e5 ta egne oppdrag og ha inntekter uten \u00e5 ha eget firma. Samtidig tar vi h\u00e5nd om gjeldende skatter, avgifter og mva. Du f\u00e5r ogs\u00e5 de opplysningene du trenger til selvangivelsen. Systemet gir deg i tillegg en tydelig og enkel oversikt over fakturering, kunder, artikler, medarbeidere osv.<\/p>\n<\/div><\/div><\/div>\n<\/div>\n<\/div>\n<\/section>\n\n\n\n<section class=\"wp-block-coolcompany-section\">\n<div class=\"wp-block-columns is-style-columns1 is-layout-flex wp-container-core-columns-is-layout-9d6595d7 wp-block-columns-is-layout-flex\">\n<div class=\"wp-block-column is-vertically-aligned-top is-layout-flow wp-block-column-is-layout-flow\">\n<div class=\"wp-block-buttons is-horizontal is-content-justification-center is-layout-flex wp-container-core-buttons-is-layout-499968f5 wp-block-buttons-is-layout-flex\">\n<div class=\"wp-block-button is-style-primary-light\"><a class=\"wp-block-button__link wp-element-button\" href=\"https:\/\/coolcompany.com\/no\/egenansatt\/\" target=\"_blank\" rel=\"noreferrer noopener\">les mer om egenansettelse<\/a><\/div>\n<\/div>\n<\/div>\n<\/div>\n<\/section>\n\n\n\n<div class=\"wp-block-coolcompany-separator is-style-has-shadow\"><svg width=\"100%\" viewBox=\"0 0 1600 60\" fill=\"none\" xmlns=\"http:\/\/www.w3.org\/2000\/svg\" aria-hidden=\"true\"><path fill=\"#ffffff\" d=\"M0 0L29.6667 1.75612C59.5 3.36587 118.833 6.87807 178 12C237.167 17.122 296.167 23.8537 355.333 22.6829C414.5 21.5122 473.833 12.1464 533.333 9.07319C592.833 5.85368 652.167 8.78051 711.333 11.2683C770.5 13.6098 829.5 15.6585 888.667 18.7317C947.833 21.9512 1007.17 26.3415 1066.67 27.8049C1126.17 29.2683 1185.5 27.8049 1244.67 23.7073C1303.83 19.4634 1362.83 12.7317 1422 8.34148C1481.17 3.95124 1540.5 1.90246 1570.33 1.02441L1600 0V60H1570.33C1540.5 60 1481.17 60 1422 60C1362.83 60 1303.83 60 1244.67 60C1185.5 60 1126.17 60 1066.67 60C1007.17 60 947.833 60 888.667 60C829.5 60 770.5 60 711.333 60C652.167 60 592.833 60 533.333 60C473.833 60 414.5 60 355.333 60C296.167 60 237.167 60 178 60C118.833 60 59.5 60 29.6667 60H0V0Z\"><\/path><\/svg><\/div>\n","protected":false},"excerpt":{"rendered":"","protected":false},"author":1,"featured_media":0,"parent":0,"menu_order":0,"comment_status":"closed","ping_status":"closed","template":"singular.php","meta":{"footnotes":""},"categories":[],"tags":[],"class_list":["post-1197","page","type-page","status-publish","hentry"],"yoast_head":"<!-- This site is optimized with the Yoast SEO Premium plugin v25.2 (Yoast SEO v27.0) - https:\/\/yoast.com\/product\/yoast-seo-premium-wordpress\/ -->\n<title>sp\u00f8rsm\u00e5l og svar - om egenansettelse - Cool Company Norge<\/title>\n<meta name=\"description\" content=\"Hva er egenansettelse? Hvordan kan man fakturere uten eget firma? Her svarer vi p\u00e5 alle dine sp\u00f8rsm\u00e5l om \u00e5 v\u00e6re egensatt.\" \/>\n<meta name=\"robots\" content=\"index, follow, max-snippet:-1, max-image-preview:large, max-video-preview:-1\" \/>\n<link rel=\"canonical\" href=\"https:\/\/coolcompany.com\/no\/faq-egenansettelse\/\" \/>\n<meta property=\"og:locale\" content=\"nb_NO\" \/>\n<meta property=\"og:type\" content=\"article\" \/>\n<meta property=\"og:title\" content=\"sp\u00f8rsm\u00e5l og svar - om egenansettelse\" \/>\n<meta property=\"og:description\" content=\"Hva er egenansettelse? Hvordan kan man fakturere uten eget firma? Her svarer vi p\u00e5 alle dine sp\u00f8rsm\u00e5l om \u00e5 v\u00e6re egensatt.\" \/>\n<meta property=\"og:url\" content=\"https:\/\/coolcompany.com\/no\/faq-egenansettelse\/\" \/>\n<meta property=\"og:site_name\" content=\"Cool Company Norge\" \/>\n<meta property=\"article:modified_time\" content=\"2025-03-10T15:25:15+00:00\" \/>\n<meta name=\"twitter:card\" content=\"summary_large_image\" \/>\n<meta name=\"twitter:label1\" content=\"Ansl. lesetid\" \/>\n\t<meta name=\"twitter:data1\" content=\"2 minutter\" \/>\n<script type=\"application\/ld+json\" class=\"yoast-schema-graph\">{\"@context\":\"https:\/\/schema.org\",\"@graph\":[{\"@type\":\"WebPage\",\"@id\":\"https:\/\/coolcompany.com\/no\/faq-egenansettelse\/\",\"url\":\"https:\/\/coolcompany.com\/no\/faq-egenansettelse\/\",\"name\":\"sp\u00f8rsm\u00e5l og svar - om egenansettelse - Cool Company Norge\",\"isPartOf\":{\"@id\":\"https:\/\/coolcompany.com\/no\/#website\"},\"datePublished\":\"2020-02-13T22:40:24+00:00\",\"dateModified\":\"2025-03-10T15:25:15+00:00\",\"description\":\"Hva er egenansettelse? Hvordan kan man fakturere uten eget firma? Her svarer vi p\u00e5 alle dine sp\u00f8rsm\u00e5l om \u00e5 v\u00e6re egensatt.\",\"inLanguage\":\"nb-NO\",\"potentialAction\":[{\"@type\":\"ReadAction\",\"target\":[\"https:\/\/coolcompany.com\/no\/faq-egenansettelse\/\"]}]},{\"@type\":\"WebSite\",\"@id\":\"https:\/\/coolcompany.com\/no\/#website\",\"url\":\"https:\/\/coolcompany.com\/no\/\",\"name\":\"Cool Company Norge\",\"description\":\"Fakturer uten firma\",\"publisher\":{\"@id\":\"https:\/\/coolcompany.com\/no\/#organization\"},\"potentialAction\":[{\"@type\":\"SearchAction\",\"target\":{\"@type\":\"EntryPoint\",\"urlTemplate\":\"https:\/\/coolcompany.com\/no\/?s={search_term_string}\"},\"query-input\":{\"@type\":\"PropertyValueSpecification\",\"valueRequired\":true,\"valueName\":\"search_term_string\"}}],\"inLanguage\":\"nb-NO\"},{\"@type\":\"Organization\",\"@id\":\"https:\/\/coolcompany.com\/no\/#organization\",\"name\":\"Cool Company\",\"url\":\"https:\/\/coolcompany.com\/no\/\",\"logo\":{\"@type\":\"ImageObject\",\"inLanguage\":\"nb-NO\",\"@id\":\"https:\/\/coolcompany.com\/no\/#\/schema\/logo\/image\/\",\"url\":\"https:\/\/coolcompany.com\/no\/wp-content\/uploads\/sites\/4\/2020\/01\/cc-logotype-horizontal.svg\",\"contentUrl\":\"https:\/\/coolcompany.com\/no\/wp-content\/uploads\/sites\/4\/2020\/01\/cc-logotype-horizontal.svg\",\"width\":\"1024\",\"height\":\"1024\",\"caption\":\"Cool Company\"},\"image\":{\"@id\":\"https:\/\/coolcompany.com\/no\/#\/schema\/logo\/image\/\"}}]}<\/script>\n<!-- \/ Yoast SEO Premium plugin. -->","yoast_head_json":{"title":"sp\u00f8rsm\u00e5l og svar - om egenansettelse - Cool Company Norge","description":"Hva er egenansettelse? Hvordan kan man fakturere uten eget firma? Her svarer vi p\u00e5 alle dine sp\u00f8rsm\u00e5l om \u00e5 v\u00e6re egensatt.","robots":{"index":"index","follow":"follow","max-snippet":"max-snippet:-1","max-image-preview":"max-image-preview:large","max-video-preview":"max-video-preview:-1"},"canonical":"https:\/\/coolcompany.com\/no\/faq-egenansettelse\/","og_locale":"nb_NO","og_type":"article","og_title":"sp\u00f8rsm\u00e5l og svar - om egenansettelse","og_description":"Hva er egenansettelse? Hvordan kan man fakturere uten eget firma? Her svarer vi p\u00e5 alle dine sp\u00f8rsm\u00e5l om \u00e5 v\u00e6re egensatt.","og_url":"https:\/\/coolcompany.com\/no\/faq-egenansettelse\/","og_site_name":"Cool Company Norge","article_modified_time":"2025-03-10T15:25:15+00:00","twitter_card":"summary_large_image","twitter_misc":{"Ansl. lesetid":"2 minutter"},"schema":{"@context":"https:\/\/schema.org","@graph":[{"@type":"WebPage","@id":"https:\/\/coolcompany.com\/no\/faq-egenansettelse\/","url":"https:\/\/coolcompany.com\/no\/faq-egenansettelse\/","name":"sp\u00f8rsm\u00e5l og svar - om egenansettelse - Cool Company Norge","isPartOf":{"@id":"https:\/\/coolcompany.com\/no\/#website"},"datePublished":"2020-02-13T22:40:24+00:00","dateModified":"2025-03-10T15:25:15+00:00","description":"Hva er egenansettelse? Hvordan kan man fakturere uten eget firma? Her svarer vi p\u00e5 alle dine sp\u00f8rsm\u00e5l om \u00e5 v\u00e6re egensatt.","inLanguage":"nb-NO","potentialAction":[{"@type":"ReadAction","target":["https:\/\/coolcompany.com\/no\/faq-egenansettelse\/"]}]},{"@type":"WebSite","@id":"https:\/\/coolcompany.com\/no\/#website","url":"https:\/\/coolcompany.com\/no\/","name":"Cool Company Norge","description":"Fakturer uten firma","publisher":{"@id":"https:\/\/coolcompany.com\/no\/#organization"},"potentialAction":[{"@type":"SearchAction","target":{"@type":"EntryPoint","urlTemplate":"https:\/\/coolcompany.com\/no\/?s={search_term_string}"},"query-input":{"@type":"PropertyValueSpecification","valueRequired":true,"valueName":"search_term_string"}}],"inLanguage":"nb-NO"},{"@type":"Organization","@id":"https:\/\/coolcompany.com\/no\/#organization","name":"Cool Company","url":"https:\/\/coolcompany.com\/no\/","logo":{"@type":"ImageObject","inLanguage":"nb-NO","@id":"https:\/\/coolcompany.com\/no\/#\/schema\/logo\/image\/","url":"https:\/\/coolcompany.com\/no\/wp-content\/uploads\/sites\/4\/2020\/01\/cc-logotype-horizontal.svg","contentUrl":"https:\/\/coolcompany.com\/no\/wp-content\/uploads\/sites\/4\/2020\/01\/cc-logotype-horizontal.svg","width":"1024","height":"1024","caption":"Cool Company"},"image":{"@id":"https:\/\/coolcompany.com\/no\/#\/schema\/logo\/image\/"}}]}},"lang":"nb","translations":{"nb":1197},"pll_sync_post":[],"_links":{"self":[{"href":"https:\/\/coolcompany.com\/no\/wp-json\/wp\/v2\/pages\/1197","targetHints":{"allow":["GET"]}}],"collection":[{"href":"https:\/\/coolcompany.com\/no\/wp-json\/wp\/v2\/pages"}],"about":[{"href":"https:\/\/coolcompany.com\/no\/wp-json\/wp\/v2\/types\/page"}],"author":[{"embeddable":true,"href":"https:\/\/coolcompany.com\/no\/wp-json\/wp\/v2\/users\/1"}],"replies":[{"embeddable":true,"href":"https:\/\/coolcompany.com\/no\/wp-json\/wp\/v2\/comments?post=1197"}],"version-history":[{"count":0,"href":"https:\/\/coolcompany.com\/no\/wp-json\/wp\/v2\/pages\/1197\/revisions"}],"wp:attachment":[{"href":"https:\/\/coolcompany.com\/no\/wp-json\/wp\/v2\/media?parent=1197"}],"wp:term":[{"taxonomy":"category","embeddable":true,"href":"https:\/\/coolcompany.com\/no\/wp-json\/wp\/v2\/categories?post=1197"},{"taxonomy":"post_tag","embeddable":true,"href":"https:\/\/coolcompany.com\/no\/wp-json\/wp\/v2\/tags?post=1197"}],"curies":[{"name":"wp","href":"https:\/\/api.w.org\/{rel}","templated":true}]}}